{"id":79,"date":"2022-01-29T22:49:11","date_gmt":"2022-01-29T22:49:11","guid":{"rendered":"https:\/\/kaelberer-online.de\/services\/?page_id=79"},"modified":"2022-01-29T22:49:11","modified_gmt":"2022-01-29T22:49:11","slug":"telefonanlage-voip-3cx","status":"publish","type":"page","link":"https:\/\/www.kaelberer-online.de\/services\/telefonanlagen\/telefonanlage-voip-3cx\/","title":{"rendered":"TELEFONANLAGE VOIP 3CX Service Tel. 07164 90 97 00"},"content":{"rendered":"<h2>\n<p>Kennen Sie die Anspr\u00fcche an Ihre neue <strong><strong>3CX<\/strong><\/strong> <strong><strong>Telefonanlage<\/strong><\/strong> bereits?<\/p>\n<\/h2>\n<p><h3>Eine moderne <strong>3CX<\/strong> <strong>TK-Anlage<\/strong> simplifiziert die Firmenprozesse. Optimieren Sie Ihre Firma mit der neusten und flexiblen <strong>3CX<\/strong> Telefonanlage. Die <strong>3CX<\/strong> <strong>TK-Anlage<\/strong> die ma\u00dfgeschneidert auf Ihre Vorgaben abgestimmt ist und mit dem Unternehmen gro\u00df werden kann.<\/h3>\n<\/p>\n<p>Die neue Arbeitswelt ist mobil unterwegs. Telefonieren Sie mit Ihrem Mobiltelefon \u00fcber die <strong>3CX<\/strong> <strong>Telefonanlage<\/strong> mit Ihren Auftraggebern. Selbstverst\u00e4ndlich \u00fcber Ihre Festnetz-Rufnummer als Absender-Kennung. Wahren Sie die Privatsph\u00e4re und zeigen Sie Seriosit\u00e4t.<\/p>\n<p>Unsere <strong>3CX<\/strong> <strong>Telefonanlage<\/strong>n wurden auch f\u00fcr mobiles arbeiten entwickelt. Als aktuelle Cloud <strong>3CX<\/strong> <strong>TK-Anlage<\/strong> oder auf der privaten Hardware hausintern gehostet. Die Installation und die Konfiguration ist einfach. Sie erhalten damit eine sichere, zuverl\u00e4ssige sowie flexible <strong>3CX<\/strong> <strong>Telefonanlage<\/strong>.<\/p>\n<h2>Eine kosteneffektive, flexible L\u00f6sung<\/h2>\n<p>Ein tolles Preis- und Leistungsverh\u00e4ltnis. Richten Sie unbegrenzt viele Nebenstellen ein, stets pr\u00e4zise da wo Sie sie im Moment brauchen und sparen Sie Kosten.<\/p>\n<h2>St\u00e4rken Sie Ihr Verkaufspersonal.<\/h2>\n<p>Bei Eingang eines Telefonanrufs pr\u00e4zise wissen wer im Moment anruft. Informationen sind alles. F\u00fcr Besch\u00e4ftigte sowie die Leitung. Auf diese Weise wissen Sie pr\u00e4zise was l\u00e4uft. W\u00e4hlen Sie mit einem einfachen Click aus Ihrem CRM oder Ihrer Firmensoftware jede Telefonnummer.<\/p>\n<p>W\u00e4re es nicht cool, wenn Sie von einer zentralen Oberfl\u00e4che heraus jegliche Anrufe t\u00e4tigen, annehmen und bearbeiten oder aber den Status Ihrer Arbeitskollegen abfragen, eingehende Livechat-News beantworten und Videoanrufe initiieren k\u00f6nnten? Mit dem Webclient als Softphone sowie der Windows Desktop App wird all das und noch jede Menge mehr machbar.<\/p>\n<h2>MS 365 Einbindung<\/h2>\n<p>Benutzt Ihr Unternehmen MS 365? In diesem Fall vernetzen Sie dieses direkt mit der <strong>3CX<\/strong> <strong>TK-Anlage<\/strong> und kombinieren Sie alle Vorz\u00fcge beider Systeme! Anwender k\u00f6nnen \u00fcbergangslos mit beiden Apps arbeiten, Kontakte organisieren und Verfahren verschlanken, um ihre Effizienz zu steigern und Auftraggeber zu inspirieren. <\/p>\n<h2>Kontakte mit Ihrem <strong>3CX<\/strong> Teilnehmerverzeichnis abgleichen<\/h2>\n<ol>\n<li>Anruf synchronisierter Kontakte per Webclient oder portabler Applikationen<\/li>\n<li>App-\u00fcbergreifende Verwaltung aller Kontakte in MS 365<\/li>\n<li>Automatisierte Synchronisation Ihrer privaten Kontakte<\/li>\n<\/ol>\n<h2>MS Teams Telefonie-Verzahnung<\/h2>\n<ol>\n<li>Durchf\u00fchrung externer Telefonate via <strong>3CX<\/strong> SIP-Trunks<\/li>\n<\/li>\n<li>Auswahl eines speziellen preisg\u00fcnstigen SIP-Providers Ihrer Gegend<\/li>\n<\/li>\n<\/ol>\n<h3>Unsere Mitarbeiter informieren, organisieren Hardware wie auch Softwarel\u00f6sungen, installieren, konfigurieren, nehmen in Betrieb und Supporten Ihre brandneue <strong>3CX<\/strong> <strong>Telefonanlage<\/strong>. Sie haben Fragen, oder wollen unsere aktuelle Liste der Preise anfordern? Sie erreichen uns unter Telefon 07164 909700 sowie per Mail unter support@kaelberer-online.de<\/h3>\n<h2>Haben wir Sie neugierig gemacht?<\/h2>\n<p>Viele weitere interessante Funktionen warten auf Sie.<\/p>\n<ul>\n<li>Zuordnung der Anrufer-ID zu einem Datensatz in Ihrem CRM<\/li>\n<li>SIP-Forking \u2013 simultane Verwendung von <strong>3CX<\/strong> App sowie Tischtelefon<\/li>\n<li>Update des pers\u00f6nlichen Status &#038; Einsicht der Personal-Verf\u00fcgbarkeit<\/li>\n<li>Gesch\u00fctzte Verbindungen gew\u00e4hrleisten Privatsph\u00e4re sowie Schutz<\/li>\n<li>Keine Lizenzierung pro Nebenstelle, unendlich viele Nebenstellen<\/li>\n<li>Benutzerdefinierte Call Flows automatisieren Anfragen &#038; Vorgehensweisen<\/li>\n<li>App \u00f6ffnen, QR Code scannen \u2013 im Nu sind Sie bereit!<\/li>\n<li>Unentgeltliche B\u00fcro-Anrufe f\u00fcr remote &#038; reisende Angestellte<\/li>\n<li>Bereitstellung Ihrer Entit\u00e4t bei einem Super-Cloud-Provider<\/li>\n<li>Unbegrenzte Anzahl von Benutzern kostenlos in <strong>3CX<\/strong> enthalten<\/li>\n<li>Auf g\u00fcnstigem Raspberry Pi oder MiniPC als Telefonie-Appliance<\/li>\n<li>Zus\u00e4tzliche Erreichbarkeit f\u00fcr VIP-Klienten au\u00dferhalb der Gesch\u00e4ftszeiten<\/li>\n<li>\u00c4ndern des eigenen Status wie auch Ansicht der Verf\u00fcgbarkeit des Projektteams<\/li>\n<li>Simple Benutzerverwaltung spart zahlreiche Arbeitsstunden<\/li>\n<li>Hochflexible hereinkommende\/hinausgehende Regeln, DIDs &#038; Ring Groups<\/li>\n<li>Anrufe mit einem einzigen Klick unmittelbar aus CRM heraus ausl\u00f6sen<\/li>\n<li>Keine Tischtelefone erforderlich \u2013 Ben\u00fctzen Sie Ihr Mobiltelefon<\/li>\n<li>Beantwortung von Fragen mittels Livechat, Facebook &#038; SMS via Apps<\/li>\n<li>Plug &#038; Play mit IP-Telefonen, Gateways &#038; SIP-Trunks<\/li>\n<li>In Augenblicken Benutzer updaten\/hinzuf\u00fcgen sowie Mailboxen konfigurieren<\/li>\n<li>Kontrolle \u00fcber Ihre Telefonleitungen und Telefongespr\u00e4chskosten<\/li>\n<li>Identifizierung von Anrufern dank CRM-Zusammenf\u00fchrung<\/li>\n<li>Jederzeit zwischen <strong>3CX<\/strong>-Hosting, on-Premise &#038; Ihrer Cloud wechseln<\/li>\n<\/ul>\n<h3>Fragen Sie weitere Informationen sowie ein Angebot bei uns an. Gerne stellen wir Ihnen auch eine vollst\u00e4ndige Featureliste zur Verf\u00fcgung.<\/h3>\n<p>[contact-form-7 id=&#8220;5&#8243; title=&#8220;Contact form 1&#8243;]<\/p>\n","protected":false},"excerpt":{"rendered":"<p>Kennen Sie die Anspr\u00fcche an Ihre neue 3CX Telefonanlage bereits? Eine moderne 3CX TK-Anlage simplifiziert die Firmenprozesse. Optimieren Sie Ihre Firma mit der neusten und flexiblen 3CX Telefonanlage. Die 3CX TK-Anlage die ma\u00dfgeschneidert auf Ihre Vorgaben abgestimmt ist und mit dem Unternehmen gro\u00df werden kann. Die neue Arbeitswelt ist mobil unterwegs. Telefonieren Sie mit Ihrem &hellip; <a href=\"https:\/\/www.kaelberer-online.de\/services\/telefonanlagen\/telefonanlage-voip-3cx\/\" class=\"more-link\">Continue reading<span class=\"screen-reader-text\"> &#8222;TELEFONANLAGE VOIP 3CX Service Tel. 07164 90 97 00&#8220;<\/span><\/a><\/p>\n","protected":false},"author":2,"featured_media":80,"parent":26,"menu_order":0,"comment_status":"closed","ping_status":"closed","template":"","meta":{"footnotes":""},"class_list":["post-79","page","type-page","status-publish","has-post-thumbnail","hentry"],"_links":{"self":[{"href":"https:\/\/www.kaelberer-online.de\/services\/wp-json\/wp\/v2\/pages\/79","targetHints":{"allow":["GET"]}}],"collection":[{"href":"https:\/\/www.kaelberer-online.de\/services\/wp-json\/wp\/v2\/pages"}],"about":[{"href":"https:\/\/www.kaelberer-online.de\/services\/wp-json\/wp\/v2\/types\/page"}],"author":[{"embeddable":true,"href":"https:\/\/www.kaelberer-online.de\/services\/wp-json\/wp\/v2\/users\/2"}],"replies":[{"embeddable":true,"href":"https:\/\/www.kaelberer-online.de\/services\/wp-json\/wp\/v2\/comments?post=79"}],"version-history":[{"count":0,"href":"https:\/\/www.kaelberer-online.de\/services\/wp-json\/wp\/v2\/pages\/79\/revisions"}],"up":[{"embeddable":true,"href":"https:\/\/www.kaelberer-online.de\/services\/wp-json\/wp\/v2\/pages\/26"}],"wp:featuredmedia":[{"embeddable":true,"href":"https:\/\/www.kaelberer-online.de\/services\/wp-json\/wp\/v2\/media\/80"}],"wp:attachment":[{"href":"https:\/\/www.kaelberer-online.de\/services\/wp-json\/wp\/v2\/media?parent=79"}],"curies":[{"name":"wp","href":"https:\/\/api.w.org\/{rel}","templated":true}]}}