{"id":786,"date":"2021-12-25T00:39:54","date_gmt":"2021-12-25T00:39:54","guid":{"rendered":"https:\/\/kaelberer-online.de\/services\/?page_id=786"},"modified":"2021-12-25T00:39:54","modified_gmt":"2021-12-25T00:39:54","slug":"telefonanlage-aerzte-reichenbach-an-der-fils","status":"publish","type":"page","link":"https:\/\/www.kaelberer-online.de\/services\/telefonanlagen\/telefonanlage-aerzte-reichenbach-an-der-fils\/","title":{"rendered":"Telefonanlage f\u00fcr \u00c4rzte in Reichenbach an der Fils &#8211; Beratung: Telefon 07164 909700"},"content":{"rendered":"<h2>Zeitgem\u00e4\u00dfe Telefonanlagen f\u00fcr Arztpraxen: Individuell und effektiv. Wir sind nur 9.4 km von Ihnen entfernt, f\u00fcr den Fall, dass Sie vor Ort Unterst\u00fctzung oder Support w\u00fcnschen.<\/h2>\n<p>In den meisten Arztpraxen steht das Telefon niemals still. Besorgte Patienten rufen an da sie schon vor dem Termin jede Menge Ausk\u00fcnfte verlangen, die sie im Voraus beantwortet haben wollen. Nebst den organisatorischen Fragen nach Termin sowie Gesch\u00e4ftszeiten der Arztpraxis, ruft eine Reihe Patienten an, die sich in Behandlung befinden, um ein Folgerezept verschrieben zu bekommen. Da dieser Wunsch nur w\u00e4hrend eines bestimmten Zeitfensters ge\u00e4u\u00dfert werden kann, kann es f\u00fcr manchen Patienten ein Problem sein, keinen zu erreichen.<\/p>\n<h2>Voice Over IP Telefonanlagen \u2013 fortschrittlich und komfortabel f\u00fcr Ihre Arztpraxis<\/h2>\n<p>Der enge Kontakt mit Patientinnen und Patienten kann nur mit einer voll funktionsf\u00e4higen TK-Anlage aufrechterhalten werden. Bislang stand der Praxis f\u00fcr diesen Zweck an Stelle einer analogen L\u00f6sung, die ISDN Technologie zur Verf\u00fcgung. Angepasst installierte Telefonanlagen erschienen den meisten Praxisinhabern zu kostenintensiv.<\/p>\n<h2>Moderne IP-Technologie macht es realisierbar \u2013 angepasste Anrufsteuerung zum vern\u00fcnftigen Anschaffungspreis.<\/h2>\n<p>Hierbei st\u00fctzen Sie spezielle Anrufbeantworter mit Ansage-Texten, welche der jeweiligen Sachlage angepasst werden k\u00f6nnen. Dadurch wird der Anrufer unmittelbar dar\u00fcber in Kenntnis gesetzt, zu welcher Zeit die Arztpraxis wieder erreichbar ist und zu welcher Zeit die generellen Sprechzeiten sind.<\/p>\n<h2>Kommunikation mit wenig Aufwand \u2013 professionelle IP-Telefon-Anlage f\u00fcr Praxen<\/h2>\n<p>Zus\u00e4tzlich zu den optimalen Ansagetexten kann bspw. auch das Smartphone in die Telefonanlage einbezogen werden. Auf diese Weise k\u00f6nnen Sie st\u00e4ndig erreichbar sein, wann immer Sie es f\u00fcr notwendig halten.<\/p>\n<p>Wenn Sie einen Notebook mit Windows verwenden, dann steht Ihnen zum W\u00e4hlen per Klick die so genannte TAPI Funktion zur Verf\u00fcgung. Und die TAPI-Schnittstelle erkennt eingehende Rufnummern und zeigt Ihnen nach Wunsch den Anrufer Beispielsweise in Ihrer Patientenverwaltung auf Anhieb an.<\/p>\n<p>Eine Vielzahl Praxen sind nach wie vor auf eine Faxfunktion angewiesen, da \u00f6fters Laborwerte direkt gebraucht werden. Eine computergesteuerte IP-TK-Anlage macht es m\u00f6glich, die Faxnachricht via Mail weiterzuleiten. So wird kein extra Papier gebraucht und die Werte sind im Anschluss sogleich im Rechner einsehbar. Auch k\u00f6nnen entscheidende Laborwerte auf diese Weise in jedem Raum betrachtet und bei Bedarf mit einem Patienten diskutiert werden. Mit Hilfe der Telefonanlage k\u00f6nnen Sie erwartungsgem\u00e4\u00df auch selbst Faxe verschicken.<\/p>\n<p><strong><\/p>\n<p>Eine IP-Telefonanlage hilft Ihnen dabei, Zeit zu sparen, die beispielsweise dem Patientinnen und Patienten zugutekommt. IP-TK-Anlagen  optimieren den Kommunikationsaustausch und verbessern die Stimmung.<\/p>\n<p><\/strong><\/p>\n<p>Wenn Sie sich eine ma\u00dfgeschneidert angepasste IP-TK-Anlage f\u00fcr Ihre Praxis, die nicht die Welt kostet, w\u00fcnschen, dann rufen Sie uns direkt bei uns an! Dank der jahrelangen Kenntnisse in diesem Gebiet k\u00f6nnen wir Sie umf\u00e4nglich unterst\u00fctzen und \u00fcber den aktuellen Stand der IP-Telefonanlagen-Technologie informieren.<\/p>\n<p><span style=\"color: #4F81BD;\"><\/p>\n<h2>Fachberatung Tefonanlage f\u00fcr \u00c4rzte<\/h2>\n<p><\/span><\/p>\n<p><strong>Telefon: 07164909700<\/strong> &#8211; <strong>E-Mail: support@kaelberer-online.de<\/strong> oder \u00fcber das nachfolgende Formular, wir freuen uns auf Ihre Nachricht &#8211; <strong>Unser Unternehmen ist ganz in Ihrer N\u00e4he!<\/strong><\/p>\n<p>[contact-form-7 id=&#8220;482&#8243; title=&#8220;Kontakt Telefonanlagen f\u00fcr Aerzte&#8220;]<\/p>\n","protected":false},"excerpt":{"rendered":"<p>Zeitgem\u00e4\u00dfe Telefonanlagen f\u00fcr Arztpraxen: Individuell und effektiv. Wir sind nur 9.4 km von Ihnen entfernt, f\u00fcr den Fall, dass Sie vor Ort Unterst\u00fctzung oder Support w\u00fcnschen. In den meisten Arztpraxen steht das Telefon niemals still. Besorgte Patienten rufen an da sie schon vor dem Termin jede Menge Ausk\u00fcnfte verlangen, die sie im Voraus beantwortet haben &hellip; <a href=\"https:\/\/www.kaelberer-online.de\/services\/telefonanlagen\/telefonanlage-aerzte-reichenbach-an-der-fils\/\" class=\"more-link\">Continue reading<span class=\"screen-reader-text\"> &#8222;Telefonanlage f\u00fcr \u00c4rzte in Reichenbach an der Fils &#8211; Beratung: Telefon 07164 909700&#8220;<\/span><\/a><\/p>\n","protected":false},"author":2,"featured_media":787,"parent":26,"menu_order":0,"comment_status":"closed","ping_status":"open","template":"","meta":{"footnotes":""},"class_list":["post-786","page","type-page","status-publish","has-post-thumbnail","hentry"],"_links":{"self":[{"href":"https:\/\/www.kaelberer-online.de\/services\/wp-json\/wp\/v2\/pages\/786","targetHints":{"allow":["GET"]}}],"collection":[{"href":"https:\/\/www.kaelberer-online.de\/services\/wp-json\/wp\/v2\/pages"}],"about":[{"href":"https:\/\/www.kaelberer-online.de\/services\/wp-json\/wp\/v2\/types\/page"}],"author":[{"embeddable":true,"href":"https:\/\/www.kaelberer-online.de\/services\/wp-json\/wp\/v2\/users\/2"}],"replies":[{"embeddable":true,"href":"https:\/\/www.kaelberer-online.de\/services\/wp-json\/wp\/v2\/comments?post=786"}],"version-history":[{"count":0,"href":"https:\/\/www.kaelberer-online.de\/services\/wp-json\/wp\/v2\/pages\/786\/revisions"}],"up":[{"embeddable":true,"href":"https:\/\/www.kaelberer-online.de\/services\/wp-json\/wp\/v2\/pages\/26"}],"wp:featuredmedia":[{"embeddable":true,"href":"https:\/\/www.kaelberer-online.de\/services\/wp-json\/wp\/v2\/media\/787"}],"wp:attachment":[{"href":"https:\/\/www.kaelberer-online.de\/services\/wp-json\/wp\/v2\/media?parent=786"}],"curies":[{"name":"wp","href":"https:\/\/api.w.org\/{rel}","templated":true}]}}