{"id":784,"date":"2021-11-28T12:05:57","date_gmt":"2021-11-28T12:05:57","guid":{"rendered":"https:\/\/kaelberer-online.de\/services\/?page_id=784"},"modified":"2021-11-28T12:05:57","modified_gmt":"2021-11-28T12:05:57","slug":"telefonanlage-aerzte-rechberghausen","status":"publish","type":"page","link":"https:\/\/www.kaelberer-online.de\/services\/telefonanlagen\/telefonanlage-aerzte-rechberghausen\/","title":{"rendered":"Telefonanlage f\u00fcr \u00c4rzte in Rechberghausen &#8211; Beratung: Telefon 07164 909700"},"content":{"rendered":"<h2>Aktuelle Telefonanlagen f\u00fcr Arztpraxen: Individuell und effektiv. Unsere Firma ist nur 9.3 km von Ihnen entfernt, falls Sie vor Ort Unterst\u00fctzung oder Support ben\u00f6tigen.<\/h2>\n<p>In den allermeisten Arztpraxen klingelt das Telefon de ganzen Tag hei\u00df. Besorgte Patientinnen und Patienten rufen an da sie bereits schon vor dem Termin eine Vielzahl Ausk\u00fcnfte ben\u00f6tigen, die sie vorher beantwortet haben wollen. Neben den organisatorischen Fragen nach Termin sowie Gesch\u00e4ftszeiten der Arztpraxis, ruft eine Vielzahl Patienten an, die sich schon in einer Behandlung befinden, um ein Rezept verordnet zu bekommen. Da sie diesen Wunsch nur w\u00e4hrend eines bestimmten Zeitfensters \u00e4u\u00dfern k\u00f6nnen, kann es so f\u00fcr den einen oder anderen Patienten ein Problem sein, niemand zu erreichen.<\/p>\n<h2>Voice Over IP Telefonanlagen \u2013 zukunftsweisend und praktisch f\u00fcr die Arztpraxis<\/h2>\n<p>Ein enger Austausch mit Patientinnen und Patienten kann nur mit einer voll funktionsf\u00e4higen Telefonanlage aufrechterhalten werden. Bis heute stand der Praxis f\u00fcr diesen Zweck an Stelle einer analogen L\u00f6sung, die ISDN Technologie zur Verf\u00fcgung. Ma\u00dfgeschneidert installierte Telefonanlagen erschienen den meisten Praxisinhabern zu teuer.<\/p>\n<h2>Moderne IP-Technologie macht es m\u00f6glich \u2013 individuelle Anrufsteuerung zum vern\u00fcnftigen Kaufpreis.<\/h2>\n<p>Dabei st\u00fctzen Sie spezifische Anrufbeantworter mit Ansagetexten, welche der individuellen Sachlage angepasst werden k\u00f6nnen. Auf diese Weise kann der Anrufer unverz\u00fcglich dar\u00fcber in Kenntnis gesetzt werden, zu welcher Zeit die Praxis wieder besetzt ist sowie ab wann die grunds\u00e4tzlichen Sprechzeiten sind.<\/p>\n<h2>Informationsaustausch ohne viel Aufwand \u2013 moderne IP-Telefon-Anlage f\u00fcr Arztpraxen<\/h2>\n<p>Nebst den geeigneten Ansage-Texten kann bspw. auch das Smartphone in die TK-Anlage integriert werden. Auf diese Weise k\u00f6nnen Sie jederzeit erreichbar sein, wann Sie es f\u00fcr notwendig halten.<\/p>\n<p>Sollten Sie einen Laptop mit Windows nutzen, dann steht Ihnen zum W\u00e4hlen per Mausklick die so genannte TAPI Funktionalit\u00e4t zur Verf\u00fcgung. Und TAPI erkennt eingehende Nummern und zeigt Ihnen nach Wunsch den Anrufer Beispielsweise in Ihrer Patientenverwaltung auf Anhieb an.<\/p>\n<p>Jede Menge Arztpraxen sind noch immer auf eine Telefax-Funktion angewiesen, da \u00f6fters Laborwerte kurzfristig ben\u00f6tigt werden. Die softwaregesteuerte IP-Telefonanlage ist in der Lage, das Fax via E-Mail-Nachricht weiterzuleiten. So wird kein extra Papier ben\u00f6tigt und die Werte sind im Anschluss sogleich im Rechner abrufbar. Auch k\u00f6nnen sehr wichtige Laborwerte so in jedem Behandlungsraum eingesehen und wenn gew\u00fcnscht mit dem Patienten diskutiert werden. Mittels der Telefonanlage k\u00f6nnen Sie selbstverst\u00e4ndlich auch selbst Telefaxe verschicken.<\/p>\n<p><strong><\/p>\n<p>Eine IP-TK-Anlage hilft Ihnen, Zeit zu sparen, die beispielsweise dem Patientinnen und Patienten zugutekommen kann. IP-Telefonanlagen optimieren die Kommunikation und erh\u00f6hen die Zufriedenheit.<\/p>\n<p><\/strong><\/p>\n<p>Wenn Sie sich eine individuell angepasste IP-TK-Anlage f\u00fcr Ihre Arztpraxis, die keinesfalls die Welt kosten w\u00fcrde, w\u00fcnschen, dann rufen Sie uns einfach bei uns an! Dank der jahrzehntelangen Kenntnisse auf diesem Gebiet k\u00f6nnen wir Sie detailliert unterst\u00fctzen und \u00fcber den aktuellen Stand der IP-TK-Anlagen-Technologie informieren.<\/p>\n<p><span style=\"color: #4F81BD;\"><\/p>\n<h2>Kundenberatung Telefonanlagen f\u00fcr Arztpraxen<\/h2>\n<p><\/span><\/p>\n<p><strong>Telefon: 07164909700<\/strong> &#8211; <strong>E-Mail: support@kaelberer-online.de<\/strong> oder \u00fcber das anschlie\u00dfende Formular, wir freuen uns auf Ihre Kontaktaufnahme &#8211; <strong>Unsere Firma ist ganz in Ihrer N\u00e4he!<\/strong><\/p>\n<p>[contact-form-7 id=&#8220;482&#8243; title=&#8220;Kontakt Telefonanlagen f\u00fcr Aerzte&#8220;]<\/p>\n","protected":false},"excerpt":{"rendered":"<p>Aktuelle Telefonanlagen f\u00fcr Arztpraxen: Individuell und effektiv. Unsere Firma ist nur 9.3 km von Ihnen entfernt, falls Sie vor Ort Unterst\u00fctzung oder Support ben\u00f6tigen. In den allermeisten Arztpraxen klingelt das Telefon de ganzen Tag hei\u00df. Besorgte Patientinnen und Patienten rufen an da sie bereits schon vor dem Termin eine Vielzahl Ausk\u00fcnfte ben\u00f6tigen, die sie vorher &hellip; <a href=\"https:\/\/www.kaelberer-online.de\/services\/telefonanlagen\/telefonanlage-aerzte-rechberghausen\/\" class=\"more-link\">Continue reading<span class=\"screen-reader-text\"> &#8222;Telefonanlage f\u00fcr \u00c4rzte in Rechberghausen &#8211; Beratung: Telefon 07164 909700&#8220;<\/span><\/a><\/p>\n","protected":false},"author":2,"featured_media":785,"parent":26,"menu_order":0,"comment_status":"closed","ping_status":"open","template":"","meta":{"footnotes":""},"class_list":["post-784","page","type-page","status-publish","has-post-thumbnail","hentry"],"_links":{"self":[{"href":"https:\/\/www.kaelberer-online.de\/services\/wp-json\/wp\/v2\/pages\/784","targetHints":{"allow":["GET"]}}],"collection":[{"href":"https:\/\/www.kaelberer-online.de\/services\/wp-json\/wp\/v2\/pages"}],"about":[{"href":"https:\/\/www.kaelberer-online.de\/services\/wp-json\/wp\/v2\/types\/page"}],"author":[{"embeddable":true,"href":"https:\/\/www.kaelberer-online.de\/services\/wp-json\/wp\/v2\/users\/2"}],"replies":[{"embeddable":true,"href":"https:\/\/www.kaelberer-online.de\/services\/wp-json\/wp\/v2\/comments?post=784"}],"version-history":[{"count":0,"href":"https:\/\/www.kaelberer-online.de\/services\/wp-json\/wp\/v2\/pages\/784\/revisions"}],"up":[{"embeddable":true,"href":"https:\/\/www.kaelberer-online.de\/services\/wp-json\/wp\/v2\/pages\/26"}],"wp:featuredmedia":[{"embeddable":true,"href":"https:\/\/www.kaelberer-online.de\/services\/wp-json\/wp\/v2\/media\/785"}],"wp:attachment":[{"href":"https:\/\/www.kaelberer-online.de\/services\/wp-json\/wp\/v2\/media?parent=784"}],"curies":[{"name":"wp","href":"https:\/\/api.w.org\/{rel}","templated":true}]}}