{"id":782,"date":"2021-12-03T13:36:30","date_gmt":"2021-12-03T13:36:30","guid":{"rendered":"https:\/\/kaelberer-online.de\/services\/?page_id=782"},"modified":"2021-12-03T13:36:30","modified_gmt":"2021-12-03T13:36:30","slug":"telefonanlage-aerzte-owen","status":"publish","type":"page","link":"https:\/\/www.kaelberer-online.de\/services\/telefonanlagen\/telefonanlage-aerzte-owen\/","title":{"rendered":"Telefonanlagen f\u00fcr \u00c4rzte in Owen &#8211; Beratung: Telefon 07164 909700"},"content":{"rendered":"<h2>Aktuelle Telefonanlagen f\u00fcr Arztpraxen: Ma\u00dfgeschneidert und effizient. Wir sind nur 8.8 km von Ihnen entfernt, wenn Sie vor Ort Unterst\u00fctzung oder Support w\u00fcnschen.<\/h2>\n<p>In den meisten Arztpraxen steht das Telefon niemals still. Besorgte Patienten rufen an weil sie schon vor dem Termin jede Menge Ausk\u00fcnfte ben\u00f6tigen, die sie vorab besprochen haben m\u00f6chten. Neben den organisatorischen Fragen nach Termin wie auch \u00d6ffnungszeiten der Praxis, ruft eine Reihe Patientinnen und Patienten an, die sich in Behandlung befinden, um ein Rezept verschrieben zu bekommen. Da sie diesen Wunsch nur w\u00e4hrend eines bestimmten Zeitfensters \u00e4u\u00dfern k\u00f6nnen, kann es f\u00fcr manchen Patienten ein \u00c4rgernis sein, niemand zu erreichen.<\/p>\n<h2>IP-Telefonanlagen \u2013 einfallsreich und komfortabel f\u00fcr Ihre Praxis<\/h2>\n<p>Ein enger Kontakt mit Patientinnen und Patienten kann nur mit einer voll funktionsf\u00e4higen Telefonanlage aufrechterhalten werden. Bislang stand einer Arztpraxis zu diesem Zweck anstelle der analogen L\u00f6sung, die ISDN Technik zur Verf\u00fcgung. Individuell installierte Telefonanlagen erschienen den meisten Praxisinhabern zu kostentr\u00e4chtig.<\/p>\n<h2>Tolle IP-Technik macht es realisierbar \u2013 angepasste Anrufsteuerung zum g\u00fcnstigen Kaufpreis.<\/h2>\n<p>Hierbei st\u00fctzen Sie spezifische Anrufbeantworter mit Ansage-Texten, welche der individuellen Konstellation angepasst werden k\u00f6nnen. Dadurch kann der Anrufer sogleich davon in Kenntnis gesetzt werden, zu welcher Zeit die Praxis wieder erreichbar ist sowie zu welcher Zeit die allgemeinen Sprechzeiten sind.<\/p>\n<h2>Kommunikation ohne viel Aufwand \u2013 moderne IP-Telefonanlagen f\u00fcr Arztpraxen<\/h2>\n<p>Nebst den optimalen Ansagetexten kann beispielsweise auch das Handy in die TK-Anlage integriert werden. Auf diese Weise k\u00f6nnen Sie st\u00e4ndig erreichbar sein, wann immer Sie es f\u00fcr vonn\u00f6ten halten.<\/p>\n<p>Sofern Sie einen Notebook mit Windows nutzen, dann steht Ihnen zum W\u00e4hlen per Klick die so genannte TAPI Funktionalit\u00e4t zur Verf\u00fcgung. Und die TAPI-Schnittstelle erkennt eingehende Nummern und zeigt Ihnen optional den Anrufer zum Beispiel in Ihrer Patientenverwaltung gleich an.<\/p>\n<p>Jede Menge Arztpraxen sind nach wie vor auf eine Telefax-Funktion angewiesen, da manches Mal Werte aus einem Labor gleich ben\u00f6tigt werden. Die computergesteuerte IP-TK-Anlage ist in der Lage, das Fax via Mail weiterzuleiten. So wird absolut kein zus\u00e4tzliches Papier ben\u00f6tigt und die Werte sind danach unverz\u00fcglich im PC abrufbar. Auch k\u00f6nnen entscheidende Laborwerte auf diese Weise in jedem Behandlungsraum betrachtet und notfalls mit einem Patienten diskutiert werden. Mittels der Telefonanlage k\u00f6nnen Sie selbstverst\u00e4ndlich auch selber Faxe verschicken.<\/p>\n<p><strong><\/p>\n<p>Eine IP-TK-Anlage hilft Ihnen dabei, Zeit zu sparen, die beispielsweise dem Patientinnen und Patienten zugutekommen kann. IP-TK-Anlagen  optimieren die Kommunikation und steigern die Stimmung.<\/p>\n<p><\/strong><\/p>\n<p>Sollten Sie sich eine ma\u00dfgeschneidert angepasste IP-Telefonanlage f\u00fcr Ihre Arztpraxis, die absolut nicht die Welt kostet, w\u00fcnschen, dann nehmen Sie gerne mit unserem Team Kontakt auf! Dank der langj\u00e4hrigen Kenntnisse auf diesem Gebiet k\u00f6nnen wir Sie eingehend informieren und \u00fcber den aktuellen Stand der IP-Telefonanlagen-Technik informieren.<\/p>\n<p><span style=\"color: #4F81BD;\"><\/p>\n<h2>Beratung IP-Telefonanlage f\u00fcr Arztpraxen<\/h2>\n<p><\/span><\/p>\n<p><strong>Telefon: 07164909700<\/strong> &#8211; <strong>E-Mail: support@kaelberer-online.de<\/strong> oder \u00fcber das darauffolgende Formular, wir freuen uns auf Ihre Nachricht &#8211; <strong>Unser Unternehmen ist ganz in Ihrer N\u00e4he!<\/strong><\/p>\n<p>[contact-form-7 id=&#8220;482&#8243; title=&#8220;Kontakt Telefonanlagen f\u00fcr Aerzte&#8220;]<\/p>\n","protected":false},"excerpt":{"rendered":"<p>Aktuelle Telefonanlagen f\u00fcr Arztpraxen: Ma\u00dfgeschneidert und effizient. Wir sind nur 8.8 km von Ihnen entfernt, wenn Sie vor Ort Unterst\u00fctzung oder Support w\u00fcnschen. In den meisten Arztpraxen steht das Telefon niemals still. Besorgte Patienten rufen an weil sie schon vor dem Termin jede Menge Ausk\u00fcnfte ben\u00f6tigen, die sie vorab besprochen haben m\u00f6chten. Neben den organisatorischen &hellip; <a href=\"https:\/\/www.kaelberer-online.de\/services\/telefonanlagen\/telefonanlage-aerzte-owen\/\" class=\"more-link\">Continue reading<span class=\"screen-reader-text\"> &#8222;Telefonanlagen f\u00fcr \u00c4rzte in Owen &#8211; Beratung: Telefon 07164 909700&#8220;<\/span><\/a><\/p>\n","protected":false},"author":2,"featured_media":783,"parent":26,"menu_order":0,"comment_status":"closed","ping_status":"open","template":"","meta":{"footnotes":""},"class_list":["post-782","page","type-page","status-publish","has-post-thumbnail","hentry"],"_links":{"self":[{"href":"https:\/\/www.kaelberer-online.de\/services\/wp-json\/wp\/v2\/pages\/782","targetHints":{"allow":["GET"]}}],"collection":[{"href":"https:\/\/www.kaelberer-online.de\/services\/wp-json\/wp\/v2\/pages"}],"about":[{"href":"https:\/\/www.kaelberer-online.de\/services\/wp-json\/wp\/v2\/types\/page"}],"author":[{"embeddable":true,"href":"https:\/\/www.kaelberer-online.de\/services\/wp-json\/wp\/v2\/users\/2"}],"replies":[{"embeddable":true,"href":"https:\/\/www.kaelberer-online.de\/services\/wp-json\/wp\/v2\/comments?post=782"}],"version-history":[{"count":0,"href":"https:\/\/www.kaelberer-online.de\/services\/wp-json\/wp\/v2\/pages\/782\/revisions"}],"up":[{"embeddable":true,"href":"https:\/\/www.kaelberer-online.de\/services\/wp-json\/wp\/v2\/pages\/26"}],"wp:featuredmedia":[{"embeddable":true,"href":"https:\/\/www.kaelberer-online.de\/services\/wp-json\/wp\/v2\/media\/783"}],"wp:attachment":[{"href":"https:\/\/www.kaelberer-online.de\/services\/wp-json\/wp\/v2\/media?parent=782"}],"curies":[{"name":"wp","href":"https:\/\/api.w.org\/{rel}","templated":true}]}}