{"id":780,"date":"2022-01-10T01:12:57","date_gmt":"2022-01-10T01:12:57","guid":{"rendered":"https:\/\/kaelberer-online.de\/services\/?page_id=780"},"modified":"2022-01-10T01:12:57","modified_gmt":"2022-01-10T01:12:57","slug":"telefonanlage-aerzte-ohmden","status":"publish","type":"page","link":"https:\/\/www.kaelberer-online.de\/services\/telefonanlagen\/telefonanlage-aerzte-ohmden\/","title":{"rendered":"Telefonanlage f\u00fcr \u00c4rzte in Ohmden &#8211; Beratung: Telefon 07164 909700"},"content":{"rendered":"<h2>Tolle Telefonanlagen f\u00fcr Arztpraxen: Ma\u00dfgeschneidert und effizient. Wir sind nur 1.2 km von Ihnen entfernt, f\u00fcr den Fall, dass Sie vor Ort Hilfe oder Support ben\u00f6tigen.<\/h2>\n<p>In den allermeisten Arztpraxen steht das Telefon niemals still. Besorgte Patientinnen und Patienten rufen an weil sie schon vor dem Termin eine Vielzahl Informationen verlangen, die sie vorweg gekl\u00e4rt haben m\u00f6chten. Neben den organisatorischen Fragen nach Termin und Gesch\u00e4ftszeiten der Arztpraxis, ruft eine gro\u00dfe Anzahl Patientinnen und Patienten an, die sich bereits in Behandlung befinden, um ein Rezept verschrieben zu bekommen. Da dieser Wunsch nur w\u00e4hrend eines bestimmten Zeitfensters ge\u00e4u\u00dfert werden kann, kann es so f\u00fcr den einen oder anderen Patienten ein \u00c4rgernis sein, keinen zu erreichen.<\/p>\n<h2>IP-Telefonanlagen \u2013 einfallsreich und komfortabel f\u00fcr Ihre Arztpraxis<\/h2>\n<p>Der enge Kontakt mit Patientinnen und Patienten kann nur mit einer voll funktionst\u00fcchtigen TK-Anlage aufrecht erhalten werden. Bis dato stand der Praxis zu diesem Zweck statt der analogen L\u00f6sung, die ISDN Technologie zur Verf\u00fcgung. Angepasst installierte Telefonanlagen erschienen den meisten Praxisinhabern zu hochpreisig.<\/p>\n<h2>Tolle IP-Technologie macht\u00b4s m\u00f6glich \u2013 individuelle Anrufsteuerung zum angemessenen Preis.<\/h2>\n<p>Hierbei st\u00fctzen Sie spezielle Anruf-Beantworter mit Ansage-Texten, welche der individuellen Situation angepasst werden k\u00f6nnen. Dadurch wird der Anrufer augenblicklich davon in Kenntnis gesetzt, zu welcher Zeit die Praxis wieder erreichbar ist und zu welchem Zeitpunkt die grunds\u00e4tzlichen Sprechzeiten sind.<\/p>\n<h2>Kommunikation ohne viel Aufwand \u2013 leistungsf\u00e4hige IP-Telefonanlagen f\u00fcr Praxen<\/h2>\n<p>Neben den optimalen Ansage-Texten kann zum Beispiel auch das Smartphone in die TK-Anlage einbezogen werden. Auf diese Weise k\u00f6nnen Sie zu jeder Zeit erreichbar sein, wann immer Sie m\u00f6chten.<\/p>\n<p>Sofern Sie einen PC mit Windows nutzen, dann steht Ihnen zum W\u00e4hlen per Klick die gern genutzte TAPI Funktion zur Verf\u00fcgung. Und TAPI erkennt eingehende Rufnummern und zeigt Ihnen nach Wunsch den Anrufer zum Beispiel in Ihrer Patientenverwaltung auf Anhieb an.<\/p>\n<p>Eine gro\u00dfe Anzahl Arztpraxen sind nach wie vor auf die Faxfunktion angewiesen, da manches Mal Werte aus einem Labor gleich gebraucht werden. Eine softwaregesteuerte IP-TK-Anlage macht es m\u00f6glich, die Faxnachricht via E-Mail-Nachricht weiterzuleiten. So wird keinerlei extra Papier ben\u00f6tigt und die Laborwerte sind danach unverz\u00fcglich im Rechner einsehbar. Dar\u00fcber hinaus k\u00f6nnen entscheidende Laborwerte somit in jedem Raum ausgewertet und gegebenenfalls mit dem Patienten besprochen werden. Mit Hilfe der Telefonanlage k\u00f6nnen Sie erwartungsgem\u00e4\u00df auch selbst Faxe senden.<\/p>\n<p><strong><\/p>\n<p>Eine IP-TK-Anlage hilft Ihnen, Zeit einzusparen, die Ihren Patienten zugutekommt. IP-Telefonanlagen verbessern den Kommunikationsaustausch und maximieren die Stimmung.<\/p>\n<p><\/strong><\/p>\n<p>Sofern Sie sich eine ma\u00dfgeschneidert angepasste IP-Telefonanlage f\u00fcr Ihre Arztpraxis, die keineswegs die Welt kostet, w\u00fcnschen, dann rufen Sie uns direkt bei uns an! Dank der jahrelangen Erfahrung in diesem Gebiet k\u00f6nnen wir Sie eingehend unterst\u00fctzen und \u00fcber den neuesten Stand der IP-TK-Anlagen-Technologie informieren.<\/p>\n<p><span style=\"color: #4F81BD;\"><\/p>\n<h2>Beratung IP-Telefonanlage f\u00fcr Praxen<\/h2>\n<p><\/span><\/p>\n<p><strong>Telefon: 07164909700<\/strong> &#8211; <strong>E-Mail: support@kaelberer-online.de<\/strong> oder \u00fcber das nachfolgende Formular, wir freuen uns auf Ihre Nachricht &#8211; <strong>Wir sind in Ihrer N\u00e4he!<\/strong><\/p>\n<p>[contact-form-7 id=&#8220;482&#8243; title=&#8220;Kontakt Telefonanlagen f\u00fcr Aerzte&#8220;]<\/p>\n","protected":false},"excerpt":{"rendered":"<p>Tolle Telefonanlagen f\u00fcr Arztpraxen: Ma\u00dfgeschneidert und effizient. Wir sind nur 1.2 km von Ihnen entfernt, f\u00fcr den Fall, dass Sie vor Ort Hilfe oder Support ben\u00f6tigen. In den allermeisten Arztpraxen steht das Telefon niemals still. Besorgte Patientinnen und Patienten rufen an weil sie schon vor dem Termin eine Vielzahl Informationen verlangen, die sie vorweg gekl\u00e4rt &hellip; <a href=\"https:\/\/www.kaelberer-online.de\/services\/telefonanlagen\/telefonanlage-aerzte-ohmden\/\" class=\"more-link\">Continue reading<span class=\"screen-reader-text\"> &#8222;Telefonanlage f\u00fcr \u00c4rzte in Ohmden &#8211; Beratung: Telefon 07164 909700&#8220;<\/span><\/a><\/p>\n","protected":false},"author":2,"featured_media":781,"parent":26,"menu_order":0,"comment_status":"closed","ping_status":"open","template":"","meta":{"footnotes":""},"class_list":["post-780","page","type-page","status-publish","has-post-thumbnail","hentry"],"_links":{"self":[{"href":"https:\/\/www.kaelberer-online.de\/services\/wp-json\/wp\/v2\/pages\/780","targetHints":{"allow":["GET"]}}],"collection":[{"href":"https:\/\/www.kaelberer-online.de\/services\/wp-json\/wp\/v2\/pages"}],"about":[{"href":"https:\/\/www.kaelberer-online.de\/services\/wp-json\/wp\/v2\/types\/page"}],"author":[{"embeddable":true,"href":"https:\/\/www.kaelberer-online.de\/services\/wp-json\/wp\/v2\/users\/2"}],"replies":[{"embeddable":true,"href":"https:\/\/www.kaelberer-online.de\/services\/wp-json\/wp\/v2\/comments?post=780"}],"version-history":[{"count":0,"href":"https:\/\/www.kaelberer-online.de\/services\/wp-json\/wp\/v2\/pages\/780\/revisions"}],"up":[{"embeddable":true,"href":"https:\/\/www.kaelberer-online.de\/services\/wp-json\/wp\/v2\/pages\/26"}],"wp:featuredmedia":[{"embeddable":true,"href":"https:\/\/www.kaelberer-online.de\/services\/wp-json\/wp\/v2\/media\/781"}],"wp:attachment":[{"href":"https:\/\/www.kaelberer-online.de\/services\/wp-json\/wp\/v2\/media?parent=780"}],"curies":[{"name":"wp","href":"https:\/\/api.w.org\/{rel}","templated":true}]}}