{"id":778,"date":"2021-12-07T18:48:37","date_gmt":"2021-12-07T18:48:37","guid":{"rendered":"https:\/\/kaelberer-online.de\/services\/?page_id=778"},"modified":"2021-12-07T18:48:37","modified_gmt":"2021-12-07T18:48:37","slug":"telefonanlage-aerzte-notzingen","status":"publish","type":"page","link":"https:\/\/www.kaelberer-online.de\/services\/telefonanlagen\/telefonanlage-aerzte-notzingen\/","title":{"rendered":"Telefonanlage f\u00fcr \u00c4rzte in Notzingen &#8211; Beratung: Telefon 07164 909700"},"content":{"rendered":"<h2>Modernste Telefonanlagen f\u00fcr \u00c4rzte: Ma\u00dfgeschneidert und effektiv. Unsere Firma ist nur 6.2 km von Ihnen entfernt, wenn Sie vor Ort Hilfe oder Support ben\u00f6tigen.<\/h2>\n<p>In den allermeisten Arztpraxen steht das Telefon niemals still. Besorgte Patienten rufen an da sie bereits vor dem Termin unz\u00e4hlige Informationen verlangen, die sie im Voraus beantwortet haben wollen. Nebst den organisatorischen Fragen nach Termin sowie \u00d6ffnungszeiten der Praxis, ruft eine Reihe Patienten an, die sich schon in Behandlung befinden, um ein Folgerezept verordnet zu bekommen. Da dieser Wunsch nur w\u00e4hrend eines bestimmten Zeitfensters ge\u00e4u\u00dfert werden kann, kann es f\u00fcr den einen oder anderen Patienten ein Problem sein, keinen zu erreichen.<\/p>\n<h2>IP-Telefonanlagen \u2013 einfallsreich und vielf\u00e4ltig f\u00fcr die Praxis<\/h2>\n<p>Der enge Austausch mit Patienten kann nur mit einer voll funktionst\u00fcchtigen TK-Anlage aufrechterhalten werden. Bisher stand einer Praxis f\u00fcr diesen Zweck anstelle der analogen L\u00f6sung, die ISDN Technik zur Verf\u00fcgung. Angepasst installierte Telefonanlagen erschienen den meisten Praxisinhabern zu kostenintensiv.<\/p>\n<h2>Tolle IP-Technik macht es m\u00f6glich \u2013 angepasste Anrufsteuerung zum angemessenen Preis.<\/h2>\n<p>Dabei st\u00fctzen Sie spezifische Anrufbeantworter mit Ansage-Texten, welche der individuellen Sachlage angepasst werden k\u00f6nnen. Auf diese Weise wird der Anrufer unmittelbar davon in Kenntnis gesetzt, wann die Arztpraxis wieder erreichbar ist und wann die allgemeinen Sprechzeiten sind.<\/p>\n<h2>Informationsaustausch ohne viel Arbeitsaufwand \u2013 professionelle IP-Telefonanlagen f\u00fcr Praxen<\/h2>\n<p>Nebst den passenden Ansagetexten kann bspw. auch das Smartphone in die TK-Anlage eingebunden werden. Auf diese Weise k\u00f6nnen Sie jederzeit erreichbar sein, wann immer Sie m\u00f6chten.<\/p>\n<p>Wenn Sie einen PC mit Windows benutzen, dann steht Ihnen zum W\u00e4hlen per Mausklick die sogenannte TAPI Funktionalit\u00e4t zur Verf\u00fcgung. Und TAPI erkennt eingehende Rufnummern und zeigt Ihnen nach Wunsch den Anrufer Beispielsweise in Ihrer Patientenverwaltung auf Anhieb an.<\/p>\n<p>Eine gro\u00dfe Anzahl Arztpraxen sind nach wie vor auf die Telefax-Funktion angewiesen, da \u00f6fters Werte aus einem Labor zeitnah gebraucht werden. Die softwaregesteuerte IP-Telefonanlage macht es m\u00f6glich, die Faxnachricht via E-Mail-Nachricht weiterzuleiten. Auf diese Weise wird kein zus\u00e4tzliches Papier gebraucht und die Laborwerte sind danach sofort im Rechner einsehbar. Auch k\u00f6nnen sehr wichtige Laborwerte auf diese Weise in jedem Behandlungsraum betrachtet und bei Bedarf mit dem Patienten besprochen werden. Mit Hilfe der TK-Anlage k\u00f6nnen Sie erwartungsgem\u00e4\u00df auch selbst Telefaxe versenden.<\/p>\n<p><strong><\/p>\n<p>Eine IP-TK-Anlage hilft Ihnen dabei, Zeit einzusparen, die beispielsweise dem Patienten zugutekommt. IP-Telefonanlagen optimieren den Kommunikationsaustausch und verbessern die Stimmung.<\/p>\n<p><\/strong><\/p>\n<p>Sollten Sie sich eine individuell angepasste IP-TK-Anlage f\u00fcr Ihre Arztpraxis, die nicht die Welt kostet, w\u00fcnschen, dann rufen Sie uns einfach bei uns an! Dank der jahrelangen Kenntnisse in diesem Gebiet k\u00f6nnen wir Sie umf\u00e4nglich informieren und \u00fcber den neuesten Stand der IP-Telefonanlagen-Technik informieren.<\/p>\n<p><span style=\"color: #4F81BD;\"><\/p>\n<h2>Beratung IP-Telefonanlage f\u00fcr Arztpraxen<\/h2>\n<p><\/span><\/p>\n<p><strong>Telefon: 07164909700<\/strong> &#8211; <strong>E-Mail: support@kaelberer-online.de<\/strong> oder \u00fcber das darauffolgende Formular, wir freuen uns auf Ihre Anfrage &#8211; <strong>Wir sind in Ihrer N\u00e4he!<\/strong><\/p>\n<p>[contact-form-7 id=&#8220;482&#8243; title=&#8220;Kontakt Telefonanlagen f\u00fcr Aerzte&#8220;]<\/p>\n","protected":false},"excerpt":{"rendered":"<p>Modernste Telefonanlagen f\u00fcr \u00c4rzte: Ma\u00dfgeschneidert und effektiv. Unsere Firma ist nur 6.2 km von Ihnen entfernt, wenn Sie vor Ort Hilfe oder Support ben\u00f6tigen. In den allermeisten Arztpraxen steht das Telefon niemals still. Besorgte Patienten rufen an da sie bereits vor dem Termin unz\u00e4hlige Informationen verlangen, die sie im Voraus beantwortet haben wollen. Nebst den &hellip; <a href=\"https:\/\/www.kaelberer-online.de\/services\/telefonanlagen\/telefonanlage-aerzte-notzingen\/\" class=\"more-link\">Continue reading<span class=\"screen-reader-text\"> &#8222;Telefonanlage f\u00fcr \u00c4rzte in Notzingen &#8211; Beratung: Telefon 07164 909700&#8220;<\/span><\/a><\/p>\n","protected":false},"author":2,"featured_media":779,"parent":26,"menu_order":0,"comment_status":"closed","ping_status":"open","template":"","meta":{"footnotes":""},"class_list":["post-778","page","type-page","status-publish","has-post-thumbnail","hentry"],"_links":{"self":[{"href":"https:\/\/www.kaelberer-online.de\/services\/wp-json\/wp\/v2\/pages\/778","targetHints":{"allow":["GET"]}}],"collection":[{"href":"https:\/\/www.kaelberer-online.de\/services\/wp-json\/wp\/v2\/pages"}],"about":[{"href":"https:\/\/www.kaelberer-online.de\/services\/wp-json\/wp\/v2\/types\/page"}],"author":[{"embeddable":true,"href":"https:\/\/www.kaelberer-online.de\/services\/wp-json\/wp\/v2\/users\/2"}],"replies":[{"embeddable":true,"href":"https:\/\/www.kaelberer-online.de\/services\/wp-json\/wp\/v2\/comments?post=778"}],"version-history":[{"count":0,"href":"https:\/\/www.kaelberer-online.de\/services\/wp-json\/wp\/v2\/pages\/778\/revisions"}],"up":[{"embeddable":true,"href":"https:\/\/www.kaelberer-online.de\/services\/wp-json\/wp\/v2\/pages\/26"}],"wp:featuredmedia":[{"embeddable":true,"href":"https:\/\/www.kaelberer-online.de\/services\/wp-json\/wp\/v2\/media\/779"}],"wp:attachment":[{"href":"https:\/\/www.kaelberer-online.de\/services\/wp-json\/wp\/v2\/media?parent=778"}],"curies":[{"name":"wp","href":"https:\/\/api.w.org\/{rel}","templated":true}]}}