{"id":776,"date":"2021-12-17T20:09:27","date_gmt":"2021-12-17T20:09:27","guid":{"rendered":"https:\/\/kaelberer-online.de\/services\/?page_id=776"},"modified":"2021-12-17T20:09:27","modified_gmt":"2021-12-17T20:09:27","slug":"telefonanlage-aerzte-neidlingen","status":"publish","type":"page","link":"https:\/\/www.kaelberer-online.de\/services\/telefonanlagen\/telefonanlage-aerzte-neidlingen\/","title":{"rendered":"Telefonanlage f\u00fcr \u00c4rzte in Neidlingen &#8211; Beratung: Telefon 07164 909700"},"content":{"rendered":"<h2>Modernste Telefonanlagen f\u00fcr \u00c4rzte: Individuell und leistungsf\u00e4hig. Unsere Firma ist nur 5.4 km von Ihnen entfernt, falls Sie vor Ort Unterst\u00fctzung oder Support w\u00fcnschen.<\/h2>\n<p>In den allermeisten Praxen steht das Telefon niemals still. Besorgte Patienten rufen an da sie bereits schon vor dem Arzttermin viele Ausk\u00fcnfte verlangen, die sie vorher besprochen haben wollen. Neben den organisatorischen Fragen nach Termin sowie \u00d6ffnungszeiten der Arztpraxis, ruft eine gro\u00dfe Anzahl Patientinnen und Patienten an, die sich bereits in Behandlung befinden, um ein Folgerezept verordnet zu bekommen. Da sie diesen Wunsch nur w\u00e4hrend eines bestimmten Zeitfensters \u00e4u\u00dfern k\u00f6nnen, kann es so f\u00fcr den einen oder anderen Patienten ein Problem sein, keinen zu erreichen.<\/p>\n<h2>Voice Over IP Telefonanlagen \u2013 zukunftsweisend und vielf\u00e4ltig f\u00fcr Ihre Arztpraxis<\/h2>\n<p>Ein enger Kontakt mit Patienten kann nur mit einer voll funktionsf\u00e4higen TK-Anlage aufrecht erhalten werden. Bisher stand einer Arztpraxis zu diesem Zweck an Stelle einer analogen L\u00f6sung, die ISDN Technik zur Verf\u00fcgung. Individuell installierte Telefonanlagen erschienen den meisten Praxisinhabern zu kostspielig.<\/p>\n<h2>Aktuelle IP-Technologie macht\u00b4s realisierbar \u2013 zugeschnittene Anrufsteuerung zum angemessenen Preis.<\/h2>\n<p>Hierbei st\u00fctzen Sie spezifische Anrufbeantworter mit Ansage-Texten, die der momentanen Sachlage angepasst werden k\u00f6nnen. Dadurch kann der Anrufer unmittelbar davon in Kenntnis gesetzt werden, zu welcher Zeit die Praxis wieder besetzt ist oder wann die grunds\u00e4tzlichen Sprechzeiten sind.<\/p>\n<h2>Kommunikation ohne viel Aufwand \u2013 professionelle IP-Telefon-Anlage f\u00fcr Praxen<\/h2>\n<p>Zus\u00e4tzlich zu den optimalen Ansage-Texten kann bspw. auch das Handy in die Telefonanlage eingef\u00fcgt werden. Auf diese Weise k\u00f6nnen Sie jederzeit erreichbar sein, wann immer Sie es f\u00fcr erforderlich halten.<\/p>\n<p>Wenn Sie einen Notebook mit Windows n\u00fctzen, dann steht Ihnen zum W\u00e4hlen per Mausklick die gern genutzte TAPI Schnittstelle zur Verf\u00fcgung. Und TAPI erkennt eingehende Rufnummern und zeigt Ihnen nach Wunsch den Anrufer Beispielsweise in Ihrer Patientenverwaltung auf Anhieb an.<\/p>\n<p>Eine gro\u00dfe Anzahl Praxen sind nach wie vor auf die Faxfunktion angewiesen, da manches Mal Werte aus einem Labor schnell ben\u00f6tigt werden. Eine computergesteuerte IP-TK-Anlage ist in der Lage, das Fax via Mail weiterzuleiten. Auf diese Art und Weise wird kein extra Papier gebraucht und die Werte sind im Anschluss sofort im Rechner einsehbar. Dar\u00fcber hinaus k\u00f6nnen entscheidende Laborwerte so in jedem Behandlungsraum betrachtet und bei Bedarf mit einem Patienten besprochen werden. Mit Hilfe der TK-Anlage k\u00f6nnen Sie erwartungsgem\u00e4\u00df auch selbst Faxe senden.<\/p>\n<p><strong><\/p>\n<p>Eine IP-Telefonanlage hilft Ihnen, Zeit einzusparen, die Ihren Patientinnen und Patienten zugutekommen kann. IP-Telefonanlagen verbessern die Kommunikation und maximieren die Zufriedenheit.<\/p>\n<p><\/strong><\/p>\n<p>Sollten Sie sich eine ma\u00dfgeschneidert angepasste IP-Telefonanlage f\u00fcr Ihre Praxis, die absolut nicht die Welt kosten w\u00fcrde, w\u00fcnschen, dann rufen Sie uns direkt bei uns an! Dank der jahrelangen Kenntnisse in diesem Gebiet k\u00f6nnen wir Sie eingehend informieren und \u00fcber den neuesten Stand der IP-Telefonanlagen-Technik informieren.<\/p>\n<p><span style=\"color: #4F81BD;\"><\/p>\n<h2>Beratung IP-Tefonanlagen f\u00fcr Praxen<\/h2>\n<p><\/span><\/p>\n<p><strong>Telefon: 07164909700<\/strong> &#8211; <strong>E-Mail: support@kaelberer-online.de<\/strong> oder \u00fcber das darauffolgende Kontakt-Formular, wir freuen uns auf Ihre Nachricht &#8211; <strong>Unsere Firma ist ganz in Ihrer N\u00e4he!<\/strong><\/p>\n<p>[contact-form-7 id=&#8220;482&#8243; title=&#8220;Kontakt Telefonanlagen f\u00fcr Aerzte&#8220;]<\/p>\n","protected":false},"excerpt":{"rendered":"<p>Modernste Telefonanlagen f\u00fcr \u00c4rzte: Individuell und leistungsf\u00e4hig. Unsere Firma ist nur 5.4 km von Ihnen entfernt, falls Sie vor Ort Unterst\u00fctzung oder Support w\u00fcnschen. In den allermeisten Praxen steht das Telefon niemals still. Besorgte Patienten rufen an da sie bereits schon vor dem Arzttermin viele Ausk\u00fcnfte verlangen, die sie vorher besprochen haben wollen. Neben den &hellip; <a href=\"https:\/\/www.kaelberer-online.de\/services\/telefonanlagen\/telefonanlage-aerzte-neidlingen\/\" class=\"more-link\">Continue reading<span class=\"screen-reader-text\"> &#8222;Telefonanlage f\u00fcr \u00c4rzte in Neidlingen &#8211; Beratung: Telefon 07164 909700&#8220;<\/span><\/a><\/p>\n","protected":false},"author":2,"featured_media":777,"parent":26,"menu_order":0,"comment_status":"closed","ping_status":"open","template":"","meta":{"footnotes":""},"class_list":["post-776","page","type-page","status-publish","has-post-thumbnail","hentry"],"_links":{"self":[{"href":"https:\/\/www.kaelberer-online.de\/services\/wp-json\/wp\/v2\/pages\/776","targetHints":{"allow":["GET"]}}],"collection":[{"href":"https:\/\/www.kaelberer-online.de\/services\/wp-json\/wp\/v2\/pages"}],"about":[{"href":"https:\/\/www.kaelberer-online.de\/services\/wp-json\/wp\/v2\/types\/page"}],"author":[{"embeddable":true,"href":"https:\/\/www.kaelberer-online.de\/services\/wp-json\/wp\/v2\/users\/2"}],"replies":[{"embeddable":true,"href":"https:\/\/www.kaelberer-online.de\/services\/wp-json\/wp\/v2\/comments?post=776"}],"version-history":[{"count":0,"href":"https:\/\/www.kaelberer-online.de\/services\/wp-json\/wp\/v2\/pages\/776\/revisions"}],"up":[{"embeddable":true,"href":"https:\/\/www.kaelberer-online.de\/services\/wp-json\/wp\/v2\/pages\/26"}],"wp:featuredmedia":[{"embeddable":true,"href":"https:\/\/www.kaelberer-online.de\/services\/wp-json\/wp\/v2\/media\/777"}],"wp:attachment":[{"href":"https:\/\/www.kaelberer-online.de\/services\/wp-json\/wp\/v2\/media?parent=776"}],"curies":[{"name":"wp","href":"https:\/\/api.w.org\/{rel}","templated":true}]}}