{"id":774,"date":"2021-12-04T23:19:44","date_gmt":"2021-12-04T23:19:44","guid":{"rendered":"https:\/\/kaelberer-online.de\/services\/?page_id=774"},"modified":"2021-12-04T23:19:44","modified_gmt":"2021-12-04T23:19:44","slug":"telefonanlage-aerzte-muehlhausen-im-taele","status":"publish","type":"page","link":"https:\/\/www.kaelberer-online.de\/services\/telefonanlagen\/telefonanlage-aerzte-muehlhausen-im-taele\/","title":{"rendered":"Telefonanlagen f\u00fcr \u00c4rzte in M\u00fchlhausen im T\u00e4le &#8211; Beratung: Telefon 07164 909700"},"content":{"rendered":"<h2>Zeitgem\u00e4\u00dfe Telefonanlagen f\u00fcr \u00c4rzte: Individuell und leistungsf\u00e4hig. Wir sind nur 8.6 km von Ihnen weg, f\u00fcr den Fall, dass Sie vor Ort Unterst\u00fctzung oder Support w\u00fcnschen.<\/h2>\n<p>In den meisten Praxen klingelt das Telefon de ganzen Tag hei\u00df. Besorgte Patientinnen und Patienten rufen an weil sie schon vor dem Termin eine Vielzahl Informationen brauchen, die sie vorher besprochen haben wollen. Neben den organisatorischen Fragen nach Termin wie auch \u00d6ffnungszeiten der Arztpraxis, ruft eine gro\u00dfe Anzahl Patientinnen und Patienten an, die sich in einer Behandlung befinden, um ein Folgerezept verordnet zu bekommen. Da sie diesen Wunsch nur w\u00e4hrend eines bestimmten Zeitfensters \u00e4u\u00dfern k\u00f6nnen, kann es f\u00fcr manchen Patienten ein \u00c4rgernis sein, keinen zu erreichen.<\/p>\n<h2>Voice Over IP Telefonanlagen \u2013 fortschrittlich und komfortabel f\u00fcr Ihre Arztpraxis<\/h2>\n<p>Ein enger Kontakt mit Patientinnen und Patienten kann nur mit einer voll funktionst\u00fcchtigen TK-Anlage aufrechterhalten werden. Bislang stand der Arztpraxis zu diesem Zweck an Stelle einer analogen L\u00f6sung, die ISDN Technik zur Verf\u00fcgung. Angepasst installierte Telefonanlagen erschienen den meisten Praxisinhabern zu kostspielig.<\/p>\n<h2>Zeitgem\u00e4\u00dfe IP-Technik macht es m\u00f6glich \u2013 zugeschnittene Anrufsteuerung zum vern\u00fcnftigen Kaufpreis.<\/h2>\n<p>Hierbei st\u00fctzen Sie spezielle Anruf-Beantworter mit Ansagetexten, welche der momentanen Sachlage angepasst werden k\u00f6nnen. Auf diese Weise kann der Anrufer sofort davon in Kenntnis gesetzt werden, zu welchem Zeitpunkt die Praxis wieder besetzt ist oder ab wann die generellen Sprechzeiten sind.<\/p>\n<h2>Informationsaustausch mit wenig Arbeitsaufwand \u2013 leistungsf\u00e4hige IP-Telefon-Anlage f\u00fcr Arztpraxen<\/h2>\n<p>Neben den optimalen Ansagetexten kann etwa auch das Smartphone in die Telefonanlage mit einbezogen werden. Auf diese Weise k\u00f6nnen Sie zu jeder Zeit erreichbar sein, wann Sie es f\u00fcr erforderlich halten.<\/p>\n<p>Sofern Sie einen Rechner mit dem Betriebssystem Windows benutzen, dann steht Ihnen zum W\u00e4hlen per Klick die sogenannte TAPI Funktionalit\u00e4t zur Verf\u00fcgung. Und TAPI erkennt eingehende Rufnummern und zeigt Ihnen nach Wunsch den Anrufer zum Beispiel in Ihrer Patientenverwaltung gleich an.<\/p>\n<p>Jede Menge Praxen sind nach wie vor auf die Telefax-Funktion angewiesen, da \u00f6fters Laborwerte direkt ben\u00f6tigt werden. Eine softwaregesteuerte IP-Telefonanlage ist in der Lage, das Fax via Mail weiterzuleiten. So wird keinerlei extra Papier gebraucht und die Werte sind danach sogleich im PC abrufbar. Dar\u00fcber hinaus k\u00f6nnen entscheidende Laborwerte somit in jedem Behandlungsraum eingesehen und bei Bedarf mit einem Patienten diskutiert werden. Mit Hilfe der Telefonanlage k\u00f6nnen Sie selbstverst\u00e4ndlich auch selbst Telefaxe senden.<\/p>\n<p><strong><\/p>\n<p>Eine IP-TK-Anlage hilft Ihnen dabei, Zeit zu sparen, die beispielsweise dem Patienten zugutekommen kann. IP-TK-Anlagen  verbessern die Kommunikation und erh\u00f6hen die Stimmung.<\/p>\n<p><\/strong><\/p>\n<p>Sofern Sie sich eine individuell angepasste IP-Telefonanlage f\u00fcr Ihre Arztpraxis, die keinesfalls die Welt kosten w\u00fcrde, w\u00fcnschen, dann rufen Sie uns einfach bei uns an! Dank unserer langj\u00e4hrigen Kenntnisse in diesem Gebiet k\u00f6nnen wir Sie umf\u00e4nglich beraten und \u00fcber den neuesten Stand der IP-TK-Anlagen-Technologie informieren.<\/p>\n<p><span style=\"color: #4F81BD;\"><\/p>\n<h2>Beratung IP-Telefonanlage f\u00fcr Praxen<\/h2>\n<p><\/span><\/p>\n<p><strong>Telefon: 07164909700<\/strong> &#8211; <strong>E-Mail: support@kaelberer-online.de<\/strong> oder \u00fcber das nachfolgende Kontaktformular, wir freuen uns auf Ihre Nachricht &#8211; <strong>Unser Unternehmen ist ganz in Ihrer N\u00e4he!<\/strong><\/p>\n<p>[contact-form-7 id=&#8220;482&#8243; title=&#8220;Kontakt Telefonanlagen f\u00fcr Aerzte&#8220;]<\/p>\n","protected":false},"excerpt":{"rendered":"<p>Zeitgem\u00e4\u00dfe Telefonanlagen f\u00fcr \u00c4rzte: Individuell und leistungsf\u00e4hig. Wir sind nur 8.6 km von Ihnen weg, f\u00fcr den Fall, dass Sie vor Ort Unterst\u00fctzung oder Support w\u00fcnschen. In den meisten Praxen klingelt das Telefon de ganzen Tag hei\u00df. Besorgte Patientinnen und Patienten rufen an weil sie schon vor dem Termin eine Vielzahl Informationen brauchen, die sie &hellip; <a href=\"https:\/\/www.kaelberer-online.de\/services\/telefonanlagen\/telefonanlage-aerzte-muehlhausen-im-taele\/\" class=\"more-link\">Continue reading<span class=\"screen-reader-text\"> &#8222;Telefonanlagen f\u00fcr \u00c4rzte in M\u00fchlhausen im T\u00e4le &#8211; Beratung: Telefon 07164 909700&#8220;<\/span><\/a><\/p>\n","protected":false},"author":2,"featured_media":775,"parent":26,"menu_order":0,"comment_status":"closed","ping_status":"open","template":"","meta":{"footnotes":""},"class_list":["post-774","page","type-page","status-publish","has-post-thumbnail","hentry"],"_links":{"self":[{"href":"https:\/\/www.kaelberer-online.de\/services\/wp-json\/wp\/v2\/pages\/774","targetHints":{"allow":["GET"]}}],"collection":[{"href":"https:\/\/www.kaelberer-online.de\/services\/wp-json\/wp\/v2\/pages"}],"about":[{"href":"https:\/\/www.kaelberer-online.de\/services\/wp-json\/wp\/v2\/types\/page"}],"author":[{"embeddable":true,"href":"https:\/\/www.kaelberer-online.de\/services\/wp-json\/wp\/v2\/users\/2"}],"replies":[{"embeddable":true,"href":"https:\/\/www.kaelberer-online.de\/services\/wp-json\/wp\/v2\/comments?post=774"}],"version-history":[{"count":0,"href":"https:\/\/www.kaelberer-online.de\/services\/wp-json\/wp\/v2\/pages\/774\/revisions"}],"up":[{"embeddable":true,"href":"https:\/\/www.kaelberer-online.de\/services\/wp-json\/wp\/v2\/pages\/26"}],"wp:featuredmedia":[{"embeddable":true,"href":"https:\/\/www.kaelberer-online.de\/services\/wp-json\/wp\/v2\/media\/775"}],"wp:attachment":[{"href":"https:\/\/www.kaelberer-online.de\/services\/wp-json\/wp\/v2\/media?parent=774"}],"curies":[{"name":"wp","href":"https:\/\/api.w.org\/{rel}","templated":true}]}}