{"id":772,"date":"2022-01-13T13:56:18","date_gmt":"2022-01-13T13:56:18","guid":{"rendered":"https:\/\/kaelberer-online.de\/services\/?page_id=772"},"modified":"2022-01-13T13:56:18","modified_gmt":"2022-01-13T13:56:18","slug":"telefonanlage-aerzte-lenningen","status":"publish","type":"page","link":"https:\/\/www.kaelberer-online.de\/services\/telefonanlagen\/telefonanlage-aerzte-lenningen\/","title":{"rendered":"Telefonanlage f\u00fcr \u00c4rzte in Lenningen &#8211; Beratung: Telefon 07164 909700"},"content":{"rendered":"<h2>Tolle Telefonanlagen f\u00fcr \u00c4rzte: Individuell und effizient. Wir sind nur 9.8 km von Ihnen weg, f\u00fcr den Fall, dass Sie vor Ort Unterst\u00fctzung oder Support w\u00fcnschen.<\/h2>\n<p>In den meisten Praxen klingelt das Telefon de ganzen Tag hei\u00df. Besorgte Patienten rufen an weil sie schon vor dem Arzttermin jede Menge Informationen brauchen, die sie im Voraus besprochen haben m\u00f6chten. Nebst den Fragen nach Termin und \u00d6ffnungszeiten der Praxis, ruft eine Reihe Patienten an, die sich in Behandlung befinden, um ein Rezept verordnet zu bekommen. Da sie diesen Wunsch nur w\u00e4hrend eines bestimmten Zeitfensters \u00e4u\u00dfern k\u00f6nnen, kann es f\u00fcr den einen oder anderen Patienten ein Problem sein, niemand zu erreichen.<\/p>\n<h2>IP-Telefonanlagen \u2013 innovativ und komfortabel f\u00fcr die Praxis<\/h2>\n<p>Ein enger Kontakt mit Patienten kann nur mit einer voll funktionst\u00fcchtigen Telefonanlage aufrechterhalten werden. Bisherig stand der Arztpraxis zu diesem Zweck statt der analogen L\u00f6sung, die ISDN Technologie zur Verf\u00fcgung. Ma\u00dfgeschneidert installierte Telefonanlagen erschienen den meisten Praxisinhabern zu teuer.<\/p>\n<h2>Moderne IP-Technik macht\u00b4s m\u00f6glich \u2013 individuelle Anrufsteuerung zum vern\u00fcnftigen Preis.<\/h2>\n<p>Dabei unterst\u00fctzen Sie spezielle Anruf-Beantworter mit Ansagetexten, welche der einzelnen Situation angepasst werden k\u00f6nnen. Auf diese Weise kann der Anrufer sofort dar\u00fcber in Kenntnis gesetzt werden, ab wann die Arztpraxis wieder besetzt ist sowie ab wann die allgemeinen Sprechzeiten sind.<\/p>\n<h2>Mediale Kommunikation ohne viel Aufwand \u2013 professionelle IP-Telefonanlagen f\u00fcr Praxen<\/h2>\n<p>Zus\u00e4tzlich zu den optimalen Ansage-Texten kann etwa auch das Smartphone in die Telefonanlage mit einbezogen werden. So k\u00f6nnen Sie st\u00e4ndig erreichbar sein, wann immer Sie es f\u00fcr vonn\u00f6ten halten.<\/p>\n<p>Wenn Sie einen Computer mit Windows benutzen, dann steht Ihnen zum W\u00e4hlen per Mausklick die sogenannte TAPI Schnittstelle zur Verf\u00fcgung. Und die TAPI-Schnittstelle erkennt eingehende Rufnummern und zeigt Ihnen optional den Anrufer zum Beispiel in Ihrer Patientenverwaltung auf Anhieb an.<\/p>\n<p>Unz\u00e4hlige Praxen sind nach wie vor auf die Faxfunktion angewiesen, da \u00f6fters Laborwerte schnell gebraucht werden. Die computergesteuerte IP-Telefonanlage ist in der Lage, das Fax via E-Mail weiterzuleiten. Auf diese Art und Weise wird kein extra Papier gebraucht und die Laborwerte sind im Anschluss unmittelbar im Rechner einsehbar. Au\u00dferdem k\u00f6nnen wesentliche Laborwerte somit in jedem Raum ausgewertet und wenn gew\u00fcnscht mit einem Patienten besprochen werden. Mit Hilfe der Telefonanlage k\u00f6nnen Sie selbstverst\u00e4ndlich auch selber Telefaxe verschicken.<\/p>\n<p><strong><\/p>\n<p>Eine IP-Telefonanlage hilft Ihnen dabei, Zeit einzusparen, die beispielsweise dem Patienten zugutekommt. IP-Telefonanlagen optimieren die Kommunikation und maximieren die Stimmung.<\/p>\n<p><\/strong><\/p>\n<p>Wenn Sie sich eine ma\u00dfgeschneidert angepasste IP-TK-Anlage f\u00fcr Ihre Praxis, die absolut nicht die Welt kosten w\u00fcrde, w\u00fcnschen, dann nehmen Sie gerne mit unserem Team Kontakt auf! Dank der jahrelangen Kenntnisse in diesem Gebiet k\u00f6nnen wir Sie detailliert beraten und \u00fcber den aktuellen Stand der IP-Telefonanlagen-Technologie informieren.<\/p>\n<p><span style=\"color: #4F81BD;\"><\/p>\n<h2>Fachberatung Tefonanlage f\u00fcr \u00c4rzte<\/h2>\n<p><\/span><\/p>\n<p><strong>Telefon: 07164909700<\/strong> &#8211; <strong>E-Mail: support@kaelberer-online.de<\/strong> oder \u00fcber das darauffolgende Kontaktformular, wir freuen uns auf Ihre Nachricht &#8211; <strong>Unser Unternehmen ist ganz in Ihrer N\u00e4he!<\/strong><\/p>\n<p>[contact-form-7 id=&#8220;482&#8243; title=&#8220;Kontakt Telefonanlagen f\u00fcr Aerzte&#8220;]<\/p>\n","protected":false},"excerpt":{"rendered":"<p>Tolle Telefonanlagen f\u00fcr \u00c4rzte: Individuell und effizient. Wir sind nur 9.8 km von Ihnen weg, f\u00fcr den Fall, dass Sie vor Ort Unterst\u00fctzung oder Support w\u00fcnschen. In den meisten Praxen klingelt das Telefon de ganzen Tag hei\u00df. Besorgte Patienten rufen an weil sie schon vor dem Arzttermin jede Menge Informationen brauchen, die sie im Voraus &hellip; <a href=\"https:\/\/www.kaelberer-online.de\/services\/telefonanlagen\/telefonanlage-aerzte-lenningen\/\" class=\"more-link\">Continue reading<span class=\"screen-reader-text\"> &#8222;Telefonanlage f\u00fcr \u00c4rzte in Lenningen &#8211; Beratung: Telefon 07164 909700&#8220;<\/span><\/a><\/p>\n","protected":false},"author":2,"featured_media":773,"parent":26,"menu_order":0,"comment_status":"closed","ping_status":"open","template":"","meta":{"footnotes":""},"class_list":["post-772","page","type-page","status-publish","has-post-thumbnail","hentry"],"_links":{"self":[{"href":"https:\/\/www.kaelberer-online.de\/services\/wp-json\/wp\/v2\/pages\/772","targetHints":{"allow":["GET"]}}],"collection":[{"href":"https:\/\/www.kaelberer-online.de\/services\/wp-json\/wp\/v2\/pages"}],"about":[{"href":"https:\/\/www.kaelberer-online.de\/services\/wp-json\/wp\/v2\/types\/page"}],"author":[{"embeddable":true,"href":"https:\/\/www.kaelberer-online.de\/services\/wp-json\/wp\/v2\/users\/2"}],"replies":[{"embeddable":true,"href":"https:\/\/www.kaelberer-online.de\/services\/wp-json\/wp\/v2\/comments?post=772"}],"version-history":[{"count":0,"href":"https:\/\/www.kaelberer-online.de\/services\/wp-json\/wp\/v2\/pages\/772\/revisions"}],"up":[{"embeddable":true,"href":"https:\/\/www.kaelberer-online.de\/services\/wp-json\/wp\/v2\/pages\/26"}],"wp:featuredmedia":[{"embeddable":true,"href":"https:\/\/www.kaelberer-online.de\/services\/wp-json\/wp\/v2\/media\/773"}],"wp:attachment":[{"href":"https:\/\/www.kaelberer-online.de\/services\/wp-json\/wp\/v2\/media?parent=772"}],"curies":[{"name":"wp","href":"https:\/\/api.w.org\/{rel}","templated":true}]}}