{"id":770,"date":"2021-12-18T20:43:18","date_gmt":"2021-12-18T20:43:18","guid":{"rendered":"https:\/\/kaelberer-online.de\/services\/?page_id=770"},"modified":"2021-12-18T20:43:18","modified_gmt":"2021-12-18T20:43:18","slug":"telefonanlage-aerzte-kirchheim-unter-teck","status":"publish","type":"page","link":"https:\/\/www.kaelberer-online.de\/services\/telefonanlagen\/telefonanlage-aerzte-kirchheim-unter-teck\/","title":{"rendered":"Telefonanlagen f\u00fcr \u00c4rzte in Kirchheim unter Teck &#8211; Beratung: Telefon 07164 909700"},"content":{"rendered":"<h2>Modernste Telefonanlagen f\u00fcr \u00c4rzte: Individuell und leistungsf\u00e4hig. Wir sind nur 3.8 km von Ihnen weg, falls Sie vor Ort Hilfe oder Support w\u00fcnschen.<\/h2>\n<p>In den allermeisten Praxen steht das Telefon niemals still. Besorgte Patienten rufen an weil sie bereits schon vor dem Termin viele Informationen w\u00fcnschen, die sie im Vorfeld beantwortet haben wollen. Nebst den Fragen nach Termin wie auch Gesch\u00e4ftszeiten der Arztpraxis, ruft eine gro\u00dfe Anzahl Patienten an, die sich in Behandlung befinden, um ein Rezept verordnet zu bekommen. Da sie diesen Wunsch nur w\u00e4hrend eines bestimmten Zeitfensters \u00e4u\u00dfern k\u00f6nnen, kann es f\u00fcr den einen oder anderen Patienten ein \u00c4rgernis sein, keinen zu erreichen.<\/p>\n<h2>Voice Over IP Telefonanlagen \u2013 modern und praktisch f\u00fcr Ihre Praxis<\/h2>\n<p>Ein enger Austausch mit Patientinnen und Patienten kann nur mit einer voll funktionst\u00fcchtigen Telefonanlage aufrechterhalten werden. Bisherig stand einer Arztpraxis zu diesem Zweck an Stelle der analogen L\u00f6sung, die ISDN Technologie zur Verf\u00fcgung. Individuell installierte Telefonanlagen erschienen den meisten Praxisinhabern zu kostenintensiv.<\/p>\n<h2>Tolle IP-Technik macht es m\u00f6glich \u2013 individuelle Anrufsteuerung zum angemessenen Preis.<\/h2>\n<p>Dabei unterst\u00fctzen Sie spezifische Anruf-Beantworter mit Ansagetexten, die der momentanen Situation angepasst werden k\u00f6nnen. Auf diese Weise kann der Anrufer sofort davon in Kenntnis gesetzt werden, zu welcher Zeit die Arztpraxis wieder erreichbar ist oder zu welcher Zeit die generellen Sprechzeiten sind.<\/p>\n<h2>Informationsaustausch mit wenig Arbeitsaufwand \u2013 moderne IP-Telefon-Anlage f\u00fcr Arztpraxen<\/h2>\n<p>Nebst den passenden Ansage-Texten kann bspw. auch das Smartphone in die TK-Anlage mit einbezogen werden. So k\u00f6nnen Sie jederzeit erreichbar sein, wann immer Sie m\u00f6chten.<\/p>\n<p>Wenn Sie einen PC mit dem Betriebssystem Windows nutzen, dann steht Ihnen zum W\u00e4hlen per Klick die so genannte TAPI Funktion zur Verf\u00fcgung. Und TAPI erkennt eingehende Nummern und zeigt Ihnen nach Wunsch den Anrufer zum Beispiel in Ihrer Patientenverwaltung gleich an.<\/p>\n<p>Unz\u00e4hlige \u00c4rzte sind nach wie vor auf die Telefax-Funktion angewiesen, da \u00f6fters Laborwerte kurzfristig ben\u00f6tigt werden. Die softwaregesteuerte IP-TK-Anlage ist in der Lage, das Fax via Mail weiterzuleiten. So wird kein extra Papier gebraucht und die Werte sind im Anschluss sogleich im Rechner abrufbar. Au\u00dferdem k\u00f6nnen sehr wichtige Laborwerte auf diese Weise in jedem Behandlungsraum betrachtet und wenn gew\u00fcnscht mit einem Patienten besprochen werden. Mit Hilfe der Telefonanlage k\u00f6nnen Sie erwartungsgem\u00e4\u00df auch selber Telefaxe senden.<\/p>\n<p><strong><\/p>\n<p>Eine IP-Telefonanlage hilft Ihnen dabei, Zeit zu sparen, die Ihren Patienten zugutekommt. IP-Telefonanlagen verbessern die Kommunikation und steigern die Zufriedenheit.<\/p>\n<p><\/strong><\/p>\n<p>Wenn Sie sich eine individuell angepasste IP-Telefonanlage f\u00fcr Ihre Arztpraxis, die absolut nicht die Welt kostet, w\u00fcnschen, dann nehmen Sie gerne mit unserem Team Kontakt auf! Dank unserer jahrzehntelangen Kenntnisse in diesem Gebiet k\u00f6nnen wir Sie umf\u00e4nglich unterst\u00fctzen und \u00fcber den neusten Stand der IP-TK-Anlagen-Technologie informieren.<\/p>\n<p><span style=\"color: #4F81BD;\"><\/p>\n<h2>Fachberatung Telefonanlagen f\u00fcr \u00c4rzte<\/h2>\n<p><\/span><\/p>\n<p><strong>Telefon: 07164909700<\/strong> &#8211; <strong>E-Mail: support@kaelberer-online.de<\/strong> oder \u00fcber das nachfolgende Kontakt-Formular, wir freuen uns auf Ihre Nachricht &#8211; <strong>Wir sind in Ihrer N\u00e4he!<\/strong><\/p>\n<p>[contact-form-7 id=&#8220;482&#8243; title=&#8220;Kontakt Telefonanlagen f\u00fcr Aerzte&#8220;]<\/p>\n","protected":false},"excerpt":{"rendered":"<p>Modernste Telefonanlagen f\u00fcr \u00c4rzte: Individuell und leistungsf\u00e4hig. Wir sind nur 3.8 km von Ihnen weg, falls Sie vor Ort Hilfe oder Support w\u00fcnschen. In den allermeisten Praxen steht das Telefon niemals still. Besorgte Patienten rufen an weil sie bereits schon vor dem Termin viele Informationen w\u00fcnschen, die sie im Vorfeld beantwortet haben wollen. Nebst den &hellip; <a href=\"https:\/\/www.kaelberer-online.de\/services\/telefonanlagen\/telefonanlage-aerzte-kirchheim-unter-teck\/\" class=\"more-link\">Continue reading<span class=\"screen-reader-text\"> &#8222;Telefonanlagen f\u00fcr \u00c4rzte in Kirchheim unter Teck &#8211; Beratung: Telefon 07164 909700&#8220;<\/span><\/a><\/p>\n","protected":false},"author":2,"featured_media":771,"parent":26,"menu_order":0,"comment_status":"closed","ping_status":"open","template":"","meta":{"footnotes":""},"class_list":["post-770","page","type-page","status-publish","has-post-thumbnail","hentry"],"_links":{"self":[{"href":"https:\/\/www.kaelberer-online.de\/services\/wp-json\/wp\/v2\/pages\/770","targetHints":{"allow":["GET"]}}],"collection":[{"href":"https:\/\/www.kaelberer-online.de\/services\/wp-json\/wp\/v2\/pages"}],"about":[{"href":"https:\/\/www.kaelberer-online.de\/services\/wp-json\/wp\/v2\/types\/page"}],"author":[{"embeddable":true,"href":"https:\/\/www.kaelberer-online.de\/services\/wp-json\/wp\/v2\/users\/2"}],"replies":[{"embeddable":true,"href":"https:\/\/www.kaelberer-online.de\/services\/wp-json\/wp\/v2\/comments?post=770"}],"version-history":[{"count":0,"href":"https:\/\/www.kaelberer-online.de\/services\/wp-json\/wp\/v2\/pages\/770\/revisions"}],"up":[{"embeddable":true,"href":"https:\/\/www.kaelberer-online.de\/services\/wp-json\/wp\/v2\/pages\/26"}],"wp:featuredmedia":[{"embeddable":true,"href":"https:\/\/www.kaelberer-online.de\/services\/wp-json\/wp\/v2\/media\/771"}],"wp:attachment":[{"href":"https:\/\/www.kaelberer-online.de\/services\/wp-json\/wp\/v2\/media?parent=770"}],"curies":[{"name":"wp","href":"https:\/\/api.w.org\/{rel}","templated":true}]}}