{"id":77,"date":"2021-12-13T03:36:16","date_gmt":"2021-12-13T03:36:16","guid":{"rendered":"https:\/\/kaelberer-online.de\/services\/?page_id=77"},"modified":"2021-12-13T03:36:16","modified_gmt":"2021-12-13T03:36:16","slug":"3cx-preise","status":"publish","type":"page","link":"https:\/\/www.kaelberer-online.de\/services\/telefonanlagen\/3cx-preise\/","title":{"rendered":"PREISE 3CX Service Telefon 07164 90 97 00"},"content":{"rendered":"<h2>\n<p>Wissen Sie die Anforderungen an Ihre neue <strong><strong>3CX<\/strong><\/strong> <strong><strong>TK-Anlage<\/strong><\/strong> schon?<\/p>\n<\/h2>\n<p><h3>Eine moderne <strong>3CX<\/strong> <strong>TK-Anlage<\/strong> simplifiziert Ihre Firmenprozesse. Optimieren Sie Ihr Unternehmen mit der aktuellen und flexiblen <strong>3CX<\/strong> Telefonanlage. Die <strong>3CX<\/strong> <strong>Telefonanlage<\/strong> die individuell auf Ihre Anspr\u00fcche zugeschnitten ist und mit Ihrem Unternehmen wachsen kann.<\/h3>\n<\/p>\n<p>Eine neue Arbeitswelt die mobil unterwegs ist. Telefonieren Sie mit dem Smartphone \u00fcber die <strong>3CX<\/strong> <strong>TK-Anlage<\/strong> mit Ihren Kunden. Selbstverst\u00e4ndlich \u00fcber Ihre Festnetz-Telefonnummer als Absenderkennung. bewahren Sie die Privatsph\u00e4re und beweisen Sie Professionalit\u00e4t.<\/p>\n<p>Unsere <strong>3CX<\/strong> <strong>TK-Anlage<\/strong>n werden auch f\u00fcr flexibles arbeiten designed. Als zeitgem\u00e4\u00dfe Cloud <strong>3CX<\/strong> <strong>Telefonanlage<\/strong> oder auf Ihrer eigenen Hardware hausintern gehostet. Die Installation und die Konfiguration ist einfach. Sie erhalten dadurch eine sichere, zuverl\u00e4ssige und anpassungsf\u00e4hige <strong>3CX<\/strong> <strong>Telefonanlage<\/strong>.<\/p>\n<h2>G\u00fcnstige Preise f\u00fcr Ihre neue 3CX <strong>Telefonanlage<\/strong><\/h2>\n<p>Ein tolles Preis- und Leistungsverh\u00e4ltnis. Richten Sie grenzenlos viele Nebenstellen ein, stets pr\u00e4zise da wo Sie sie im Moment brauchen und sparen Sie Kosten.<\/p>\n<h2>Identifizieren Sie die Anrufer!<\/h2>\n<p>Bei Eingang eines Anrufs exakt wissen wer im Moment anruft. Informationen sind alles. F\u00fcr Besch\u00e4ftigte sowie die Gesch\u00e4ftsleitung. Somit wissen Sie pr\u00e4zise was l\u00e4uft. W\u00e4hlen Sie mit einem simplen Mausklick aus Ihrem CRM oder Ihrer Firmensoftware jede Rufnummer.<\/p>\n<p>W\u00e4re es nicht prima, wenn Sie von einer zentralen Oberfl\u00e4che heraus jegliche Anrufe t\u00e4tigen, entgegennehmen sowie bearbeiten oder aber den Status Ihrer Kollegen in Erfahrung bringen, eingehende Chat-Nachrichten beantworten und Videoanrufe initiieren k\u00f6nnten? Mit dem Webclient als Softphone sowie der Windows Desktop App wird alles das sowie noch reichlich mehr m\u00f6glich.<\/p>\n<h2>MS 365 Verzahnung<\/h2>\n<p>Nutzt Ihre Firma MS 365? In diesem Fall vernetzen Sie dieses direkt mit der <strong>3CX<\/strong> <strong>TK-Anlage<\/strong> und kombinieren Sie s\u00e4mtliche Vorz\u00fcge beider Systeme! User k\u00f6nnen \u00fcbergangslos \u00fcber beide Apps arbeiten, Kontakte bearbeiten und Vorg\u00e4nge verschlanken, um ihre Effektivit\u00e4t zu steigern und Klienten zu begeistern. <\/p>\n<h2>Kontakte mit Ihrem <strong>3CX<\/strong> Telefonbuch synchronisieren<\/h2>\n<ol>\n<li>Applikation-\u00fcbergreifende Verwaltung s\u00e4mtlicher Kontakte in Microsoft 365<\/li>\n<li>Automatische Synchronisation Ihrer privaten Kontakte<\/li>\n<li>Aktualisierung gemeinsamer Mailbox-Kontakte mit dem <strong>3CX<\/strong>-Telefonbuch<\/li>\n<\/ol>\n<h2>MS Teams Telefonie-Zusammenf\u00fchrung<\/h2>\n<ol>\n<li>Selektion eines speziellen perfekten SIP-Providers Ihrer Region<\/li>\n<\/li>\n<li>Eliminieren Microsoft\u00b4s teurer Inlands-\/internationaler Tarife<\/li>\n<\/li>\n<li>Realisierung externer Telefonate mittels <strong>3CX<\/strong> SIP-Trunks<\/li>\n<\/li>\n<\/ol>\n<h3>Unsere Mitarbeiter informieren, beschaffen Hardware wie auch Softwarel\u00f6sungen, richten ein, konfigurieren, nehmen in Betrieb und Supporten Ihre brandneue <strong>3CX<\/strong> <strong>Telefonanlage<\/strong>. Sie haben Fragen, oder wollen die derzeitige Liste der Preise anfordern? Sie erreichen uns unter Telefon 07164 909700 und per Mail unter support@kaelberer-online.de<\/h3>\n<h2>Haben wir Sie neugierig gemacht?<\/h2>\n<p>Unz\u00e4hlige zus\u00e4tzliche tolle Features warten auf Sie.<\/p>\n<ul>\n<li>Identifikation von Anrufern dank CRM-Zusammenf\u00fchrung<\/li>\n<li>Freih\u00e4ndiges Sprechen dank Siri sowie Bluetooth-Integration<\/li>\n<li>Unbegrenzte Menge von Usern geb\u00fchrenfrei in <strong>3CX<\/strong> enthalten<\/li>\n<li>Eigenst\u00e4ndig Hosten via Google, Amazon, Microsoft &#038; mehr<\/li>\n<li>Ver\u00e4ndern des pers\u00f6nlichen Status wie auch Ansicht der Verf\u00fcgbarkeit des Projektteams<\/li>\n<li>Zufriedene Klienten und weniger Aufwand f\u00fcr Ihre Arbeitnehmer<\/li>\n<li>Keine Lizenzierung je Nebenstelle, grenzenlos viele Nebenstellen<\/li>\n<li>Bereitstellung per Google Marketplace, Amazon oder Azure<\/li>\n<li>Automatisierte Anrufaufzeichnung bereinigt manuelle Eintr\u00e4ge<\/li>\n<li>Zuordnung der Anrufer-ID zu einem Datensatz in Ihrem CRM<\/li>\n<li>Wechsel zwischen Sprach- wie auch Videoanrufen mit einem Fingertipp<\/li>\n<li>Gesch\u00fctzte Verbindungen gew\u00e4hrleisten Privatsph\u00e4re sowie Schutz<\/li>\n<li>M\u00fcheloses Implementieren und Verwalten ohne Schulungsbedarf<\/li>\n<li>Schnellkonfiguration mit IP-Telefonen, Gateways &#038; SIP-Trunks<\/li>\n<li>Benutzerdefinierte Call Flows automatisieren Anfragen &#038; Abl\u00e4ufe<\/li>\n<li>Lockdown-f\u00e4hig mit der kostenlosen App f\u00fcr Web, iOS &#038; Android<\/li>\n<li>Abfrage von Kunden- sowie Fallnummern, um Agenten Zeit zu sparen<\/li>\n<li>Laden Sie die Anwendung aus dem Google Play oder App Store runter<\/li>\n<li>Bequemes Weiterreichen von Kunden an die richtige Abteilung<\/li>\n<li>Bereitstellung Ihrer Instanz bei einem Top-Cloud-Provider<\/li>\n<li>Anrufweiterleitung basierend auf Kundennummer sowie Anfrage<\/li>\n<li>Verzahnung von Onlinepr\u00e4senz-Livechat, Facebook-Messaging und SMS<\/li>\n<li>Virtualisieren mit VMware, Hyper-V oder KVM<\/li>\n<li>Tageszeit-basierte Anrufweiterleitung und Telefonumfragen<\/li>\n<li>In Augenblicken User updaten\/hinzuf\u00fcgen sowie Mailboxen realisieren<\/li>\n<\/ul>\n<h3>Fordern Sie zus\u00e4tzliche Unterlagen und ein Produktangebot bei unserer Firma an. Gerne stellen wir Ihnen auch eine komplette Leistungs\u00fcbersicht zur Verf\u00fcgung.<\/h3>\n<p>[contact-form-7 id=&#8220;5&#8243; title=&#8220;Contact form 1&#8243;]<\/p>\n","protected":false},"excerpt":{"rendered":"<p>Wissen Sie die Anforderungen an Ihre neue 3CX TK-Anlage schon? Eine moderne 3CX TK-Anlage simplifiziert Ihre Firmenprozesse. Optimieren Sie Ihr Unternehmen mit der aktuellen und flexiblen 3CX Telefonanlage. Die 3CX Telefonanlage die individuell auf Ihre Anspr\u00fcche zugeschnitten ist und mit Ihrem Unternehmen wachsen kann. Eine neue Arbeitswelt die mobil unterwegs ist. Telefonieren Sie mit dem &hellip; <a href=\"https:\/\/www.kaelberer-online.de\/services\/telefonanlagen\/3cx-preise\/\" class=\"more-link\">Continue reading<span class=\"screen-reader-text\"> &#8222;PREISE 3CX Service Telefon 07164 90 97 00&#8220;<\/span><\/a><\/p>\n","protected":false},"author":2,"featured_media":78,"parent":26,"menu_order":0,"comment_status":"closed","ping_status":"closed","template":"","meta":{"footnotes":""},"class_list":["post-77","page","type-page","status-publish","has-post-thumbnail","hentry"],"_links":{"self":[{"href":"https:\/\/www.kaelberer-online.de\/services\/wp-json\/wp\/v2\/pages\/77","targetHints":{"allow":["GET"]}}],"collection":[{"href":"https:\/\/www.kaelberer-online.de\/services\/wp-json\/wp\/v2\/pages"}],"about":[{"href":"https:\/\/www.kaelberer-online.de\/services\/wp-json\/wp\/v2\/types\/page"}],"author":[{"embeddable":true,"href":"https:\/\/www.kaelberer-online.de\/services\/wp-json\/wp\/v2\/users\/2"}],"replies":[{"embeddable":true,"href":"https:\/\/www.kaelberer-online.de\/services\/wp-json\/wp\/v2\/comments?post=77"}],"version-history":[{"count":0,"href":"https:\/\/www.kaelberer-online.de\/services\/wp-json\/wp\/v2\/pages\/77\/revisions"}],"up":[{"embeddable":true,"href":"https:\/\/www.kaelberer-online.de\/services\/wp-json\/wp\/v2\/pages\/26"}],"wp:featuredmedia":[{"embeddable":true,"href":"https:\/\/www.kaelberer-online.de\/services\/wp-json\/wp\/v2\/media\/78"}],"wp:attachment":[{"href":"https:\/\/www.kaelberer-online.de\/services\/wp-json\/wp\/v2\/media?parent=77"}],"curies":[{"name":"wp","href":"https:\/\/api.w.org\/{rel}","templated":true}]}}