{"id":762,"date":"2021-12-16T11:51:06","date_gmt":"2021-12-16T11:51:06","guid":{"rendered":"https:\/\/kaelberer-online.de\/services\/?page_id=762"},"modified":"2021-12-16T11:51:06","modified_gmt":"2021-12-16T11:51:06","slug":"telefonanlage-aerzte-hattenhofen","status":"publish","type":"page","link":"https:\/\/www.kaelberer-online.de\/services\/telefonanlagen\/telefonanlage-aerzte-hattenhofen\/","title":{"rendered":"Telefonanlage f\u00fcr \u00c4rzte in Hattenhofen &#8211; Beratung: Telefon 07164 909700"},"content":{"rendered":"<h2>Zeitgem\u00e4\u00dfe Telefonanlagen f\u00fcr Arztpraxen: Individuell und leistungsf\u00e4hig. Wir sind nur 1.2 km von Ihnen entfernt, f\u00fcr den Fall, dass Sie vor Ort Hilfe oder Support w\u00fcnschen.<\/h2>\n<p>In den meisten Praxen klingelt das Telefon de ganzen Tag hei\u00df. Besorgte Patientinnen und Patienten rufen an da sie bereits schon vor dem eigentlichen Termin viele Informationen w\u00fcnschen, die sie vorneweg beantwortet haben wollen. Neben den Fragen nach Termin sowie Gesch\u00e4ftszeiten der Arztpraxis, ruft eine Vielzahl Patienten an, die sich bereits in einer Behandlung befinden, um ein Rezept verordnet zu bekommen. Da dieser Wunsch nur w\u00e4hrend eines bestimmten Zeitfensters ge\u00e4u\u00dfert werden kann, kann es so f\u00fcr manchen Patienten ein \u00c4rgernis sein, keinen zu erreichen.<\/p>\n<h2>IP-Telefonanlagen \u2013 zukunftsweisend und praktisch f\u00fcr die Praxis<\/h2>\n<p>Der enge Austausch mit Patientinnen und Patienten kann nur mit einer voll funktionsf\u00e4higen TK-Anlage aufrechterhalten werden. Bisher stand einer Praxis zu diesem Zweck an Stelle der analogen L\u00f6sung, die ISDN Technik zur Verf\u00fcgung. Individuell installierte Telefonanlagen erschienen den meisten Praxisinhabern zu hochpreisig.<\/p>\n<h2>Zeitgem\u00e4\u00dfe IP-Technik macht\u00b4s realisierbar \u2013 individuelle Anrufsteuerung zum angemessenen Preis.<\/h2>\n<p>Dabei st\u00fctzen Sie spezielle Anruf-Beantworter mit Ansagetexten, welche der gew\u00fcnschten Sachlage angepasst werden k\u00f6nnen. Dadurch wird der Anrufer unverz\u00fcglich davon in Kenntnis gesetzt, zu welchem Zeitpunkt die Arztpraxis wieder besetzt ist und wann die grunds\u00e4tzlichen Sprechzeiten sind.<\/p>\n<h2>Kommunikation mit wenig Aufwand \u2013 leistungsf\u00e4hige IP-Telefon-Anlage f\u00fcr Arztpraxen<\/h2>\n<p>Zus\u00e4tzlich zu den passenden Ansagetexten kann zum Beispiel auch das Smartphone in die Telefonanlage eingebunden werden. Auf diese Weise k\u00f6nnen Sie jederzeit erreichbar sein, wann Sie es f\u00fcr vonn\u00f6ten halten.<\/p>\n<p>Sofern Sie einen Rechner mit Windows ben\u00fctzen, dann steht Ihnen zum W\u00e4hlen per Klick die so genannte TAPI Schnittstelle zur Verf\u00fcgung. Und die TAPI-Schnittstelle erkennt eingehende Nummern und zeigt Ihnen optional den Anrufer zum Beispiel in Ihrer Patientenverwaltung gleich an.<\/p>\n<p>Unz\u00e4hlige Arztpraxen sind nach wie vor auf eine Telefax-Funktion angewiesen, da manches Mal Laborwerte gleich ben\u00f6tigt werden. Die softwaregesteuerte IP-TK-Anlage macht es m\u00f6glich, die Faxnachricht via E-Mail weiterzuleiten. So wird kein zus\u00e4tzliches Papier gebraucht und die Laborwerte sind danach prompt im Rechner abrufbar. Dar\u00fcber hinaus k\u00f6nnen wichtige Laborwerte dadurch in jedem Behandlungsraum betrachtet und wenn gew\u00fcnscht mit einem Patienten besprochen werden. Mittels der TK-Anlage k\u00f6nnen Sie selbstverst\u00e4ndlich auch selber Telefaxe verschicken.<\/p>\n<p><strong><\/p>\n<p>Eine IP-TK-Anlage hilft Ihnen dabei, Zeit einzusparen, die Ihren Patienten zugutekommen kann. IP-TK-Anlagen  optimieren den Kommunikationsaustausch und maximieren die Zufriedenheit.<\/p>\n<p><\/strong><\/p>\n<p>Sofern Sie sich eine individuell angepasste IP-TK-Anlage f\u00fcr Ihre Praxis, die keineswegs die Welt kosten w\u00fcrde, w\u00fcnschen, dann nehmen Sie gerne mit unserem Team Kontakt auf! Dank unserer langj\u00e4hrigen Kenntnisse in diesem Gebiet k\u00f6nnen wir Sie detailliert beraten und \u00fcber den neusten Stand der IP-Telefonanlagen-Technologie informieren.<\/p>\n<p><span style=\"color: #4F81BD;\"><\/p>\n<h2>Fachberatung Telefonanlagen f\u00fcr Praxen<\/h2>\n<p><\/span><\/p>\n<p><strong>Telefon: 07164909700<\/strong> &#8211; <strong>E-Mail: support@kaelberer-online.de<\/strong> oder \u00fcber das folgende Kontaktformular, wir freuen uns \u00fcber Ihre Kontaktaufnahme &#8211; <strong>Unsere Firma ist ganz in Ihrer N\u00e4he!<\/strong><\/p>\n<p>[contact-form-7 id=&#8220;482&#8243; title=&#8220;Kontakt Telefonanlagen f\u00fcr Aerzte&#8220;]<\/p>\n","protected":false},"excerpt":{"rendered":"<p>Zeitgem\u00e4\u00dfe Telefonanlagen f\u00fcr Arztpraxen: Individuell und leistungsf\u00e4hig. Wir sind nur 1.2 km von Ihnen entfernt, f\u00fcr den Fall, dass Sie vor Ort Hilfe oder Support w\u00fcnschen. In den meisten Praxen klingelt das Telefon de ganzen Tag hei\u00df. Besorgte Patientinnen und Patienten rufen an da sie bereits schon vor dem eigentlichen Termin viele Informationen w\u00fcnschen, die &hellip; <a href=\"https:\/\/www.kaelberer-online.de\/services\/telefonanlagen\/telefonanlage-aerzte-hattenhofen\/\" class=\"more-link\">Continue reading<span class=\"screen-reader-text\"> &#8222;Telefonanlage f\u00fcr \u00c4rzte in Hattenhofen &#8211; Beratung: Telefon 07164 909700&#8220;<\/span><\/a><\/p>\n","protected":false},"author":2,"featured_media":763,"parent":26,"menu_order":0,"comment_status":"closed","ping_status":"open","template":"","meta":{"footnotes":""},"class_list":["post-762","page","type-page","status-publish","has-post-thumbnail","hentry"],"_links":{"self":[{"href":"https:\/\/www.kaelberer-online.de\/services\/wp-json\/wp\/v2\/pages\/762","targetHints":{"allow":["GET"]}}],"collection":[{"href":"https:\/\/www.kaelberer-online.de\/services\/wp-json\/wp\/v2\/pages"}],"about":[{"href":"https:\/\/www.kaelberer-online.de\/services\/wp-json\/wp\/v2\/types\/page"}],"author":[{"embeddable":true,"href":"https:\/\/www.kaelberer-online.de\/services\/wp-json\/wp\/v2\/users\/2"}],"replies":[{"embeddable":true,"href":"https:\/\/www.kaelberer-online.de\/services\/wp-json\/wp\/v2\/comments?post=762"}],"version-history":[{"count":0,"href":"https:\/\/www.kaelberer-online.de\/services\/wp-json\/wp\/v2\/pages\/762\/revisions"}],"up":[{"embeddable":true,"href":"https:\/\/www.kaelberer-online.de\/services\/wp-json\/wp\/v2\/pages\/26"}],"wp:featuredmedia":[{"embeddable":true,"href":"https:\/\/www.kaelberer-online.de\/services\/wp-json\/wp\/v2\/media\/763"}],"wp:attachment":[{"href":"https:\/\/www.kaelberer-online.de\/services\/wp-json\/wp\/v2\/media?parent=762"}],"curies":[{"name":"wp","href":"https:\/\/api.w.org\/{rel}","templated":true}]}}