{"id":760,"date":"2022-01-13T05:39:04","date_gmt":"2022-01-13T05:39:04","guid":{"rendered":"https:\/\/kaelberer-online.de\/services\/?page_id=760"},"modified":"2022-01-13T05:39:04","modified_gmt":"2022-01-13T05:39:04","slug":"telefonanlage-aerzte-gruibingen","status":"publish","type":"page","link":"https:\/\/www.kaelberer-online.de\/services\/telefonanlagen\/telefonanlage-aerzte-gruibingen\/","title":{"rendered":"Telefonanlage f\u00fcr \u00c4rzte in Gruibingen &#8211; Beratung: Telefon 07164 909700"},"content":{"rendered":"<h2>Tolle Telefonanlagen f\u00fcr \u00c4rzte: Ma\u00dfgeschneidert und leistungsf\u00e4hig. Unsere Firma ist nur 3.3 km von Ihnen entfernt, wenn Sie vor Ort Unterst\u00fctzung oder Support w\u00fcnschen.<\/h2>\n<p>In den allermeisten Praxen klingelt das Telefon de ganzen Tag hei\u00df. Besorgte Patienten rufen an weil sie bereits vor dem Termin unz\u00e4hlige Informationen ben\u00f6tigen, die sie vorweg beantwortet haben m\u00f6chten. Nebst den organisatorischen Fragen nach Termin und \u00d6ffnungszeiten der Praxis, ruft eine Vielzahl Patientinnen und Patienten an, die sich in Behandlung befinden, um ein Rezept verschrieben zu bekommen. Da dieser Wunsch nur w\u00e4hrend eines bestimmten Zeitfensters ge\u00e4u\u00dfert werden kann, kann es f\u00fcr den einen oder anderen Patienten ein \u00c4rgernis sein, niemand zu erreichen.<\/p>\n<h2>Voice Over IP Telefonanlagen \u2013 modern und komfortabel f\u00fcr Ihre Arztpraxis<\/h2>\n<p>Der enge Kontakt mit Patienten kann nur mit einer voll funktionst\u00fcchtigen TK-Anlage erhalten werden. Bislang stand einer Praxis f\u00fcr diesen Zweck anstatt einer analogen L\u00f6sung, die ISDN Technologie zur Verf\u00fcgung. Angepasst installierte Telefonanlagen erschienen den meisten Praxisinhabern zu kostspielig.<\/p>\n<h2>Tolle IP-Technik macht es m\u00f6glich \u2013 ma\u00dfgeschneiderte Anrufsteuerung zum vern\u00fcnftigen Kaufpreis.<\/h2>\n<p>Dabei st\u00fctzen Sie besondere Anruf-Beantworter mit Ansage-Texten, welche der individuellen Situation angepasst werden k\u00f6nnen. Dadurch wird der Anrufer augenblicklich dar\u00fcber in Kenntnis gesetzt, ab wann die Arztpraxis wieder besetzt ist sowie zu welcher Zeit die generellen Sprechzeiten sind.<\/p>\n<h2>Informationsaustausch ohne viel Aufwand \u2013 professionelle IP-Telefon-Anlage f\u00fcr Arztpraxen<\/h2>\n<p>Nebst den passenden Ansage-Texten kann etwa auch das Smartphone in die TK-Anlage einbezogen werden. So k\u00f6nnen Sie jederzeit erreichbar sein, wann immer Sie es f\u00fcr vonn\u00f6ten halten.<\/p>\n<p>Sollten Sie einen Notebook mit dem Betriebssystem Windows verwenden, dann steht Ihnen zum W\u00e4hlen per Mausklick die so genannte TAPI Funktionalit\u00e4t zur Verf\u00fcgung. Und TAPI erkennt eingehende Nummern und zeigt Ihnen optional den Anrufer Beispielsweise in Ihrer Patientenverwaltung auf Anhieb an.<\/p>\n<p>Eine Vielzahl \u00c4rzte sind nach wie vor auf die Telefax-Funktion angewiesen, da \u00f6fters Werte aus einem Labor gleich gebraucht werden. Die softwaregesteuerte IP-Telefonanlage ist in der Lage, die Faxnachricht via E-Mail-Nachricht weiterzuleiten. So wird kein zus\u00e4tzliches Papier gebraucht und die Werte sind im Anschluss unmittelbar im PC einsehbar. Au\u00dferdem k\u00f6nnen entscheidende Laborwerte so in jedem Raum eingesehen und wenn gew\u00fcnscht mit einem Patienten diskutiert werden. Mittels der TK-Anlage k\u00f6nnen Sie nat\u00fcrlich auch selbst Faxe senden.<\/p>\n<p><strong><\/p>\n<p>Eine IP-TK-Anlage hilft Ihnen dabei, Zeit zu sparen, die Ihren Patienten zugutekommt. IP-Telefonanlagen optimieren den Kommunikationsaustausch und maximieren die Zufriedenheit.<\/p>\n<p><\/strong><\/p>\n<p>Wenn Sie sich eine individuell angepasste IP-Telefonanlage f\u00fcr Ihre Praxis, die absolut nicht die Welt kosten w\u00fcrde, w\u00fcnschen, dann rufen Sie uns einfach bei uns an! Dank der langj\u00e4hrigen Kenntnisse auf diesem Gebiet k\u00f6nnen wir Sie umf\u00e4nglich beraten und \u00fcber den neuesten Stand der IP-Telefonanlagen-Technik informieren.<\/p>\n<p><span style=\"color: #4F81BD;\"><\/p>\n<h2>Fachberatung Telefonanlagen f\u00fcr \u00c4rzte<\/h2>\n<p><\/span><\/p>\n<p><strong>Telefon: 07164909700<\/strong> &#8211; <strong>E-Mail: support@kaelberer-online.de<\/strong> oder \u00fcber das anschlie\u00dfende Formular, wir freuen uns auf Ihre Nachricht &#8211; <strong>Wir sind in Ihrer N\u00e4he!<\/strong><\/p>\n<p>[contact-form-7 id=&#8220;482&#8243; title=&#8220;Kontakt Telefonanlagen f\u00fcr Aerzte&#8220;]<\/p>\n","protected":false},"excerpt":{"rendered":"<p>Tolle Telefonanlagen f\u00fcr \u00c4rzte: Ma\u00dfgeschneidert und leistungsf\u00e4hig. Unsere Firma ist nur 3.3 km von Ihnen entfernt, wenn Sie vor Ort Unterst\u00fctzung oder Support w\u00fcnschen. In den allermeisten Praxen klingelt das Telefon de ganzen Tag hei\u00df. Besorgte Patienten rufen an weil sie bereits vor dem Termin unz\u00e4hlige Informationen ben\u00f6tigen, die sie vorweg beantwortet haben m\u00f6chten. Nebst &hellip; <a href=\"https:\/\/www.kaelberer-online.de\/services\/telefonanlagen\/telefonanlage-aerzte-gruibingen\/\" class=\"more-link\">Continue reading<span class=\"screen-reader-text\"> &#8222;Telefonanlage f\u00fcr \u00c4rzte in Gruibingen &#8211; Beratung: Telefon 07164 909700&#8220;<\/span><\/a><\/p>\n","protected":false},"author":2,"featured_media":761,"parent":26,"menu_order":0,"comment_status":"closed","ping_status":"open","template":"","meta":{"footnotes":""},"class_list":["post-760","page","type-page","status-publish","has-post-thumbnail","hentry"],"_links":{"self":[{"href":"https:\/\/www.kaelberer-online.de\/services\/wp-json\/wp\/v2\/pages\/760","targetHints":{"allow":["GET"]}}],"collection":[{"href":"https:\/\/www.kaelberer-online.de\/services\/wp-json\/wp\/v2\/pages"}],"about":[{"href":"https:\/\/www.kaelberer-online.de\/services\/wp-json\/wp\/v2\/types\/page"}],"author":[{"embeddable":true,"href":"https:\/\/www.kaelberer-online.de\/services\/wp-json\/wp\/v2\/users\/2"}],"replies":[{"embeddable":true,"href":"https:\/\/www.kaelberer-online.de\/services\/wp-json\/wp\/v2\/comments?post=760"}],"version-history":[{"count":0,"href":"https:\/\/www.kaelberer-online.de\/services\/wp-json\/wp\/v2\/pages\/760\/revisions"}],"up":[{"embeddable":true,"href":"https:\/\/www.kaelberer-online.de\/services\/wp-json\/wp\/v2\/pages\/26"}],"wp:featuredmedia":[{"embeddable":true,"href":"https:\/\/www.kaelberer-online.de\/services\/wp-json\/wp\/v2\/media\/761"}],"wp:attachment":[{"href":"https:\/\/www.kaelberer-online.de\/services\/wp-json\/wp\/v2\/media?parent=760"}],"curies":[{"name":"wp","href":"https:\/\/api.w.org\/{rel}","templated":true}]}}