{"id":756,"date":"2021-11-17T05:04:55","date_gmt":"2021-11-17T05:04:55","guid":{"rendered":"https:\/\/kaelberer-online.de\/services\/telefonanlagen\/telefonanlage-aerzte-gammelshausen\/"},"modified":"2021-11-17T05:04:55","modified_gmt":"2021-11-17T05:04:55","slug":"telefonanlage-aerzte-gammelshausen","status":"publish","type":"page","link":"https:\/\/www.kaelberer-online.de\/services\/telefonanlagen\/telefonanlage-aerzte-gammelshausen\/","title":{"rendered":"Telefonanlagen f\u00fcr \u00c4rzte in Gammelshausen &#8211; Beratung: Telefon 07164 909700"},"content":{"rendered":"<h2>Zeitgem\u00e4\u00dfe Telefonanlagen f\u00fcr \u00c4rzte: Ma\u00dfgeschneidert und effektiv. Wir sind nur 5.3 km von Ihnen entfernt, wenn Sie vor Ort Hilfe oder Support w\u00fcnschen.<\/h2>\n<p>In den meisten Praxen steht das Telefon niemals still. Besorgte Patientinnen und Patienten rufen an da sie bereits schon vor dem eigentlichen Termin unz\u00e4hlige Informationen w\u00fcnschen, die sie vorab besprochen haben wollen. Neben den organisatorischen Fragen nach Termin wie auch \u00d6ffnungszeiten der Praxis, ruft eine Reihe Patienten an, die sich in einer Behandlung befinden, um ein Folgerezept verschrieben zu bekommen. Da dieser Wunsch nur w\u00e4hrend eines bestimmten Zeitfensters ge\u00e4u\u00dfert werden kann, kann es so f\u00fcr manchen Patienten ein Problem sein, niemand zu erreichen.<\/p>\n<h2>Voice Over IP Telefonanlagen \u2013 fortschrittlich und komfortabel f\u00fcr Ihre Praxis<\/h2>\n<p>Der enge Kontakt mit Patienten kann nur mit einer voll funktionsf\u00e4higen Telefonanlage aufrechterhalten werden. Bislang stand einer Arztpraxis f\u00fcr diesen Zweck statt einer analogen L\u00f6sung, die ISDN Technologie zur Verf\u00fcgung. Individuell installierte Telefonanlagen erschienen den meisten Praxisinhabern zu hochpreisig.<\/p>\n<h2>Modernste IP-Technologie macht\u00b4s m\u00f6glich \u2013 angepasste Anrufsteuerung zum g\u00fcnstigen Preis.<\/h2>\n<p>Dabei st\u00fctzen Sie spezifische Anruf-Beantworter mit Ansage-Texten, die der momentanen Situation angepasst werden k\u00f6nnen. Dadurch wird der Anrufer sofort dar\u00fcber in Kenntnis gesetzt, zu welcher Zeit die Arztpraxis wieder besetzt ist und zu welcher Zeit die generellen Sprechzeiten sind.<\/p>\n<h2>Mediale Kommunikation ohne viel Arbeitsaufwand \u2013 moderne IP-Telefonanlagen f\u00fcr Praxen<\/h2>\n<p>Zus\u00e4tzlich zu den optimalen Ansagetexten kann beispielsweise auch das Mobiltelefon in die Telefonanlage eingebunden werden. Auf diese Weise k\u00f6nnen Sie jederzeit erreichbar sein, wann immer Sie m\u00f6chten.<\/p>\n<p>Sofern Sie einen Laptop mit dem Betriebssystem Windows nutzen, dann steht Ihnen zum W\u00e4hlen per Klick die so genannte TAPI Schnittstelle zur Verf\u00fcgung. Und die TAPI-Schnittstelle erkennt eingehende Nummern und zeigt Ihnen nach Wunsch den Anrufer zum Beispiel in Ihrer Patientenverwaltung auf Anhieb an.<\/p>\n<p>Viele Praxen sind noch immer auf die Telefax-Funktion angewiesen, da \u00f6fters Laborwerte direkt gebraucht werden. Die computergesteuerte IP-Telefonanlage ist in der Lage, die Faxnachricht via E-Mail weiterzuleiten. Auf diese Art und Weise wird keinerlei extra Papier ben\u00f6tigt und die Werte sind im Anschluss sofort im PC einsehbar. Dar\u00fcber hinaus k\u00f6nnen wesentliche Laborwerte so in jedem Raum eingesehen und bei Bedarf mit einem Patienten diskutiert werden. Mithilfe der Telefonanlage k\u00f6nnen Sie selbstverst\u00e4ndlich auch selbst Faxe senden.<\/p>\n<p><strong><\/p>\n<p>Eine IP-TK-Anlage hilft Ihnen, Zeit einzusparen, die Ihren Patienten zugutekommt. IP-TK-Anlagen  optimieren den Kommunikationsaustausch und verbessern die Zufriedenheit.<\/p>\n<p><\/strong><\/p>\n<p>Sofern Sie sich eine ma\u00dfgeschneidert angepasste IP-Telefonanlage f\u00fcr Ihre Arztpraxis, die absolut nicht die Welt kostet, w\u00fcnschen, dann rufen Sie uns direkt bei uns an! Dank unserer langj\u00e4hrigen Erfahrung auf diesem Gebiet k\u00f6nnen wir Sie umf\u00e4nglich informieren und \u00fcber den neuesten Stand der IP-Telefonanlagen-Technik informieren.<\/p>\n<p><span style=\"color: #4F81BD;\"><\/p>\n<h2>Kundenberatung Telefonanlagen f\u00fcr Arztpraxen<\/h2>\n<p><\/span><\/p>\n<p><strong>Telefon: 07164909700<\/strong> &#8211; <strong>E-Mail: support@kaelberer-online.de<\/strong> oder \u00fcber das nachstehende Kontaktformular, wir freuen uns auf Ihre Nachricht &#8211; <strong>Unsere Firma ist ganz in Ihrer N\u00e4he!<\/strong><\/p>\n<p>[contact-form-7 id=&#8220;482&#8243; title=&#8220;Kontakt Telefonanlagen f\u00fcr Aerzte&#8220;]<\/p>\n","protected":false},"excerpt":{"rendered":"<p>Zeitgem\u00e4\u00dfe Telefonanlagen f\u00fcr \u00c4rzte: Ma\u00dfgeschneidert und effektiv. Wir sind nur 5.3 km von Ihnen entfernt, wenn Sie vor Ort Hilfe oder Support w\u00fcnschen. In den meisten Praxen steht das Telefon niemals still. Besorgte Patientinnen und Patienten rufen an da sie bereits schon vor dem eigentlichen Termin unz\u00e4hlige Informationen w\u00fcnschen, die sie vorab besprochen haben wollen. &hellip; <a href=\"https:\/\/www.kaelberer-online.de\/services\/telefonanlagen\/telefonanlage-aerzte-gammelshausen\/\" class=\"more-link\">Continue reading<span class=\"screen-reader-text\"> &#8222;Telefonanlagen f\u00fcr \u00c4rzte in Gammelshausen &#8211; Beratung: Telefon 07164 909700&#8220;<\/span><\/a><\/p>\n","protected":false},"author":2,"featured_media":757,"parent":26,"menu_order":0,"comment_status":"closed","ping_status":"open","template":"","meta":{"footnotes":""},"class_list":["post-756","page","type-page","status-publish","has-post-thumbnail","hentry"],"_links":{"self":[{"href":"https:\/\/www.kaelberer-online.de\/services\/wp-json\/wp\/v2\/pages\/756","targetHints":{"allow":["GET"]}}],"collection":[{"href":"https:\/\/www.kaelberer-online.de\/services\/wp-json\/wp\/v2\/pages"}],"about":[{"href":"https:\/\/www.kaelberer-online.de\/services\/wp-json\/wp\/v2\/types\/page"}],"author":[{"embeddable":true,"href":"https:\/\/www.kaelberer-online.de\/services\/wp-json\/wp\/v2\/users\/2"}],"replies":[{"embeddable":true,"href":"https:\/\/www.kaelberer-online.de\/services\/wp-json\/wp\/v2\/comments?post=756"}],"version-history":[{"count":0,"href":"https:\/\/www.kaelberer-online.de\/services\/wp-json\/wp\/v2\/pages\/756\/revisions"}],"up":[{"embeddable":true,"href":"https:\/\/www.kaelberer-online.de\/services\/wp-json\/wp\/v2\/pages\/26"}],"wp:featuredmedia":[{"embeddable":true,"href":"https:\/\/www.kaelberer-online.de\/services\/wp-json\/wp\/v2\/media\/757"}],"wp:attachment":[{"href":"https:\/\/www.kaelberer-online.de\/services\/wp-json\/wp\/v2\/media?parent=756"}],"curies":[{"name":"wp","href":"https:\/\/api.w.org\/{rel}","templated":true}]}}