{"id":752,"date":"2022-01-06T00:05:49","date_gmt":"2022-01-06T00:05:49","guid":{"rendered":"https:\/\/kaelberer-online.de\/services\/?page_id=752"},"modified":"2022-01-06T00:05:49","modified_gmt":"2022-01-06T00:05:49","slug":"telefonanlage-aerzte-eislingen-fils","status":"publish","type":"page","link":"https:\/\/www.kaelberer-online.de\/services\/telefonanlagen\/telefonanlage-aerzte-eislingen-fils\/","title":{"rendered":"Telefonanlagen f\u00fcr \u00c4rzte in Eislingen-Fils &#8211; Beratung: Telefon 07164 909700"},"content":{"rendered":"<h2>Modernste Telefonanlagen f\u00fcr \u00c4rzte: Individuell und leistungsf\u00e4hig. Unsere Firma ist nur 9.8 km von Ihnen weg, falls Sie vor Ort Unterst\u00fctzung oder Support w\u00fcnschen.<\/h2>\n<p>In den allermeisten Arztpraxen steht das Telefon niemals still. Besorgte Patientinnen und Patienten rufen an da sie bereits vor dem Termin viele Informationen ben\u00f6tigen, die sie vorher gekl\u00e4rt haben m\u00f6chten. Neben den organisatorischen Fragen nach Termin sowie Gesch\u00e4ftszeiten der Arztpraxis, ruft eine Vielzahl Patienten an, die sich in einer Behandlung befinden, um ein Rezept verschrieben zu bekommen. Da dieser Wunsch nur w\u00e4hrend eines bestimmten Zeitfensters ge\u00e4u\u00dfert werden kann, kann es so f\u00fcr den einen oder anderen Patienten ein Problem sein, keinen zu erreichen.<\/p>\n<h2>IP-Telefonanlagen \u2013 fortschrittlich und komfortabel f\u00fcr Ihre Arztpraxis<\/h2>\n<p>Der enge Austausch mit Patientinnen und Patienten kann nur mit einer voll funktionsf\u00e4higen TK-Anlage erhalten werden. Bisher stand einer Praxis f\u00fcr diesen Zweck an Stelle der analogen L\u00f6sung, die ISDN Technik zur Verf\u00fcgung. Individuell installierte Telefonanlagen erschienen den meisten Praxisinhabern zu teuer.<\/p>\n<h2>Zeitgem\u00e4\u00dfe IP-Technologie macht\u00b4s m\u00f6glich \u2013 zugeschnittene Anrufsteuerung zum vern\u00fcnftigen Preis.<\/h2>\n<p>Hierbei st\u00fctzen Sie besondere Anrufbeantworter mit Ansage-Texten, welche der individuellen Sachlage angepasst werden k\u00f6nnen. Auf diese Weise wird der Anrufer augenblicklich davon in Kenntnis gesetzt, wann die Arztpraxis wieder besetzt ist und zu welchem Zeitpunkt die grunds\u00e4tzlichen Sprechzeiten sind.<\/p>\n<h2>Mediale Kommunikation ohne viel Arbeitsaufwand \u2013 professionelle IP-Telefonanlagen f\u00fcr Arztpraxen<\/h2>\n<p>Neben den geeigneten Ansage-Texten kann bspw. auch das Handy in die TK-Anlage eingef\u00fcgt werden. So k\u00f6nnen Sie zu jeder Zeit erreichbar sein, wann immer Sie w\u00fcnschen.<\/p>\n<p>Wenn Sie einen Rechner mit Windows benutzen, dann steht Ihnen zum W\u00e4hlen per Mausklick die gern genutzte TAPI Funktionalit\u00e4t zur Verf\u00fcgung. Und TAPI erkennt eingehende Rufnummern und zeigt Ihnen optional den Anrufer Beispielsweise in Ihrer Patientenverwaltung gleich an.<\/p>\n<p>Unz\u00e4hlige \u00c4rzte sind nach wie vor auf die Telefax-Funktion angewiesen, da manches Mal Laborwerte direkt gebraucht werden. Die softwaregesteuerte IP-TK-Anlage ist in der Lage, die Faxnachricht via Mail weiterzuleiten. So wird kein extra Papier ben\u00f6tigt und die Werte sind danach augenblicklich im PC abrufbar. Dar\u00fcber hinaus k\u00f6nnen wesentliche Laborwerte dadurch in jedem Behandlungsraum betrachtet und wenn gew\u00fcnscht mit dem Patienten besprochen werden. Mithilfe der TK-Anlage k\u00f6nnen Sie nat\u00fcrlich auch selbst Faxe verschicken.<\/p>\n<p><strong><\/p>\n<p>Eine IP-Telefonanlage hilft Ihnen, Zeit zu sparen, die Ihren Patienten zugutekommt. IP-TK-Anlagen  verbessern den Kommunikationsaustausch und erh\u00f6hen die Zufriedenheit.<\/p>\n<p><\/strong><\/p>\n<p>Sofern Sie sich eine ma\u00dfgeschneidert angepasste IP-Telefonanlage f\u00fcr Ihre Arztpraxis, die nicht die Welt kostet, w\u00fcnschen, dann rufen Sie uns direkt bei uns an! Dank der langj\u00e4hrigen Erfahrung in diesem Gebiet k\u00f6nnen wir Sie umf\u00e4nglich informieren und \u00fcber den aktuellen Stand der IP-Telefonanlagen-Technik informieren.<\/p>\n<p><span style=\"color: #4F81BD;\"><\/p>\n<h2>Kundenberatung Telefonanlagen f\u00fcr Arztpraxen<\/h2>\n<p><\/span><\/p>\n<p><strong>Telefon: 07164909700<\/strong> &#8211; <strong>E-Mail: support@kaelberer-online.de<\/strong> oder \u00fcber das folgende Kontaktformular, wir freuen uns auf Ihre Nachricht &#8211; <strong>Wir sind in Ihrer N\u00e4he!<\/strong><\/p>\n<p>[contact-form-7 id=&#8220;482&#8243; title=&#8220;Kontakt Telefonanlagen f\u00fcr Aerzte&#8220;]<\/p>\n","protected":false},"excerpt":{"rendered":"<p>Modernste Telefonanlagen f\u00fcr \u00c4rzte: Individuell und leistungsf\u00e4hig. Unsere Firma ist nur 9.8 km von Ihnen weg, falls Sie vor Ort Unterst\u00fctzung oder Support w\u00fcnschen. In den allermeisten Arztpraxen steht das Telefon niemals still. Besorgte Patientinnen und Patienten rufen an da sie bereits vor dem Termin viele Informationen ben\u00f6tigen, die sie vorher gekl\u00e4rt haben m\u00f6chten. Neben &hellip; <a href=\"https:\/\/www.kaelberer-online.de\/services\/telefonanlagen\/telefonanlage-aerzte-eislingen-fils\/\" class=\"more-link\">Continue reading<span class=\"screen-reader-text\"> &#8222;Telefonanlagen f\u00fcr \u00c4rzte in Eislingen-Fils &#8211; Beratung: Telefon 07164 909700&#8220;<\/span><\/a><\/p>\n","protected":false},"author":2,"featured_media":753,"parent":26,"menu_order":0,"comment_status":"closed","ping_status":"open","template":"","meta":{"footnotes":""},"class_list":["post-752","page","type-page","status-publish","has-post-thumbnail","hentry"],"_links":{"self":[{"href":"https:\/\/www.kaelberer-online.de\/services\/wp-json\/wp\/v2\/pages\/752","targetHints":{"allow":["GET"]}}],"collection":[{"href":"https:\/\/www.kaelberer-online.de\/services\/wp-json\/wp\/v2\/pages"}],"about":[{"href":"https:\/\/www.kaelberer-online.de\/services\/wp-json\/wp\/v2\/types\/page"}],"author":[{"embeddable":true,"href":"https:\/\/www.kaelberer-online.de\/services\/wp-json\/wp\/v2\/users\/2"}],"replies":[{"embeddable":true,"href":"https:\/\/www.kaelberer-online.de\/services\/wp-json\/wp\/v2\/comments?post=752"}],"version-history":[{"count":0,"href":"https:\/\/www.kaelberer-online.de\/services\/wp-json\/wp\/v2\/pages\/752\/revisions"}],"up":[{"embeddable":true,"href":"https:\/\/www.kaelberer-online.de\/services\/wp-json\/wp\/v2\/pages\/26"}],"wp:featuredmedia":[{"embeddable":true,"href":"https:\/\/www.kaelberer-online.de\/services\/wp-json\/wp\/v2\/media\/753"}],"wp:attachment":[{"href":"https:\/\/www.kaelberer-online.de\/services\/wp-json\/wp\/v2\/media?parent=752"}],"curies":[{"name":"wp","href":"https:\/\/api.w.org\/{rel}","templated":true}]}}