{"id":750,"date":"2021-11-20T00:05:39","date_gmt":"2021-11-20T00:05:39","guid":{"rendered":"https:\/\/kaelberer-online.de\/services\/?page_id=750"},"modified":"2021-11-20T00:05:39","modified_gmt":"2021-11-20T00:05:39","slug":"telefonanlage-aerzte-ebersbach-an-der-fils","status":"publish","type":"page","link":"https:\/\/www.kaelberer-online.de\/services\/telefonanlagen\/telefonanlage-aerzte-ebersbach-an-der-fils\/","title":{"rendered":"Telefonanlagen f\u00fcr \u00c4rzte in Ebersbach an der Fils &#8211; Beratung: Telefon 07164 909700"},"content":{"rendered":"<h2>Zeitgem\u00e4\u00dfe Telefonanlagen f\u00fcr \u00c4rzte: Individuell und leistungsf\u00e4hig. Wir sind nur 5.8 km von Ihnen entfernt, falls Sie vor Ort Hilfe oder Support ben\u00f6tigen.<\/h2>\n<p>In den allermeisten Praxen klingelt das Telefon de ganzen Tag hei\u00df. Besorgte Patienten rufen an da sie bereits vor dem Termin eine Vielzahl Ausk\u00fcnfte ben\u00f6tigen, die sie vorher beantwortet haben m\u00f6chten. Nebst den Fragen nach Termin und \u00d6ffnungszeiten der Arztpraxis, ruft eine Reihe Patienten an, die sich schon in einer Behandlung befinden, um ein Rezept verschrieben zu bekommen. Da sie diesen Wunsch nur w\u00e4hrend eines bestimmten Zeitfensters \u00e4u\u00dfern k\u00f6nnen, kann es f\u00fcr manchen Patienten ein \u00c4rgernis sein, keinen zu erreichen.<\/p>\n<h2>IP-Telefonanlagen \u2013 fortschrittlich und vielf\u00e4ltig f\u00fcr Ihre Arztpraxis<\/h2>\n<p>Ein enger Kontakt mit Patienten kann nur mit einer voll funktionst\u00fcchtigen Telefonanlage erhalten werden. Bisher stand der Praxis f\u00fcr diesen Zweck anstatt der analogen L\u00f6sung, die ISDN Technik zur Verf\u00fcgung. Ma\u00dfgeschneidert installierte Telefonanlagen erschienen den meisten Praxisinhabern zu teuer.<\/p>\n<h2>Moderne IP-Technik macht es realisierbar \u2013 individuelle Anrufsteuerung zum vern\u00fcnftigen Kaufpreis.<\/h2>\n<p>Hierbei st\u00fctzen Sie spezifische Anruf-Beantworter mit Ansage-Texten, welche der jeweiligen Situation angepasst werden k\u00f6nnen. Dadurch kann der Anrufer augenblicklich davon in Kenntnis gesetzt werden, ab wann die Arztpraxis wieder besetzt ist sowie zu welcher Zeit die allgemeinen Sprechzeiten sind.<\/p>\n<h2>Mediale Kommunikation mit wenig Arbeitsaufwand \u2013 moderne IP-Telefonanlagen f\u00fcr Arztpraxen<\/h2>\n<p>Neben den geeigneten Ansage-Texten kann zum Beispiel auch das Mobiltelefon in die Telefonanlage mit einbezogen werden. Auf diese Weise k\u00f6nnen Sie stets erreichbar sein, wann Sie es f\u00fcr vonn\u00f6ten halten.<\/p>\n<p>Wenn Sie einen Rechner mit Windows n\u00fctzen, dann steht Ihnen zum W\u00e4hlen per Klick die sogenannte TAPI Funktion zur Verf\u00fcgung. Und TAPI erkennt eingehende Rufnummern und zeigt Ihnen nach Wunsch den Anrufer Beispielsweise in Ihrer Patientenverwaltung auf Anhieb an.<\/p>\n<p>Unz\u00e4hlige \u00c4rzte sind noch immer auf eine Telefax-Funktion angewiesen, da manches Mal Laborwerte kurzfristig ben\u00f6tigt werden. Eine softwaregesteuerte IP-Telefonanlage macht es m\u00f6glich, das Fax via E-Mail-Nachricht weiterzuleiten. So wird keinerlei extra Papier ben\u00f6tigt und die Laborwerte sind danach unverz\u00fcglich im Rechner einsehbar. Au\u00dferdem k\u00f6nnen sehr wichtige Laborwerte so in jedem Raum betrachtet und wenn gew\u00fcnscht mit dem Patienten diskutiert werden. Mittels der Telefonanlage k\u00f6nnen Sie nat\u00fcrlich auch selber Faxe versenden.<\/p>\n<p><strong><\/p>\n<p>Eine IP-TK-Anlage hilft Ihnen dabei, Zeit einzusparen, die Ihren Patientinnen und Patienten zugutekommen kann. IP-TK-Anlagen  optimieren die Kommunikation und erh\u00f6hen die Stimmung.<\/p>\n<p><\/strong><\/p>\n<p>Wenn Sie sich eine individuell angepasste IP-Telefonanlage f\u00fcr Ihre Arztpraxis, die keineswegs die Welt kosten w\u00fcrde, w\u00fcnschen, dann nehmen Sie gerne mit unserem Team Kontakt auf! Dank unserer langj\u00e4hrigen Erfahrung in diesem Gebiet k\u00f6nnen wir Sie umf\u00e4nglich unterst\u00fctzen und \u00fcber den neusten Stand der IP-TK-Anlagen-Technologie informieren.<\/p>\n<p><span style=\"color: #4F81BD;\"><\/p>\n<h2>Kundenberatung Telefonanlagen f\u00fcr Praxen<\/h2>\n<p><\/span><\/p>\n<p><strong>Telefon: 07164909700<\/strong> &#8211; <strong>E-Mail: support@kaelberer-online.de<\/strong> oder \u00fcber das nachstehende Kontakt-Formular, wir freuen uns auf Ihre Nachricht &#8211; <strong>Wir sind in Ihrer N\u00e4he!<\/strong><\/p>\n<p>[contact-form-7 id=&#8220;482&#8243; title=&#8220;Kontakt Telefonanlagen f\u00fcr Aerzte&#8220;]<\/p>\n","protected":false},"excerpt":{"rendered":"<p>Zeitgem\u00e4\u00dfe Telefonanlagen f\u00fcr \u00c4rzte: Individuell und leistungsf\u00e4hig. Wir sind nur 5.8 km von Ihnen entfernt, falls Sie vor Ort Hilfe oder Support ben\u00f6tigen. In den allermeisten Praxen klingelt das Telefon de ganzen Tag hei\u00df. Besorgte Patienten rufen an da sie bereits vor dem Termin eine Vielzahl Ausk\u00fcnfte ben\u00f6tigen, die sie vorher beantwortet haben m\u00f6chten. Nebst &hellip; <a href=\"https:\/\/www.kaelberer-online.de\/services\/telefonanlagen\/telefonanlage-aerzte-ebersbach-an-der-fils\/\" class=\"more-link\">Continue reading<span class=\"screen-reader-text\"> &#8222;Telefonanlagen f\u00fcr \u00c4rzte in Ebersbach an der Fils &#8211; Beratung: Telefon 07164 909700&#8220;<\/span><\/a><\/p>\n","protected":false},"author":2,"featured_media":751,"parent":26,"menu_order":0,"comment_status":"closed","ping_status":"open","template":"","meta":{"footnotes":""},"class_list":["post-750","page","type-page","status-publish","has-post-thumbnail","hentry"],"_links":{"self":[{"href":"https:\/\/www.kaelberer-online.de\/services\/wp-json\/wp\/v2\/pages\/750","targetHints":{"allow":["GET"]}}],"collection":[{"href":"https:\/\/www.kaelberer-online.de\/services\/wp-json\/wp\/v2\/pages"}],"about":[{"href":"https:\/\/www.kaelberer-online.de\/services\/wp-json\/wp\/v2\/types\/page"}],"author":[{"embeddable":true,"href":"https:\/\/www.kaelberer-online.de\/services\/wp-json\/wp\/v2\/users\/2"}],"replies":[{"embeddable":true,"href":"https:\/\/www.kaelberer-online.de\/services\/wp-json\/wp\/v2\/comments?post=750"}],"version-history":[{"count":0,"href":"https:\/\/www.kaelberer-online.de\/services\/wp-json\/wp\/v2\/pages\/750\/revisions"}],"up":[{"embeddable":true,"href":"https:\/\/www.kaelberer-online.de\/services\/wp-json\/wp\/v2\/pages\/26"}],"wp:featuredmedia":[{"embeddable":true,"href":"https:\/\/www.kaelberer-online.de\/services\/wp-json\/wp\/v2\/media\/751"}],"wp:attachment":[{"href":"https:\/\/www.kaelberer-online.de\/services\/wp-json\/wp\/v2\/media?parent=750"}],"curies":[{"name":"wp","href":"https:\/\/api.w.org\/{rel}","templated":true}]}}