{"id":75,"date":"2021-12-15T01:10:00","date_gmt":"2021-12-15T01:10:00","guid":{"rendered":"https:\/\/kaelberer-online.de\/services\/?page_id=75"},"modified":"2021-12-15T01:10:00","modified_gmt":"2021-12-15T01:10:00","slug":"ip-telefonanlage-3cx","status":"publish","type":"page","link":"https:\/\/www.kaelberer-online.de\/services\/telefonanlagen\/ip-telefonanlage-3cx\/","title":{"rendered":"IP TELEFONANLAGE 3CX Preise Telefon 07164 90 97 00"},"content":{"rendered":"<h2>\n<p>Kennen Sie die Anforderungen an Ihre neue <strong><strong>3CX<\/strong><\/strong> <strong><strong>Telefonanlage<\/strong><\/strong> bereits?<\/p>\n<\/h2>\n<p><h3>Eine aktuelle <strong>3CX<\/strong> <strong>Telefonanlage<\/strong> vereinfacht die Unternehmensprozesse. Optimieren Sie Ihr Unternehmen mit der neuen und flexiblen <strong>3CX<\/strong> <strong>TK-Anlage<\/strong>. Die <strong>3CX<\/strong> <strong>Telefonanlage<\/strong> die individuell auf Ihre Vorgaben zugeschnitten ist und mit Ihrem Unternehmen wachsen kann.<\/h3>\n<\/p>\n<p>Eine neue Arbeitswelt ist mobil unterwegs. Kommunizieren Sie mit Ihrem Handy \u00fcber die <strong>3CX<\/strong> <strong>TK-Anlage<\/strong> mit Ihren Klienten. Nat\u00fcrlich \u00fcber Ihre Festnetz-Telefonnummer als Absenderkennung. besch\u00fctzen Sie Ihre Privatsph\u00e4re und beweisen Sie Professionalit\u00e4t.<\/p>\n<p>Unsere <strong>3CX<\/strong> <strong>TK-Anlage<\/strong>n werden auch f\u00fcr flexibles arbeiten konzipiert. Als moderne Cloud <strong>3CX<\/strong> <strong>Telefonanlage<\/strong> oder auf der privaten Hardware hausintern gehostet. Eine Installation und die Konfiguration ist einfach. Sie bekommen dadurch eine sichere, zuverl\u00e4ssige wie auch vielseitige <strong>3CX<\/strong> TK-Anlage.<\/p>\n<h2>Gute Preise f\u00fcr Ihre neue 3CX <strong>Telefonanlage<\/strong><\/h2>\n<p>Ein unschlagbares Preis- und Leistungsverh\u00e4ltnis. Richten Sie unbegrenzt viele Nebenstellen ein, stets genau da wo Sie sie gerade ben\u00f6tigen und sparen Sie Kosten.<\/p>\n<h2>Identifizieren Sie Ihre Anrufenden!<\/h2>\n<p>Bei Eingang eines Anrufs genau wissen wer im Moment anruft. Informationen sind alles. F\u00fcr Besch\u00e4ftigte und die Gesch\u00e4ftsleitung. Somit wissen Sie genau was geht. W\u00e4hlen Sie mit einem simplen Click aus Ihrem CRM oder Ihrer Business Software jede Rufnummer.<\/p>\n<p>Ist es nicht super, wenn Sie von einer zentralen Oberfl\u00e4che heraus jegliche Anrufe realisieren, empfangen sowie bearbeiten oder aber den Status Ihrer Arbeitskollegen abfragen, eingehende Chat-Nachrichten beantworten und Videoanrufe f\u00fchren k\u00f6nnten? Mit dem Webclient als Softphone sowie der Windows Desktop Applikation ist alles das wie auch noch jede Menge mehr machbar.<\/p>\n<h2>MS 365 Einbindung<\/h2>\n<p>Benutzt Ihre Firma MS 365? Dann verbinden Sie dieses unkompliziert mit der <strong>3CX<\/strong> <strong>TK-Anlage<\/strong> und verschmelzen Sie alle Vorteile beider Systeme! User k\u00f6nnen nahtlos mit beiden Apps arbeiten, Kontakte verwalten und Arbeitsschritte schlanker machen, um ihre Effektivit\u00e4t zu erh\u00f6hen und Klienten zu begeistern. <\/p>\n<h2>Kontakte mit Ihrem <strong>3CX<\/strong> Teilnehmerverzeichnis synchronisieren<\/h2>\n<ol>\n<li>Automatische Synchronisation Ihrer pers\u00f6nlichen Kontakte<\/li>\n<li>Anruf synchronisierter Kontakte per Webclient oder mobilen Apps<\/li>\n<li>Updaten gemeinschaftlicher Mailbox-Kontakte mit dem <strong>3CX<\/strong>-Telefonbuch<\/li>\n<\/ol>\n<h2>Microsoft Teams Telefonie-Integration<\/h2>\n<ol>\n<li>Realisierung externer Telefonate \u00fcber <strong>3CX<\/strong> SIP-Trunks<\/li>\n<\/li>\n<li>Ausschalten Microsoft\u00b4s kostspieliger Inlands-\/globaler Tarife<\/li>\n<\/li>\n<li>Selektion eines speziellen preisg\u00fcnstigen SIP-Providers Ihrer Region<\/li>\n<\/li>\n<\/ol>\n<h3>Unsere Mitarbeiter beraten, organisieren Hardware wie auch Softwareanwendungen, richten ein, konfigurieren, nehmen in Betrieb und Supporten Ihre brandneue <strong>3CX<\/strong> <strong>TK-Anlage<\/strong>. Sie haben Fragen, oder m\u00f6chten die derzeitige Preisliste anfordern? Sie erreichen uns unter Telefon 07164 909700 sowie per E-Mail-Nachricht unter support@kaelberer-online.de<\/h3>\n<h2>Vermochten wir Ihr Interesse wecken?<\/h2>\n<p>Unz\u00e4hlige zus\u00e4tzliche tolle Funktionen warten auf Sie.<\/p>\n<ul>\n<li>Jederzeit zwischen <strong>3CX<\/strong>-Hosting, on-Premise &#038; Ihrer Cloud wechseln<\/li>\n<li>Einleiten eines Videoanrufs von Ihrem Smartphone aus<\/li>\n<li>Anruf-Protokolle im Kundendatensatz f\u00fcr transparente Anrufhistorie<\/li>\n<li>Variable eingehende\/ausgehende Vorgaben, DIDs &#038; Ring Groups<\/li>\n<li>Erweiterte Erreichbarkeit f\u00fcr VIP-Kunden au\u00dferhalb der B\u00fcrozeiten<\/li>\n<li>Bietet mobile Apps f\u00fcr das Betriebssystem Windows, Web, iOS &#038; Android<\/li>\n<li>W\u00e4hlen Sie im Men\u00fc oben das QR-Code-Symbol f\u00fcr dessen Scan<\/li>\n<li>Zuteilung der Anrufer-ID zu einem Datensatz in Ihrem CRM<\/li>\n<li>Laden Sie die App aus dem Google Play oder App Store herunter<\/li>\n<li>Ver\u00e4ndern des eigenen Status wie auch Ansicht der Verf\u00fcgbarkeit des Teams<\/li>\n<li>Erstellung eines neuen Kundendatensatzes f\u00fcr neue Rufnummern<\/li>\n<li>PBX Express bootet Ihre <strong>3CX<\/strong>-Instanz in ein paar Minuten<\/li>\n<li>Wechsel zwischen Sprach- und Video-Anrufe mit einem Fingertipp<\/li>\n<li>Identifikation von Anrufern mit Hilfe CRM-Integration<\/li>\n<li>Anmeldung am Webclient \u2013 Einzelheiten in der Willkommens-E-Mail<\/li>\n<li>Anrufweiterleitung basierend auf Kundennummer und Anfrage<\/li>\n<li>SIP-Forking \u2013 simultane Benutzung von <strong>3CX<\/strong> Applikation wie auch Tischtelefon<\/li>\n<li>Selbst\u00e4ndig Hosten via Google, Amazon, Microsoft &#038; mehr<\/li>\n<li>Abfrage von Kunden- sowie Fallnummern, um Agenten Zeit zu sparen<\/li>\n<li>Lockdown-f\u00e4hig mit der kostenfreien Applikation f\u00fcr Web, iOS &#038; Android<\/li>\n<li>Zufriedene Klienten wie auch weniger Aufwand f\u00fcr Ihre Arbeitnehmer<\/li>\n<li>Eingebettete browserbasierte Videokonferenzen<\/li>\n<li>Fernkonfiguration \u00fcber QR-Code statt umst\u00e4ndliche Einrichtung<\/li>\n<li>M\u00fcheloses Implementieren und Verwalten ohne Schulungsbedarf<\/li>\n<li>Uhrzeit-basierte Anrufweiterleitung und Telefonumfragen<\/li>\n<\/ul>\n<h3>Fragen Sie zus\u00e4tzliche Informationen sowie ein Angebot bei unserer Firma an. Selbstverst\u00e4ndlich stellen wir Ihnen auch eine komplette Leistungs\u00fcbersicht zur Verf\u00fcgung.<\/h3>\n<p>[contact-form-7 id=&#8220;5&#8243; title=&#8220;Contact form 1&#8243;]<\/p>\n","protected":false},"excerpt":{"rendered":"<p>Kennen Sie die Anforderungen an Ihre neue 3CX Telefonanlage bereits? Eine aktuelle 3CX Telefonanlage vereinfacht die Unternehmensprozesse. Optimieren Sie Ihr Unternehmen mit der neuen und flexiblen 3CX TK-Anlage. Die 3CX Telefonanlage die individuell auf Ihre Vorgaben zugeschnitten ist und mit Ihrem Unternehmen wachsen kann. Eine neue Arbeitswelt ist mobil unterwegs. Kommunizieren Sie mit Ihrem Handy &hellip; <a href=\"https:\/\/www.kaelberer-online.de\/services\/telefonanlagen\/ip-telefonanlage-3cx\/\" class=\"more-link\">Continue reading<span class=\"screen-reader-text\"> &#8222;IP TELEFONANLAGE 3CX Preise Telefon 07164 90 97 00&#8220;<\/span><\/a><\/p>\n","protected":false},"author":2,"featured_media":76,"parent":26,"menu_order":0,"comment_status":"closed","ping_status":"closed","template":"","meta":{"footnotes":""},"class_list":["post-75","page","type-page","status-publish","has-post-thumbnail","hentry"],"_links":{"self":[{"href":"https:\/\/www.kaelberer-online.de\/services\/wp-json\/wp\/v2\/pages\/75","targetHints":{"allow":["GET"]}}],"collection":[{"href":"https:\/\/www.kaelberer-online.de\/services\/wp-json\/wp\/v2\/pages"}],"about":[{"href":"https:\/\/www.kaelberer-online.de\/services\/wp-json\/wp\/v2\/types\/page"}],"author":[{"embeddable":true,"href":"https:\/\/www.kaelberer-online.de\/services\/wp-json\/wp\/v2\/users\/2"}],"replies":[{"embeddable":true,"href":"https:\/\/www.kaelberer-online.de\/services\/wp-json\/wp\/v2\/comments?post=75"}],"version-history":[{"count":0,"href":"https:\/\/www.kaelberer-online.de\/services\/wp-json\/wp\/v2\/pages\/75\/revisions"}],"up":[{"embeddable":true,"href":"https:\/\/www.kaelberer-online.de\/services\/wp-json\/wp\/v2\/pages\/26"}],"wp:featuredmedia":[{"embeddable":true,"href":"https:\/\/www.kaelberer-online.de\/services\/wp-json\/wp\/v2\/media\/76"}],"wp:attachment":[{"href":"https:\/\/www.kaelberer-online.de\/services\/wp-json\/wp\/v2\/media?parent=75"}],"curies":[{"name":"wp","href":"https:\/\/api.w.org\/{rel}","templated":true}]}}