{"id":746,"date":"2021-12-17T23:50:38","date_gmt":"2021-12-17T23:50:38","guid":{"rendered":"https:\/\/kaelberer-online.de\/services\/?page_id=746"},"modified":"2021-12-17T23:50:38","modified_gmt":"2021-12-17T23:50:38","slug":"telefonanlage-aerzte-dettingen-unter-teck","status":"publish","type":"page","link":"https:\/\/www.kaelberer-online.de\/services\/telefonanlagen\/telefonanlage-aerzte-dettingen-unter-teck\/","title":{"rendered":"Telefonanlage f\u00fcr \u00c4rzte in Dettingen unter Teck &#8211; Beratung: Telefon 07164 909700"},"content":{"rendered":"<h2>Aktuelle Telefonanlagen f\u00fcr \u00c4rzte: Ma\u00dfgeschneidert und leistungsf\u00e4hig. Unsere Firma ist nur 7.4 km von Ihnen entfernt, falls Sie vor Ort Hilfe oder Support ben\u00f6tigen.<\/h2>\n<p>In den meisten Arztpraxen klingelt das Telefon de ganzen Tag hei\u00df. Besorgte Patienten rufen an da sie bereits schon vor dem Termin jede Menge Informationen ben\u00f6tigen, die sie im Voraus gekl\u00e4rt haben m\u00f6chten. Neben den organisatorischen Fragen nach Termin wie auch \u00d6ffnungszeiten der Praxis, ruft eine Reihe Patientinnen und Patienten an, die sich schon in Behandlung befinden, um ein Rezept verschrieben zu bekommen. Da dieser Wunsch nur w\u00e4hrend eines bestimmten Zeitfensters ge\u00e4u\u00dfert werden kann, kann es so f\u00fcr manchen Patienten ein \u00c4rgernis sein, niemand zu erreichen.<\/p>\n<h2>IP-Telefonanlagen \u2013 modern und komfortabel f\u00fcr die Arztpraxis<\/h2>\n<p>Der enge Austausch mit Patientinnen und Patienten kann nur mit einer voll funktionsf\u00e4higen TK-Anlage erhalten werden. Bisher stand der Arztpraxis f\u00fcr diesen Zweck anstelle einer analogen L\u00f6sung, die ISDN Technologie zur Verf\u00fcgung. Ma\u00dfgeschneidert installierte Telefonanlagen erschienen den meisten Praxisinhabern zu kostenintensiv.<\/p>\n<h2>Zeitgem\u00e4\u00dfe IP-Technologie macht es realisierbar \u2013 angepasste Anrufsteuerung zum vern\u00fcnftigen Preis.<\/h2>\n<p>Hierbei unterst\u00fctzen Sie spezifische Anruf-Beantworter mit Ansagetexten, welche der individuellen Konstellation angepasst werden k\u00f6nnen. Dadurch wird der Anrufer unmittelbar dar\u00fcber in Kenntnis gesetzt, zu welcher Zeit die Arztpraxis wieder besetzt ist oder wann die allgemeinen Sprechzeiten sind.<\/p>\n<h2>Informationsaustausch ohne viel Arbeitsaufwand \u2013 moderne IP-Telefon-Anlage f\u00fcr Praxen<\/h2>\n<p>Zus\u00e4tzlich zu den passenden Ansage-Texten kann z B auch das Handy in die Telefonanlage einbezogen werden. Auf diese Weise k\u00f6nnen Sie zu jeder Zeit erreichbar sein, wann immer Sie w\u00fcnschen.<\/p>\n<p>Sollten Sie einen Notebook mit dem Betriebssystem Windows verwenden, dann steht Ihnen zum W\u00e4hlen per Mausklick die so genannte TAPI Funktionalit\u00e4t zur Verf\u00fcgung. Und TAPI erkennt eingehende Rufnummern und zeigt Ihnen nach Wunsch den Anrufer zum Beispiel in Ihrer Patientenverwaltung gleich an.<\/p>\n<p>Eine Vielzahl \u00c4rzte sind noch immer auf die Faxfunktion angewiesen, da \u00f6fters Laborwerte zeitnah gebraucht werden. Die softwaregesteuerte IP-TK-Anlage ist in der Lage, die Faxnachricht via Mail weiterzuleiten. Auf diese Weise wird absolut kein zus\u00e4tzliches Papier ben\u00f6tigt und die Werte sind danach unmittelbar im PC abrufbar. Au\u00dferdem k\u00f6nnen entscheidende Laborwerte auf diese Weise in jedem Behandlungsraum eingesehen und gegebenenfalls mit einem Patienten besprochen werden. Mit Hilfe der Telefonanlage k\u00f6nnen Sie selbstverst\u00e4ndlich auch selber Telefaxe senden.<\/p>\n<p><strong><\/p>\n<p>Eine IP-Telefonanlage hilft Ihnen dabei, Zeit einzusparen, die Ihren Patienten zugutekommt. IP-Telefonanlagen verbessern den Kommunikationsaustausch und maximieren die Zufriedenheit.<\/p>\n<p><\/strong><\/p>\n<p>Sofern Sie sich eine individuell angepasste IP-TK-Anlage f\u00fcr Ihre Praxis, die absolut nicht die Welt kosten w\u00fcrde, w\u00fcnschen, dann rufen Sie uns direkt bei uns an! Dank der jahrelangen Kenntnisse auf diesem Gebiet k\u00f6nnen wir Sie eingehend informieren und \u00fcber den neusten Stand der IP-TK-Anlagen-Technik informieren.<\/p>\n<p><span style=\"color: #4F81BD;\"><\/p>\n<h2>Fachberatung Telefonanlagen f\u00fcr Arztpraxen<\/h2>\n<p><\/span><\/p>\n<p><strong>Telefon: 07164909700<\/strong> &#8211; <strong>E-Mail: support@kaelberer-online.de<\/strong> oder \u00fcber das nachstehende Kontakt-Formular, wir freuen uns auf Ihre Nachricht &#8211; <strong>Unsere Firma ist ganz in Ihrer N\u00e4he!<\/strong><\/p>\n<p>[contact-form-7 id=&#8220;482&#8243; title=&#8220;Kontakt Telefonanlagen f\u00fcr Aerzte&#8220;]<\/p>\n","protected":false},"excerpt":{"rendered":"<p>Aktuelle Telefonanlagen f\u00fcr \u00c4rzte: Ma\u00dfgeschneidert und leistungsf\u00e4hig. Unsere Firma ist nur 7.4 km von Ihnen entfernt, falls Sie vor Ort Hilfe oder Support ben\u00f6tigen. In den meisten Arztpraxen klingelt das Telefon de ganzen Tag hei\u00df. Besorgte Patienten rufen an da sie bereits schon vor dem Termin jede Menge Informationen ben\u00f6tigen, die sie im Voraus gekl\u00e4rt &hellip; <a href=\"https:\/\/www.kaelberer-online.de\/services\/telefonanlagen\/telefonanlage-aerzte-dettingen-unter-teck\/\" class=\"more-link\">Continue reading<span class=\"screen-reader-text\"> &#8222;Telefonanlage f\u00fcr \u00c4rzte in Dettingen unter Teck &#8211; Beratung: Telefon 07164 909700&#8220;<\/span><\/a><\/p>\n","protected":false},"author":2,"featured_media":747,"parent":26,"menu_order":0,"comment_status":"closed","ping_status":"open","template":"","meta":{"footnotes":""},"class_list":["post-746","page","type-page","status-publish","has-post-thumbnail","hentry"],"_links":{"self":[{"href":"https:\/\/www.kaelberer-online.de\/services\/wp-json\/wp\/v2\/pages\/746","targetHints":{"allow":["GET"]}}],"collection":[{"href":"https:\/\/www.kaelberer-online.de\/services\/wp-json\/wp\/v2\/pages"}],"about":[{"href":"https:\/\/www.kaelberer-online.de\/services\/wp-json\/wp\/v2\/types\/page"}],"author":[{"embeddable":true,"href":"https:\/\/www.kaelberer-online.de\/services\/wp-json\/wp\/v2\/users\/2"}],"replies":[{"embeddable":true,"href":"https:\/\/www.kaelberer-online.de\/services\/wp-json\/wp\/v2\/comments?post=746"}],"version-history":[{"count":0,"href":"https:\/\/www.kaelberer-online.de\/services\/wp-json\/wp\/v2\/pages\/746\/revisions"}],"up":[{"embeddable":true,"href":"https:\/\/www.kaelberer-online.de\/services\/wp-json\/wp\/v2\/pages\/26"}],"wp:featuredmedia":[{"embeddable":true,"href":"https:\/\/www.kaelberer-online.de\/services\/wp-json\/wp\/v2\/media\/747"}],"wp:attachment":[{"href":"https:\/\/www.kaelberer-online.de\/services\/wp-json\/wp\/v2\/media?parent=746"}],"curies":[{"name":"wp","href":"https:\/\/api.w.org\/{rel}","templated":true}]}}