{"id":742,"date":"2021-12-12T07:36:14","date_gmt":"2021-12-12T07:36:14","guid":{"rendered":"https:\/\/kaelberer-online.de\/services\/?page_id=742"},"modified":"2021-12-12T07:36:14","modified_gmt":"2021-12-12T07:36:14","slug":"telefonanlage-aerzte-bissingen-an-der-teck","status":"publish","type":"page","link":"https:\/\/www.kaelberer-online.de\/services\/telefonanlagen\/telefonanlage-aerzte-bissingen-an-der-teck\/","title":{"rendered":"Telefonanlage f\u00fcr \u00c4rzte in Bissingen an der Teck &#8211; Beratung: Telefon 07164 909700"},"content":{"rendered":"<h2>Moderne Telefonanlagen f\u00fcr Arztpraxen: Individuell und leistungsf\u00e4hig. Wir sind nur 5.9 km von Ihnen entfernt, f\u00fcr den Fall, dass Sie vor Ort Unterst\u00fctzung oder Support ben\u00f6tigen.<\/h2>\n<p>In den allermeisten Praxen steht das Telefon niemals still. Besorgte Patienten rufen an da sie bereits vor dem Arzttermin eine Vielzahl Ausk\u00fcnfte w\u00fcnschen, die sie im Vorhinein gekl\u00e4rt haben m\u00f6chten. Neben den organisatorischen Fragen nach Termin sowie Gesch\u00e4ftszeiten der Arztpraxis, ruft eine Vielzahl Patientinnen und Patienten an, die sich in Behandlung befinden, um ein Rezept verordnet zu bekommen. Da sie diesen Wunsch nur w\u00e4hrend eines bestimmten Zeitfensters \u00e4u\u00dfern k\u00f6nnen, kann es so f\u00fcr manchen Patienten ein \u00c4rgernis sein, niemand zu erreichen.<\/p>\n<h2>IP-Telefonanlagen \u2013 modern und vielf\u00e4ltig f\u00fcr Ihre Praxis<\/h2>\n<p>Ein enger Austausch mit Patienten kann nur mit einer voll funktionst\u00fcchtigen TK-Anlage aufrecht erhalten werden. Bisherig stand einer Praxis f\u00fcr diesen Zweck statt der analogen L\u00f6sung, die ISDN Technologie zur Verf\u00fcgung. Angepasst installierte Telefonanlagen erschienen den meisten Praxisinhabern zu hochpreisig.<\/p>\n<h2>Modernste IP-Technologie macht\u00b4s realisierbar \u2013 individuelle Anrufsteuerung zum angemessenen Kaufpreis.<\/h2>\n<p>Hierbei unterst\u00fctzen Sie spezifische Anrufbeantworter mit Ansagetexten, die der jeweiligen Sachlage angepasst werden k\u00f6nnen. Auf diese Weise kann der Anrufer sofort davon in Kenntnis gesetzt werden, ab wann die Praxis wieder besetzt ist sowie wann die allgemeinen Sprechzeiten sind.<\/p>\n<h2>Mediale Kommunikation ohne viel Arbeitsaufwand \u2013 professionelle IP-Telefon-Anlage f\u00fcr Praxen<\/h2>\n<p>Nebst den passenden Ansage-Texten kann zum Beispiel auch das Handy in die Telefonanlage mit einbezogen werden. Auf diese Weise k\u00f6nnen Sie jederzeit erreichbar sein, wann immer Sie es f\u00fcr vonn\u00f6ten halten.<\/p>\n<p>Sofern Sie einen Notebook mit Windows verwenden, dann steht Ihnen zum W\u00e4hlen per Mausklick die gern genutzte TAPI Funktionalit\u00e4t zur Verf\u00fcgung. Und die TAPI-Schnittstelle erkennt eingehende Nummern und zeigt Ihnen nach Wunsch den Anrufer zum Beispiel in Ihrer Patientenverwaltung gleich an.<\/p>\n<p>Eine Vielzahl \u00c4rzte sind noch immer auf eine Faxfunktion angewiesen, da \u00f6fters Werte aus einem Labor zeitnah ben\u00f6tigt werden. Die computergesteuerte IP-TK-Anlage ist in der Lage, das Fax via E-Mail weiterzuleiten. So wird keinerlei extra Papier gebraucht und die Werte sind im Anschluss augenblicklich im Rechner abrufbar. Au\u00dferdem k\u00f6nnen sehr wichtige Laborwerte so in jedem Behandlungsraum ausgewertet und wenn gew\u00fcnscht mit einem Patienten besprochen werden. Mit Hilfe der TK-Anlage k\u00f6nnen Sie selbstverst\u00e4ndlich auch selbst Telefaxe verschicken.<\/p>\n<p><strong><\/p>\n<p>Eine IP-TK-Anlage hilft Ihnen dabei, Zeit zu sparen, die Ihren Patienten zugutekommen kann. IP-Telefonanlagen optimieren die Kommunikation und verbessern die Stimmung.<\/p>\n<p><\/strong><\/p>\n<p>Sofern Sie sich eine ma\u00dfgeschneidert angepasste IP-TK-Anlage f\u00fcr Ihre Praxis, die keinesfalls die Welt kosten w\u00fcrde, w\u00fcnschen, dann nehmen Sie gerne mit unserem Team Kontakt auf! Dank unserer jahrelangen Erfahrung in diesem Gebiet k\u00f6nnen wir Sie detailliert informieren und \u00fcber den neusten Stand der IP-TK-Anlagen-Technologie informieren.<\/p>\n<p><span style=\"color: #4F81BD;\"><\/p>\n<h2>Beratung IP-Tefonanlagen f\u00fcr \u00c4rzte<\/h2>\n<p><\/span><\/p>\n<p><strong>Telefon: 07164909700<\/strong> &#8211; <strong>E-Mail: support@kaelberer-online.de<\/strong> oder \u00fcber das folgende Formular, wir freuen uns \u00fcber Ihre Anfrage &#8211; <strong>Unsere Firma ist ganz in Ihrer N\u00e4he!<\/strong><\/p>\n<p>[contact-form-7 id=&#8220;482&#8243; title=&#8220;Kontakt Telefonanlagen f\u00fcr Aerzte&#8220;]<\/p>\n","protected":false},"excerpt":{"rendered":"<p>Moderne Telefonanlagen f\u00fcr Arztpraxen: Individuell und leistungsf\u00e4hig. Wir sind nur 5.9 km von Ihnen entfernt, f\u00fcr den Fall, dass Sie vor Ort Unterst\u00fctzung oder Support ben\u00f6tigen. In den allermeisten Praxen steht das Telefon niemals still. Besorgte Patienten rufen an da sie bereits vor dem Arzttermin eine Vielzahl Ausk\u00fcnfte w\u00fcnschen, die sie im Vorhinein gekl\u00e4rt haben &hellip; <a href=\"https:\/\/www.kaelberer-online.de\/services\/telefonanlagen\/telefonanlage-aerzte-bissingen-an-der-teck\/\" class=\"more-link\">Continue reading<span class=\"screen-reader-text\"> &#8222;Telefonanlage f\u00fcr \u00c4rzte in Bissingen an der Teck &#8211; Beratung: Telefon 07164 909700&#8220;<\/span><\/a><\/p>\n","protected":false},"author":2,"featured_media":743,"parent":26,"menu_order":0,"comment_status":"closed","ping_status":"open","template":"","meta":{"footnotes":""},"class_list":["post-742","page","type-page","status-publish","has-post-thumbnail","hentry"],"_links":{"self":[{"href":"https:\/\/www.kaelberer-online.de\/services\/wp-json\/wp\/v2\/pages\/742","targetHints":{"allow":["GET"]}}],"collection":[{"href":"https:\/\/www.kaelberer-online.de\/services\/wp-json\/wp\/v2\/pages"}],"about":[{"href":"https:\/\/www.kaelberer-online.de\/services\/wp-json\/wp\/v2\/types\/page"}],"author":[{"embeddable":true,"href":"https:\/\/www.kaelberer-online.de\/services\/wp-json\/wp\/v2\/users\/2"}],"replies":[{"embeddable":true,"href":"https:\/\/www.kaelberer-online.de\/services\/wp-json\/wp\/v2\/comments?post=742"}],"version-history":[{"count":0,"href":"https:\/\/www.kaelberer-online.de\/services\/wp-json\/wp\/v2\/pages\/742\/revisions"}],"up":[{"embeddable":true,"href":"https:\/\/www.kaelberer-online.de\/services\/wp-json\/wp\/v2\/pages\/26"}],"wp:featuredmedia":[{"embeddable":true,"href":"https:\/\/www.kaelberer-online.de\/services\/wp-json\/wp\/v2\/media\/743"}],"wp:attachment":[{"href":"https:\/\/www.kaelberer-online.de\/services\/wp-json\/wp\/v2\/media?parent=742"}],"curies":[{"name":"wp","href":"https:\/\/api.w.org\/{rel}","templated":true}]}}