{"id":738,"date":"2022-01-06T08:46:41","date_gmt":"2022-01-06T08:46:41","guid":{"rendered":"https:\/\/kaelberer-online.de\/services\/?page_id=738"},"modified":"2022-01-06T08:46:41","modified_gmt":"2022-01-06T08:46:41","slug":"telefonanlage-aerzte-bad-boll","status":"publish","type":"page","link":"https:\/\/www.kaelberer-online.de\/services\/telefonanlagen\/telefonanlage-aerzte-bad-boll\/","title":{"rendered":"Telefonanlagen f\u00fcr \u00c4rzte in Bad Boll &#8211; Beratung: Telefon 07164 909700"},"content":{"rendered":"<h2>Tolle Telefonanlagen f\u00fcr \u00c4rzte: Ma\u00dfgeschneidert und leistungsf\u00e4hig. Wir sind nur 1.4 km von Ihnen weg, f\u00fcr den Fall, dass Sie vor Ort Hilfe oder Support ben\u00f6tigen.<\/h2>\n<p>In den allermeisten Arztpraxen steht das Telefon niemals still. Besorgte Patienten rufen an da sie schon vor dem Arzttermin jede Menge Ausk\u00fcnfte verlangen, die sie vorher beantwortet haben m\u00f6chten. Neben den Fragen nach Termin sowie Gesch\u00e4ftszeiten der Praxis, ruft eine Vielzahl Patienten an, die sich in einer Behandlung befinden, um ein Rezept verschrieben zu bekommen. Da sie diesen Wunsch nur w\u00e4hrend eines bestimmten Zeitfensters \u00e4u\u00dfern k\u00f6nnen, kann es f\u00fcr manchen Patienten ein Problem sein, niemand zu erreichen.<\/p>\n<h2>Voice Over IP Telefonanlagen \u2013 innovativ und praktisch f\u00fcr Ihre Praxis<\/h2>\n<p>Ein enger Austausch mit Patientinnen und Patienten kann nur mit einer voll funktionst\u00fcchtigen TK-Anlage aufrecht erhalten werden. Bis heute stand einer Praxis zu diesem Zweck anstelle der analogen L\u00f6sung, die ISDN Technologie zur Verf\u00fcgung. Ma\u00dfgeschneidert installierte Telefonanlagen erschienen den meisten Praxisinhabern zu hochpreisig.<\/p>\n<h2>Aktuelle IP-Technologie macht\u00b4s m\u00f6glich \u2013 zugeschnittene Anrufsteuerung zum angemessenen Kaufpreis.<\/h2>\n<p>Dabei unterst\u00fctzen Sie besondere Anruf-Beantworter mit Ansage-Texten, die der momentanen Situation angepasst werden k\u00f6nnen. Auf diese Weise kann der Anrufer unmittelbar davon in Kenntnis gesetzt werden, wann die Praxis wieder erreichbar ist und wann die allgemeinen Sprechzeiten sind.<\/p>\n<h2>Kommunikation ohne viel Aufwand \u2013 leistungsf\u00e4hige IP-Telefonanlagen f\u00fcr Arztpraxen<\/h2>\n<p>Neben den geeigneten Ansage-Texten kann z B auch das Smartphone in die TK-Anlage einbezogen werden. So k\u00f6nnen Sie jederzeit erreichbar sein, wann Sie es f\u00fcr n\u00f6tig halten.<\/p>\n<p>Wenn Sie einen PC mit Windows ben\u00fctzen, dann steht Ihnen zum W\u00e4hlen per Klick die so genannte TAPI Schnittstelle zur Verf\u00fcgung. Und TAPI erkennt eingehende Rufnummern und zeigt Ihnen nach Wunsch den Anrufer zum Beispiel in Ihrer Patientenverwaltung gleich an.<\/p>\n<p>Eine Vielzahl Praxen sind noch immer auf die Faxfunktion angewiesen, da manches Mal Laborwerte direkt gebraucht werden. Die computergesteuerte IP-TK-Anlage macht es m\u00f6glich, das Fax via Mail weiterzuleiten. So wird absolut kein zus\u00e4tzliches Papier ben\u00f6tigt und die Werte sind im Anschluss augenblicklich im Rechner einsehbar. Dar\u00fcber hinaus k\u00f6nnen sehr wichtige Laborwerte auf diese Weise in jedem Raum ausgewertet und wenn gew\u00fcnscht mit dem Patienten diskutiert werden. Mit Hilfe der Telefonanlage k\u00f6nnen Sie nat\u00fcrlich auch selber Telefaxe senden.<\/p>\n<p><strong><\/p>\n<p>Eine IP-Telefonanlage hilft Ihnen, Zeit einzusparen, die beispielsweise dem Patienten zugutekommt. IP-Telefonanlagen verbessern die Kommunikation und maximieren die Stimmung.<\/p>\n<p><\/strong><\/p>\n<p>Sollten Sie sich eine ma\u00dfgeschneidert angepasste IP-TK-Anlage f\u00fcr Ihre Praxis, die keinesfalls die Welt kostet, w\u00fcnschen, dann nehmen Sie gerne mit unserem Team Kontakt auf! Dank unserer jahrzehntelangen Erfahrung auf diesem Gebiet k\u00f6nnen wir Sie detailliert informieren und \u00fcber den neusten Stand der IP-Telefonanlagen-Technik informieren.<\/p>\n<p><span style=\"color: #4F81BD;\"><\/p>\n<h2>Kundenberatung Telefonanlagen f\u00fcr \u00c4rzte<\/h2>\n<p><\/span><\/p>\n<p><strong>Telefon: 07164909700<\/strong> &#8211; <strong>E-Mail: support@kaelberer-online.de<\/strong> oder \u00fcber das anschlie\u00dfende Formular, wir freuen uns auf Ihre Kontaktaufnahme &#8211; <strong>Unser Unternehmen ist ganz in Ihrer N\u00e4he!<\/strong><\/p>\n<p>[contact-form-7 id=&#8220;482&#8243; title=&#8220;Kontakt Telefonanlagen f\u00fcr Aerzte&#8220;]<\/p>\n","protected":false},"excerpt":{"rendered":"<p>Tolle Telefonanlagen f\u00fcr \u00c4rzte: Ma\u00dfgeschneidert und leistungsf\u00e4hig. Wir sind nur 1.4 km von Ihnen weg, f\u00fcr den Fall, dass Sie vor Ort Hilfe oder Support ben\u00f6tigen. In den allermeisten Arztpraxen steht das Telefon niemals still. Besorgte Patienten rufen an da sie schon vor dem Arzttermin jede Menge Ausk\u00fcnfte verlangen, die sie vorher beantwortet haben m\u00f6chten. &hellip; <a href=\"https:\/\/www.kaelberer-online.de\/services\/telefonanlagen\/telefonanlage-aerzte-bad-boll\/\" class=\"more-link\">Continue reading<span class=\"screen-reader-text\"> &#8222;Telefonanlagen f\u00fcr \u00c4rzte in Bad Boll &#8211; Beratung: Telefon 07164 909700&#8220;<\/span><\/a><\/p>\n","protected":false},"author":2,"featured_media":739,"parent":26,"menu_order":0,"comment_status":"closed","ping_status":"open","template":"","meta":{"footnotes":""},"class_list":["post-738","page","type-page","status-publish","has-post-thumbnail","hentry"],"_links":{"self":[{"href":"https:\/\/www.kaelberer-online.de\/services\/wp-json\/wp\/v2\/pages\/738","targetHints":{"allow":["GET"]}}],"collection":[{"href":"https:\/\/www.kaelberer-online.de\/services\/wp-json\/wp\/v2\/pages"}],"about":[{"href":"https:\/\/www.kaelberer-online.de\/services\/wp-json\/wp\/v2\/types\/page"}],"author":[{"embeddable":true,"href":"https:\/\/www.kaelberer-online.de\/services\/wp-json\/wp\/v2\/users\/2"}],"replies":[{"embeddable":true,"href":"https:\/\/www.kaelberer-online.de\/services\/wp-json\/wp\/v2\/comments?post=738"}],"version-history":[{"count":0,"href":"https:\/\/www.kaelberer-online.de\/services\/wp-json\/wp\/v2\/pages\/738\/revisions"}],"up":[{"embeddable":true,"href":"https:\/\/www.kaelberer-online.de\/services\/wp-json\/wp\/v2\/pages\/26"}],"wp:featuredmedia":[{"embeddable":true,"href":"https:\/\/www.kaelberer-online.de\/services\/wp-json\/wp\/v2\/media\/739"}],"wp:attachment":[{"href":"https:\/\/www.kaelberer-online.de\/services\/wp-json\/wp\/v2\/media?parent=738"}],"curies":[{"name":"wp","href":"https:\/\/api.w.org\/{rel}","templated":true}]}}