{"id":736,"date":"2021-12-06T15:25:45","date_gmt":"2021-12-06T15:25:45","guid":{"rendered":"https:\/\/kaelberer-online.de\/services\/?page_id=736"},"modified":"2021-12-06T15:25:45","modified_gmt":"2021-12-06T15:25:45","slug":"telefonanlage-aerzte-albershausen","status":"publish","type":"page","link":"https:\/\/www.kaelberer-online.de\/services\/telefonanlagen\/telefonanlage-aerzte-albershausen\/","title":{"rendered":"Telefonanlagen f\u00fcr \u00c4rzte in Albershausen &#8211; Beratung: Telefon 07164 909700"},"content":{"rendered":"<h2>Moderne Telefonanlagen f\u00fcr \u00c4rzte: Individuell und effektiv. Wir sind nur 3.1 km von Ihnen weg, wenn Sie vor Ort Hilfe oder Support ben\u00f6tigen.<\/h2>\n<p>In den allermeisten Arztpraxen klingelt das Telefon de ganzen Tag hei\u00df. Besorgte Patientinnen und Patienten rufen an weil sie bereits schon vor dem Termin viele Informationen verlangen, die sie vorab gekl\u00e4rt haben wollen. Nebst den Fragen nach Termin und \u00d6ffnungszeiten der Arztpraxis, ruft eine gro\u00dfe Anzahl Patientinnen und Patienten an, die sich in Behandlung befinden, um ein Rezept verschrieben zu bekommen. Da sie diesen Wunsch nur w\u00e4hrend eines bestimmten Zeitfensters \u00e4u\u00dfern k\u00f6nnen, kann es f\u00fcr manchen Patienten ein Problem sein, niemand zu erreichen.<\/p>\n<h2>IP-Telefonanlagen \u2013 einfallsreich und praktisch f\u00fcr Ihre Praxis<\/h2>\n<p>Ein enger Kontakt mit Patientinnen und Patienten kann nur mit einer voll funktionsf\u00e4higen TK-Anlage aufrechterhalten werden. Bis dato stand einer Arztpraxis f\u00fcr diesen Zweck anstelle der analogen L\u00f6sung, die ISDN Technologie zur Verf\u00fcgung. Ma\u00dfgeschneidert installierte Telefonanlagen erschienen den meisten Praxisinhabern zu teuer.<\/p>\n<h2>Moderne IP-Technologie macht es m\u00f6glich \u2013 angepasste Anrufsteuerung zum g\u00fcnstigen Kaufpreis.<\/h2>\n<p>Hierbei unterst\u00fctzen Sie spezifische Anrufbeantworter mit Ansagetexten, die der gew\u00fcnschten Sachlage angepasst werden k\u00f6nnen. Dadurch kann der Anrufer prompt davon in Kenntnis gesetzt werden, ab wann die Arztpraxis wieder besetzt ist sowie zu welcher Zeit die generellen Sprechzeiten sind.<\/p>\n<h2>Informationsaustausch mit wenig Aufwand \u2013 professionelle IP-Telefonanlagen f\u00fcr Arztpraxen<\/h2>\n<p>Zus\u00e4tzlich zu den optimalen Ansagetexten kann zum Beispiel auch das Mobiltelefon in die Telefonanlage integriert werden. So k\u00f6nnen Sie jederzeit erreichbar sein, wann immer Sie wollen.<\/p>\n<p>Sollten Sie einen Rechner mit Windows n\u00fctzen, dann steht Ihnen zum W\u00e4hlen per Klick die gern genutzte TAPI Funktionalit\u00e4t zur Verf\u00fcgung. Und die TAPI-Schnittstelle erkennt eingehende Nummern und zeigt Ihnen optional den Anrufer zum Beispiel in Ihrer Patientenverwaltung auf Anhieb an.<\/p>\n<p>Jede Menge Praxen sind nach wie vor auf eine Faxfunktion angewiesen, da \u00f6fters Werte aus einem Labor zeitnah gebraucht werden. Die computergesteuerte IP-Telefonanlage ist in der Lage, das Fax via Mail weiterzuleiten. Auf diese Art wird kein zus\u00e4tzliches Papier gebraucht und die Laborwerte sind danach augenblicklich im Rechner einsehbar. Auch k\u00f6nnen sehr wichtige Laborwerte dadurch in jedem Behandlungsraum eingesehen und notfalls mit einem Patienten diskutiert werden. Mittels der Telefonanlage k\u00f6nnen Sie erwartungsgem\u00e4\u00df auch selbst Faxe versenden.<\/p>\n<p><strong><\/p>\n<p>Eine IP-Telefonanlage hilft Ihnen dabei, Zeit zu sparen, die beispielsweise dem Patienten zugutekommt. IP-Telefonanlagen verbessern die Kommunikation und steigern die Zufriedenheit.<\/p>\n<p><\/strong><\/p>\n<p>Wenn Sie sich eine individuell angepasste IP-TK-Anlage f\u00fcr Ihre Praxis, die nicht die Welt kosten w\u00fcrde, w\u00fcnschen, dann rufen Sie uns einfach bei uns an! Dank unserer langj\u00e4hrigen Erfahrung auf diesem Gebiet k\u00f6nnen wir Sie detailliert beraten und \u00fcber den neusten Stand der IP-TK-Anlagen-Technik informieren.<\/p>\n<p><span style=\"color: #4F81BD;\"><\/p>\n<h2>Beratung IP-Tefonanlagen f\u00fcr \u00c4rzte<\/h2>\n<p><\/span><\/p>\n<p><strong>Telefon: 07164909700<\/strong> &#8211; <strong>E-Mail: support@kaelberer-online.de<\/strong> oder \u00fcber das folgende Kontakt-Formular, wir freuen uns \u00fcber Ihre Anfrage &#8211; <strong>Wir sind in Ihrer N\u00e4he!<\/strong><\/p>\n<p>[contact-form-7 id=&#8220;482&#8243; title=&#8220;Kontakt Telefonanlagen f\u00fcr Aerzte&#8220;]<\/p>\n","protected":false},"excerpt":{"rendered":"<p>Moderne Telefonanlagen f\u00fcr \u00c4rzte: Individuell und effektiv. Wir sind nur 3.1 km von Ihnen weg, wenn Sie vor Ort Hilfe oder Support ben\u00f6tigen. In den allermeisten Arztpraxen klingelt das Telefon de ganzen Tag hei\u00df. Besorgte Patientinnen und Patienten rufen an weil sie bereits schon vor dem Termin viele Informationen verlangen, die sie vorab gekl\u00e4rt haben &hellip; <a href=\"https:\/\/www.kaelberer-online.de\/services\/telefonanlagen\/telefonanlage-aerzte-albershausen\/\" class=\"more-link\">Continue reading<span class=\"screen-reader-text\"> &#8222;Telefonanlagen f\u00fcr \u00c4rzte in Albershausen &#8211; Beratung: Telefon 07164 909700&#8220;<\/span><\/a><\/p>\n","protected":false},"author":2,"featured_media":737,"parent":26,"menu_order":0,"comment_status":"closed","ping_status":"open","template":"","meta":{"footnotes":""},"class_list":["post-736","page","type-page","status-publish","has-post-thumbnail","hentry"],"_links":{"self":[{"href":"https:\/\/www.kaelberer-online.de\/services\/wp-json\/wp\/v2\/pages\/736","targetHints":{"allow":["GET"]}}],"collection":[{"href":"https:\/\/www.kaelberer-online.de\/services\/wp-json\/wp\/v2\/pages"}],"about":[{"href":"https:\/\/www.kaelberer-online.de\/services\/wp-json\/wp\/v2\/types\/page"}],"author":[{"embeddable":true,"href":"https:\/\/www.kaelberer-online.de\/services\/wp-json\/wp\/v2\/users\/2"}],"replies":[{"embeddable":true,"href":"https:\/\/www.kaelberer-online.de\/services\/wp-json\/wp\/v2\/comments?post=736"}],"version-history":[{"count":0,"href":"https:\/\/www.kaelberer-online.de\/services\/wp-json\/wp\/v2\/pages\/736\/revisions"}],"up":[{"embeddable":true,"href":"https:\/\/www.kaelberer-online.de\/services\/wp-json\/wp\/v2\/pages\/26"}],"wp:featuredmedia":[{"embeddable":true,"href":"https:\/\/www.kaelberer-online.de\/services\/wp-json\/wp\/v2\/media\/737"}],"wp:attachment":[{"href":"https:\/\/www.kaelberer-online.de\/services\/wp-json\/wp\/v2\/media?parent=736"}],"curies":[{"name":"wp","href":"https:\/\/api.w.org\/{rel}","templated":true}]}}