{"id":734,"date":"2021-12-11T19:18:30","date_gmt":"2021-12-11T19:18:30","guid":{"rendered":"https:\/\/kaelberer-online.de\/services\/?page_id=734"},"modified":"2021-12-11T19:18:30","modified_gmt":"2021-12-11T19:18:30","slug":"telefonanlage-aerzte-aichelberg","status":"publish","type":"page","link":"https:\/\/www.kaelberer-online.de\/services\/telefonanlagen\/telefonanlage-aerzte-aichelberg\/","title":{"rendered":"Telefonanlage f\u00fcr \u00c4rzte in Aichelberg &#8211; Beratung: Telefon 07164 909700"},"content":{"rendered":"<h2>Moderne Telefonanlagen f\u00fcr Arztpraxen: Individuell und effizient. Unsere Firma ist nur 0.5 km von Ihnen entfernt, wenn Sie vor Ort Unterst\u00fctzung oder Support w\u00fcnschen.<\/h2>\n<p>In den allermeisten Arztpraxen klingelt das Telefon de ganzen Tag hei\u00df. Besorgte Patienten rufen an da sie bereits vor dem eigentlichen Termin viele Informationen brauchen, die sie im Vorfeld gekl\u00e4rt haben m\u00f6chten. Neben den Fragen nach Termin und Gesch\u00e4ftszeiten der Praxis, ruft eine Reihe Patienten an, die sich in einer Behandlung befinden, um ein Rezept verordnet zu bekommen. Da dieser Wunsch nur w\u00e4hrend eines bestimmten Zeitfensters ge\u00e4u\u00dfert werden kann, kann es so f\u00fcr manchen Patienten ein \u00c4rgernis sein, niemand zu erreichen.<\/p>\n<h2>Voice Over IP Telefonanlagen \u2013 innovativ und vielf\u00e4ltig f\u00fcr Ihre Praxis<\/h2>\n<p>Der enge Kontakt mit Patientinnen und Patienten kann nur mit einer voll funktionsf\u00e4higen Telefonanlage aufrechterhalten werden. Bis heute stand der Arztpraxis zu diesem Zweck an Stelle einer analogen L\u00f6sung, die ISDN Technologie zur Verf\u00fcgung. Individuell installierte Telefonanlagen erschienen den meisten Praxisinhabern zu hochpreisig.<\/p>\n<h2>Moderne IP-Technik macht\u00b4s m\u00f6glich \u2013 angepasste Anrufsteuerung zum angemessenen Anschaffungspreis.<\/h2>\n<p>Dabei unterst\u00fctzen Sie spezielle Anruf-Beantworter mit Ansagetexten, welche der gew\u00fcnschten Sachlage angepasst werden k\u00f6nnen. Auf diese Weise wird der Anrufer sogleich dar\u00fcber in Kenntnis gesetzt, wann die Praxis wieder erreichbar ist oder zu welcher Zeit die generellen Sprechzeiten sind.<\/p>\n<h2>Informationsaustausch ohne viel Arbeitsaufwand \u2013 moderne IP-Telefonanlagen f\u00fcr Arztpraxen<\/h2>\n<p>Nebst den optimalen Ansagetexten kann z B auch das Smartphone in die Telefonanlage integriert werden. Auf diese Weise k\u00f6nnen Sie stets erreichbar sein, wann immer Sie w\u00fcnschen.<\/p>\n<p>Sollten Sie einen Laptop mit dem Betriebssystem Windows benutzen, dann steht Ihnen zum W\u00e4hlen per Klick die gern genutzte TAPI Funktion zur Verf\u00fcgung. Und die TAPI-Schnittstelle erkennt eingehende Rufnummern und zeigt Ihnen nach Wunsch den Anrufer Beispielsweise in Ihrer Patientenverwaltung gleich an.<\/p>\n<p>Viele \u00c4rzte sind noch immer auf die Telefax-Funktion angewiesen, da \u00f6fters Werte aus einem Labor zeitnah ben\u00f6tigt werden. Eine computergesteuerte IP-TK-Anlage ist in der Lage, die Faxnachricht via E-Mail weiterzuleiten. So wird kein zus\u00e4tzliches Papier gebraucht und die Laborwerte sind im Anschluss unverz\u00fcglich im PC einsehbar. Au\u00dferdem k\u00f6nnen wesentliche Laborwerte auf diese Weise in jedem Behandlungsraum betrachtet und gegebenenfalls mit dem Patienten diskutiert werden. Mit Hilfe der Telefonanlage k\u00f6nnen Sie erwartungsgem\u00e4\u00df auch selber Telefaxe senden.<\/p>\n<p><strong><\/p>\n<p>Eine IP-Telefonanlage hilft Ihnen, Zeit einzusparen, die Ihren Patienten zugutekommt. IP-TK-Anlagen  optimieren den Kommunikationsaustausch und erh\u00f6hen die Stimmung.<\/p>\n<p><\/strong><\/p>\n<p>Wenn Sie sich eine ma\u00dfgeschneidert angepasste IP-TK-Anlage f\u00fcr Ihre Arztpraxis, die absolut nicht die Welt kosten w\u00fcrde, w\u00fcnschen, dann rufen Sie uns einfach bei uns an! Dank der jahrzehntelangen Kenntnisse auf diesem Gebiet k\u00f6nnen wir Sie umf\u00e4nglich unterst\u00fctzen und \u00fcber den neuesten Stand der IP-Telefonanlagen-Technik informieren.<\/p>\n<p><span style=\"color: #4F81BD;\"><\/p>\n<h2>Beratung IP-Tefonanlagen f\u00fcr Praxen<\/h2>\n<p><\/span><\/p>\n<p><strong>Telefon: 07164909700<\/strong> &#8211; <strong>E-Mail: support@kaelberer-online.de<\/strong> oder \u00fcber das nachstehende Kontaktformular, wir freuen uns \u00fcber Ihre Anfrage &#8211; <strong>Wir sind in Ihrer N\u00e4he!<\/strong><\/p>\n<p>[contact-form-7 id=&#8220;482&#8243; title=&#8220;Kontakt Telefonanlagen f\u00fcr Aerzte&#8220;]<\/p>\n","protected":false},"excerpt":{"rendered":"<p>Moderne Telefonanlagen f\u00fcr Arztpraxen: Individuell und effizient. Unsere Firma ist nur 0.5 km von Ihnen entfernt, wenn Sie vor Ort Unterst\u00fctzung oder Support w\u00fcnschen. In den allermeisten Arztpraxen klingelt das Telefon de ganzen Tag hei\u00df. Besorgte Patienten rufen an da sie bereits vor dem eigentlichen Termin viele Informationen brauchen, die sie im Vorfeld gekl\u00e4rt haben &hellip; <a href=\"https:\/\/www.kaelberer-online.de\/services\/telefonanlagen\/telefonanlage-aerzte-aichelberg\/\" class=\"more-link\">Continue reading<span class=\"screen-reader-text\"> &#8222;Telefonanlage f\u00fcr \u00c4rzte in Aichelberg &#8211; Beratung: Telefon 07164 909700&#8220;<\/span><\/a><\/p>\n","protected":false},"author":2,"featured_media":735,"parent":26,"menu_order":0,"comment_status":"closed","ping_status":"open","template":"","meta":{"footnotes":""},"class_list":["post-734","page","type-page","status-publish","has-post-thumbnail","hentry"],"_links":{"self":[{"href":"https:\/\/www.kaelberer-online.de\/services\/wp-json\/wp\/v2\/pages\/734","targetHints":{"allow":["GET"]}}],"collection":[{"href":"https:\/\/www.kaelberer-online.de\/services\/wp-json\/wp\/v2\/pages"}],"about":[{"href":"https:\/\/www.kaelberer-online.de\/services\/wp-json\/wp\/v2\/types\/page"}],"author":[{"embeddable":true,"href":"https:\/\/www.kaelberer-online.de\/services\/wp-json\/wp\/v2\/users\/2"}],"replies":[{"embeddable":true,"href":"https:\/\/www.kaelberer-online.de\/services\/wp-json\/wp\/v2\/comments?post=734"}],"version-history":[{"count":0,"href":"https:\/\/www.kaelberer-online.de\/services\/wp-json\/wp\/v2\/pages\/734\/revisions"}],"up":[{"embeddable":true,"href":"https:\/\/www.kaelberer-online.de\/services\/wp-json\/wp\/v2\/pages\/26"}],"wp:featuredmedia":[{"embeddable":true,"href":"https:\/\/www.kaelberer-online.de\/services\/wp-json\/wp\/v2\/media\/735"}],"wp:attachment":[{"href":"https:\/\/www.kaelberer-online.de\/services\/wp-json\/wp\/v2\/media?parent=734"}],"curies":[{"name":"wp","href":"https:\/\/api.w.org\/{rel}","templated":true}]}}