{"id":73,"date":"2021-11-07T10:42:25","date_gmt":"2021-11-07T10:42:25","guid":{"rendered":"https:\/\/kaelberer-online.de\/services\/?page_id=73"},"modified":"2021-11-07T10:42:25","modified_gmt":"2021-11-07T10:42:25","slug":"cloud-telefonie-3cx","status":"publish","type":"page","link":"https:\/\/www.kaelberer-online.de\/services\/telefonanlagen\/cloud-telefonie-3cx\/","title":{"rendered":"CLOUD TELEFONIE 3CX Support Tel. 07164 90 97 00"},"content":{"rendered":"<h2>\n<p>Wissen Sie die Anspr\u00fcche an Ihre neue <strong><strong>3CX<\/strong><\/strong> <strong><strong>TK-Anlage<\/strong><\/strong> bereits?<\/p>\n<\/h2>\n<p><h3>Eine moderne <strong>3CX<\/strong> <strong>TK-Anlage<\/strong> simplifiziert Ihre Firmenprozesse. Optimieren Sie Ihr Unternehmen mit der neusten und flexiblen <strong>3CX<\/strong> Telefonanlage. Die <strong>3CX<\/strong> <strong>Telefonanlage<\/strong> die individuell auf Ihre Erwartungen angepasst ist und mit dem Unternehmen gro\u00df werden kann.<\/h3>\n<\/p>\n<p>Die neue Arbeitswelt die mobil unterwegs ist. Telefonieren Sie mit Ihrem Handy \u00fcber Ihre <strong>3CX<\/strong> <strong>Telefonanlage<\/strong> mit Ihren Kunden. Selbstverst\u00e4ndlich mit Ihrer Festnetz-Rufnummer als Absender-Kennung. Wahren Sie Ihre Privatsph\u00e4re und beweisen Sie Professionalit\u00e4t.<\/p>\n<p>die <strong>3CX<\/strong> <strong>TK-Anlage<\/strong>n wurden f\u00fcr flexibles arbeiten designed. Als zeitgem\u00e4\u00dfe Cloud <strong>3CX<\/strong> <strong>TK-Anlage<\/strong> oder auf der privaten Hardware hausintern gehostet. Die Installation und die Verwaltung ist einfach. Sie erhalten dadurch eine sichere, zuverl\u00e4ssige und anpassungsf\u00e4hige <strong>3CX<\/strong> <strong>Telefonanlage<\/strong>.<\/p>\n<h2>Die gute, anpassbare L\u00f6sung<\/h2>\n<p>Ein tolles Preis- und Leistungsverh\u00e4ltnis. Richten Sie unbegrenzt viele Nebenstellen ein, stets genau da wo Sie sie im Moment ben\u00f6tigen und sparen Sie Kosten.<\/p>\n<h2>St\u00fctzen Sie Ihr Personal.<\/h2>\n<p>Bei Anrufeingang pr\u00e4zise wissen wer gerade anruft. Informationen sind alles. F\u00fcr Angestellte und die Gesch\u00e4ftsleitung. Dadurch wissen Sie exakt was geht. W\u00e4hlen Sie mit einem einfachen Klick aus dem CRM oder Ihrer Business Software jede Telefonnummer.<\/p>\n<p>Ist es nicht fantastisch, wenn Sie von einer zentralen Oberfl\u00e4che heraus alle Anrufe realisieren, annehmen sowie bearbeiten oder aber den Status Ihrer Arbeitskollegen in Erfahrung bringen, eingehende Chat-News beantworten und Videoanrufe initiieren k\u00f6nnten? Mit einem Webclient als Softphone und der Windows Desktop App wird alles das wie auch noch reichlich mehr machbar.<\/p>\n<h2>Microsoft 365 Verzahnung<\/h2>\n<p>Nutzt Ihre Firma Microsoft 365? Dann verkn\u00fcpfen Sie dieses direkt mit der <strong>3CX<\/strong> <strong>TK-Anlage<\/strong> und kombinieren Sie alle Vorz\u00fcge beider Systeme! User k\u00f6nnen nahtlos \u00fcber beide Apps arbeiten, Kontakte organisieren und Prozesse verschlanken, um die Effektivit\u00e4t zu erh\u00f6hen und Auftraggeber zu inspirieren. <\/p>\n<h2>Kontakte mit Ihrem <strong>3CX<\/strong> Telefonbuch abgleichen<\/h2>\n<h2>MS Teams Telefonie-Integration<\/h2>\n<ol>\n<li>Ausschalten Microsoft\u00b4s teurer Inlands-\/internationaler Tarife<\/li>\n<\/li>\n<li>Realisierung externer Telefongespr\u00e4che \u00fcber <strong>3CX<\/strong> SIP-Trunks<\/li>\n<\/li>\n<\/ol>\n<h3>Unsere Mitarbeiter unterst\u00fctzen, beschaffen Hardware und Software, installieren, konfigurieren, nehmen in Betrieb und Supporten Ihre brandneue <strong>3CX<\/strong> <strong>Telefonanlage<\/strong>. Sie haben Fragen, oder wollen die derzeitige Preisliste anfordern? Sie erreichen uns unter Telefon 07164 909700 und per E-Mail-Nachricht unter support@kaelberer-online.de<\/h3>\n<h2>Konnten wir Ihr Interesse wecken?<\/h2>\n<p>Viele weitere tolle Features warten auf Sie.<\/p>\n<ul>\n<li>Integrierte browserbasierte Videokonferenzen<\/li>\n<li>Wechsel zwischen Sprach- sowie Video-Anrufe mit einem Fingertipp<\/li>\n<li>Zufriedene Kunden wie auch weniger Aufwand f\u00fcr Ihre Kollegen<\/li>\n<li>Kinderleichte Nutzerverwaltung spart etliche Stunden Arbeit<\/li>\n<li>Erstellung eines neuen Kundendatensatzes f\u00fcr neue Rufnummern<\/li>\n<li>Keine Lizenzierung pro Nebenstelle, unbegrenzt viele Nebenstellen<\/li>\n<li>Gesch\u00fctzte Verbindungen gew\u00e4hrleisten Privatsph\u00e4re wie auch Schutz<\/li>\n<li>Beantwortung von Fragen mittels Livechat, Facebook &#038; SMS via Apps<\/li>\n<li>Keinerlei Tischtelefone erforderlich \u2013 Nutzen Sie Ihr Mobiltelefon<\/li>\n<li>Keine Schulung vonn\u00f6ten \u2013 unmittelbar loslegen<\/li>\n<li>Einleiten eines Videoanrufs von Ihrem Mobiltelefon aus<\/li>\n<li>Praktische hereinkommende\/ausgehende Regeln, DIDs &#038; Ring Groups<\/li>\n<li>In Augenblicken User aktualisieren\/hinzuf\u00fcgen wie auch Mailboxen konfigurieren<\/li>\n<li>PBX Express bootet Ihre <strong>3CX<\/strong>-Instanz in nur wenigen Minuten<\/li>\n<li>Automatische Anrufaufzeichnung eliminiert manuelle Eintr\u00e4ge<\/li>\n<li>Perfekte Verbindung f\u00fcr nahtlosen Wechsel zwischen Netzen<\/li>\n<li>Abfrage von Klienten- oder Fallnummern, um Agenten Zeit zu sparen<\/li>\n<li>Kostenlose B\u00fcro-Anrufe f\u00fcr remote &#038; reisende Arbeitnehmer<\/li>\n<li>Direkter Kontakt via Anrufe, Video und Instant Messaging<\/li>\n<li>\u00c4ndern des eigenen Status wie auch Ansicht der Verf\u00fcgbarkeit des Projektteams<\/li>\n<li>Unbegrenzte Zahl von Benutzern umsonst in <strong>3CX<\/strong> enthalten<\/li>\n<\/ul>\n<h3>Fordern Sie zus\u00e4tzliche Unterlagen und ein Produktangebot bei unserer Firma an. Gerne stellen wir Ihnen auch eine komplette Leistungs\u00fcbersicht zur Verf\u00fcgung.<\/h3>\n<p>[contact-form-7 id=&#8220;5&#8243; title=&#8220;Contact form 1&#8243;]<\/p>\n","protected":false},"excerpt":{"rendered":"<p>Wissen Sie die Anspr\u00fcche an Ihre neue 3CX TK-Anlage bereits? Eine moderne 3CX TK-Anlage simplifiziert Ihre Firmenprozesse. Optimieren Sie Ihr Unternehmen mit der neusten und flexiblen 3CX Telefonanlage. Die 3CX Telefonanlage die individuell auf Ihre Erwartungen angepasst ist und mit dem Unternehmen gro\u00df werden kann. Die neue Arbeitswelt die mobil unterwegs ist. Telefonieren Sie mit &hellip; <a href=\"https:\/\/www.kaelberer-online.de\/services\/telefonanlagen\/cloud-telefonie-3cx\/\" class=\"more-link\">Continue reading<span class=\"screen-reader-text\"> &#8222;CLOUD TELEFONIE 3CX Support Tel. 07164 90 97 00&#8220;<\/span><\/a><\/p>\n","protected":false},"author":2,"featured_media":74,"parent":26,"menu_order":0,"comment_status":"closed","ping_status":"closed","template":"","meta":{"footnotes":""},"class_list":["post-73","page","type-page","status-publish","has-post-thumbnail","hentry"],"_links":{"self":[{"href":"https:\/\/www.kaelberer-online.de\/services\/wp-json\/wp\/v2\/pages\/73","targetHints":{"allow":["GET"]}}],"collection":[{"href":"https:\/\/www.kaelberer-online.de\/services\/wp-json\/wp\/v2\/pages"}],"about":[{"href":"https:\/\/www.kaelberer-online.de\/services\/wp-json\/wp\/v2\/types\/page"}],"author":[{"embeddable":true,"href":"https:\/\/www.kaelberer-online.de\/services\/wp-json\/wp\/v2\/users\/2"}],"replies":[{"embeddable":true,"href":"https:\/\/www.kaelberer-online.de\/services\/wp-json\/wp\/v2\/comments?post=73"}],"version-history":[{"count":0,"href":"https:\/\/www.kaelberer-online.de\/services\/wp-json\/wp\/v2\/pages\/73\/revisions"}],"up":[{"embeddable":true,"href":"https:\/\/www.kaelberer-online.de\/services\/wp-json\/wp\/v2\/pages\/26"}],"wp:featuredmedia":[{"embeddable":true,"href":"https:\/\/www.kaelberer-online.de\/services\/wp-json\/wp\/v2\/media\/74"}],"wp:attachment":[{"href":"https:\/\/www.kaelberer-online.de\/services\/wp-json\/wp\/v2\/media?parent=73"}],"curies":[{"name":"wp","href":"https:\/\/api.w.org\/{rel}","templated":true}]}}