{"id":69,"date":"2021-10-12T09:29:09","date_gmt":"2021-10-12T09:29:09","guid":{"rendered":"https:\/\/kaelberer-online.de\/services\/?page_id=69"},"modified":"2021-10-12T09:29:09","modified_gmt":"2021-10-12T09:29:09","slug":"isdn-telefonanlage-3cx","status":"publish","type":"page","link":"https:\/\/www.kaelberer-online.de\/services\/telefonanlagen\/isdn-telefonanlage-3cx\/","title":{"rendered":"ISDN TELEFONANLAGE 3CX Service Telefon 07164 90 97 00"},"content":{"rendered":"<h2>\n<p>Kennen Sie die Vorgaben an Ihre neue <strong><strong>3CX<\/strong><\/strong> <strong><strong>TK-Anlage<\/strong><\/strong> schon?<\/p>\n<\/h2>\n<p><h3>Die moderne <strong>3CX<\/strong> <strong>Telefonanlage<\/strong> erleichtert Ihre Gesch\u00e4ftsprozesse. Optimieren Sie Ihr Unternehmen mit einer neusten und flexiblen <strong>3CX<\/strong> Telefonanlage. Die <strong>3CX<\/strong> <strong>Telefonanlage<\/strong> die individuell auf Ihre Anforderungen abgestimmt ist und mit Ihrem Unternehmen gro\u00df werden kann.<\/h3>\n<\/p>\n<p>Eine neue Arbeitswelt die mobil unterwegs ist. Telefonieren Sie mit dem Smartphone \u00fcber Ihre <strong>3CX<\/strong> <strong>Telefonanlage<\/strong> mit Ihren Kunden. Selbstverst\u00e4ndlich mit Ihrer Festnetz-Telefonnummer als Absenderkennung. besch\u00fctzen Sie die Privatsph\u00e4re und zeigen Sie Seriosit\u00e4t.<\/p>\n<p>Unsere <strong>3CX<\/strong> <strong>TK-Anlage<\/strong>n wurden auch f\u00fcr flexibles arbeiten konzipiert. Als moderne Cloud <strong>3CX<\/strong> <strong>Telefonanlage<\/strong> oder auf Ihrer privaten Hardware hausintern gehostet. Die Installation und die Konfiguration ist einfach. Sie erhalten dadurch eine sichere, zuverl\u00e4ssige wie auch vielseitige <strong>3CX<\/strong> <strong>Telefonanlage<\/strong>.<\/p>\n<h2>Faire Preise f\u00fcr Ihre neue 3CX <strong>Telefonanlage<\/strong><\/h2>\n<p>Ein hervorragendes Preis- und Leistungsverh\u00e4ltnis. Richten Sie unbegrenzt viele Nebenstellen ein, stets exakt da wo Sie sie gerade ben\u00f6tigen und sparen Sie Kosten.<\/p>\n<h2>Best\u00e4rken Sie Ihr Personal.<\/h2>\n<p>Bei Anrufeingang pr\u00e4zise wissen wer im Moment anruft. Infos sind alles. F\u00fcr Mitarbeiter oder die Leitung. So wissen Sie exakt was geht. W\u00e4hlen Sie mit einem einfachen Click aus dem CRM oder Ihrer Business Software jede Rufnummer.<\/p>\n<p>Ist es nicht prima, wenn Sie von einer zentralen Oberfl\u00e4che heraus alle Anrufe realisieren, annehmen wie auch bearbeiten oder aber den Status Ihrer Arbeitskollegen abfragen, eingehende Livechat-News beantworten und Videoanrufe f\u00fchren k\u00f6nnten? Mit einem Webclient als Softphone und der Windows Desktop Applikation ist all das sowie noch viel mehr m\u00f6glich.<\/p>\n<h2>Microsoft 365 Einbindung<\/h2>\n<p>Nutzt Ihr Unternehmen MS 365? Dann verkn\u00fcpfen Sie dieses direkt mit der <strong>3CX<\/strong> <strong>TK-Anlage<\/strong> und verschmelzen Sie s\u00e4mtliche Vorz\u00fcge beider Systeme! User k\u00f6nnen nahtlos \u00fcber beide Applikationen arbeiten, Kontakte organisieren und Vorg\u00e4nge verschlanken, um ihre Effizienz zu erh\u00f6hen und Klienten zu inspirieren. <\/p>\n<h2>Kontakte mit dem <strong>3CX<\/strong> Telefonbuch abgleichen<\/h2>\n<h2>MS Teams Telefonie-Integration<\/h2>\n<ol>\n<li>Selektion eines individuellen g\u00fcnstigen SIP-Dienstleisters Ihrer Gegend<\/li>\n<\/li>\n<li>Ausschalten Microsoft\u00b4s kostspieliger Inlands-\/globaler Tarife<\/li>\n<\/li>\n<\/ol>\n<h3>Unsere Techniker unterst\u00fctzen, organisieren Hardware sowie Softwarel\u00f6sungen, installieren, konfigurieren, nehmen in Betrieb und Supporten Ihre neue <strong>3CX<\/strong> <strong>TK-Anlage<\/strong>. Sie haben Fragen, oder wollen die derzeitige Preisliste anfordern? Sie erreichen uns unter Telefon 07164 909700 oder per Mail unter support@kaelberer-online.de<\/h3>\n<h2>Konnten wir Ihr Aufmerksamkeit wecken?<\/h2>\n<p>Jede Menge zus\u00e4tzliche tolle Features warten auf Sie.<\/p>\n<ul>\n<li>Wechsel zwischen Server &#038; Cloud \u2013 integriertes Backup &#038; Restore<\/li>\n<li>Abfrage von Klienten- oder Fallnummern, um Agenten Zeit zu sparen<\/li>\n<li>Uhrzeit-basierte Anrufweiterleitung und Telefonumfragen<\/li>\n<li>Einfaches Weiterleiten von Kunden an die korrekte Abteilung<\/li>\n<li>Beantwortung von Anfragen mittels Livechat, Facebook &#038; SMS via Apps<\/li>\n<li>Verwaltung von System &#038; Nutzern von beliebigem Ort<\/li>\n<li>Selbst\u00e4ndig Hosten via Google, Amazon, Microsoft &#038; mehr<\/li>\n<li>Selektieren Sie im Men\u00fc oben das QR-Code-Symbol f\u00fcr dessen Scan<\/li>\n<li>Vernetzen von remote B\u00fcros und interne Anrufkosten eliminieren<\/li>\n<li>Lockdown-f\u00e4hig mit der kostenlosen Anwendung f\u00fcr Web, iOS &#038; Android<\/li>\n<li>Perfekte Verbindung f\u00fcr nahtlosen Wechsel zwischen Netzen<\/li>\n<li>Keinerlei Tischtelefone vonn\u00f6ten \u2013 Nutzen Sie Ihr Handy<\/li>\n<li>Virtualisieren mit VMware, Hyper-V oder KVM<\/li>\n<li>Vollautomatische Anrufaufzeichnung bereinigt manuelle Eintr\u00e4ge<\/li>\n<li>Direkter Kontakt via Anrufe, Video sowie Instant Messaging<\/li>\n<li>Intelligente Skalierbarkeit der <strong>Telefonanlage<\/strong>n-Installation<\/li>\n<\/ul>\n<h3>Fragen Sie weitere Infos und ein Angebot bei unserer Firma an. Selbstverst\u00e4ndlich stellen wir Ihnen auch eine komplette Leistungs\u00fcbersicht zur Verf\u00fcgung.<\/h3>\n<p>[contact-form-7 id=&#8220;5&#8243; title=&#8220;Contact form 1&#8243;]<\/p>\n","protected":false},"excerpt":{"rendered":"<p>Kennen Sie die Vorgaben an Ihre neue 3CX TK-Anlage schon? Die moderne 3CX Telefonanlage erleichtert Ihre Gesch\u00e4ftsprozesse. Optimieren Sie Ihr Unternehmen mit einer neusten und flexiblen 3CX Telefonanlage. Die 3CX Telefonanlage die individuell auf Ihre Anforderungen abgestimmt ist und mit Ihrem Unternehmen gro\u00df werden kann. Eine neue Arbeitswelt die mobil unterwegs ist. Telefonieren Sie mit &hellip; <a href=\"https:\/\/www.kaelberer-online.de\/services\/telefonanlagen\/isdn-telefonanlage-3cx\/\" class=\"more-link\">Continue reading<span class=\"screen-reader-text\"> &#8222;ISDN TELEFONANLAGE 3CX Service Telefon 07164 90 97 00&#8220;<\/span><\/a><\/p>\n","protected":false},"author":2,"featured_media":70,"parent":26,"menu_order":0,"comment_status":"closed","ping_status":"closed","template":"","meta":{"footnotes":""},"class_list":["post-69","page","type-page","status-publish","has-post-thumbnail","hentry"],"_links":{"self":[{"href":"https:\/\/www.kaelberer-online.de\/services\/wp-json\/wp\/v2\/pages\/69","targetHints":{"allow":["GET"]}}],"collection":[{"href":"https:\/\/www.kaelberer-online.de\/services\/wp-json\/wp\/v2\/pages"}],"about":[{"href":"https:\/\/www.kaelberer-online.de\/services\/wp-json\/wp\/v2\/types\/page"}],"author":[{"embeddable":true,"href":"https:\/\/www.kaelberer-online.de\/services\/wp-json\/wp\/v2\/users\/2"}],"replies":[{"embeddable":true,"href":"https:\/\/www.kaelberer-online.de\/services\/wp-json\/wp\/v2\/comments?post=69"}],"version-history":[{"count":0,"href":"https:\/\/www.kaelberer-online.de\/services\/wp-json\/wp\/v2\/pages\/69\/revisions"}],"up":[{"embeddable":true,"href":"https:\/\/www.kaelberer-online.de\/services\/wp-json\/wp\/v2\/pages\/26"}],"wp:featuredmedia":[{"embeddable":true,"href":"https:\/\/www.kaelberer-online.de\/services\/wp-json\/wp\/v2\/media\/70"}],"wp:attachment":[{"href":"https:\/\/www.kaelberer-online.de\/services\/wp-json\/wp\/v2\/media?parent=69"}],"curies":[{"name":"wp","href":"https:\/\/api.w.org\/{rel}","templated":true}]}}