{"id":66,"date":"2021-12-27T11:42:31","date_gmt":"2021-12-27T11:42:31","guid":{"rendered":"https:\/\/kaelberer-online.de\/services\/?page_id=66"},"modified":"2021-12-27T11:42:31","modified_gmt":"2021-12-27T11:42:31","slug":"voice-over-ip-telefonanlage-3cx","status":"publish","type":"page","link":"https:\/\/www.kaelberer-online.de\/services\/telefonanlagen\/voice-over-ip-telefonanlage-3cx\/","title":{"rendered":"VOICE OVER IP TELEFONANLAGE 3CX Angebot Tel. 07164 90 97 00"},"content":{"rendered":"<h2>\n<p>Wissen Sie die Anspr\u00fcche an Ihre neue <strong><strong>3CX<\/strong><\/strong> <strong><strong>TK-Anlage<\/strong><\/strong> schon?<\/p>\n<\/h2>\n<p><h3>Die moderne <strong>3CX<\/strong> <strong>TK-Anlage<\/strong> vereinfacht die Gesch\u00e4ftsprozesse. Optimieren Sie Ihre Firma mit einer neuen und flexiblen <strong>3CX<\/strong> Telefonanlage. Die <strong>3CX<\/strong> <strong>TK-Anlage<\/strong> die individuell auf Ihre Erwartungen zugeschnitten ist und mit Ihrem Unternehmen gro\u00df werden kann.<\/h3>\n<\/p>\n<p>Die neue Arbeitswelt ist mobil unterwegs. Telefonieren Sie mit einem Smartphone \u00fcber die <strong>3CX<\/strong> <strong>Telefonanlage<\/strong> mit Ihren Klienten. Nat\u00fcrlich mit Ihrer Festnetz-Telefonnummer als Absenderkennung. besch\u00fctzen Sie Ihre Privatsph\u00e4re und beweisen Sie Seriosit\u00e4t.<\/p>\n<p>die <strong>3CX<\/strong> <strong>TK-Anlage<\/strong>n werden auch f\u00fcr flexibles arbeiten konzipiert. Als moderne Cloud <strong>3CX<\/strong> <strong>TK-Anlage<\/strong> oder auf der eigenen Hardware hausintern gehostet. Eine Installation und die Verwaltung ist einfach. Sie bekommen dadurch eine sichere, zuverl\u00e4ssige sowie variable <strong>3CX<\/strong> TK-Anlage.<\/p>\n<h2>Faire Preise f\u00fcr Ihre brandneue 3CX <strong>TK-Anlage<\/strong><\/h2>\n<p>Ein einmaliges Preis- und Leistungsverh\u00e4ltnis. Richten Sie unendlich viele Nebenstellen ein, stets genau da wo Sie sie gerade w\u00fcnschen und sparen Sie Kosten.<\/p>\n<h2>Identifizieren Sie Ihre Anrufer!<\/h2>\n<p>Bei Anrufeingang pr\u00e4zise wissen wer gerade anruft. Informationen sind alles. F\u00fcr Mitarbeiter und die Direktion. Dadurch wissen Sie exakt was geht. W\u00e4hlen Sie mit einem trivialen Mausklick aus Ihrem CRM oder Ihrer Business Software jede Telefonnummer.<\/p>\n<p>W\u00e4re es nicht cool, wenn Sie von einer zentralen Oberfl\u00e4che heraus alle Anrufe realisieren, annehmen sowie bearbeiten oder aber den Status Ihrer Kollegen abfragen, eingehende Livechat-News beantworten und Videoanrufe f\u00fchren k\u00f6nnten? Mit einem Webclient als Softphone und der Windows Desktop App wird alles das sowie noch viel mehr machbar.<\/p>\n<h2>Microsoft 365 Einbindung<\/h2>\n<p>Nutzt Ihre Firma MS 365? Dann verbinden Sie dieses unproblematisch mit der <strong>3CX<\/strong> <strong>Telefonanlage<\/strong> und kombinieren Sie alle Vorteile beider Systeme! Anwender k\u00f6nnen nahtlos \u00fcber beide Apps arbeiten, Kontakte organisieren und Prozesse verschlanken, um die Effizienz zu erh\u00f6hen und Auftraggeber zu inspirieren. <\/p>\n<h2>Kontakte mit dem <strong>3CX<\/strong> Teilnehmerverzeichnis synchronisieren<\/h2>\n<ol>\n<li>Automatisierte Synchronisation Ihrer privaten Kontakte<\/li>\n<li>Anruf synchronisierter Kontakte per Webclient oder mobilen Applikationen<\/li>\n<li>Aktualisierung gemeinschaftlicher Mailbox-Kontakte mit dem <strong>3CX<\/strong>-Teilnehmerverzeichnis<\/li>\n<\/ol>\n<h2>MS Teams Telefonie-Verzahnung<\/h2>\n<ol>\n<li>Selektion eines eigenen preiswerten SIP-Dienstleisters Ihrer Region<\/li>\n<\/li>\n<li>Realisierung externer Telefonate \u00fcber <strong>3CX<\/strong> SIP-Trunks<\/li>\n<\/li>\n<li>Eliminieren Microsoft\u00b4s teurer Inlands-\/internationaler Tarife<\/li>\n<\/li>\n<\/ol>\n<h3>Unsere Techniker informieren, beschaffen Hardware und Softwarel\u00f6sungen, installieren, konfigurieren, nehmen in Betrieb und Supporten Ihre neue <strong>3CX<\/strong> <strong>Telefonanlage<\/strong>. Sie haben Fragen, oder m\u00f6chten unsere derzeitige Liste der Preise anfordern? Sie erreichen uns unter Telefon 07164 909700 und per E-Mail-Nachricht unter support@kaelberer-online.de<\/h3>\n<h2>Konnten wir Sie neugierig machen?<\/h2>\n<p>Unz\u00e4hlige weitere top Funktionen warten auf Sie.<\/p>\n<ul>\n<li>Freih\u00e4ndiges Telefonieren dank Siri sowie Bluetooth-Einbindung<\/li>\n<li>Ab\u00e4ndern des pers\u00f6nlichen Status sowie Ansicht der Verf\u00fcgbarkeit des Projektteams<\/li>\n<li>Kontrolle \u00fcber die Leitungen und Gespr\u00e4chskosten<\/li>\n<li>Wechsel zwischen Server &#038; Cloud \u2013 integriertes Backup &#038; Restore<\/li>\n<li>Abfrage von Kunden- sowie Fallnummern, um Agenten Zeit zu sparen<\/li>\n<li>Anrufweiterleitung aufbauend auf Kundennummer und Anfrage<\/li>\n<li>PBX Express bootet Ihre <strong>3CX<\/strong>-Instanz in ein paar Minuten<\/li>\n<li>Identifizierung von Anrufern mit Hilfe CRM-Zusammenf\u00fchrung<\/li>\n<li>Direkter Kontakt via Anrufe, Video und Instant Messaging<\/li>\n<li>Jederzeit zwischen <strong>3CX<\/strong>-Hosting, on-Premise &#038; Ihrer Cloud wechseln<\/li>\n<li>Zufriedene Kunden und weniger Aufwand f\u00fcr Ihre Arbeitnehmer<\/li>\n<li>Starten eines Videoanrufs von Ihrem Handy aus<\/li>\n<li>Virtualisieren durch VMware, Hyper-V oder KVM<\/li>\n<li>Variable eingehende\/ausgehende Vorgaben, DIDs &#038; Ring Groups<\/li>\n<li>Bequemes Implementieren und Verwalten ohne Schulungsbedarf<\/li>\n<li>Wechsel zwischen Sprach- und Video-Anrufe mit einem Fingertipp<\/li>\n<li>Auf g\u00fcnstigem Raspberry Pi und MiniPC als Telefonie-Appliance<\/li>\n<li>Kostenlose Office-Anrufe f\u00fcr remote &#038; reisende Mitarbeiter<\/li>\n<li>Inbegriffen Datensicherungen \u00fcber Nacht und 24\/7-\u00dcberwachung<\/li>\n<li>App \u00f6ffnen, QR Code scannen \u2013 schon sind Sie bereit!<\/li>\n<li>Verwendung der Office-Durchwahlnummer auf Ihrem Handy<\/li>\n<li>M\u00fcheloses Erstellen und Verwalten von Nebenstellen \u2013 auch remote<\/li>\n<li>Kinderleichte Nutzerverwaltung spart zahlreiche Arbeitsstunden<\/li>\n<li>Beantwortung von Fragen per Livechat, Facebook &#038; SMS via Apps<\/li>\n<li>4-stellige Kostenersparnis f\u00fcr Gespr\u00e4che mittels SIP-Trunk Ihrer Auswahl<\/li>\n<\/ul>\n<h3>Fordern Sie zus\u00e4tzliche Unterlagen und ein Produktangebot bei unserer Firma an. Selbstverst\u00e4ndlich stellen wir Ihnen auch eine vollst\u00e4ndige Featureliste zur Verf\u00fcgung.<\/h3>\n<p>[contact-form-7 id=&#8220;5&#8243; title=&#8220;Contact form 1&#8243;]<\/p>\n","protected":false},"excerpt":{"rendered":"<p>Wissen Sie die Anspr\u00fcche an Ihre neue 3CX TK-Anlage schon? Die moderne 3CX TK-Anlage vereinfacht die Gesch\u00e4ftsprozesse. Optimieren Sie Ihre Firma mit einer neuen und flexiblen 3CX Telefonanlage. Die 3CX TK-Anlage die individuell auf Ihre Erwartungen zugeschnitten ist und mit Ihrem Unternehmen gro\u00df werden kann. Die neue Arbeitswelt ist mobil unterwegs. Telefonieren Sie mit einem &hellip; <a href=\"https:\/\/www.kaelberer-online.de\/services\/telefonanlagen\/voice-over-ip-telefonanlage-3cx\/\" class=\"more-link\">Continue reading<span class=\"screen-reader-text\"> &#8222;VOICE OVER IP TELEFONANLAGE 3CX Angebot Tel. 07164 90 97 00&#8220;<\/span><\/a><\/p>\n","protected":false},"author":2,"featured_media":67,"parent":26,"menu_order":0,"comment_status":"closed","ping_status":"closed","template":"","meta":{"footnotes":""},"class_list":["post-66","page","type-page","status-publish","has-post-thumbnail","hentry"],"_links":{"self":[{"href":"https:\/\/www.kaelberer-online.de\/services\/wp-json\/wp\/v2\/pages\/66","targetHints":{"allow":["GET"]}}],"collection":[{"href":"https:\/\/www.kaelberer-online.de\/services\/wp-json\/wp\/v2\/pages"}],"about":[{"href":"https:\/\/www.kaelberer-online.de\/services\/wp-json\/wp\/v2\/types\/page"}],"author":[{"embeddable":true,"href":"https:\/\/www.kaelberer-online.de\/services\/wp-json\/wp\/v2\/users\/2"}],"replies":[{"embeddable":true,"href":"https:\/\/www.kaelberer-online.de\/services\/wp-json\/wp\/v2\/comments?post=66"}],"version-history":[{"count":0,"href":"https:\/\/www.kaelberer-online.de\/services\/wp-json\/wp\/v2\/pages\/66\/revisions"}],"up":[{"embeddable":true,"href":"https:\/\/www.kaelberer-online.de\/services\/wp-json\/wp\/v2\/pages\/26"}],"wp:featuredmedia":[{"embeddable":true,"href":"https:\/\/www.kaelberer-online.de\/services\/wp-json\/wp\/v2\/media\/67"}],"wp:attachment":[{"href":"https:\/\/www.kaelberer-online.de\/services\/wp-json\/wp\/v2\/media?parent=66"}],"curies":[{"name":"wp","href":"https:\/\/api.w.org\/{rel}","templated":true}]}}