{"id":62,"date":"2022-01-22T17:36:52","date_gmt":"2022-01-22T17:36:52","guid":{"rendered":"https:\/\/kaelberer-online.de\/services\/?page_id=62"},"modified":"2022-01-22T17:36:52","modified_gmt":"2022-01-22T17:36:52","slug":"voip-telefonanlage-3cx","status":"publish","type":"page","link":"https:\/\/www.kaelberer-online.de\/services\/telefonanlagen\/voip-telefonanlage-3cx\/","title":{"rendered":"VOIP TELEFONANLAGE 3CX Preise Telefon 07164 90 97 00"},"content":{"rendered":"<h2>\n<p>Wissen Sie die Anforderungen an Ihre neue <strong><strong>3CX<\/strong><\/strong> <strong><strong>TK-Anlage<\/strong><\/strong> bereits?<\/p>\n<\/h2>\n<p><h3>Die moderne <strong>3CX<\/strong> <strong>Telefonanlage<\/strong> vereinfacht Ihre Unternehmensprozesse. Optimieren Sie Ihr Unternehmen mit einer neuen und flexiblen <strong>3CX<\/strong> Telefonanlage. Die <strong>3CX<\/strong> <strong>Telefonanlage<\/strong> die individuell auf Ihre Anforderungen angepasst ist und mit Ihrem Unternehmen wachsen kann.<\/h3>\n<\/p>\n<p>Eine neue Arbeitswelt ist mobil unterwegs. Telefonieren Sie mit einem Handy \u00fcber Ihre <strong>3CX<\/strong> <strong>TK-Anlage<\/strong> mit Ihren Auftraggebern. Selbstverst\u00e4ndlich mit Ihrer Festnetz-Telefonnummer als Absender-Kennung. Wahren Sie die Privatsph\u00e4re und zeigen Sie Seriosit\u00e4t.<\/p>\n<p>Unsere <strong>3CX<\/strong> <strong>Telefonanlage<\/strong>n wurden auch f\u00fcr mobiles arbeiten entwickelt. Als zeitgem\u00e4\u00dfe Cloud <strong>3CX<\/strong> <strong>Telefonanlage<\/strong> oder auf der pers\u00f6nlichen Hardware hausintern gehostet. Eine Installation und die Verwaltung ist unkompliziert. Sie erhalten damit eine sichere, zuverl\u00e4ssige wie auch variable <strong>3CX<\/strong> TK-Anlage.<\/p>\n<h2>Die preisg\u00fcnstige, anpassungsf\u00e4hige L\u00f6sung<\/h2>\n<p>Ein unschlagbares Preis- und Leistungsverh\u00e4ltnis. Richten Sie unbegrenzt viele Nebenstellen ein, stets pr\u00e4zise da wo Sie sie im Moment ben\u00f6tigen und sparen Sie Kosten.<\/p>\n<h2>Erkennen Sie Ihre Anrufenden!<\/h2>\n<p>Bei Anrufeingang exakt wissen wer im Moment anruft. Informationen sind alles. F\u00fcr Besch\u00e4ftigte sowie die Leitung. Somit wissen Sie exakt was l\u00e4uft. W\u00e4hlen Sie mit einem einfachen Mausklick aus Ihrem CRM oder Ihrer Firmensoftware jede Rufnummer.<\/p>\n<p>Ist es nicht klasse, wenn Sie von einer zentralen Oberfl\u00e4che heraus jegliche Anrufe realisieren, entgegennehmen sowie bearbeiten oder aber den Status Ihrer Arbeitskollegen in Erfahrung bringen, eingehende Livechat-News beantworten und Videoanrufe f\u00fchren k\u00f6nnten? Mit dem Webclient als Softphone wie auch der Windows Desktop App wird all das sowie noch viel mehr realisierbar.<\/p>\n<h2>Microsoft 365 Einbeziehung<\/h2>\n<p>Nutzt Ihre Firma MS 365? In diesem Fall vernetzen Sie dieses ganz leicht mit der <strong>3CX<\/strong> <strong>TK-Anlage<\/strong> und verschmelzen Sie jegliche Vorz\u00fcge beider Systeme! User k\u00f6nnen \u00fcbergangslos \u00fcber beide Apps arbeiten, Kontakte organisieren und Verfahren schlanker machen, um ihre Effizienz zu steigern und Auftraggeber zu inspirieren. <\/p>\n<h2>Kontakte mit dem <strong>3CX<\/strong> Telefonbuch abgleichen<\/h2>\n<ol>\n<li>Automatisierte Synchronisation Ihrer privaten Kontakte<\/li>\n<li>Updaten gemeinschaftlicher Mailbox-Kontakte mit dem <strong>3CX<\/strong>-Teilnehmerverzeichnis<\/li>\n<li>Anruf synchronisierter Kontakte per Webclient oder portabler Applikationen<\/li>\n<\/ol>\n<h2>Microsoft Teams Telefonie-Integration<\/h2>\n<ol>\n<li>Auswahl eines individuellen perfekten SIP-Dienstleisters Ihrer Region<\/li>\n<\/li>\n<li>Ausschalten Microsoft\u00b4s teurer Inlands-\/globaler Tarife<\/li>\n<\/li>\n<li>Durchf\u00fchrung externer Telefongespr\u00e4che \u00fcber <strong>3CX<\/strong> SIP-Trunks<\/li>\n<\/li>\n<\/ol>\n<h3>Unsere Techniker unterst\u00fctzen, beschaffen Hardware und Software, installieren, konfigurieren, nehmen in Betrieb und Supporten Ihre brandneue <strong>3CX<\/strong> <strong>Telefonanlage<\/strong>. Sie haben Fragen, oder m\u00f6chten unsere aktuelle Preisliste anfordern? Sie erreichen uns unter Telefon 07164 909700 und per Mail unter support@kaelberer-online.de<\/h3>\n<h2>Konnten wir Sie neugierig machen?<\/h2>\n<p>Jede Menge weitere tolle Features warten auf Sie.<\/p>\n<ul>\n<li>Zeitgewinn mittels automatischer Bildschirmanzeige von Kundendaten<\/li>\n<li>Administration von System &#038; Nutzern von beliebigem Standort<\/li>\n<li>Lockdown-f\u00e4hig mit der kostenfreien Applikation f\u00fcr Web, iOS &#038; Android<\/li>\n<li>Wechsel zwischen Server &#038; Cloud \u2013 integriertes Backup &#038; Restore<\/li>\n<li>Bequemes Implementieren und Verwalten ohne Schulungsbedarf<\/li>\n<li>Enth\u00e4lt mobile Apps f\u00fcr das Betriebssystem Windows, Web, iOS &#038; Android<\/li>\n<li>Keine Lizenzierung je Nebenstelle, unendlich viele Nebenstellen<\/li>\n<li>Praktische eingehende\/ausgehende Regeln, DIDs &#038; Ring Groups<\/li>\n<li>4-stellige Kostenersparnis f\u00fcr Gespr\u00e4che mittels SIP-Trunk Ihrer Auswahl<\/li>\n<li>Bequemes Erstellen und Verwalten von Nebenstellen \u2013 auch remote<\/li>\n<li>Verbesserte Erreichbarkeit f\u00fcr Star-Kunden au\u00dferhalb der B\u00fcrozeiten<\/li>\n<li>Zufriedene Kunden und weniger M\u00fchen f\u00fcr Ihre Mitarbeiter<\/li>\n<li>Registrierung am Webclient \u2013 Einzelheiten in der Willkommens-E-Mail<\/li>\n<li>Fernkonfiguration \u00fcber QR-Code anstatt umst\u00e4ndliche Einrichtung<\/li>\n<li>App \u00f6ffnen, QR Code scannen \u2013 im Nu sind Sie bereit!<\/li>\n<li>Erstellung eines neuen Kundendatensatzes f\u00fcr neue Rufnummern<\/li>\n<li>Zuteilung der Anrufer-ID zu dem Datensatz in Ihrem CRM<\/li>\n<li>Inbegriffen Datensicherungen \u00fcber Nacht und 24\/7-\u00dcberwachung<\/li>\n<li>Laden Sie die App aus dem Google Play oder App Store herunter<\/li>\n<li>Schnellkonfiguration mit IP-Telefonen, Gateways &#038; SIP-Trunks<\/li>\n<li>Starten eines Videoanrufs von Ihrem Mobiltelefon aus<\/li>\n<li>Einfaches Weiterreichen von Kunden an die korrekte Abteilung<\/li>\n<li>Ab\u00e4ndern des eigenen Status wie auch Ansicht der Verf\u00fcgbarkeit des Teams<\/li>\n<\/ul>\n<h3>Fragen Sie weitere Informationen und ein Angebot bei unserer Firma an. Gerne stellen wir Ihnen auch eine vollst\u00e4ndige Featureliste zur Verf\u00fcgung.<\/h3>\n<p>[contact-form-7 id=&#8220;5&#8243; title=&#8220;Contact form 1&#8243;]<\/p>\n","protected":false},"excerpt":{"rendered":"<p>Wissen Sie die Anforderungen an Ihre neue 3CX TK-Anlage bereits? Die moderne 3CX Telefonanlage vereinfacht Ihre Unternehmensprozesse. Optimieren Sie Ihr Unternehmen mit einer neuen und flexiblen 3CX Telefonanlage. Die 3CX Telefonanlage die individuell auf Ihre Anforderungen angepasst ist und mit Ihrem Unternehmen wachsen kann. Eine neue Arbeitswelt ist mobil unterwegs. Telefonieren Sie mit einem Handy &hellip; <a href=\"https:\/\/www.kaelberer-online.de\/services\/telefonanlagen\/voip-telefonanlage-3cx\/\" class=\"more-link\">Continue reading<span class=\"screen-reader-text\"> &#8222;VOIP TELEFONANLAGE 3CX Preise Telefon 07164 90 97 00&#8220;<\/span><\/a><\/p>\n","protected":false},"author":2,"featured_media":63,"parent":26,"menu_order":0,"comment_status":"closed","ping_status":"closed","template":"","meta":{"footnotes":""},"class_list":["post-62","page","type-page","status-publish","has-post-thumbnail","hentry"],"_links":{"self":[{"href":"https:\/\/www.kaelberer-online.de\/services\/wp-json\/wp\/v2\/pages\/62","targetHints":{"allow":["GET"]}}],"collection":[{"href":"https:\/\/www.kaelberer-online.de\/services\/wp-json\/wp\/v2\/pages"}],"about":[{"href":"https:\/\/www.kaelberer-online.de\/services\/wp-json\/wp\/v2\/types\/page"}],"author":[{"embeddable":true,"href":"https:\/\/www.kaelberer-online.de\/services\/wp-json\/wp\/v2\/users\/2"}],"replies":[{"embeddable":true,"href":"https:\/\/www.kaelberer-online.de\/services\/wp-json\/wp\/v2\/comments?post=62"}],"version-history":[{"count":0,"href":"https:\/\/www.kaelberer-online.de\/services\/wp-json\/wp\/v2\/pages\/62\/revisions"}],"up":[{"embeddable":true,"href":"https:\/\/www.kaelberer-online.de\/services\/wp-json\/wp\/v2\/pages\/26"}],"wp:featuredmedia":[{"embeddable":true,"href":"https:\/\/www.kaelberer-online.de\/services\/wp-json\/wp\/v2\/media\/63"}],"wp:attachment":[{"href":"https:\/\/www.kaelberer-online.de\/services\/wp-json\/wp\/v2\/media?parent=62"}],"curies":[{"name":"wp","href":"https:\/\/api.w.org\/{rel}","templated":true}]}}