{"id":619,"date":"2021-11-30T11:49:23","date_gmt":"2021-11-30T11:49:23","guid":{"rendered":"https:\/\/kaelberer-online.de\/services\/?page_id=619"},"modified":"2021-11-30T11:49:23","modified_gmt":"2021-11-30T11:49:23","slug":"pc-service-privat-weilheim-an-der-teck","status":"publish","type":"page","link":"https:\/\/www.kaelberer-online.de\/services\/privat\/pc-service-privat-weilheim-an-der-teck\/","title":{"rendered":"PC Service Privat in Weilheim an der Teck &#8211; Telefon 07164 909700"},"content":{"rendered":"<h2>Ihr IT-Profi aus der N\u00e4he: <span style=\"color: #4F81BD;\"><strong>kaelberer services<\/strong><\/span> &#8211; unser Betrieb ist nur circa 1.9 Km von Ihnen weg.<\/h2>\n<p>Bei uns ist Ihre PC-Fehlerbeseitigung in den allerbesten H\u00e4nden! Au\u00dferdem k\u00f6nnen wir zuverl\u00e4ssig IT-Wartungen inklusive Virenentfernung an Ihrem Notebook durchf\u00fchren. Vielleicht ben\u00f6tigen Sie gute und preiswerte Kaufberatung, Datensicherung und Heimcomputer-Aufr\u00fcstung? Dann sind wir der ideale Partner!<\/p>\n<h2>Unsere Spezialisten in Zell unter Aichelberg legen besonderen Wert auf individuellen PC-Service f\u00fcr unsere Privaten Klienten.<\/h2>\n<p>Nehmen Sie mit uns Kontakt auf unter Telefon 07164 909700 und verlangen Sie unsere PC-Unterst\u00fctzung. Dieses Angebot gilt sowohl in unseren B\u00fcror\u00e4umen als auch \u00fcber Fernwartung oder vor Ort bei Ihnen in Weilheim an der Teck. Unsere Firma ist Ihre fachkundige Heimcomputer- Betreuung Ihr IT-Profi<\/p>\n<h3>Die Services unserer Firma auf einen Blick:<\/h3>\n<ul>\n<li>Reparatur und Instandsetzung von Computern, Laptops<\/li>\n<li>Es kommt \u00f6fter vor, als gedacht: ein Moment in dem man nicht aufpasst \u2013 versehentlich falsche Taste bet\u00e4tigt und Daten sind gel\u00f6scht.<\/li>\n<li>Unsere Firma steht Ihnen in jeder Situation rund um Personal Computer sowie Notebook mit bestem Wissen zur Seite.<\/li>\n<li>Installation von Ger\u00e4tschaft wie auch Software<\/li>\n<li>Virenentfernung, Virenschutz wie auch g\u00fcnstige und professionelle Sicherung Ihrer Daten<\/li>\n<li>Aufr\u00fcstung von PC sowie Notebook<\/li>\n<li>Sachkundige Schadensabwicklung rund um Personal Computer und Datensicherung<\/li>\n<\/ul>\n<p><strong><span style=\"color: #FF0000;\">Weitere Angebote auf Anfrage Telefon: 07164 909700<\/span><\/strong><\/p>\n<h2>Konfiguration von Komponennten oder Software<\/h2>\n<p>In unserer schnelllebigen Umgebung gibt es dauerhaft Neuerungen. Der Erwerb eines aktuellen Computers, Druckers, Scanners oder einer Fritz box kann f\u00fcr den Laien besonders fordernd sein. Sie wissen nicht, wie moderne Programme genutzt werden? Dann unterst\u00fctzen wir Sie gerne dabei. Selbstredend z\u00e4hlt eine Ger\u00e4te- und Softwareinstallation zu unseren Arbeiten.<\/p>\n<p>PC und Laptop-Aufr\u00fcstung \u2013 gewissenhaft und fachkundig von kaelberer services.<\/p>\n<p>Die Technik steht nie still. Damit Sie generell auf dem aktuellen Status mit Ihrem Rechner sind, m\u00fcsste von Zeit zu Zeit eine professionelle Aufr\u00fcstung vorgenommen werden. Ihre Hardware-Aufr\u00fcstung ist bei uns in qualifizierter Hand.<\/p>\n<h2>Wenn es PC-Probleme gibt<\/h2>\n<p>Sollte Ihr Personal Computer nicht mehr richtig funktionieren oder das Handy oder Notebook l\u00e4diert ist, dann wenden Sie sich vertrauensvoll an uns.<\/p>\n<p>Rund um Service f\u00fcr jegliche PC, egal wie alt.<\/p>\n<p>Weitreichende Mehrwerte, die Ihren Rechner und Notebook betreffen, \u00fcbernehmen unsere Experten mit viel Sorgfalt. Unsere Firm ist Ihr routinierter Profi f\u00fcr Services in Weilheim an der Teck. Dabei ist unser Angebot besonders breit gef\u00e4chert. Im \u00dcbrigen bieten wir neben Heimcomputer-Reparatur auch viele IT-Dienstleistungen wie Backup, Softwareinstallation und Einzelschulungen.<\/p>\n<h2>PC-Unterst\u00fctzung f\u00fcr Private Kunden<\/h2>\n<p>Die Anforderungen von Privatkunden erfordern h\u00e4ufig ma\u00dfgeschneiderte L\u00f6sungen. Unsere Mitarbeiter von kaelberer-services sind darauf eingestellt. Den \u00e4lteren Laptop m\u00fcssen Sie nicht gleich zum Wertstoffhof transportieren, wahrscheinlich ben\u00f6tigt er nur eine Runderneuerung sowie eine neue SSD-Festplatte. Hierbei gibt eine Reihe von Varianten, Nachhaltigkeit ins Spiel zu bringen.<\/p>\n<p><strong><cite>Personalcomputer-Dienst im privaten Bereich: <span style=\"color: #4F81BD;\"><strong>kaelberer services<\/strong><\/span> Telefon: 07164 909700 &#8211; | E-Mail: support@kaelberer-online.de<\/cite><\/strong><\/p>\n<p>[contact-form-7 id=&#8220;524&#8243; title=&#8220;PC-Service-Privat&#8220;]<\/p>\n","protected":false},"excerpt":{"rendered":"<p>Ihr IT-Profi aus der N\u00e4he: kaelberer services &#8211; unser Betrieb ist nur circa 1.9 Km von Ihnen weg. Bei uns ist Ihre PC-Fehlerbeseitigung in den allerbesten H\u00e4nden! Au\u00dferdem k\u00f6nnen wir zuverl\u00e4ssig IT-Wartungen inklusive Virenentfernung an Ihrem Notebook durchf\u00fchren. Vielleicht ben\u00f6tigen Sie gute und preiswerte Kaufberatung, Datensicherung und Heimcomputer-Aufr\u00fcstung? Dann sind wir der ideale Partner! Unsere &hellip; <a href=\"https:\/\/www.kaelberer-online.de\/services\/privat\/pc-service-privat-weilheim-an-der-teck\/\" class=\"more-link\">Continue reading<span class=\"screen-reader-text\"> &#8222;PC Service Privat in Weilheim an der Teck &#8211; Telefon 07164 909700&#8220;<\/span><\/a><\/p>\n","protected":false},"author":2,"featured_media":620,"parent":486,"menu_order":0,"comment_status":"closed","ping_status":"closed","template":"","meta":{"footnotes":""},"class_list":["post-619","page","type-page","status-publish","has-post-thumbnail","hentry"],"_links":{"self":[{"href":"https:\/\/www.kaelberer-online.de\/services\/wp-json\/wp\/v2\/pages\/619","targetHints":{"allow":["GET"]}}],"collection":[{"href":"https:\/\/www.kaelberer-online.de\/services\/wp-json\/wp\/v2\/pages"}],"about":[{"href":"https:\/\/www.kaelberer-online.de\/services\/wp-json\/wp\/v2\/types\/page"}],"author":[{"embeddable":true,"href":"https:\/\/www.kaelberer-online.de\/services\/wp-json\/wp\/v2\/users\/2"}],"replies":[{"embeddable":true,"href":"https:\/\/www.kaelberer-online.de\/services\/wp-json\/wp\/v2\/comments?post=619"}],"version-history":[{"count":0,"href":"https:\/\/www.kaelberer-online.de\/services\/wp-json\/wp\/v2\/pages\/619\/revisions"}],"up":[{"embeddable":true,"href":"https:\/\/www.kaelberer-online.de\/services\/wp-json\/wp\/v2\/pages\/486"}],"wp:featuredmedia":[{"embeddable":true,"href":"https:\/\/www.kaelberer-online.de\/services\/wp-json\/wp\/v2\/media\/620"}],"wp:attachment":[{"href":"https:\/\/www.kaelberer-online.de\/services\/wp-json\/wp\/v2\/media?parent=619"}],"curies":[{"name":"wp","href":"https:\/\/api.w.org\/{rel}","templated":true}]}}