{"id":617,"date":"2021-12-14T08:01:13","date_gmt":"2021-12-14T08:01:13","guid":{"rendered":"https:\/\/kaelberer-online.de\/services\/?page_id=617"},"modified":"2021-12-14T08:01:13","modified_gmt":"2021-12-14T08:01:13","slug":"pc-service-privat-wangen","status":"publish","type":"page","link":"https:\/\/www.kaelberer-online.de\/services\/privat\/pc-service-privat-wangen\/","title":{"rendered":"PC Service Privat f\u00fcr Wangen &#8211; Tel. 07164 909700"},"content":{"rendered":"<h2>Ihr EDV-Experte aus der nahe gelegenen Umgebung: <span style=\"color: #4F81BD;\"><strong>kaelberer services<\/strong><\/span> &#8211; unser Unternehmen ist nur circa 8.4 Km von Ihnen weg.<\/h2>\n<p>Bei unserer Firma ist Ihre Heimcomputer-Fehlerbeseitigung in den allerbesten H\u00e4nden! Au\u00dferdem f\u00fchren wir zuverl\u00e4ssig IT-Wartungen inklusive Virenentfernung an Ihrem PC durch. Vielleicht brauchen Sie zuverl\u00e4ssige Kaufberatung, Datensicherung oder Heimcomputer-Aufr\u00fcstung? In diesem Fall sind wir der richtige Ansprechpartner!<\/p>\n<h2>Unsere Mitarbeiter in Zell u. A. legen besonderen Wert auf pers\u00f6nlichen PC-Service f\u00fcr unsere Privatkunden.<\/h2>\n<p>Nehmen Sie mit uns Kontakt auf unter E-Mail: support@kaelberer-online.de und fordern Sie unsere PC-Unterst\u00fctzung an. Dieses Angebot gilt sowohl in unseren R\u00e4umlichkeiten wie auch \u00fcber Fernwartung oder vor Ort bei Ihnen in Wangen. Unsere Firma ist Ihre fachkundige Personal Computer- Betreuung Ihr IT-Experte<\/p>\n<h3>Unsere Serviceleistungen auf einen Blick:<\/h3>\n<ul>\n<li>Manchmal kommt es vor: ein unachtsamer Moment \u2013 falsche Taste bet\u00e4tigt und die Daten sind gel\u00f6scht.<\/li>\n<li>Virenentfernung, Virenschutz wie auch kompetente Datensicherung<\/li>\n<li>Fehlerbehebung und Instandsetzung von PCs, Laptops<\/li>\n<li>Installation, Konfiguration von Ger\u00e4ten sowie Software<\/li>\n<li>Unsere Firma steht Ihnen in jeder Situation rund um Personalcomputer sowie Laptop mit bestem Know How zur Seite.<\/li>\n<li>Sachkundige Abwicklung rund um Heimcomputer und Backup<\/li>\n<li>Aufr\u00fcstung von Personal Computer beziehungsweise Laptop<\/li>\n<\/ul>\n<p><strong><span style=\"color: #FF0000;\">Zus\u00e4tzliche Leistungen auf Anfrage Tel.: 07164 909700<\/span><\/strong><\/p>\n<h2>Installation von Ger\u00e4ten sowie Softwarel\u00f6sungen<\/h2>\n<p>In unserer schnelllebigen Umgebung gibt es unabl\u00e4ssig \u00c4nderungen. Die Anschaffung eines neuen Computers, Druckers, Scanners oder einer Fritz box kann f\u00fcr den Laien besonders herausfordernd sein. Sie wissen nicht, wie neue Anwendungen genutzt werden k\u00f6nnen? Dann supporten wir Sie nat\u00fcrlich dabei. Nat\u00fcrlich z\u00e4hlt eine Ger\u00e4te- wie auch Softwareinstallation zu unseren T\u00e4tigkeiten.<\/p>\n<p>Rechner sowie Notebook-Aufr\u00fcstung \u2013 gewissenhaft und professionell von kaelberer services.<\/p>\n<p>Die Technik steht nie still. Damit Sie stets auf dem neusten Status mit Ihrem Rechner sind, sollte ab und zu eine fachgerechte Aufr\u00fcstung ausgef\u00fchrt werden. Die Hardware-Aufr\u00fcstung ist bei uns in professioneller Hand.<\/p>\n<h2>Wenn der Heimcomputer einmal defekt ist<\/h2>\n<p>Wenn Ihr Personal Computer nicht mehr korrekt funktioniert sowie das Smartphone oder der Laptop besch\u00e4digt ist, dann wenden Sie sich vertrauensvoll an uns.<\/p>\n<p>Vollservice f\u00fcr jegliche Heimcomputer, egal welche Marke.<\/p>\n<p>Weitreichende Mehrwerte, die Ihren PC und Laptop betreffen, \u00fcbernimmt unser Fachbetrieb mit viel Gewissenhaftigkeit. Unsere Firm ist Ihr versierter Partner f\u00fcr Services in Wangen. Hierbei ist das Angebotsspektrum ziemlich breit gef\u00e4chert. Dar\u00fcber hinaus offerieren wir neben Personalcomputer-Reparatur auch viele EDV-Dienstleistungen wie Datensicherung, Softwareinstallation und Schulungen.<\/p>\n<h2>Personal Computer-Support f\u00fcr Private Kunden<\/h2>\n<p>Die Belange von Privatkunden erfordern h\u00e4ufig ma\u00dfgeschneiderte Services. Unsere Firma ist darauf eingestellt. Ihren \u00e4lteren Laptop m\u00fcssen Sie nicht zum Wertstoffhof bringen, wom\u00f6glich ben\u00f6tigt er nur eine General\u00fcberholung und eine moderne SSD. Hierbei gibt eine Reihe von L\u00f6sungen, Nachhaltigkeit ins Spiel zu bringen.<\/p>\n<p><strong><cite>Rechner-Dienst privat: <span style=\"color: #4F81BD;\"><strong>kaelberer services<\/strong><\/span> Telefon: 07164 909700 &#8211; | E-Mail: support@kaelberer-online.de<\/cite><\/strong><\/p>\n<p>[contact-form-7 id=&#8220;524&#8243; title=&#8220;PC-Service-Privat&#8220;]<\/p>\n","protected":false},"excerpt":{"rendered":"<p>Ihr EDV-Experte aus der nahe gelegenen Umgebung: kaelberer services &#8211; unser Unternehmen ist nur circa 8.4 Km von Ihnen weg. Bei unserer Firma ist Ihre Heimcomputer-Fehlerbeseitigung in den allerbesten H\u00e4nden! Au\u00dferdem f\u00fchren wir zuverl\u00e4ssig IT-Wartungen inklusive Virenentfernung an Ihrem PC durch. Vielleicht brauchen Sie zuverl\u00e4ssige Kaufberatung, Datensicherung oder Heimcomputer-Aufr\u00fcstung? In diesem Fall sind wir der &hellip; <a href=\"https:\/\/www.kaelberer-online.de\/services\/privat\/pc-service-privat-wangen\/\" class=\"more-link\">Continue reading<span class=\"screen-reader-text\"> &#8222;PC Service Privat f\u00fcr Wangen &#8211; Tel. 07164 909700&#8220;<\/span><\/a><\/p>\n","protected":false},"author":2,"featured_media":618,"parent":486,"menu_order":0,"comment_status":"closed","ping_status":"closed","template":"","meta":{"footnotes":""},"class_list":["post-617","page","type-page","status-publish","has-post-thumbnail","hentry"],"_links":{"self":[{"href":"https:\/\/www.kaelberer-online.de\/services\/wp-json\/wp\/v2\/pages\/617","targetHints":{"allow":["GET"]}}],"collection":[{"href":"https:\/\/www.kaelberer-online.de\/services\/wp-json\/wp\/v2\/pages"}],"about":[{"href":"https:\/\/www.kaelberer-online.de\/services\/wp-json\/wp\/v2\/types\/page"}],"author":[{"embeddable":true,"href":"https:\/\/www.kaelberer-online.de\/services\/wp-json\/wp\/v2\/users\/2"}],"replies":[{"embeddable":true,"href":"https:\/\/www.kaelberer-online.de\/services\/wp-json\/wp\/v2\/comments?post=617"}],"version-history":[{"count":0,"href":"https:\/\/www.kaelberer-online.de\/services\/wp-json\/wp\/v2\/pages\/617\/revisions"}],"up":[{"embeddable":true,"href":"https:\/\/www.kaelberer-online.de\/services\/wp-json\/wp\/v2\/pages\/486"}],"wp:featuredmedia":[{"embeddable":true,"href":"https:\/\/www.kaelberer-online.de\/services\/wp-json\/wp\/v2\/media\/618"}],"wp:attachment":[{"href":"https:\/\/www.kaelberer-online.de\/services\/wp-json\/wp\/v2\/media?parent=617"}],"curies":[{"name":"wp","href":"https:\/\/api.w.org\/{rel}","templated":true}]}}