{"id":615,"date":"2021-12-11T00:03:35","date_gmt":"2021-12-11T00:03:35","guid":{"rendered":"https:\/\/kaelberer-online.de\/services\/?page_id=615"},"modified":"2021-12-11T00:03:35","modified_gmt":"2021-12-11T00:03:35","slug":"pc-service-privat-uhingen","status":"publish","type":"page","link":"https:\/\/www.kaelberer-online.de\/services\/privat\/pc-service-privat-uhingen\/","title":{"rendered":"PC Service Privat in Uhingen &#8211; Tel. 07164 909700"},"content":{"rendered":"<h2>Ihr EDV-Fachmann aus der N\u00e4he: <span style=\"color: #4F81BD;\"><strong>kaelberer services<\/strong><\/span> &#8211; unser Unternehmen ist nur rund 3.1 Kilometer von Ihnen entfernt.<\/h2>\n<p>Bei unserer Unternehmung ist Ihre PC-Fehlerbehebung in den besten H\u00e4nden! Au\u00dferdem f\u00fchren wir verl\u00e4sslich IT-Wartungen inklusive Virenentfernung an Ihrem Rechner durch. Unter Umst\u00e4nden brauchen Sie fachm\u00e4nnische Kaufberatung, Datensicherung sowie Personal Computer-Aufr\u00fcstung? In diesem Fall sind wir der geeignete Experte!<\/p>\n<h2>Wir von <span style=\"color: #4F81BD;\"><strong>kaelberer services<\/strong><\/span> in Zell unter Aichelberg legen gro\u00dfen Wert auf pers\u00f6nlichen EDV-Service f\u00fcr unsere Privatkunden.<\/h2>\n<p>Nehmen Sie mit uns Kontakt auf unter E-Mail: support@kaelberer-online.de und fordern Sie unsere PC-Unterst\u00fctzung an. Unser Angebot gilt sowohl in unseren B\u00fcror\u00e4umen wie auch \u00fcber Fernwartung oder vor Ort bei Ihnen in Uhingen. Wir sind Ihre fachkundige Personal Computer- Betreuung Ihr IT-Experte<\/p>\n<h3>Unsere Serviceleistungen auf einen Blick:<\/h3>\n<ul>\n<li>Reparatur und Reparatur von PCs, Laptops<\/li>\n<li>Aufr\u00fcstung von PC beziehungsweise Notebook<\/li>\n<li>Installation, Konfiguration von Ger\u00e4tschaft und Software<\/li>\n<li>Unsere Firma steht Ihnen in jeder Lage rund um PC wie auch Notebook mit bestem Fachwissen zur Seite.<\/li>\n<li>Es kommt \u00f6fter vor, als gedacht: ein unachtsamer Moment \u2013 versehentlich falsche Taste gedr\u00fcckt und die Daten sind gel\u00f6scht.<\/li>\n<li>Kompetente Schadensabwicklung rund um Heimcomputer und Backup<\/li>\n<li>Virenentfernung, Virenschutz wie auch g\u00fcnstige und professionelle Sicherung Ihrer Daten<\/li>\n<\/ul>\n<p><strong><span style=\"color: #FF0000;\">Zus\u00e4tzliche Dienstleistungen auf Anfrage Telefon: 07164 909700<\/span><\/strong><\/p>\n<h2>Installation von Ger\u00e4ten sowie Software<\/h2>\n<p>In unserer sich rasant ver\u00e4ndernden Welt gibt es permanent Neuerungen. Die Anschaffung eines brandneuen PCs, Druckers, Scanners oder einer Fritz box kann f\u00fcr den Laien besonders fordernd sein. Sie haben weder Zeit noch Wissen, wie neuartige Programme benutzt werden k\u00f6nnen? Dann supporten wir Sie nat\u00fcrlich dabei. Selbstverst\u00e4ndlich z\u00e4hlt eine Ger\u00e4te- wie auch Installation von Software zu unseren T\u00e4tigkeiten.<\/p>\n<p>Personal Computer sowie Laptop-Aufr\u00fcstung \u2013 zuverl\u00e4ssig und kompetent von kaelberer services.<\/p>\n<p>Die Technik steht nie still. Damit Sie stets auf dem aktuellen Status mit Ihrem Rechner sind, m\u00fcsste von Zeit zu Zeit eine fachm\u00e4nnische Aufr\u00fcstung gemacht werden. Die Hardware-Aufr\u00fcstung ist bei uns in professioneller Hand.<\/p>\n<h2>Schadensabwicklung vom Experten<\/h2>\n<p>Wenn Ihr Personal Computer nicht mehr korrekt funktioniert sowie das Smartphone oder Notebook l\u00e4diert ist, dann wenden Sie sich vertrauensvoll an uns.<\/p>\n<p>Rund um Service f\u00fcr jegliche Personal Computer, egal welches Model.<\/p>\n<p>Weitreichende Dienste, die Ihren PC und Laptop betreffen, \u00fcbernimmt unser Fachbetrieb mit jeder Menge Sorgfalt. Unsere Firm ist Ihr professioneller Partner f\u00fcr Services in Uhingen. Dabei ist unser Angebot besonders weit gef\u00e4chert. Zudem bieten wir neben Heimcomputer-Reparatur auch weitreichende IT-Leistungen wie Backup, Softwareinstallation und Schulungen.<\/p>\n<h2>Personal Computer-Support f\u00fcr Private Kunden<\/h2>\n<p>Die Belange von Privaten Kunden erfordern oft besondere L\u00f6sungen. Unsere Mitarbeiter von kaelberer-services sind darauf eingestellt. Ihren \u00e4lteren Laptop m\u00fcssen Sie nicht gleich zum Altstoffsammelzentrum verfrachten, m\u00f6glicherweise ben\u00f6tigt er nur eine Runderneuerung oder eine neue SSD-Harddisk. In diesem Fall gibt eine Reihe von Varianten, Nachhaltigkeit ins Spiel zu bringen.<\/p>\n<p><strong><cite>Heimcomputer-Dienst im privaten Bereich: <span style=\"color: #4F81BD;\"><strong>kaelberer services<\/strong><\/span> Telefon: 07164 909700 &#8211; | E-Mail: support@kaelberer-online.de<\/cite><\/strong><\/p>\n<p>[contact-form-7 id=&#8220;524&#8243; title=&#8220;PC-Service-Privat&#8220;]<\/p>\n","protected":false},"excerpt":{"rendered":"<p>Ihr EDV-Fachmann aus der N\u00e4he: kaelberer services &#8211; unser Unternehmen ist nur rund 3.1 Kilometer von Ihnen entfernt. Bei unserer Unternehmung ist Ihre PC-Fehlerbehebung in den besten H\u00e4nden! Au\u00dferdem f\u00fchren wir verl\u00e4sslich IT-Wartungen inklusive Virenentfernung an Ihrem Rechner durch. Unter Umst\u00e4nden brauchen Sie fachm\u00e4nnische Kaufberatung, Datensicherung sowie Personal Computer-Aufr\u00fcstung? In diesem Fall sind wir der &hellip; <a href=\"https:\/\/www.kaelberer-online.de\/services\/privat\/pc-service-privat-uhingen\/\" class=\"more-link\">Continue reading<span class=\"screen-reader-text\"> &#8222;PC Service Privat in Uhingen &#8211; Tel. 07164 909700&#8220;<\/span><\/a><\/p>\n","protected":false},"author":2,"featured_media":616,"parent":486,"menu_order":0,"comment_status":"closed","ping_status":"closed","template":"","meta":{"footnotes":""},"class_list":["post-615","page","type-page","status-publish","has-post-thumbnail","hentry"],"_links":{"self":[{"href":"https:\/\/www.kaelberer-online.de\/services\/wp-json\/wp\/v2\/pages\/615","targetHints":{"allow":["GET"]}}],"collection":[{"href":"https:\/\/www.kaelberer-online.de\/services\/wp-json\/wp\/v2\/pages"}],"about":[{"href":"https:\/\/www.kaelberer-online.de\/services\/wp-json\/wp\/v2\/types\/page"}],"author":[{"embeddable":true,"href":"https:\/\/www.kaelberer-online.de\/services\/wp-json\/wp\/v2\/users\/2"}],"replies":[{"embeddable":true,"href":"https:\/\/www.kaelberer-online.de\/services\/wp-json\/wp\/v2\/comments?post=615"}],"version-history":[{"count":0,"href":"https:\/\/www.kaelberer-online.de\/services\/wp-json\/wp\/v2\/pages\/615\/revisions"}],"up":[{"embeddable":true,"href":"https:\/\/www.kaelberer-online.de\/services\/wp-json\/wp\/v2\/pages\/486"}],"wp:featuredmedia":[{"embeddable":true,"href":"https:\/\/www.kaelberer-online.de\/services\/wp-json\/wp\/v2\/media\/616"}],"wp:attachment":[{"href":"https:\/\/www.kaelberer-online.de\/services\/wp-json\/wp\/v2\/media?parent=615"}],"curies":[{"name":"wp","href":"https:\/\/api.w.org\/{rel}","templated":true}]}}