{"id":613,"date":"2021-12-06T02:33:35","date_gmt":"2021-12-06T02:33:35","guid":{"rendered":"https:\/\/kaelberer-online.de\/services\/?page_id=613"},"modified":"2021-12-06T02:33:35","modified_gmt":"2021-12-06T02:33:35","slug":"pc-service-privat-schlierbach","status":"publish","type":"page","link":"https:\/\/www.kaelberer-online.de\/services\/privat\/pc-service-privat-schlierbach\/","title":{"rendered":"PC Service Privat in Schlierbach &#8211; Tel. 07164 909700"},"content":{"rendered":"<h2>Ihr IT-Experte aus der n\u00e4chsten N\u00e4he: <span style=\"color: #4F81BD;\"><strong>kaelberer services<\/strong><\/span> &#8211; unsere Firma ist nur rund 2.8 Km von Ihnen weg.<\/h2>\n<p>Bei uns ist Ihre Rechner-Instandsetzung in den allerbesten H\u00e4nden! Au\u00dferdem f\u00fchren wir gewissenhaft IT-Wartungen inklusive Virenentfernung an Ihrem Notebook durch. Eventuell w\u00fcnschen Sie fachm\u00e4nnische Kaufberatung, Datensicherung und Heimcomputer-Aufr\u00fcstung? Dann sind wir der richtige Experte!<\/p>\n<h2>Unsere Spezialisten in Zell u. A. legen gro\u00dfen Wert auf individuellen EDV-Service f\u00fcr unsere Privatkunden.<\/h2>\n<p>Nehmen Sie mit uns Kontakt auf unter E-Mail: support@kaelberer-online.de und fordern Sie unsere PC-Unterst\u00fctzung an. Dieses Angebot gilt sowohl in unseren R\u00e4umlichkeiten wie auch \u00fcber Fernwartung oder vor Ort bei Ihnen in Schlierbach. Unsere Firma ist Ihre fachkundige Heimcomputer- Betreuung Ihr IT-Experte<\/p>\n<h3>Unsere Serviceleistungen auf einen Blick:<\/h3>\n<ul>\n<li>Professionelle Schadensabwicklung rund um Personalcomputer und Datensicherung<\/li>\n<li>Virenentfernung, Virenschutz wie auch g\u00fcnstige und professionelle Datensicherung<\/li>\n<li>Fehlerbeseitigung und Reparatur von Computern, Laptops<\/li>\n<li>Aufr\u00fcstung von Personal Computer beziehungsweise Notebook<\/li>\n<li>Installation von Ger\u00e4ten und Software<\/li>\n<li>Es kommt \u00f6fter vor, als gedacht: ein unachtsamer Moment \u2013 falsche Taste gedr\u00fcckt und die Daten sind gel\u00f6scht.<\/li>\n<li><span style=\"color: #4F81BD;\"><strong>kaelberer services<\/strong><\/span> steht Ihnen in jeder Lage rund um Personal Computer wie auch Laptop mit bestem Fachwissen zur Seite.<\/li>\n<\/ul>\n<p><strong><span style=\"color: #FF0000;\">Weitere Dienste auf Anfrage Telefon: 07164 909700<\/span><\/strong><\/p>\n<h2>Inbetriebnahme von Ger\u00e4ten oder Softwarel\u00f6sungen<\/h2>\n<p>In unserer schnelllebigen Umgebung gibt es st\u00e4ndig \u00c4nderungen. Die Anschaffung eines neuen PCs, Druckers, Scanners oder einer Fritz box kann f\u00fcr den Unerfahrenen \u00fcberaus herausfordernd sein. Sie wissen nicht, wie neue Anwendungen genutzt werden k\u00f6nnen? Dann supporten wir Sie gerne dabei. Selbstredend geh\u00f6rt die Ger\u00e4te- wie auch Softwareinstallation zu unseren Aufgaben.<\/p>\n<p>Personalcomputer und Notebook-Aufr\u00fcstung \u2013 zuverl\u00e4ssig und fachkundig von kaelberer services.<\/p>\n<p>Technik steht niemals still. Um Ihren Rechner auf einem neuesten Status zu halten, m\u00fcsste ab und zu eine fachm\u00e4nnische Aufr\u00fcstung gemacht werden. Ihre Hardware-Aufr\u00fcstung ist bei uns in kompetenter Hand.<\/p>\n<h2>Wenn es PC-Probleme gibt<\/h2>\n<p>Wenn Ihr PC nicht mehr richtig funktioniert und das Smartphone oder der Laptop l\u00e4diert ist, dann wenden Sie sich vertrauensvoll an kaelberer-services.<\/p>\n<p>Vollservice f\u00fcr s\u00e4mtliche Rechner, egal welche Marke.<\/p>\n<p>Umfassende Serviceleistungen, die Ihren PC und Notebook betreffen, \u00fcbernimmt unser Fachbetrieb mit reichlich Genauigkeit. Unsere Firm ist Ihr routinierter Partner f\u00fcr Services in Schlierbach. Dabei ist das Angebot besonders weit gef\u00e4chert. Dar\u00fcber hinaus bieten wir neben PC-Reparatur auch viele EDV-T\u00e4tigkeiten wie Datensicherung, Installation von Software und Schulungen.<\/p>\n<h2>Heimcomputer-Unterst\u00fctzung f\u00fcr Privatkunden<\/h2>\n<p>Die Belange von Privatkunden erfordern oft passende L\u00f6sungen. Unsere Firma ist darauf eingestellt. Ihren alten Laptop m\u00fcssen Sie nicht gleich zum Altstoffsammelzentrum transportieren, vielleicht ben\u00f6tigt er nur eine General\u00fcberholung und eine neuartige SSD-Festplatte. In diesem Fall gibt eine gro\u00dfe Anzahl von Optionen, Nachhaltigkeit ins Spiel zu bringen.<\/p>\n<p><strong><cite>PC-Dienst privat: <span style=\"color: #4F81BD;\"><strong>kaelberer services<\/strong><\/span> Telefon: 07164 909700 &#8211; | E-Mail: support@kaelberer-online.de<\/cite><\/strong><\/p>\n<p>[contact-form-7 id=&#8220;524&#8243; title=&#8220;PC-Service-Privat&#8220;]<\/p>\n","protected":false},"excerpt":{"rendered":"<p>Ihr IT-Experte aus der n\u00e4chsten N\u00e4he: kaelberer services &#8211; unsere Firma ist nur rund 2.8 Km von Ihnen weg. Bei uns ist Ihre Rechner-Instandsetzung in den allerbesten H\u00e4nden! Au\u00dferdem f\u00fchren wir gewissenhaft IT-Wartungen inklusive Virenentfernung an Ihrem Notebook durch. Eventuell w\u00fcnschen Sie fachm\u00e4nnische Kaufberatung, Datensicherung und Heimcomputer-Aufr\u00fcstung? Dann sind wir der richtige Experte! Unsere Spezialisten &hellip; <a href=\"https:\/\/www.kaelberer-online.de\/services\/privat\/pc-service-privat-schlierbach\/\" class=\"more-link\">Continue reading<span class=\"screen-reader-text\"> &#8222;PC Service Privat in Schlierbach &#8211; Tel. 07164 909700&#8220;<\/span><\/a><\/p>\n","protected":false},"author":2,"featured_media":614,"parent":486,"menu_order":0,"comment_status":"closed","ping_status":"closed","template":"","meta":{"footnotes":""},"class_list":["post-613","page","type-page","status-publish","has-post-thumbnail","hentry"],"_links":{"self":[{"href":"https:\/\/www.kaelberer-online.de\/services\/wp-json\/wp\/v2\/pages\/613","targetHints":{"allow":["GET"]}}],"collection":[{"href":"https:\/\/www.kaelberer-online.de\/services\/wp-json\/wp\/v2\/pages"}],"about":[{"href":"https:\/\/www.kaelberer-online.de\/services\/wp-json\/wp\/v2\/types\/page"}],"author":[{"embeddable":true,"href":"https:\/\/www.kaelberer-online.de\/services\/wp-json\/wp\/v2\/users\/2"}],"replies":[{"embeddable":true,"href":"https:\/\/www.kaelberer-online.de\/services\/wp-json\/wp\/v2\/comments?post=613"}],"version-history":[{"count":0,"href":"https:\/\/www.kaelberer-online.de\/services\/wp-json\/wp\/v2\/pages\/613\/revisions"}],"up":[{"embeddable":true,"href":"https:\/\/www.kaelberer-online.de\/services\/wp-json\/wp\/v2\/pages\/486"}],"wp:featuredmedia":[{"embeddable":true,"href":"https:\/\/www.kaelberer-online.de\/services\/wp-json\/wp\/v2\/media\/614"}],"wp:attachment":[{"href":"https:\/\/www.kaelberer-online.de\/services\/wp-json\/wp\/v2\/media?parent=613"}],"curies":[{"name":"wp","href":"https:\/\/api.w.org\/{rel}","templated":true}]}}