{"id":611,"date":"2021-11-21T16:48:43","date_gmt":"2021-11-21T16:48:43","guid":{"rendered":"https:\/\/kaelberer-online.de\/services\/?page_id=611"},"modified":"2021-11-21T16:48:43","modified_gmt":"2021-11-21T16:48:43","slug":"pc-service-privat-schlat","status":"publish","type":"page","link":"https:\/\/www.kaelberer-online.de\/services\/privat\/pc-service-privat-schlat\/","title":{"rendered":"PC Service Privat f\u00fcr Schlat &#8211; Tel. 07164 909700"},"content":{"rendered":"<h2>Ihr EDV-Profi in der nahe gelegenen Umgebung: <span style=\"color: #4F81BD;\"><strong>kaelberer services<\/strong><\/span> &#8211; wir sind nur ca 8.6 Km von Ihnen entfernt.<\/h2>\n<p>Bei unserer Firma ist Ihre Personal Computer-Instandsetzung in den besten H\u00e4nden! Au\u00dferdem f\u00fchren wir gewissenhaft IT-Wartungen inklusive Virenentfernung an Ihrem Laptop durch. Unter Umst\u00e4nden w\u00fcnschen Sie fachm\u00e4nnische Kaufberatung, Datensicherung und Personal Computer-Aufr\u00fcstung? Dann sind wir der ideale Partner!<\/p>\n<h2>Unsere Mitarbeiter in Zell unter Aichelberg legen besonderen Wert auf individuellen EDV-Service f\u00fcr unsere Privaten Klienten.<\/h2>\n<p>Nehmen Sie mit uns Kontakt auf unter Telefon 07164 909700 und fordern Sie unsere PC-Unterst\u00fctzung an. Dieses Angebot gilt sowohl in unseren B\u00fcror\u00e4umen als auch via Fernwartung oder vor Ort bei Ihnen in Schlat. Wir sind Ihre kompetente Heimcomputer- Betreuung Ihr EDV-Experte<\/p>\n<h3>Unsere Serviceleistungen auf einen Blick:<\/h3>\n<ul>\n<li>Fehlerbeseitigung und Instandsetzung von PCs, Laptops<\/li>\n<li>Virenentfernung, Virenschutz und kompetente Datensicherung<\/li>\n<li>Installation von Ger\u00e4ten und Software<\/li>\n<li><span style=\"color: #4F81BD;\"><strong>kaelberer services<\/strong><\/span> steht Ihnen in jeder Situation rund um Personalcomputer sowie Notebook mit bestem Fachwissen zur Seite.<\/li>\n<li>Erweiterung von Personal Computer und Notebook<\/li>\n<\/ul>\n<p><strong><span style=\"color: #FF0000;\">Erg\u00e4nzende Dienste auf Anfrage Telefon: 07164 909700<\/span><\/strong><\/p>\n<h2>Inbetriebnahme von Komponennten oder Software<\/h2>\n<p>In unserer sich rasant ver\u00e4ndernden Welt gibt es st\u00e4ndig Innovationen. Die Anschaffung eines aktuellen Computers, Druckers, Scanners oder einer Fritz box kann f\u00fcr den Laien ziemlich herausfordernd sein. Sie wissen nicht, wie neuartige Anwendungen benutzt werden? Dann unterst\u00fctzen wir Sie gerne dabei. Nat\u00fcrlich z\u00e4hlt die Ger\u00e4te- wie auch Softwareinstallation zu unseren T\u00e4tigkeiten.<\/p>\n<p>Personal Computer wie auch Notebook-Aufr\u00fcstung \u2013 verl\u00e4sslich und kompetent von kaelberer services.<\/p>\n<p>Technik steht nie still. Damit Sie generell auf dem aktuellen Stand mit Ihrem Personalcomputer sind, sollte von Zeit zu Zeit eine professionelle Aufr\u00fcstung durchgef\u00fchrt werden. Ihre Hardware-Aufr\u00fcstung ist bei uns in qualifizierter Hand.<\/p>\n<h2>Schadensabwicklung vom Experten<\/h2>\n<p>Wenn Ihr Personalcomputer nicht mehr korrekt funktioniert sowie das Handy oder der Laptop besch\u00e4digt ist, dann wenden Sie sich vertrauensvoll an uns.<\/p>\n<p>Rund um Service f\u00fcr jegliche Heimcomputer, egal welche Marke.<\/p>\n<p>Vielf\u00e4ltige Services, die Ihren Rechner und Notebook betreffen, \u00fcbernimmt unser Fachbetrieb mit viel Genauigkeit. <span style=\"color: #4F81BD;\"><strong>kaelberer services<\/strong><\/span> ist Ihr erfahrener Profi f\u00fcr Services in Schlat. Dabei ist unser Angebotsspektrum sehr breit gef\u00e4chert. Zudem offerieren wir neben Personal Computer-Reparatur auch weitreichende IT-Dienstleistungen wie Datensicherung, Softwareinstallation und Einzelschulungen.<\/p>\n<h2>Rechner-Unterst\u00fctzung f\u00fcr Private Kunden<\/h2>\n<p>Die Belange von Privaten Kunden erfordern h\u00e4ufig individuelle Services. Unsere Firma ist darauf eingestellt. Ihren alten Laptop m\u00fcssen Sie nicht gleich zum Recyclinghof bringen, m\u00f6glicherweise ben\u00f6tigt er nur eine Runderneuerung und eine moderne SSD-Harddisk. Hierbei gibt eine Vielzahl von M\u00f6glichkeiten, Nachhaltigkeit ins Spiel zu bringen.<\/p>\n<p><strong><cite>Personal Computer-Dienst im privaten Bereich: <span style=\"color: #4F81BD;\"><strong>kaelberer services<\/strong><\/span> Telefon: 07164 909700 &#8211; | E-Mail: support@kaelberer-online.de<\/cite><\/strong><\/p>\n<p>[contact-form-7 id=&#8220;524&#8243; title=&#8220;PC-Service-Privat&#8220;]<\/p>\n","protected":false},"excerpt":{"rendered":"<p>Ihr EDV-Profi in der nahe gelegenen Umgebung: kaelberer services &#8211; wir sind nur ca 8.6 Km von Ihnen entfernt. Bei unserer Firma ist Ihre Personal Computer-Instandsetzung in den besten H\u00e4nden! Au\u00dferdem f\u00fchren wir gewissenhaft IT-Wartungen inklusive Virenentfernung an Ihrem Laptop durch. Unter Umst\u00e4nden w\u00fcnschen Sie fachm\u00e4nnische Kaufberatung, Datensicherung und Personal Computer-Aufr\u00fcstung? Dann sind wir der &hellip; <a href=\"https:\/\/www.kaelberer-online.de\/services\/privat\/pc-service-privat-schlat\/\" class=\"more-link\">Continue reading<span class=\"screen-reader-text\"> &#8222;PC Service Privat f\u00fcr Schlat &#8211; Tel. 07164 909700&#8220;<\/span><\/a><\/p>\n","protected":false},"author":2,"featured_media":612,"parent":486,"menu_order":0,"comment_status":"closed","ping_status":"closed","template":"","meta":{"footnotes":""},"class_list":["post-611","page","type-page","status-publish","has-post-thumbnail","hentry"],"_links":{"self":[{"href":"https:\/\/www.kaelberer-online.de\/services\/wp-json\/wp\/v2\/pages\/611","targetHints":{"allow":["GET"]}}],"collection":[{"href":"https:\/\/www.kaelberer-online.de\/services\/wp-json\/wp\/v2\/pages"}],"about":[{"href":"https:\/\/www.kaelberer-online.de\/services\/wp-json\/wp\/v2\/types\/page"}],"author":[{"embeddable":true,"href":"https:\/\/www.kaelberer-online.de\/services\/wp-json\/wp\/v2\/users\/2"}],"replies":[{"embeddable":true,"href":"https:\/\/www.kaelberer-online.de\/services\/wp-json\/wp\/v2\/comments?post=611"}],"version-history":[{"count":0,"href":"https:\/\/www.kaelberer-online.de\/services\/wp-json\/wp\/v2\/pages\/611\/revisions"}],"up":[{"embeddable":true,"href":"https:\/\/www.kaelberer-online.de\/services\/wp-json\/wp\/v2\/pages\/486"}],"wp:featuredmedia":[{"embeddable":true,"href":"https:\/\/www.kaelberer-online.de\/services\/wp-json\/wp\/v2\/media\/612"}],"wp:attachment":[{"href":"https:\/\/www.kaelberer-online.de\/services\/wp-json\/wp\/v2\/media?parent=611"}],"curies":[{"name":"wp","href":"https:\/\/api.w.org\/{rel}","templated":true}]}}