{"id":608,"date":"2021-11-20T09:31:52","date_gmt":"2021-11-20T09:31:52","guid":{"rendered":"https:\/\/kaelberer-online.de\/services\/?page_id=608"},"modified":"2021-11-20T09:31:52","modified_gmt":"2021-11-20T09:31:52","slug":"pc-service-privat-rechberghausen","status":"publish","type":"page","link":"https:\/\/www.kaelberer-online.de\/services\/privat\/pc-service-privat-rechberghausen\/","title":{"rendered":"PC Service Privat in Rechberghausen &#8211; Tel. 07164 909700"},"content":{"rendered":"<h2>Ihr EDV-Spezialist aus der nahe gelegenen Umgebung: <span style=\"color: #4F81BD;\"><strong>kaelberer services<\/strong><\/span> &#8211; unsere Firma ist nur rund 9.3 Kilometer von Ihnen entfernt.<\/h2>\n<p>Bei unserer Unternehmung ist Ihre Rechner-Fehlerbeseitigung in den allerbesten H\u00e4nden! Au\u00dferdem f\u00fchren wir gewissenhaft IT-Wartungen inklusive Virenentfernung an Ihrem Rechner durch. Eventuell brauchen Sie qualifizierte Kaufberatung, Datensicherung und PC-Aufr\u00fcstung? Dann sind wir der ideale Ansprechpartner!<\/p>\n<h2>Wir von <span style=\"color: #4F81BD;\"><strong>kaelberer services<\/strong><\/span> in Zell u. A. legen besonderen Wert auf individuellen PC-Service f\u00fcr unsere Privatkunden.<\/h2>\n<p>Nehmen Sie mit uns Kontakt auf unter Telefon 07164 909700 und fordern Sie unsere PC-Unterst\u00fctzung an. Dieses Angebot gilt sowohl in unseren R\u00e4umlichkeiten als auch via Fernwartung oder vor Ort bei Ihnen in Rechberghausen. Unsere Firma ist Ihre fachkundige PC- Betreuung Ihr IT-Fachmann<\/p>\n<h3>Unsere Serviceleistungen auf einen Blick:<\/h3>\n<ul>\n<li>Fehlerbeseitigung und Reparatur von Computern, Laptops<\/li>\n<li><span style=\"color: #4F81BD;\"><strong>kaelberer services<\/strong><\/span> steht Ihnen in jeder Lage rund um Personalcomputer sowie Notebook mit bestem Fachwissen zur Seite.<\/li>\n<li>Sachkundige Abwicklung rund um Personalcomputer und Backup<\/li>\n<li>Manchmal kommt es vor: ein Moment in dem man nicht aufpasst \u2013 versehentlich falsche Taste gedr\u00fcckt und die Daten sind gel\u00f6scht.<\/li>\n<li>Installation, Konfiguration von Ger\u00e4tschaft sowie Software<\/li>\n<li>Virenentfernung, Virenschutz sowie professionelle Datensicherung<\/li>\n<\/ul>\n<p><strong><span style=\"color: #FF0000;\">Erg\u00e4nzende Services auf Anfrage Telefon: 07164 909700<\/span><\/strong><\/p>\n<h2>Konfiguration von Komponennten oder Software<\/h2>\n<p>In unserer sich rasant ver\u00e4ndernden Welt gibt es best\u00e4ndig Innovationen. Die Anschaffung eines neuen Rechners, Druckers, Scanners oder einer Fritz box kann f\u00fcr den Laien \u00fcberaus anspruchsvoll sein. Sie wissen nicht, wie moderne Softwareprogramme benutzt werden? Dann unterst\u00fctzen wir Sie nat\u00fcrlich dabei. Selbstredend geh\u00f6rt die Ger\u00e4te- und Installation von Software zu unseren Arbeiten.<\/p>\n<p>PC sowie Laptop-Aufr\u00fcstung \u2013 gewissenhaft und professionell von kaelberer services.<\/p>\n<p>Die Technik steht nie still. Um Ihren Personal Computer auf dem aktuellen Stand zu halten, m\u00fcsste ab und zu eine fachgerechte Aufr\u00fcstung realisiert werden. Ihre Hardware-Aufr\u00fcstung ist bei uns in kompetenter Hand.<\/p>\n<h2>Schadensabwicklung vom Profi<\/h2>\n<p>Wenn Ihr Rechner nicht mehr richtig funktioniert oder das Handy oder der Laptop kaputt ist, dann wenden Sie sich vertrauensvoll an kaelberer-services.<\/p>\n<p>Vollservice f\u00fcr s\u00e4mtliche Personal Computer, egal welches Model.<\/p>\n<p>Umfassende Mehrwerte, die Ihren Rechner und Laptop betreffen, \u00fcbernimmt unser Fachbetrieb mit jeder Menge Genauigkeit. <span style=\"color: #4F81BD;\"><strong>kaelberer services<\/strong><\/span> ist Ihr versierter Profi f\u00fcr Services in Rechberghausen. Hierbei ist das Angebot besonders weit gef\u00e4chert. Dar\u00fcber hinaus bieten wir neben Personal Computer-Reparatur auch weitreichende IT-T\u00e4tigkeiten wie Backup, Installation von Software und Einzelschulungen.<\/p>\n<h2>PC-Support f\u00fcr Privatkunden<\/h2>\n<p>Die W\u00fcnsche von Privatleuten erfordern oft besondere L\u00f6sungen. Wir von kaelberer-services sind darauf eingestellt. Ihren alten Laptop m\u00fcssen Sie nicht zum Recyclinghof transportieren, vermutlich ben\u00f6tigt er nur eine Runderneuerung und eine neue SSD-Harddisk. Hierbei gibt eine Reihe von L\u00f6sungen, Nachhaltigkeit ins Spiel zu bringen.<\/p>\n<p><strong><cite>Personalcomputer-Dienst im privaten Rahmen: <span style=\"color: #4F81BD;\"><strong>kaelberer services<\/strong><\/span> Telefon: 07164 909700 &#8211; | E-Mail: support@kaelberer-online.de<\/cite><\/strong><\/p>\n<p>[contact-form-7 id=&#8220;524&#8243; title=&#8220;PC-Service-Privat&#8220;]<\/p>\n","protected":false},"excerpt":{"rendered":"<p>Ihr EDV-Spezialist aus der nahe gelegenen Umgebung: kaelberer services &#8211; unsere Firma ist nur rund 9.3 Kilometer von Ihnen entfernt. Bei unserer Unternehmung ist Ihre Rechner-Fehlerbeseitigung in den allerbesten H\u00e4nden! Au\u00dferdem f\u00fchren wir gewissenhaft IT-Wartungen inklusive Virenentfernung an Ihrem Rechner durch. Eventuell brauchen Sie qualifizierte Kaufberatung, Datensicherung und PC-Aufr\u00fcstung? Dann sind wir der ideale Ansprechpartner! &hellip; <a href=\"https:\/\/www.kaelberer-online.de\/services\/privat\/pc-service-privat-rechberghausen\/\" class=\"more-link\">Continue reading<span class=\"screen-reader-text\"> &#8222;PC Service Privat in Rechberghausen &#8211; Tel. 07164 909700&#8220;<\/span><\/a><\/p>\n","protected":false},"author":2,"featured_media":609,"parent":486,"menu_order":0,"comment_status":"closed","ping_status":"closed","template":"","meta":{"footnotes":""},"class_list":["post-608","page","type-page","status-publish","has-post-thumbnail","hentry"],"_links":{"self":[{"href":"https:\/\/www.kaelberer-online.de\/services\/wp-json\/wp\/v2\/pages\/608","targetHints":{"allow":["GET"]}}],"collection":[{"href":"https:\/\/www.kaelberer-online.de\/services\/wp-json\/wp\/v2\/pages"}],"about":[{"href":"https:\/\/www.kaelberer-online.de\/services\/wp-json\/wp\/v2\/types\/page"}],"author":[{"embeddable":true,"href":"https:\/\/www.kaelberer-online.de\/services\/wp-json\/wp\/v2\/users\/2"}],"replies":[{"embeddable":true,"href":"https:\/\/www.kaelberer-online.de\/services\/wp-json\/wp\/v2\/comments?post=608"}],"version-history":[{"count":0,"href":"https:\/\/www.kaelberer-online.de\/services\/wp-json\/wp\/v2\/pages\/608\/revisions"}],"up":[{"embeddable":true,"href":"https:\/\/www.kaelberer-online.de\/services\/wp-json\/wp\/v2\/pages\/486"}],"wp:featuredmedia":[{"embeddable":true,"href":"https:\/\/www.kaelberer-online.de\/services\/wp-json\/wp\/v2\/media\/609"}],"wp:attachment":[{"href":"https:\/\/www.kaelberer-online.de\/services\/wp-json\/wp\/v2\/media?parent=608"}],"curies":[{"name":"wp","href":"https:\/\/api.w.org\/{rel}","templated":true}]}}