{"id":606,"date":"2021-11-12T13:17:51","date_gmt":"2021-11-12T13:17:51","guid":{"rendered":"https:\/\/kaelberer-online.de\/services\/?page_id=606"},"modified":"2021-11-12T13:17:51","modified_gmt":"2021-11-12T13:17:51","slug":"pc-service-privat-owen","status":"publish","type":"page","link":"https:\/\/www.kaelberer-online.de\/services\/privat\/pc-service-privat-owen\/","title":{"rendered":"PC Service Privat f\u00fcr Owen &#8211; Tel. 07164 909700"},"content":{"rendered":"<h2>Ihr IT-Profi aus der nahe gelegenen Gegend: <span style=\"color: #4F81BD;\"><strong>kaelberer services<\/strong><\/span> &#8211; unser Betrieb ist nur rund 8.8 Kilometer von Ihnen weg.<\/h2>\n<p>Bei unserer Unternehmung ist Ihre PC-Fehlerbehebung in den allerbesten H\u00e4nden! Au\u00dferdem f\u00fchren wir zuverl\u00e4ssig IT-Wartungen inklusive Virenentfernung an Ihrem Notebook durch. Unter Umst\u00e4nden ben\u00f6tigen Sie zuverl\u00e4ssige Kaufberatung, Datensicherung oder Personal Computer-Aufr\u00fcstung? Dann sind wir der ideale Partner!<\/p>\n<h2>Unsere Mitarbeiter in Zell unter Aichelberg legen besonderen Wert auf pers\u00f6nlichen PC-Service f\u00fcr unsere Privaten Klienten.<\/h2>\n<p>Nehmen Sie mit uns Kontakt auf unter E-Mail: support@kaelberer-online.de und fordern Sie unsere PC-Unterst\u00fctzung an. Dieses Angebot gilt sowohl in unseren R\u00e4umlichkeiten wie auch via Fernwartung oder vor Ort bei Ihnen in Owen. Unsere Firma ist Ihre profesionelle Personal Computer- Betreuung Ihr IT-Profi<\/p>\n<h3>Unsere Serviceleistungen auf einen Blick:<\/h3>\n<ul>\n<li>Virenentfernung, Virenschutz wie auch g\u00fcnstige und professionelle Datensicherung<\/li>\n<li>Fehlerbeseitigung und Reparatur von Computern, Notebooks<\/li>\n<li>Installation, Konfiguration von Ger\u00e4ten sowie Software<\/li>\n<li><span style=\"color: #4F81BD;\"><strong>kaelberer services<\/strong><\/span> steht Ihnen in jeder Situation rund um PC und Laptop mit bestem Fachwissen zur Seite.<\/li>\n<li>Manchmal kommt es vor: ein Moment in dem man nicht aufpasst \u2013 versehentlich falsche Taste bet\u00e4tigt und die Daten sind gel\u00f6scht.<\/li>\n<li>Sachkundige Abwicklung rund um PC und Datensicherung<\/li>\n<li>Aufr\u00fcstung von Personal Computer und Notebook<\/li>\n<\/ul>\n<p><strong><span style=\"color: #FF0000;\">Erg\u00e4nzende Leistungen auf Anfrage Tel.: 07164 909700<\/span><\/strong><\/p>\n<h2>Installation von Komponennten oder Softwarel\u00f6sungen<\/h2>\n<p>In unserer sich rasant ver\u00e4ndernden Umgebung gibt es dauerhaft Neuerungen. Die Anschaffung eines aktuellen Computers, Druckers, Scanners oder einer Fritz box kann f\u00fcr den Laien besonders herausfordernd sein. Sie haben weder Zeit noch Wissen, wie neuartige Anwendungen genutzt werden k\u00f6nnen? Dann betreuen wir Sie nat\u00fcrlich dabei. Selbstverst\u00e4ndlich geh\u00f6rt eine Ger\u00e4te- und Installation von Software zu unseren T\u00e4tigkeiten.<\/p>\n<p>PC und Notebook-Aufr\u00fcstung \u2013 verl\u00e4sslich und qualifiziert von kaelberer services.<\/p>\n<p>Die Technik steht niemals still. Damit Sie immer auf dem neuesten Status mit Ihrem Rechner sind, sollte von Zeit zu Zeit eine fachgerechte Aufr\u00fcstung vorgenommen werden. Die Hardware-Aufr\u00fcstung ist bei uns in fachm\u00e4nnischer Hand.<\/p>\n<h2>Wenn es Heimcomputer-Probleme gibt<\/h2>\n<p>Wenn Ihr Heimcomputer nicht mehr fehlerfrei funktioniert oder das Handy oder Notebook l\u00e4diert ist, dann wenden Sie sich vertrauensvoll an kaelberer-services.<\/p>\n<p>Rund um Service f\u00fcr s\u00e4mtliche Heimcomputer, egal welche Marke.<\/p>\n<p>Weitreichende Services, die Ihren Computer und Notebook betreffen, \u00fcbernimmt unser Fachbetrieb mit jeder Menge Gewissenhaftigkeit. <span style=\"color: #4F81BD;\"><strong>kaelberer services<\/strong><\/span> ist Ihr versierter Profi f\u00fcr Services in Owen. Hierbei ist das Angebot besonders weit gef\u00e4chert. Au\u00dferdem bieten wir neben Rechner-Reparatur auch viele EDV-T\u00e4tigkeiten wie Backup, Softwareinstallation und Schulungen.<\/p>\n<h2>Rechner-Unterst\u00fctzung f\u00fcr Privatleute<\/h2>\n<p>Die Anforderungen von Privaten Kunden ben\u00f6tigen h\u00e4ufig besondere Services. Unsere Firma ist darauf eingestellt. Den \u00e4lteren Laptop m\u00fcssen Sie nicht zum Wertstoffhof transportieren, eventuell ben\u00f6tigt er lediglich eine General\u00fcberholung sowie eine moderne SSD-Harddisk. Hierbei gibt eine gro\u00dfe Anzahl von Chancen, Nachhaltigkeit ins Spiel zu bringen.<\/p>\n<p><strong><cite>Personalcomputer-Dienst im privaten Bereich: <span style=\"color: #4F81BD;\"><strong>kaelberer services<\/strong><\/span> Telefon: 07164 909700 &#8211; | E-Mail: support@kaelberer-online.de<\/cite><\/strong><\/p>\n<p>[contact-form-7 id=&#8220;524&#8243; title=&#8220;PC-Service-Privat&#8220;]<\/p>\n","protected":false},"excerpt":{"rendered":"<p>Ihr IT-Profi aus der nahe gelegenen Gegend: kaelberer services &#8211; unser Betrieb ist nur rund 8.8 Kilometer von Ihnen weg. Bei unserer Unternehmung ist Ihre PC-Fehlerbehebung in den allerbesten H\u00e4nden! Au\u00dferdem f\u00fchren wir zuverl\u00e4ssig IT-Wartungen inklusive Virenentfernung an Ihrem Notebook durch. Unter Umst\u00e4nden ben\u00f6tigen Sie zuverl\u00e4ssige Kaufberatung, Datensicherung oder Personal Computer-Aufr\u00fcstung? Dann sind wir der &hellip; <a href=\"https:\/\/www.kaelberer-online.de\/services\/privat\/pc-service-privat-owen\/\" class=\"more-link\">Continue reading<span class=\"screen-reader-text\"> &#8222;PC Service Privat f\u00fcr Owen &#8211; Tel. 07164 909700&#8220;<\/span><\/a><\/p>\n","protected":false},"author":2,"featured_media":607,"parent":486,"menu_order":0,"comment_status":"closed","ping_status":"closed","template":"","meta":{"footnotes":""},"class_list":["post-606","page","type-page","status-publish","has-post-thumbnail","hentry"],"_links":{"self":[{"href":"https:\/\/www.kaelberer-online.de\/services\/wp-json\/wp\/v2\/pages\/606","targetHints":{"allow":["GET"]}}],"collection":[{"href":"https:\/\/www.kaelberer-online.de\/services\/wp-json\/wp\/v2\/pages"}],"about":[{"href":"https:\/\/www.kaelberer-online.de\/services\/wp-json\/wp\/v2\/types\/page"}],"author":[{"embeddable":true,"href":"https:\/\/www.kaelberer-online.de\/services\/wp-json\/wp\/v2\/users\/2"}],"replies":[{"embeddable":true,"href":"https:\/\/www.kaelberer-online.de\/services\/wp-json\/wp\/v2\/comments?post=606"}],"version-history":[{"count":0,"href":"https:\/\/www.kaelberer-online.de\/services\/wp-json\/wp\/v2\/pages\/606\/revisions"}],"up":[{"embeddable":true,"href":"https:\/\/www.kaelberer-online.de\/services\/wp-json\/wp\/v2\/pages\/486"}],"wp:featuredmedia":[{"embeddable":true,"href":"https:\/\/www.kaelberer-online.de\/services\/wp-json\/wp\/v2\/media\/607"}],"wp:attachment":[{"href":"https:\/\/www.kaelberer-online.de\/services\/wp-json\/wp\/v2\/media?parent=606"}],"curies":[{"name":"wp","href":"https:\/\/api.w.org\/{rel}","templated":true}]}}