{"id":604,"date":"2021-11-11T17:16:03","date_gmt":"2021-11-11T17:16:03","guid":{"rendered":"https:\/\/kaelberer-online.de\/services\/?page_id=604"},"modified":"2021-11-11T17:16:03","modified_gmt":"2021-11-11T17:16:03","slug":"pc-service-privat-ohmden","status":"publish","type":"page","link":"https:\/\/www.kaelberer-online.de\/services\/privat\/pc-service-privat-ohmden\/","title":{"rendered":"PC Service Privat f\u00fcr Ohmden &#8211; Telefon 07164 909700"},"content":{"rendered":"<h2>Ihr EDV-Spezialist in der nahe gelegenen Umgebung: <span style=\"color: #4F81BD;\"><strong>kaelberer services<\/strong><\/span> &#8211; wir sind nur ungef\u00e4hr 1.2 Km von Ihnen weg.<\/h2>\n<p>Bei uns ist Ihre Heimcomputer-Instandsetzung in den allerbesten H\u00e4nden! Dar\u00fcber hinaus f\u00fchren wir zuverl\u00e4ssig IT-Wartungen inklusive Virenentfernung an Ihrem Notebook durch. Unter Umst\u00e4nden w\u00fcnschen Sie g\u00fcnstige und professionelle Kaufberatung, Datensicherung sowie Personal Computer-Aufr\u00fcstung? In diesem Fall sind wir der perfekte Partner!<\/p>\n<h2>Wir von <span style=\"color: #4F81BD;\"><strong>kaelberer services<\/strong><\/span> in Zell unter Aichelberg legen gro\u00dfen Wert auf pers\u00f6nlichen EDV-Service f\u00fcr unsere Privatkunden.<\/h2>\n<p>Nehmen Sie mit uns Kontakt auf unter E-Mail: support@kaelberer-online.de und fordern Sie unsere PC-Unterst\u00fctzung an. Unser Angebot gilt sowohl in unseren B\u00fcror\u00e4umen als auch via Fernwartung oder vor Ort bei Ihnen in Ohmden. Wir sind Ihre fachkundige PC- Betreuung Ihr EDV-Profi<\/p>\n<h3>Unsere Serviceleistungen auf einen Blick:<\/h3>\n<ul>\n<li><span style=\"color: #4F81BD;\"><strong>kaelberer services<\/strong><\/span> steht Ihnen in jeder Lage rund um PC sowie Laptop mit bestem Know How zur Seite.<\/li>\n<li>Sachkundige Abwicklung rund um PC und Backup<\/li>\n<li>Erweiterung von Personal Computer und Notebook<\/li>\n<li>Virenentfernung, Virenschutz sowie fachm\u00e4nnische Datensicherung<\/li>\n<li>Es kommt \u00f6fter vor, als gedacht: ein Moment in dem man nicht aufpasst \u2013 falsche Taste bet\u00e4tigt und Daten sind gel\u00f6scht.<\/li>\n<li>Fehlerbehebung und Instandsetzung von PCs, Laptops<\/li>\n<\/ul>\n<p><strong><span style=\"color: #FF0000;\">Mehr Services auf Anfrage Telefon: 07164 909700<\/span><\/strong><\/p>\n<h2>Inbetriebnahme von Komponennten oder Softwarel\u00f6sungen<\/h2>\n<p>In unserer sich rasant ver\u00e4ndernden Welt gibt es permanent Neuerungen. Die Anschaffung eines aktuellen PCs, Druckers, Scanners oder einer Fritz box kann f\u00fcr den Nichtexperten \u00fcberaus anspruchsvoll sein. Sie haben weder Zeit noch Wissen, wie neuartige Anwendungen benutzt werden k\u00f6nnen? Dann supporten wir Sie gerne dabei. Selbstredend z\u00e4hlt eine Ger\u00e4te- sowie Softwareinstallation zu unseren Aufgaben.<\/p>\n<p>Rechner und Laptop-Aufr\u00fcstung \u2013 verl\u00e4sslich und qualifiziert von kaelberer services.<\/p>\n<p>Die Technik steht nie still. Um Ihren Rechner auf dem aktuellen Stand zu halten, sollte von Zeit zu Zeit eine professionelle Aufr\u00fcstung durchgef\u00fchrt werden. Ihre Hardware-Aufr\u00fcstung ist bei uns in kompetenter Hand.<\/p>\n<h2>Wenn der Personal Computer mal defekt ist<\/h2>\n<p>Wenn Ihr Rechner nicht mehr fehlerfrei funktioniert und das Mobiltelefon oder Notebook besch\u00e4digt ist, dann wenden Sie sich vertrauensvoll an uns.<\/p>\n<p>Vollservice f\u00fcr jegliche Personal Computer, egal wie alt.<\/p>\n<p>Umfassende Mehrwerte, die Ihren Rechner und Notebook betreffen, \u00fcbernimmt unser Fachbetrieb mit reichlich Genauigkeit. Unsere Firm ist Ihr versierter Partner f\u00fcr Services in Ohmden. Hierbei ist das Angebot besonders weit gef\u00e4chert. Zudem offerieren wir neben Heimcomputer-Reparatur auch viele IT-Leistungen wie Backup, Softwareinstallation und Schulungen.<\/p>\n<h2>PC-Unterst\u00fctzung f\u00fcr Privatleute<\/h2>\n<p>Die W\u00fcnsche von Privaten Kunden ben\u00f6tigen h\u00e4ufig ma\u00dfgeschneiderte Services. Unsere Firma ist darauf eingestellt. Den \u00e4lteren Laptop m\u00fcssen Sie nicht zum Altstoffsammelzentrum verfrachten, vermutlich ben\u00f6tigt er nur eine General\u00fcberholung und eine neuartige SSD. Hierbei gibt eine Vielzahl von M\u00f6glichkeiten, Nachhaltigkeit ins Spiel zu bringen.<\/p>\n<p><strong><cite>PC-Dienst privat: <span style=\"color: #4F81BD;\"><strong>kaelberer services<\/strong><\/span> Telefon: 07164 909700 &#8211; | E-Mail: support@kaelberer-online.de<\/cite><\/strong><\/p>\n<p>[contact-form-7 id=&#8220;524&#8243; title=&#8220;PC-Service-Privat&#8220;]<\/p>\n","protected":false},"excerpt":{"rendered":"<p>Ihr EDV-Spezialist in der nahe gelegenen Umgebung: kaelberer services &#8211; wir sind nur ungef\u00e4hr 1.2 Km von Ihnen weg. Bei uns ist Ihre Heimcomputer-Instandsetzung in den allerbesten H\u00e4nden! Dar\u00fcber hinaus f\u00fchren wir zuverl\u00e4ssig IT-Wartungen inklusive Virenentfernung an Ihrem Notebook durch. Unter Umst\u00e4nden w\u00fcnschen Sie g\u00fcnstige und professionelle Kaufberatung, Datensicherung sowie Personal Computer-Aufr\u00fcstung? In diesem Fall &hellip; <a href=\"https:\/\/www.kaelberer-online.de\/services\/privat\/pc-service-privat-ohmden\/\" class=\"more-link\">Continue reading<span class=\"screen-reader-text\"> &#8222;PC Service Privat f\u00fcr Ohmden &#8211; Telefon 07164 909700&#8220;<\/span><\/a><\/p>\n","protected":false},"author":2,"featured_media":605,"parent":486,"menu_order":0,"comment_status":"closed","ping_status":"closed","template":"","meta":{"footnotes":""},"class_list":["post-604","page","type-page","status-publish","has-post-thumbnail","hentry"],"_links":{"self":[{"href":"https:\/\/www.kaelberer-online.de\/services\/wp-json\/wp\/v2\/pages\/604","targetHints":{"allow":["GET"]}}],"collection":[{"href":"https:\/\/www.kaelberer-online.de\/services\/wp-json\/wp\/v2\/pages"}],"about":[{"href":"https:\/\/www.kaelberer-online.de\/services\/wp-json\/wp\/v2\/types\/page"}],"author":[{"embeddable":true,"href":"https:\/\/www.kaelberer-online.de\/services\/wp-json\/wp\/v2\/users\/2"}],"replies":[{"embeddable":true,"href":"https:\/\/www.kaelberer-online.de\/services\/wp-json\/wp\/v2\/comments?post=604"}],"version-history":[{"count":1,"href":"https:\/\/www.kaelberer-online.de\/services\/wp-json\/wp\/v2\/pages\/604\/revisions"}],"predecessor-version":[{"id":629,"href":"https:\/\/www.kaelberer-online.de\/services\/wp-json\/wp\/v2\/pages\/604\/revisions\/629"}],"up":[{"embeddable":true,"href":"https:\/\/www.kaelberer-online.de\/services\/wp-json\/wp\/v2\/pages\/486"}],"wp:featuredmedia":[{"embeddable":true,"href":"https:\/\/www.kaelberer-online.de\/services\/wp-json\/wp\/v2\/media\/605"}],"wp:attachment":[{"href":"https:\/\/www.kaelberer-online.de\/services\/wp-json\/wp\/v2\/media?parent=604"}],"curies":[{"name":"wp","href":"https:\/\/api.w.org\/{rel}","templated":true}]}}