{"id":602,"date":"2021-11-14T11:20:26","date_gmt":"2021-11-14T11:20:26","guid":{"rendered":"https:\/\/kaelberer-online.de\/services\/?page_id=602"},"modified":"2021-11-14T11:20:26","modified_gmt":"2021-11-14T11:20:26","slug":"pc-service-privat-notzingen","status":"publish","type":"page","link":"https:\/\/www.kaelberer-online.de\/services\/privat\/pc-service-privat-notzingen\/","title":{"rendered":"PC Service Privat f\u00fcr Notzingen &#8211; Telefon 07164 909700"},"content":{"rendered":"<h2>Ihr EDV-Experte aus der n\u00e4chsten N\u00e4he: <span style=\"color: #4F81BD;\"><strong>kaelberer services<\/strong><\/span> &#8211; unsere Firma ist nur ungef\u00e4hr 6.2 Km von Ihnen entfernt.<\/h2>\n<p>Bei unserer Firma ist Ihre Home Computer-Fehlerbeseitigung in den besten H\u00e4nden! Au\u00dferdem f\u00fchren wir verl\u00e4sslich IT-Wartungen inklusive Virenentfernung an Ihrem Rechner durch. M\u00f6glicherweise ben\u00f6tigen Sie gute und preiswerte Kaufberatung, Datensicherung oder PC-Aufr\u00fcstung? Dann sind wir der perfekte Partner!<\/p>\n<h2>Wir von <span style=\"color: #4F81BD;\"><strong>kaelberer services<\/strong><\/span> in Zell unter Aichelberg legen gro\u00dfen Wert auf pers\u00f6nlichen EDV-Service f\u00fcr unsere Privaten Kunden.<\/h2>\n<p>Nehmen Sie mit uns Kontakt auf unter E-Mail: support@kaelberer-online.de und fordern Sie unsere PC-Unterst\u00fctzung an. Unser Angebot gilt sowohl in unseren R\u00e4umlichkeiten als auch via Fernwartung oder vor Ort bei Ihnen in Notzingen. Unsere Firma ist Ihre kompetente Personal Computer- Betreuung Ihr EDV-Fachmann<\/p>\n<h3>Unsere Serviceleistungen auf einen Blick:<\/h3>\n<ul>\n<li>Professionelle Schadensabwicklung rund um PC und Datensicherung<\/li>\n<li>Virenentfernung, Virenschutz und gute und preiswerte Datensicherung<\/li>\n<li>Unsere Firma steht Ihnen in jeder Situation rund um Personal Computer wie auch Laptop mit bestem Know How zur Seite.<\/li>\n<li>Es kommt \u00f6fter vor, als gedacht: ein Moment in dem man nicht aufpasst \u2013 versehentlich falsche Taste bet\u00e4tigt und die Daten sind gel\u00f6scht.<\/li>\n<li>Reparatur und Reparatur von PCs, Notebooks<\/li>\n<li>Aufr\u00fcstung von PC beziehungsweise Notebook<\/li>\n<\/ul>\n<p><strong><span style=\"color: #FF0000;\">Zus\u00e4tzliche Leistungen auf Anfrage Telefon: 07164 909700<\/span><\/strong><\/p>\n<h2>Konfiguration von Komponennten und Software<\/h2>\n<p>In unserer sich rasant ver\u00e4ndernden Welt gibt es dauernd Neuerungen. Die Anschaffung eines brandneuen Rechners, Druckers, Scanners oder einer Fritz box kann f\u00fcr den Nichtexperten ausgesprochen anspruchsvoll sein. Sie haben weder Zeit noch Wissen, wie moderne Softwareprogramme genutzt werden k\u00f6nnen? Dann unterst\u00fctzen wir Sie gern dabei. Nat\u00fcrlich geh\u00f6rt eine Ger\u00e4te- sowie Installation von Software zu unseren Arbeiten.<\/p>\n<p>Heimcomputer wie auch Notebook-Aufr\u00fcstung \u2013 zuverl\u00e4ssig und kompetent von kaelberer services.<\/p>\n<p>Technik steht nie still. Damit Sie generell auf dem neuesten Status mit Ihrem Personal Computer sind, m\u00fcsste ab und zu eine fachgerechte Aufr\u00fcstung vorgenommen werden. Die Hardware-Aufr\u00fcstung ist bei uns in fachm\u00e4nnischer Hand.<\/p>\n<h2>Wenn der PC einmal schadhaft ist<\/h2>\n<p>Wenn Ihr Heimcomputer nicht mehr richtig funktioniert oder das Smartphone oder Notebook kaputt ist, dann wenden Sie sich vertrauensvoll an kaelberer-services.<\/p>\n<p>Vollservice f\u00fcr alle Heimcomputer, egal welches Model.<\/p>\n<p>Umfassende Service-Leistungen, die Ihren PC und Notebook betreffen, \u00fcbernimmt unser Fachbetrieb mit reichlich Sorgfalt. <span style=\"color: #4F81BD;\"><strong>kaelberer services<\/strong><\/span> ist Ihr professioneller Profi f\u00fcr Services in Notzingen. Dabei ist das Angebot sehr weit gef\u00e4chert. Dar\u00fcber hinaus bieten wir neben PC-Reparatur auch viele IT-Leistungen wie Datensicherung, Installation von Software und Schulungen.<\/p>\n<h2>Heimcomputer-Unterst\u00fctzung f\u00fcr Privatleute<\/h2>\n<p>Die Bed\u00fcrfnisse von Privaten Kunden erfordern oft ma\u00dfgeschneiderte L\u00f6sungen. Wir von kaelberer-services sind darauf eingestellt. Ihren alten Laptop m\u00fcssen Sie nicht zum Wertstoffhof bringen, wom\u00f6glich ben\u00f6tigt er lediglich eine General\u00fcberholung oder eine neuartige SSD. Hierbei gibt eine Vielzahl von Chancen, Nachhaltigkeit ins Spiel zu bringen.<\/p>\n<p><strong><cite>Personalcomputer-Dienst privat: <span style=\"color: #4F81BD;\"><strong>kaelberer services<\/strong><\/span> Telefon: 07164 909700 &#8211; | E-Mail: support@kaelberer-online.de<\/cite><\/strong><\/p>\n<p>[contact-form-7 id=&#8220;524&#8243; title=&#8220;PC-Service-Privat&#8220;]<\/p>\n","protected":false},"excerpt":{"rendered":"<p>Ihr EDV-Experte aus der n\u00e4chsten N\u00e4he: kaelberer services &#8211; unsere Firma ist nur ungef\u00e4hr 6.2 Km von Ihnen entfernt. Bei unserer Firma ist Ihre Home Computer-Fehlerbeseitigung in den besten H\u00e4nden! Au\u00dferdem f\u00fchren wir verl\u00e4sslich IT-Wartungen inklusive Virenentfernung an Ihrem Rechner durch. M\u00f6glicherweise ben\u00f6tigen Sie gute und preiswerte Kaufberatung, Datensicherung oder PC-Aufr\u00fcstung? Dann sind wir der &hellip; <a href=\"https:\/\/www.kaelberer-online.de\/services\/privat\/pc-service-privat-notzingen\/\" class=\"more-link\">Continue reading<span class=\"screen-reader-text\"> &#8222;PC Service Privat f\u00fcr Notzingen &#8211; Telefon 07164 909700&#8220;<\/span><\/a><\/p>\n","protected":false},"author":2,"featured_media":603,"parent":486,"menu_order":0,"comment_status":"closed","ping_status":"closed","template":"","meta":{"footnotes":""},"class_list":["post-602","page","type-page","status-publish","has-post-thumbnail","hentry"],"_links":{"self":[{"href":"https:\/\/www.kaelberer-online.de\/services\/wp-json\/wp\/v2\/pages\/602","targetHints":{"allow":["GET"]}}],"collection":[{"href":"https:\/\/www.kaelberer-online.de\/services\/wp-json\/wp\/v2\/pages"}],"about":[{"href":"https:\/\/www.kaelberer-online.de\/services\/wp-json\/wp\/v2\/types\/page"}],"author":[{"embeddable":true,"href":"https:\/\/www.kaelberer-online.de\/services\/wp-json\/wp\/v2\/users\/2"}],"replies":[{"embeddable":true,"href":"https:\/\/www.kaelberer-online.de\/services\/wp-json\/wp\/v2\/comments?post=602"}],"version-history":[{"count":0,"href":"https:\/\/www.kaelberer-online.de\/services\/wp-json\/wp\/v2\/pages\/602\/revisions"}],"up":[{"embeddable":true,"href":"https:\/\/www.kaelberer-online.de\/services\/wp-json\/wp\/v2\/pages\/486"}],"wp:featuredmedia":[{"embeddable":true,"href":"https:\/\/www.kaelberer-online.de\/services\/wp-json\/wp\/v2\/media\/603"}],"wp:attachment":[{"href":"https:\/\/www.kaelberer-online.de\/services\/wp-json\/wp\/v2\/media?parent=602"}],"curies":[{"name":"wp","href":"https:\/\/api.w.org\/{rel}","templated":true}]}}