{"id":600,"date":"2021-11-19T04:21:07","date_gmt":"2021-11-19T04:21:07","guid":{"rendered":"https:\/\/kaelberer-online.de\/services\/?page_id=600"},"modified":"2021-11-19T04:21:07","modified_gmt":"2021-11-19T04:21:07","slug":"pc-service-privat-neidlingen","status":"publish","type":"page","link":"https:\/\/www.kaelberer-online.de\/services\/privat\/pc-service-privat-neidlingen\/","title":{"rendered":"PC Service Privat in Neidlingen &#8211; Telefon 07164 909700"},"content":{"rendered":"<h2>Ihr EDV-Spezialist aus der n\u00e4chsten N\u00e4he: <span style=\"color: #4F81BD;\"><strong>kaelberer services<\/strong><\/span> &#8211; unser Unternehmen ist nur ungef\u00e4hr 5.4 Kilometer von Ihnen entfernt.<\/h2>\n<p>Bei unserer Unternehmung ist Ihre Home Computer-Fehlerbeseitigung in den besten H\u00e4nden! Au\u00dferdem k\u00f6nnen wir gewissenhaft IT-Wartungen inklusive Virenentfernung an Ihrem Laptop durchf\u00fchren. M\u00f6glicherweise ben\u00f6tigen Sie professionelle Kaufberatung, Datensicherung sowie Personal Computer-Aufr\u00fcstung? Dann sind wir der perfekte Experte!<\/p>\n<h2>Unsere Mitarbeiter in Zell unter Aichelberg legen besonderen Wert auf pers\u00f6nlichen EDV-Service f\u00fcr unsere Privaten Kunden.<\/h2>\n<p>Nehmen Sie mit uns Kontakt auf unter Telefon 07164 909700 und verlangen Sie unsere PC-Unterst\u00fctzung. Dieses Angebot gilt sowohl in unseren B\u00fcror\u00e4umen als auch \u00fcber Fernwartung oder vor Ort bei Ihnen in Neidlingen. Wir sind Ihre profesionelle Personal Computer- Betreuung Ihr IT-Fachmann<\/p>\n<h3>Die Services unserer Firma auf einen Blick:<\/h3>\n<ul>\n<li><span style=\"color: #4F81BD;\"><strong>kaelberer services<\/strong><\/span> steht Ihnen in jeder Lage rund um Personalcomputer sowie Notebook mit bestem Fachwissen zur Seite.<\/li>\n<li>Virenentfernung, Virenschutz und kompetente Datensicherung<\/li>\n<li>Aufr\u00fcstung von PC beziehungsweise Laptop<\/li>\n<li>Reparatur und Reparatur von Computern, Notebooks<\/li>\n<li>Sachkundige Schadensabwicklung rund um PC und Datensicherung<\/li>\n<li>Manchmal kommt es vor: ein Moment in dem man nicht aufpasst \u2013 versehentlich falsche Taste gedr\u00fcckt und die Daten sind gel\u00f6scht.<\/li>\n<\/ul>\n<p><strong><span style=\"color: #FF0000;\">Zus\u00e4tzliche Dienstleistungen auf Anfrage Telefon: 07164 909700<\/span><\/strong><\/p>\n<h2>Installation von Ger\u00e4ten oder Softwarel\u00f6sungen<\/h2>\n<p>In unserer schnelllebigen Welt gibt es dauernd Neuerungen. Der Erwerb eines brandneuen PCs, Druckers, Scanners oder einer Fritz box kann f\u00fcr den Unerfahrenen ziemlich herausfordernd sein. Sie wissen nicht, wie moderne Tools genutzt werden? Dann supporten wir Sie nat\u00fcrlich dabei. Selbstverst\u00e4ndlich geh\u00f6rt eine Ger\u00e4te- sowie Softwareinstallation zu unseren Aufgaben.<\/p>\n<p>PC und Notebook-Aufr\u00fcstung \u2013 verl\u00e4sslich und professionell von kaelberer services.<\/p>\n<p>Technik steht nie still. Damit Sie stets auf dem aktuellen Status mit Ihrem Personal Computer sind, m\u00fcsste ab und zu eine professionelle Aufr\u00fcstung realisiert werden. Die Hardware-Aufr\u00fcstung ist bei uns in professioneller Hand.<\/p>\n<h2>Wenn der Personal Computer mal schadhaft ist<\/h2>\n<p>Sollte Ihr Personal Computer nicht mehr fehlerfrei funktionieren oder das Smartphone oder der Laptop kaputt ist, dann wenden Sie sich vertrauensvoll an kaelberer-services.<\/p>\n<p>Vollservice f\u00fcr alle PC, egal welche Marke.<\/p>\n<p>Vielf\u00e4ltige Services, die Ihren Computer und Notebook betreffen, \u00fcbernehmen unsere Experten mit viel Gewissenhaftigkeit. <span style=\"color: #4F81BD;\"><strong>kaelberer services<\/strong><\/span> ist Ihr professioneller Partner f\u00fcr Services in Neidlingen. Dabei ist das Angebot sehr weit gef\u00e4chert. Zudem offerieren wir neben Rechner-Reparatur auch weitreichende EDV-Leistungen wie Backup, Installation von Software und Schulungen.<\/p>\n<h2>Personal Computer-Support f\u00fcr Private Kunden<\/h2>\n<p>Die Anforderungen von Privatkunden ben\u00f6tigen h\u00e4ufig passende Services. Unsere Firma ist darauf eingestellt. Ihren alten Laptop m\u00fcssen Sie nicht gleich zum Recyclinghof transportieren, vielleicht ben\u00f6tigt er nur eine General\u00fcberholung sowie eine neue SSD-Harddisk. In diesem Fall gibt eine Reihe von Chancen, Nachhaltigkeit ins Spiel zu bringen.<\/p>\n<p><strong><cite>Personalcomputer-Service im privaten Bereich: <span style=\"color: #4F81BD;\"><strong>kaelberer services<\/strong><\/span> Telefon: 07164 909700 &#8211; | E-Mail: support@kaelberer-online.de<\/cite><\/strong><\/p>\n<p>[contact-form-7 id=&#8220;524&#8243; title=&#8220;PC-Service-Privat&#8220;]<\/p>\n","protected":false},"excerpt":{"rendered":"<p>Ihr EDV-Spezialist aus der n\u00e4chsten N\u00e4he: kaelberer services &#8211; unser Unternehmen ist nur ungef\u00e4hr 5.4 Kilometer von Ihnen entfernt. Bei unserer Unternehmung ist Ihre Home Computer-Fehlerbeseitigung in den besten H\u00e4nden! Au\u00dferdem k\u00f6nnen wir gewissenhaft IT-Wartungen inklusive Virenentfernung an Ihrem Laptop durchf\u00fchren. M\u00f6glicherweise ben\u00f6tigen Sie professionelle Kaufberatung, Datensicherung sowie Personal Computer-Aufr\u00fcstung? Dann sind wir der perfekte &hellip; <a href=\"https:\/\/www.kaelberer-online.de\/services\/privat\/pc-service-privat-neidlingen\/\" class=\"more-link\">Continue reading<span class=\"screen-reader-text\"> &#8222;PC Service Privat in Neidlingen &#8211; Telefon 07164 909700&#8220;<\/span><\/a><\/p>\n","protected":false},"author":2,"featured_media":601,"parent":486,"menu_order":0,"comment_status":"closed","ping_status":"closed","template":"","meta":{"footnotes":""},"class_list":["post-600","page","type-page","status-publish","has-post-thumbnail","hentry"],"_links":{"self":[{"href":"https:\/\/www.kaelberer-online.de\/services\/wp-json\/wp\/v2\/pages\/600","targetHints":{"allow":["GET"]}}],"collection":[{"href":"https:\/\/www.kaelberer-online.de\/services\/wp-json\/wp\/v2\/pages"}],"about":[{"href":"https:\/\/www.kaelberer-online.de\/services\/wp-json\/wp\/v2\/types\/page"}],"author":[{"embeddable":true,"href":"https:\/\/www.kaelberer-online.de\/services\/wp-json\/wp\/v2\/users\/2"}],"replies":[{"embeddable":true,"href":"https:\/\/www.kaelberer-online.de\/services\/wp-json\/wp\/v2\/comments?post=600"}],"version-history":[{"count":0,"href":"https:\/\/www.kaelberer-online.de\/services\/wp-json\/wp\/v2\/pages\/600\/revisions"}],"up":[{"embeddable":true,"href":"https:\/\/www.kaelberer-online.de\/services\/wp-json\/wp\/v2\/pages\/486"}],"wp:featuredmedia":[{"embeddable":true,"href":"https:\/\/www.kaelberer-online.de\/services\/wp-json\/wp\/v2\/media\/601"}],"wp:attachment":[{"href":"https:\/\/www.kaelberer-online.de\/services\/wp-json\/wp\/v2\/media?parent=600"}],"curies":[{"name":"wp","href":"https:\/\/api.w.org\/{rel}","templated":true}]}}