{"id":60,"date":"2021-11-22T13:24:51","date_gmt":"2021-11-22T13:24:51","guid":{"rendered":"https:\/\/kaelberer-online.de\/services\/?page_id=60"},"modified":"2021-11-22T13:24:51","modified_gmt":"2021-11-22T13:24:51","slug":"cloud-telefonanlage-3cx","status":"publish","type":"page","link":"https:\/\/www.kaelberer-online.de\/services\/telefonanlagen\/cloud-telefonanlage-3cx\/","title":{"rendered":"CLOUD TELEFONANLAGE 3CX Angebot Tel. 07164 90 97 00"},"content":{"rendered":"<h2>\n<p>Wissen Sie die Vorgaben an Ihre neue <strong><strong>3CX<\/strong><\/strong> <strong><strong>Telefonanlage<\/strong><\/strong> bereits?<\/p>\n<\/h2>\n<p><h3>Die aktuelle <strong>3CX<\/strong> <strong>TK-Anlage<\/strong> vereinfacht Ihre Firmenprozesse. Optimieren Sie Ihr Unternehmen mit der neuen und flexiblen <strong>3CX<\/strong> <strong>TK-Anlage<\/strong>. Eine <strong>3CX<\/strong> <strong>Telefonanlage<\/strong> die ma\u00dfgeschneidert auf Ihre Vorgaben zugeschnitten ist und mit dem Unternehmen gro\u00df werden kann.<\/h3>\n<\/p>\n<p>Die neue Arbeitswelt die mobil unterwegs ist. Telefonieren Sie mit Ihrem Handy \u00fcber die <strong>3CX<\/strong> <strong>TK-Anlage<\/strong> mit Ihren Kunden. Nat\u00fcrlich \u00fcber Ihre Festnetz-Rufnummer als Absenderkennung. besch\u00fctzen Sie die Privatsph\u00e4re und beweisen Sie Professionalit\u00e4t.<\/p>\n<p>die <strong>3CX<\/strong> <strong>TK-Anlage<\/strong>n werden auch f\u00fcr flexibles arbeiten konzipiert. Als aktuelle Cloud <strong>3CX<\/strong> <strong>TK-Anlage<\/strong> oder auf Ihrer eigenen Hardware hausintern gehostet. Eine Installation und die Verwaltung ist unkompliziert. Sie bekommen damit eine sichere, verl\u00e4ssliche sowie anpassbare <strong>3CX<\/strong> TK-Anlage.<\/p>\n<h2>Die kosteng\u00fcnstige, vielseitige L\u00f6sung<\/h2>\n<p>Ein unschlagbares Preis- und Leistungsverh\u00e4ltnis. Richten Sie unendlich viele Nebenstellen ein, stets exakt da wo Sie sie gerade ben\u00f6tigen und sparen Sie Kosten.<\/p>\n<h2>St\u00fctzen Sie Ihr Personal.<\/h2>\n<p>Bei Anrufeingang genau wissen wer gerade anruft. Infos sind alles. F\u00fcr Angestellte oder die Leitung. Dadurch wissen Sie exakt was l\u00e4uft. W\u00e4hlen Sie mit einem bequemen Mausklick aus Ihrem CRM oder Ihrer Business Software jede Rufnummer.<\/p>\n<p>Ist es nicht genial, wenn Sie von einer zentralen Oberfl\u00e4che heraus jegliche Anrufe realisieren, empfangen und bearbeiten oder aber den Status Ihrer Mitarbeiter in Erfahrung bringen, eingehende Chat-News beantworten und Videoanrufe f\u00fchren k\u00f6nnten? Mit dem Webclient als Softphone und der Windows Desktop Applikation wird alles das wie auch noch jede Menge mehr realisierbar.<\/p>\n<h2>Microsoft 365 Zusammenf\u00fchrung<\/h2>\n<p>Verwendet Ihr Unternehmen Microsoft 365? Dann vernetzen Sie dieses unkompliziert mit der <strong>3CX<\/strong> <strong>TK-Anlage<\/strong> und vereinen Sie jegliche Vorteile beider Systeme! Anwender k\u00f6nnen \u00fcbergangslos mit beiden Apps arbeiten, Kontakte organisieren und Abl\u00e4ufe schlanker machen, um die Effizienz zu steigern und Auftraggeber zu inspirieren. <\/p>\n<h2>Kontakte mit dem <strong>3CX<\/strong> Telefonbuch synchronisieren<\/h2>\n<h2>MS Teams Telefonie-Integration<\/h2>\n<ol>\n<li>Eliminieren Microsoft\u00b4s teurer Inlands-\/globaler Tarife<\/li>\n<\/li>\n<li>Selektion eines eigenen perfekten SIP-Dienstleisters Ihrer Region<\/li>\n<\/li>\n<li>Realisierung externer Telefongespr\u00e4che \u00fcber <strong>3CX<\/strong> SIP-Trunks<\/li>\n<\/li>\n<\/ol>\n<h3>Wir unterst\u00fctzen, organisieren Hardware sowie Softwarel\u00f6sungen, installieren, konfigurieren, nehmen in Betrieb und Supporten Ihre brandneue <strong>3CX<\/strong> <strong>TK-Anlage<\/strong>. Sie haben Fragen, oder m\u00f6chten die derzeitige Preisliste anfordern? Sie erreichen uns unter Telefon 07164 909700 und per Mail unter support@kaelberer-online.de<\/h3>\n<h2>Haben wir Sie neugierig gemacht?<\/h2>\n<p>Viele weitere interessante Funktionen warten auf Sie.<\/p>\n<ul>\n<li>Lockdown-f\u00e4hig mit der kostenlosen App f\u00fcr Web, iOS &#038; Android<\/li>\n<li>Eingebundene browserbasierte Videokonferenzen<\/li>\n<li>Tageszeit-basierte Anrufweiterleitung und Telefonumfragen<\/li>\n<li>Nutzung der Unternehmens-Durchwahlnummer auf Ihrem Smartphone<\/li>\n<li>Freih\u00e4ndiges Anrufen mit Hilfe Siri und Bluetooth-Einbindung<\/li>\n<li>Fernkonfiguration \u00fcber QR-Code statt umst\u00e4ndliche Einrichtung<\/li>\n<li>Inbegriffen Sicherungen \u00fcber Nacht sowie 24\/7-Monitoring<\/li>\n<li>Auf g\u00fcnstigem Raspberry Pi sowie MiniPC als Telefonie-Appliance<\/li>\n<li>Plug &#038; Play mit IP-Telefonen, Gateways &#038; SIP-Trunks<\/li>\n<li>Keine Lizenzierung pro Nebenstelle, unendlich viele Nebenstellen<\/li>\n<li>Flexible Erreichbarkeit f\u00fcr Star-Kunden au\u00dferhalb der B\u00fcrozeiten<\/li>\n<li>Einfaches Weiterleiten von Anrufen und Chatten mit Kollegen<\/li>\n<li>In Augenblicken Benutzer updaten\/hinzuf\u00fcgen sowie Mailboxen konfigurieren<\/li>\n<li>Anrufweiterleitung basierend auf Kundennummer oder Anfrage<\/li>\n<li>Eigenst\u00e4ndig Hosten via Google, Amazon, Microsoft &#038; mehr<\/li>\n<li>Zusammenf\u00fchrung von Webpr\u00e4senz-Livechat, Facebook-Messaging sowie Kurznachrichten<\/li>\n<\/ul>\n<h3>Fordern Sie erg\u00e4nzende Infos und ein Angebot bei uns an. Nat\u00fcrlich stellen wir Ihnen auch eine vollst\u00e4ndige Featureliste zur Verf\u00fcgung.<\/h3>\n<p>[contact-form-7 id=&#8220;5&#8243; title=&#8220;Contact form 1&#8243;]<\/p>\n","protected":false},"excerpt":{"rendered":"<p>Wissen Sie die Vorgaben an Ihre neue 3CX Telefonanlage bereits? Die aktuelle 3CX TK-Anlage vereinfacht Ihre Firmenprozesse. Optimieren Sie Ihr Unternehmen mit der neuen und flexiblen 3CX TK-Anlage. Eine 3CX Telefonanlage die ma\u00dfgeschneidert auf Ihre Vorgaben zugeschnitten ist und mit dem Unternehmen gro\u00df werden kann. Die neue Arbeitswelt die mobil unterwegs ist. Telefonieren Sie mit &hellip; <a href=\"https:\/\/www.kaelberer-online.de\/services\/telefonanlagen\/cloud-telefonanlage-3cx\/\" class=\"more-link\">Continue reading<span class=\"screen-reader-text\"> &#8222;CLOUD TELEFONANLAGE 3CX Angebot Tel. 07164 90 97 00&#8220;<\/span><\/a><\/p>\n","protected":false},"author":2,"featured_media":61,"parent":26,"menu_order":0,"comment_status":"closed","ping_status":"closed","template":"","meta":{"footnotes":""},"class_list":["post-60","page","type-page","status-publish","has-post-thumbnail","hentry"],"_links":{"self":[{"href":"https:\/\/www.kaelberer-online.de\/services\/wp-json\/wp\/v2\/pages\/60","targetHints":{"allow":["GET"]}}],"collection":[{"href":"https:\/\/www.kaelberer-online.de\/services\/wp-json\/wp\/v2\/pages"}],"about":[{"href":"https:\/\/www.kaelberer-online.de\/services\/wp-json\/wp\/v2\/types\/page"}],"author":[{"embeddable":true,"href":"https:\/\/www.kaelberer-online.de\/services\/wp-json\/wp\/v2\/users\/2"}],"replies":[{"embeddable":true,"href":"https:\/\/www.kaelberer-online.de\/services\/wp-json\/wp\/v2\/comments?post=60"}],"version-history":[{"count":0,"href":"https:\/\/www.kaelberer-online.de\/services\/wp-json\/wp\/v2\/pages\/60\/revisions"}],"up":[{"embeddable":true,"href":"https:\/\/www.kaelberer-online.de\/services\/wp-json\/wp\/v2\/pages\/26"}],"wp:featuredmedia":[{"embeddable":true,"href":"https:\/\/www.kaelberer-online.de\/services\/wp-json\/wp\/v2\/media\/61"}],"wp:attachment":[{"href":"https:\/\/www.kaelberer-online.de\/services\/wp-json\/wp\/v2\/media?parent=60"}],"curies":[{"name":"wp","href":"https:\/\/api.w.org\/{rel}","templated":true}]}}