{"id":596,"date":"2021-12-01T02:07:45","date_gmt":"2021-12-01T02:07:45","guid":{"rendered":"https:\/\/kaelberer-online.de\/services\/?page_id=596"},"modified":"2021-12-01T02:07:45","modified_gmt":"2021-12-01T02:07:45","slug":"pc-service-privat-lenningen","status":"publish","type":"page","link":"https:\/\/www.kaelberer-online.de\/services\/privat\/pc-service-privat-lenningen\/","title":{"rendered":"PC Service Privat f\u00fcr Lenningen &#8211; Telefon 07164 909700"},"content":{"rendered":"<h2>Ihr EDV-Experte aus der nahe gelegenen Gegend: <span style=\"color: #4F81BD;\"><strong>kaelberer services<\/strong><\/span> &#8211; wir sind nur ungef\u00e4hr 9.8 Km von Ihnen entfernt.<\/h2>\n<p>Bei uns ist Ihre Personal Computer-Reparatur in den allerbesten H\u00e4nden! Dar\u00fcber hinaus k\u00f6nnen wir zuverl\u00e4ssig IT-Wartungen inklusive Virenentfernung an Ihrem Notebook durchf\u00fchren. Gegebenenfalls brauchen Sie kompetente Kaufberatung, Datensicherung und Personal Computer-Aufr\u00fcstung? Dann sind wir der ideale Ansprechpartner!<\/p>\n<h2>Wir von <span style=\"color: #4F81BD;\"><strong>kaelberer services<\/strong><\/span> in Zell u. A. legen gro\u00dfen Wert auf pers\u00f6nlichen PC-Service f\u00fcr unsere Privaten Kunden.<\/h2>\n<p>Nehmen Sie mit uns Kontakt auf unter Telefon 07164 909700 und verlangen Sie unsere PC-Unterst\u00fctzung. Unser Angebot gilt sowohl in unseren R\u00e4umlichkeiten als auch via Fernwartung oder vor Ort bei Ihnen in Lenningen. Wir sind Ihre profesionelle Heimcomputer- Betreuung Ihr IT-Experte<\/p>\n<h3>Die Services unserer Firma auf einen Blick:<\/h3>\n<ul>\n<li>Installation, Konfiguration von Ger\u00e4tschaft und Software<\/li>\n<li>Fehlerbeseitigung und Reparatur von PCs, Laptops<\/li>\n<li>Virenentfernung, Virenschutz wie auch fachm\u00e4nnische Sicherung Ihrer Daten<\/li>\n<li>Sachkundige Schadensabwicklung rund um Personalcomputer und Datensicherung<\/li>\n<li>Unsere Firma steht Ihnen in jeder Lage rund um Personal Computer sowie Laptop mit bestem Wissen zur Seite.<\/li>\n<li>Erweiterung von PC und Notebook<\/li>\n<li>Es kommt \u00f6fter vor, als gedacht: ein unachtsamer Moment \u2013 falsche Taste gedr\u00fcckt und Daten sind gel\u00f6scht.<\/li>\n<\/ul>\n<p><strong><span style=\"color: #FF0000;\">Zus\u00e4tzliche Leistungen auf Anfrage Tel.: 07164 909700<\/span><\/strong><\/p>\n<h2>Konfiguration von Komponennten und Softwarel\u00f6sungen<\/h2>\n<p>In unserer schnelllebigen Welt gibt es dauernd Neuerungen. Der Erwerb eines aktuellen Rechners, Druckers, Scanners oder einer Fritz box kann f\u00fcr den Unerfahrenen besonders herausfordernd sein. Sie wissen nicht, wie neuartige Programme genutzt werden k\u00f6nnen? Dann supporten wir Sie gern dabei. Nat\u00fcrlich geh\u00f6rt die Ger\u00e4te- und Softwareinstallation zu unseren Arbeiten.<\/p>\n<p>Personal Computer und Notebook-Aufr\u00fcstung \u2013 gewissenhaft und professionell von kaelberer services.<\/p>\n<p>Technik steht niemals still. Um Ihren Heimcomputer auf einem aktuellen Stand zu halten, m\u00fcsste von Zeit zu Zeit eine fachgerechte Aufr\u00fcstung realisiert werden. Ihre Hardware-Aufr\u00fcstung ist bei uns in qualifizierter Hand.<\/p>\n<h2>Wenn der Rechner einmal schadhaft ist<\/h2>\n<p>Sollte Ihr PC nicht mehr richtig funktionieren und das Smartphone oder Notebook kaputt ist, dann wenden Sie sich vertrauensvoll an uns.<\/p>\n<p>Rund um Service f\u00fcr alle PC, egal welche Marke.<\/p>\n<p>Weitreichende Services, die Ihren Computer und Notebook betreffen, \u00fcbernehmen unsere Experten mit viel Sorgfalt. Unsere Firm ist Ihr routinierter Profi f\u00fcr Services in Lenningen. Dabei ist das Angebot ziemlich weit gef\u00e4chert. Au\u00dferdem bieten wir neben Personal Computer-Reparatur auch viele IT-Leistungen wie Backup, Installation von Software und Einzelschulungen.<\/p>\n<h2>Personalcomputer-Unterst\u00fctzung f\u00fcr Private Kunden<\/h2>\n<p>Die Bed\u00fcrfnisse von Privatleuten ben\u00f6tigen h\u00e4ufig individuelle Services. Unsere Techniker von kaelberer-services sind darauf eingestellt. Ihren \u00e4lteren Laptop m\u00fcssen Sie nicht zum Altstoffsammelzentrum bringen, vermutlich ben\u00f6tigt er lediglich eine General\u00fcberholung oder eine neuartige SSD-Harddisk. In diesem Fall gibt eine Vielzahl von Varianten, Nachhaltigkeit ins Spiel zu bringen.<\/p>\n<p><strong><cite>PC-Dienst privat: <span style=\"color: #4F81BD;\"><strong>kaelberer services<\/strong><\/span> Telefon: 07164 909700 &#8211; | E-Mail: support@kaelberer-online.de<\/cite><\/strong><\/p>\n<p>[contact-form-7 id=&#8220;524&#8243; title=&#8220;PC-Service-Privat&#8220;]<\/p>\n","protected":false},"excerpt":{"rendered":"<p>Ihr EDV-Experte aus der nahe gelegenen Gegend: kaelberer services &#8211; wir sind nur ungef\u00e4hr 9.8 Km von Ihnen entfernt. Bei uns ist Ihre Personal Computer-Reparatur in den allerbesten H\u00e4nden! Dar\u00fcber hinaus k\u00f6nnen wir zuverl\u00e4ssig IT-Wartungen inklusive Virenentfernung an Ihrem Notebook durchf\u00fchren. Gegebenenfalls brauchen Sie kompetente Kaufberatung, Datensicherung und Personal Computer-Aufr\u00fcstung? Dann sind wir der ideale &hellip; <a href=\"https:\/\/www.kaelberer-online.de\/services\/privat\/pc-service-privat-lenningen\/\" class=\"more-link\">Continue reading<span class=\"screen-reader-text\"> &#8222;PC Service Privat f\u00fcr Lenningen &#8211; Telefon 07164 909700&#8220;<\/span><\/a><\/p>\n","protected":false},"author":2,"featured_media":597,"parent":486,"menu_order":0,"comment_status":"closed","ping_status":"closed","template":"","meta":{"footnotes":""},"class_list":["post-596","page","type-page","status-publish","has-post-thumbnail","hentry"],"_links":{"self":[{"href":"https:\/\/www.kaelberer-online.de\/services\/wp-json\/wp\/v2\/pages\/596","targetHints":{"allow":["GET"]}}],"collection":[{"href":"https:\/\/www.kaelberer-online.de\/services\/wp-json\/wp\/v2\/pages"}],"about":[{"href":"https:\/\/www.kaelberer-online.de\/services\/wp-json\/wp\/v2\/types\/page"}],"author":[{"embeddable":true,"href":"https:\/\/www.kaelberer-online.de\/services\/wp-json\/wp\/v2\/users\/2"}],"replies":[{"embeddable":true,"href":"https:\/\/www.kaelberer-online.de\/services\/wp-json\/wp\/v2\/comments?post=596"}],"version-history":[{"count":0,"href":"https:\/\/www.kaelberer-online.de\/services\/wp-json\/wp\/v2\/pages\/596\/revisions"}],"up":[{"embeddable":true,"href":"https:\/\/www.kaelberer-online.de\/services\/wp-json\/wp\/v2\/pages\/486"}],"wp:featuredmedia":[{"embeddable":true,"href":"https:\/\/www.kaelberer-online.de\/services\/wp-json\/wp\/v2\/media\/597"}],"wp:attachment":[{"href":"https:\/\/www.kaelberer-online.de\/services\/wp-json\/wp\/v2\/media?parent=596"}],"curies":[{"name":"wp","href":"https:\/\/api.w.org\/{rel}","templated":true}]}}