{"id":593,"date":"2021-11-13T15:30:07","date_gmt":"2021-11-13T15:30:07","guid":{"rendered":"https:\/\/kaelberer-online.de\/services\/?page_id=593"},"modified":"2021-11-13T15:30:07","modified_gmt":"2021-11-13T15:30:07","slug":"pc-service-privat-holzmaden","status":"publish","type":"page","link":"https:\/\/www.kaelberer-online.de\/services\/privat\/pc-service-privat-holzmaden\/","title":{"rendered":"PC Service Privat f\u00fcr Holzmaden &#8211; Tel. 07164 909700"},"content":{"rendered":"<h2>Ihr EDV-Profi aus der nahe gelegenen Gegend: <span style=\"color: #4F81BD;\"><strong>kaelberer services<\/strong><\/span> &#8211; unsere Firma ist nur rund 1.1 Km von Ihnen entfernt.<\/h2>\n<p>Bei unserer Unternehmung ist Ihre Heimcomputer-Fehlerbeseitigung in den besten H\u00e4nden! Dar\u00fcber hinaus k\u00f6nnen wir verl\u00e4sslich IT-Wartungen inklusive Virenentfernung an Ihrem PC durchf\u00fchren. Gegebenenfalls brauchen Sie fachgem\u00e4\u00dfe Kaufberatung, Datensicherung sowie Heimcomputer-Aufr\u00fcstung? Dann sind wir der optimale Partner!<\/p>\n<h2>Unsere Mitarbeiter in Zell unter Aichelberg legen besonderen Wert auf individuellen PC-Service f\u00fcr unsere Privaten Kunden.<\/h2>\n<p>Nehmen Sie mit uns Kontakt auf unter E-Mail: support@kaelberer-online.de und verlangen Sie unsere PC-Unterst\u00fctzung. Dieses Angebot gilt sowohl in unseren B\u00fcror\u00e4umen wie auch via Fernwartung oder vor Ort bei Ihnen in Holzmaden. Wir sind Ihre profesionelle Heimcomputer- Betreuung Ihr EDV-Experte<\/p>\n<h3>Die Services unserer Firma auf einen Blick:<\/h3>\n<ul>\n<li>Virenentfernung, Virenschutz und kompetente Sicherung Ihrer Daten<\/li>\n<li>Es kommt \u00f6fter vor, als gedacht: ein Moment in dem man nicht aufpasst \u2013 versehentlich falsche Taste gedr\u00fcckt und die Daten sind gel\u00f6scht.<\/li>\n<li><span style=\"color: #4F81BD;\"><strong>kaelberer services<\/strong><\/span> steht Ihnen in jeder Lage rund um Personal Computer sowie Laptop mit bestem Know How zur Seite.<\/li>\n<li>Installation von Ger\u00e4ten und Software<\/li>\n<li>Kompetente Schadensabwicklung rund um Heimcomputer und Backup<\/li>\n<\/ul>\n<p><strong><span style=\"color: #FF0000;\">Zus\u00e4tzliche Dienstleistungen auf Anfrage Tel.: 07164 909700<\/span><\/strong><\/p>\n<h2>Konfiguration von Ger\u00e4ten und Softwarel\u00f6sungen<\/h2>\n<p>In unserer schnelllebigen Umgebung gibt es unabl\u00e4ssig Innovationen. Der Erwerb eines brandneuen Rechners, Druckers, Scanners oder einer Fritz box kann f\u00fcr den Laien sehr fordernd sein. Sie haben weder Zeit noch Wissen, wie neuartige Anwendungen genutzt werden k\u00f6nnen? Dann supporten wir Sie gerne dabei. Nat\u00fcrlich geh\u00f6rt eine Ger\u00e4te- und Installation von Software zu unseren T\u00e4tigkeiten.<\/p>\n<p>PC und Notebook-Aufr\u00fcstung \u2013 verl\u00e4sslich und kompetent von kaelberer services.<\/p>\n<p>Technik steht nie still. Damit Sie stets auf dem aktuellen Stand mit Ihrem Personalcomputer sind, m\u00fcsste ab und zu eine professionelle Aufr\u00fcstung gemacht werden. Ihre Hardware-Aufr\u00fcstung ist bei uns in kompetenter Hand.<\/p>\n<h2>Wenn der Personalcomputer mal defekt ist<\/h2>\n<p>Sollte Ihr Personal Computer nicht mehr richtig funktionieren sowie das Mobiltelefon oder der Laptop besch\u00e4digt ist, dann wenden Sie sich vertrauensvoll an uns.<\/p>\n<p>Vollservice f\u00fcr alle PC, egal wie alt.<\/p>\n<p>Vielf\u00e4ltige Services, die Ihren Rechner und Laptop betreffen, \u00fcbernehmen unsere Experten mit viel Genauigkeit. <span style=\"color: #4F81BD;\"><strong>kaelberer services<\/strong><\/span> ist Ihr kompetenter Profi f\u00fcr Services in Holzmaden. Dabei ist unser Angebot ziemlich weit gef\u00e4chert. Au\u00dferdem bieten wir neben Personal Computer-Reparatur auch viele IT-Leistungen wie Datensicherung, Installation von Software und Schulungen.<\/p>\n<h2>Heimcomputer-Unterst\u00fctzung f\u00fcr Privatkunden<\/h2>\n<p>Die Anforderungen von Privaten Kunden ben\u00f6tigen oft ma\u00dfgeschneiderte L\u00f6sungen. Unsere Techniker von kaelberer-services sind darauf eingestellt. Den \u00e4lteren Laptop m\u00fcssen Sie nicht zum Recyclinghof bringen, wahrscheinlich ben\u00f6tigt er nur eine Runderneuerung oder eine neue SSD-Festplatte. In diesem Fall gibt eine gro\u00dfe Anzahl von M\u00f6glichkeiten, Nachhaltigkeit ins Spiel zu bringen.<\/p>\n<p><strong><cite>Personal Computer-Service privat: <span style=\"color: #4F81BD;\"><strong>kaelberer services<\/strong><\/span> Telefon: 07164 909700 &#8211; | E-Mail: support@kaelberer-online.de<\/cite><\/strong><\/p>\n<p>[contact-form-7 id=&#8220;524&#8243; title=&#8220;PC-Service-Privat&#8220;]<\/p>\n","protected":false},"excerpt":{"rendered":"<p>Ihr EDV-Profi aus der nahe gelegenen Gegend: kaelberer services &#8211; unsere Firma ist nur rund 1.1 Km von Ihnen entfernt. Bei unserer Unternehmung ist Ihre Heimcomputer-Fehlerbeseitigung in den besten H\u00e4nden! Dar\u00fcber hinaus k\u00f6nnen wir verl\u00e4sslich IT-Wartungen inklusive Virenentfernung an Ihrem PC durchf\u00fchren. Gegebenenfalls brauchen Sie fachgem\u00e4\u00dfe Kaufberatung, Datensicherung sowie Heimcomputer-Aufr\u00fcstung? Dann sind wir der optimale &hellip; <a href=\"https:\/\/www.kaelberer-online.de\/services\/privat\/pc-service-privat-holzmaden\/\" class=\"more-link\">Continue reading<span class=\"screen-reader-text\"> &#8222;PC Service Privat f\u00fcr Holzmaden &#8211; Tel. 07164 909700&#8220;<\/span><\/a><\/p>\n","protected":false},"author":2,"featured_media":0,"parent":486,"menu_order":0,"comment_status":"closed","ping_status":"closed","template":"","meta":{"footnotes":""},"class_list":["post-593","page","type-page","status-publish","hentry"],"_links":{"self":[{"href":"https:\/\/www.kaelberer-online.de\/services\/wp-json\/wp\/v2\/pages\/593","targetHints":{"allow":["GET"]}}],"collection":[{"href":"https:\/\/www.kaelberer-online.de\/services\/wp-json\/wp\/v2\/pages"}],"about":[{"href":"https:\/\/www.kaelberer-online.de\/services\/wp-json\/wp\/v2\/types\/page"}],"author":[{"embeddable":true,"href":"https:\/\/www.kaelberer-online.de\/services\/wp-json\/wp\/v2\/users\/2"}],"replies":[{"embeddable":true,"href":"https:\/\/www.kaelberer-online.de\/services\/wp-json\/wp\/v2\/comments?post=593"}],"version-history":[{"count":0,"href":"https:\/\/www.kaelberer-online.de\/services\/wp-json\/wp\/v2\/pages\/593\/revisions"}],"up":[{"embeddable":true,"href":"https:\/\/www.kaelberer-online.de\/services\/wp-json\/wp\/v2\/pages\/486"}],"wp:attachment":[{"href":"https:\/\/www.kaelberer-online.de\/services\/wp-json\/wp\/v2\/media?parent=593"}],"curies":[{"name":"wp","href":"https:\/\/api.w.org\/{rel}","templated":true}]}}