{"id":591,"date":"2021-11-26T22:08:08","date_gmt":"2021-11-26T22:08:08","guid":{"rendered":"https:\/\/kaelberer-online.de\/services\/?page_id=591"},"modified":"2021-11-26T22:08:08","modified_gmt":"2021-11-26T22:08:08","slug":"pc-service-privat-hochdorf","status":"publish","type":"page","link":"https:\/\/www.kaelberer-online.de\/services\/privat\/pc-service-privat-hochdorf\/","title":{"rendered":"PC Service Privat in Hochdorf &#8211; Tel. 07164 909700"},"content":{"rendered":"<h2>Ihr EDV-Experte aus der N\u00e4he: <span style=\"color: #4F81BD;\"><strong>kaelberer services<\/strong><\/span> &#8211; unser Betrieb ist nur rund 7.7 Km von Ihnen weg.<\/h2>\n<p>Bei unserer Firma ist Ihre PC-Reparatur in den besten H\u00e4nden! Au\u00dferdem k\u00f6nnen wir verl\u00e4sslich IT-Wartungen inklusive Virenentfernung an Ihrem Laptop durchf\u00fchren. Eventuell brauchen Sie g\u00fcnstige und professionelle Kaufberatung, Datensicherung oder Personal Computer-Aufr\u00fcstung? In diesem Fall sind wir der richtige Experte!<\/p>\n<h2>Wir von <span style=\"color: #4F81BD;\"><strong>kaelberer services<\/strong><\/span> in Zell unter Aichelberg legen gro\u00dfen Wert auf individuellen EDV-Service f\u00fcr unsere Privatkunden.<\/h2>\n<p>Nehmen Sie mit uns Kontakt auf unter Telefon 07164 909700 und verlangen Sie unsere PC-Unterst\u00fctzung. Unser Angebot gilt sowohl in unseren R\u00e4umlichkeiten wie auch via Fernwartung oder vor Ort bei Ihnen in Hochdorf. Unsere Firma ist Ihre fachkundige Personal Computer- Betreuung Ihr IT-Experte<\/p>\n<h3>Die Services unserer Firma auf einen Blick:<\/h3>\n<ul>\n<li>Unsere Firma steht Ihnen in jeder Lage rund um PC sowie Notebook mit bestem Wissen zur Seite.<\/li>\n<li>Installation, Konfiguration von Ger\u00e4tschaft und Software<\/li>\n<li>Virenentfernung, Virenschutz wie auch fachm\u00e4nnische Datensicherung<\/li>\n<li>Manchmal kommt es vor: ein Moment in dem man nicht aufpasst \u2013 falsche Taste gedr\u00fcckt und Daten sind gel\u00f6scht.<\/li>\n<li>Erweiterung von Heimcomputer beziehungsweise Notebook<\/li>\n<li>Kompetente Abwicklung rund um Personalcomputer und Backup<\/li>\n<\/ul>\n<p><strong><span style=\"color: #FF0000;\">Weitere Leistungen auf Anfrage Tel.: 07164 909700<\/span><\/strong><\/p>\n<h2>Konfiguration von Ger\u00e4ten sowie Softwarel\u00f6sungen<\/h2>\n<p>In unserer schnelllebigen Umgebung gibt es unabl\u00e4ssig Innovationen. Der Erwerb eines aktuellen Rechners, Druckers, Scanners oder einer Fritz box kann f\u00fcr den Laien besonders fordernd sein. Sie wissen nicht, wie neuartige Programme benutzt werden? Dann betreuen wir Sie gern dabei. Nat\u00fcrlich z\u00e4hlt eine Ger\u00e4te- und Installation von Software zu unseren Aufgaben.<\/p>\n<p>Personal Computer wie auch Laptop-Aufr\u00fcstung \u2013 gewissenhaft und kompetent von kaelberer services.<\/p>\n<p>Technik steht nie still. Um Ihren Personalcomputer auf einem neuesten Status zu halten, sollte ab und zu eine professionelle Aufr\u00fcstung vorgenommen werden. Die Hardware-Aufr\u00fcstung ist bei uns in kompetenter Hand.<\/p>\n<h2>Wenn der Personal Computer mal schadhaft ist<\/h2>\n<p>Sollte Ihr Rechner nicht mehr richtig funktionieren sowie das Handy oder der Laptop kaputt ist, dann wenden Sie sich vertrauensvoll an kaelberer-services.<\/p>\n<p>Rund um Service f\u00fcr s\u00e4mtliche PC, egal wie alt.<\/p>\n<p>Vielf\u00e4ltige Serviceleistungen, die Ihren Rechner und Laptop betreffen, \u00fcbernehmen unsere Experten mit reichlich Genauigkeit. Unsere Firm ist Ihr erfahrener Profi f\u00fcr Services in Hochdorf. Hierbei ist unser Angebot sehr breit gef\u00e4chert. Dar\u00fcber hinaus bieten wir neben Rechner-Reparatur auch viele IT-T\u00e4tigkeiten wie Datensicherung, Installation von Software und Schulungen.<\/p>\n<h2>Rechner-Support f\u00fcr Private Kunden<\/h2>\n<p>Die Bed\u00fcrfnisse von Privatkunden ben\u00f6tigen h\u00e4ufig ma\u00dfgeschneiderte L\u00f6sungen. Unsere Firma ist darauf eingestellt. Ihren alten Laptop m\u00fcssen Sie nicht gleich zum Recyclinghof bringen, wahrscheinlich ben\u00f6tigt er lediglich eine Runderneuerung und eine neuartige SSD-Harddisk. In diesem Fall gibt eine gro\u00dfe Anzahl von Optionen, Nachhaltigkeit ins Spiel zu bringen.<\/p>\n<p><strong><cite>PC-Dienst im privaten Bereich: <span style=\"color: #4F81BD;\"><strong>kaelberer services<\/strong><\/span> Telefon: 07164 909700 &#8211; | E-Mail: support@kaelberer-online.de<\/cite><\/strong><\/p>\n<p>[contact-form-7 id=&#8220;524&#8243; title=&#8220;PC-Service-Privat&#8220;]<\/p>\n","protected":false},"excerpt":{"rendered":"<p>Ihr EDV-Experte aus der N\u00e4he: kaelberer services &#8211; unser Betrieb ist nur rund 7.7 Km von Ihnen weg. Bei unserer Firma ist Ihre PC-Reparatur in den besten H\u00e4nden! Au\u00dferdem k\u00f6nnen wir verl\u00e4sslich IT-Wartungen inklusive Virenentfernung an Ihrem Laptop durchf\u00fchren. Eventuell brauchen Sie g\u00fcnstige und professionelle Kaufberatung, Datensicherung oder Personal Computer-Aufr\u00fcstung? In diesem Fall sind wir &hellip; <a href=\"https:\/\/www.kaelberer-online.de\/services\/privat\/pc-service-privat-hochdorf\/\" class=\"more-link\">Continue reading<span class=\"screen-reader-text\"> &#8222;PC Service Privat in Hochdorf &#8211; Tel. 07164 909700&#8220;<\/span><\/a><\/p>\n","protected":false},"author":2,"featured_media":592,"parent":486,"menu_order":0,"comment_status":"closed","ping_status":"closed","template":"","meta":{"footnotes":""},"class_list":["post-591","page","type-page","status-publish","has-post-thumbnail","hentry"],"_links":{"self":[{"href":"https:\/\/www.kaelberer-online.de\/services\/wp-json\/wp\/v2\/pages\/591","targetHints":{"allow":["GET"]}}],"collection":[{"href":"https:\/\/www.kaelberer-online.de\/services\/wp-json\/wp\/v2\/pages"}],"about":[{"href":"https:\/\/www.kaelberer-online.de\/services\/wp-json\/wp\/v2\/types\/page"}],"author":[{"embeddable":true,"href":"https:\/\/www.kaelberer-online.de\/services\/wp-json\/wp\/v2\/users\/2"}],"replies":[{"embeddable":true,"href":"https:\/\/www.kaelberer-online.de\/services\/wp-json\/wp\/v2\/comments?post=591"}],"version-history":[{"count":0,"href":"https:\/\/www.kaelberer-online.de\/services\/wp-json\/wp\/v2\/pages\/591\/revisions"}],"up":[{"embeddable":true,"href":"https:\/\/www.kaelberer-online.de\/services\/wp-json\/wp\/v2\/pages\/486"}],"wp:featuredmedia":[{"embeddable":true,"href":"https:\/\/www.kaelberer-online.de\/services\/wp-json\/wp\/v2\/media\/592"}],"wp:attachment":[{"href":"https:\/\/www.kaelberer-online.de\/services\/wp-json\/wp\/v2\/media?parent=591"}],"curies":[{"name":"wp","href":"https:\/\/api.w.org\/{rel}","templated":true}]}}