{"id":59,"date":"2021-11-26T07:47:34","date_gmt":"2021-11-26T07:47:34","guid":{"rendered":"https:\/\/kaelberer-online.de\/services\/?page_id=59"},"modified":"2021-11-26T07:47:34","modified_gmt":"2021-11-26T07:47:34","slug":"telefonanlage-3cx","status":"publish","type":"page","link":"https:\/\/www.kaelberer-online.de\/services\/telefonanlagen\/telefonanlage-3cx\/","title":{"rendered":"TELEFONANLAGE 3CX Angebot Telefon 07164 90 97 00"},"content":{"rendered":"<h2>\n<p>Kennen Sie die Anspr\u00fcche an Ihre neue <strong><strong>3CX<\/strong><\/strong> <strong><strong>TK-Anlage<\/strong><\/strong> bereits?<\/p>\n<\/h2>\n<p><h3>Eine aktuelle <strong>3CX<\/strong> <strong>TK-Anlage<\/strong> vereinfacht die Firmenprozesse. Optimieren Sie Ihr Unternehmen mit einer aktuellen und flexiblen <strong>3CX<\/strong> Telefonanlage. Eine <strong>3CX<\/strong> <strong>Telefonanlage<\/strong> die ma\u00dfgeschneidert auf Ihre Anforderungen abgestimmt ist und mit dem Unternehmen wachsen kann.<\/h3>\n<\/p>\n<p>Die neue Arbeitswelt die mobil unterwegs ist. Kommunizieren Sie mit dem Mobiltelefon \u00fcber die <strong>3CX<\/strong> <strong>Telefonanlage<\/strong> mit Ihren Kunden. Nat\u00fcrlich mit Ihrer Festnetz-Telefonnummer als Absender-Kennung. Wahren Sie Ihre Privatsph\u00e4re und zeigen Sie Seriosit\u00e4t.<\/p>\n<p>Unsere <strong>3CX<\/strong> <strong>TK-Anlage<\/strong>n wurden f\u00fcr mobiles arbeiten konzipiert. Als zeitgem\u00e4\u00dfe Cloud <strong>3CX<\/strong> <strong>TK-Anlage<\/strong> oder auf Ihrer privaten Hardware hausintern gehostet. Die Installation und die Verwaltung ist einfach. Sie bekommen damit eine sichere, zuverl\u00e4ssige wie auch hochflexible <strong>3CX<\/strong> <strong>Telefonanlage<\/strong>.<\/p>\n<h2>Eine kosteng\u00fcnstige, anpassbare L\u00f6sung<\/h2>\n<p>Ein tolles Preis- und Leistungsverh\u00e4ltnis. Richten Sie unendlich viele Nebenstellen ein, immer pr\u00e4zise da wo Sie sie gerade brauchen und sparen Sie Kosten.<\/p>\n<h2>Best\u00e4rken Sie Ihr Verkaufspersonal.<\/h2>\n<p>Bei Anrufeingang genau wissen wer im Moment anruft. Infos sind alles. F\u00fcr Besch\u00e4ftigte sowie die Direktion. Dadurch wissen Sie exakt was geht. W\u00e4hlen Sie mit einem einfachen Mausklick aus Ihrem CRM oder Ihrer Firmensoftware jede Rufnummer.<\/p>\n<p>W\u00e4re es nicht cool, wenn Sie von einer zentralen Oberfl\u00e4che heraus s\u00e4mtliche Anrufe realisieren, entgegen nehmen sowie bearbeiten oder aber den Status Ihrer Mitarbeiter abfragen, eingehende Livechat-Nachrichten beantworten und Videoanrufe f\u00fchren k\u00f6nnten? Mit einem Webclient als Softphone und der Windows Desktop Applikation ist alles das wie auch noch jede Menge mehr machbar.<\/p>\n<h2>MS 365 Zusammenf\u00fchrung<\/h2>\n<p>Verwendet Ihre Firma MS 365? Dann verkn\u00fcpfen Sie dieses bequem mit der <strong>3CX<\/strong> <strong>Telefonanlage<\/strong> und kombinieren Sie jegliche Vorteile beider Systeme! User k\u00f6nnen nahtlos mit beiden Apps arbeiten, Kontakte verwalten und Abl\u00e4ufe schlanker machen, um ihre Effizienz zu steigern und Auftraggeber zu begeistern. <\/p>\n<h2>Kontakte mit Ihrem <strong>3CX<\/strong> Telefonbuch synchronisieren<\/h2>\n<h2>MS Teams Telefonie-Verzahnung<\/h2>\n<ol>\n<li>Durchf\u00fchrung externer Telefongespr\u00e4che mittels <strong>3CX<\/strong> SIP-Trunks<\/li>\n<\/li>\n<li>Selektion eines speziellen preiswerten SIP-Anbieters Ihrer Gegend<\/li>\n<\/li>\n<\/ol>\n<h3>Unsere Techniker informieren, organisieren Hardware wie auch Software, installieren, konfigurieren, nehmen in Betrieb und Supporten Ihre neue <strong>3CX<\/strong> <strong>Telefonanlage<\/strong>. Sie haben Fragen, oder wollen die aktuelle Liste der Preise anfordern? Sie erreichen uns unter Telefon 07164 909700 und per E-Mail-Nachricht unter support@kaelberer-online.de<\/h3>\n<h2>Haben wir Sie neugierig gemacht?<\/h2>\n<p>Jede Menge weitere top Features warten auf Sie.<\/p>\n<ul>\n<li>Registrierung am Webclient \u2013 Details in der Willkommens-E-Mail<\/li>\n<li>Telefonrechnung um bis zu 80 % verringern mittels Wechsel zu <strong>3CX<\/strong><\/li>\n<li>Automatische Anrufaufzeichnung bereinigt manuelle Eintragungen<\/li>\n<li>Beinhaltet mobile Apps f\u00fcr Windows, Web, iOS &#038; Android<\/li>\n<li>Direkter Kontakt via Anrufe, Video und Instant Messaging<\/li>\n<li>Keine Tischtelefone vonn\u00f6ten \u2013 Nutzen Sie Ihr Smartphone<\/li>\n<li>Plug &#038; Play mit IP-Telefonen, Gateways &#038; SIP-Trunks<\/li>\n<li>Inklusive Datensicherungen \u00fcber Nacht und 24\/7-\u00dcberwachung<\/li>\n<li>Identifikation von Anrufern mit Hilfe CRM-Zusammenf\u00fchrung<\/li>\n<li>Wechsel zwischen Sprach- wie auch Video-Telefonaten mit einem Fingertipp<\/li>\n<li>Verzahnung von Webpr\u00e4senz-Livechat, Facebook-Messaging wie auch Kurznachrichten<\/li>\n<li>Verwaltung, Sicherheits-Patches &#038; Version-Upgrades durch <strong>3CX<\/strong><\/li>\n<li>Fernkonfiguration \u00fcber QR-Code an Stelle umst\u00e4ndliche Einrichtung<\/li>\n<li>Vollautomatische Anpassung von Firewall-Regeln<\/li>\n<li>Selbst\u00e4ndig Hosten \u00fcber Google, Amazon, Microsoft &#038; mehr<\/li>\n<li>Konferenzen, mobile Applikationen, Chat inbegriffen<\/li>\n<li>Bereitstellung Ihrer Entit\u00e4t bei einem Top-Cloud-Provider<\/li>\n<li>Anruf-Protokolle im Kundendatensatz f\u00fcr transparente Anrufhistorie<\/li>\n<li>Anrufweiterleitung basierend auf Kundennummer sowie Anfrage<\/li>\n<li>App \u00f6ffnen, QR Code scannen \u2013 im Nu sind Sie bereit!<\/li>\n<\/ul>\n<h3>Bitte fordern Sie zus\u00e4tzliche Informationen oder ein Angebot bei uns an. Nat\u00fcrlich stellen wir Ihnen auch eine vollst\u00e4ndige Featureliste zur Verf\u00fcgung.<\/h3>\n<p>[contact-form-7 id=&#8220;5&#8243; title=&#8220;Contact form 1&#8243;]<\/p>\n","protected":false},"excerpt":{"rendered":"<p>Kennen Sie die Anspr\u00fcche an Ihre neue 3CX TK-Anlage bereits? Eine aktuelle 3CX TK-Anlage vereinfacht die Firmenprozesse. Optimieren Sie Ihr Unternehmen mit einer aktuellen und flexiblen 3CX Telefonanlage. Eine 3CX Telefonanlage die ma\u00dfgeschneidert auf Ihre Anforderungen abgestimmt ist und mit dem Unternehmen wachsen kann. Die neue Arbeitswelt die mobil unterwegs ist. Kommunizieren Sie mit dem &hellip; <a href=\"https:\/\/www.kaelberer-online.de\/services\/telefonanlagen\/telefonanlage-3cx\/\" class=\"more-link\">Continue reading<span class=\"screen-reader-text\"> &#8222;TELEFONANLAGE 3CX Angebot Telefon 07164 90 97 00&#8220;<\/span><\/a><\/p>\n","protected":false},"author":2,"featured_media":55,"parent":26,"menu_order":0,"comment_status":"closed","ping_status":"closed","template":"","meta":{"footnotes":""},"class_list":["post-59","page","type-page","status-publish","has-post-thumbnail","hentry"],"_links":{"self":[{"href":"https:\/\/www.kaelberer-online.de\/services\/wp-json\/wp\/v2\/pages\/59","targetHints":{"allow":["GET"]}}],"collection":[{"href":"https:\/\/www.kaelberer-online.de\/services\/wp-json\/wp\/v2\/pages"}],"about":[{"href":"https:\/\/www.kaelberer-online.de\/services\/wp-json\/wp\/v2\/types\/page"}],"author":[{"embeddable":true,"href":"https:\/\/www.kaelberer-online.de\/services\/wp-json\/wp\/v2\/users\/2"}],"replies":[{"embeddable":true,"href":"https:\/\/www.kaelberer-online.de\/services\/wp-json\/wp\/v2\/comments?post=59"}],"version-history":[{"count":0,"href":"https:\/\/www.kaelberer-online.de\/services\/wp-json\/wp\/v2\/pages\/59\/revisions"}],"up":[{"embeddable":true,"href":"https:\/\/www.kaelberer-online.de\/services\/wp-json\/wp\/v2\/pages\/26"}],"wp:featuredmedia":[{"embeddable":true,"href":"https:\/\/www.kaelberer-online.de\/services\/wp-json\/wp\/v2\/media\/55"}],"wp:attachment":[{"href":"https:\/\/www.kaelberer-online.de\/services\/wp-json\/wp\/v2\/media?parent=59"}],"curies":[{"name":"wp","href":"https:\/\/api.w.org\/{rel}","templated":true}]}}