{"id":587,"date":"2021-11-11T17:15:16","date_gmt":"2021-11-11T17:15:16","guid":{"rendered":"https:\/\/kaelberer-online.de\/services\/?page_id=587"},"modified":"2021-11-11T17:15:16","modified_gmt":"2021-11-11T17:15:16","slug":"pc-service-privat-hattenhofen","status":"publish","type":"page","link":"https:\/\/www.kaelberer-online.de\/services\/privat\/pc-service-privat-hattenhofen\/","title":{"rendered":"PC Service Privat f\u00fcr Hattenhofen &#8211; Tel. 07164 909700"},"content":{"rendered":"<h2>Ihr EDV-Fachmann aus der N\u00e4he: <span style=\"color: #4F81BD;\"><strong>kaelberer services<\/strong><\/span> &#8211; wir sind nur rund 1.2 Kilometer von Ihnen weg.<\/h2>\n<p>Bei uns ist Ihre Home Computer-Reparatur in den allerbesten H\u00e4nden! Dar\u00fcber hinaus k\u00f6nnen wir verl\u00e4sslich IT-Wartungen inklusive Virenentfernung an Ihrem Rechner durchf\u00fchren. Eventuell w\u00fcnschen Sie fachm\u00e4nnische Kaufberatung, Datensicherung oder PC-Aufr\u00fcstung? Dann sind wir der perfekte Experte!<\/p>\n<h2>Unsere Spezialisten in Zell u. A. legen besonderen Wert auf pers\u00f6nlichen EDV-Service f\u00fcr unsere Privaten Kunden.<\/h2>\n<p>Nehmen Sie mit uns Kontakt auf unter E-Mail: support@kaelberer-online.de und verlangen Sie unsere PC-Unterst\u00fctzung. Dieses Angebot gilt sowohl in unseren B\u00fcror\u00e4umen als auch \u00fcber Fernwartung oder vor Ort bei Ihnen in Hattenhofen. Wir sind Ihre profesionelle Heimcomputer- Betreuung Ihr IT-Fachmann<\/p>\n<h3>Die Services unserer Firma auf einen Blick:<\/h3>\n<ul>\n<li>Reparatur und Instandsetzung von PCs, Laptops<\/li>\n<li>Installation von Ger\u00e4ten wie auch Software<\/li>\n<li>Sachkundige Abwicklung rund um Personalcomputer und Datensicherung<\/li>\n<li>Erweiterung von Personalcomputer beziehungsweise Notebook<\/li>\n<li>Virenentfernung, Virenschutz und fachm\u00e4nnische Sicherung Ihrer Daten<\/li>\n<li><span style=\"color: #4F81BD;\"><strong>kaelberer services<\/strong><\/span> steht Ihnen in jeder Lage rund um PC und Notebook mit bestem Fachwissen zur Seite.<\/li>\n<\/ul>\n<p><strong><span style=\"color: #FF0000;\">Erg\u00e4nzende Dienste auf Anfrage Telefon: 07164 909700<\/span><\/strong><\/p>\n<h2>Inbetriebnahme von Komponennten sowie Software<\/h2>\n<p>In unserer schnelllebigen Welt gibt es dauernd Innovationen. Der Erwerb eines neuen Computers, Druckers, Scanners oder einer Fritz box kann f\u00fcr den Nichtexperten ziemlich fordernd sein. Sie haben weder Zeit noch Wissen, wie moderne Anwendungen benutzt werden k\u00f6nnen? Dann supporten wir Sie nat\u00fcrlich dabei. Nat\u00fcrlich z\u00e4hlt die Ger\u00e4te- wie auch Softwareinstallation zu unseren T\u00e4tigkeiten.<\/p>\n<p>Heimcomputer wie auch Notebook-Aufr\u00fcstung \u2013 verl\u00e4sslich und fachkundig von kaelberer services.<\/p>\n<p>Die Technik steht nie still. Damit Sie stets auf dem neuesten Status mit Ihrem Heimcomputer sind, m\u00fcsste ab und zu eine fachgerechte Aufr\u00fcstung vorgenommen werden. Ihre Hardware-Aufr\u00fcstung ist bei uns in qualifizierter Hand.<\/p>\n<h2>Wenn der Personalcomputer mal schadhaft ist<\/h2>\n<p>Sollte Ihr Personalcomputer nicht mehr richtig funktionieren und das Mobiltelefon oder Notebook besch\u00e4digt ist, dann wenden Sie sich vertrauensvoll an kaelberer-services.<\/p>\n<p>Vollservice f\u00fcr alle Rechner, egal wie alt.<\/p>\n<p>Umfassende Service-Leistungen, die Ihren Rechner und Laptop betreffen, \u00fcbernehmen unsere Experten mit viel Sorgfalt. <span style=\"color: #4F81BD;\"><strong>kaelberer services<\/strong><\/span> ist Ihr routinierter Partner f\u00fcr Services in Hattenhofen. Dabei ist das Angebotsspektrum sehr breit gef\u00e4chert. Dar\u00fcber hinaus offerieren wir neben Heimcomputer-Reparatur auch weitreichende EDV-Leistungen wie Backup, Installation von Software und Schulungen.<\/p>\n<h2>PC-Unterst\u00fctzung f\u00fcr Privatleute<\/h2>\n<p>Die W\u00fcnsche von Privatkunden ben\u00f6tigen h\u00e4ufig besondere Services. Unsere Techniker von kaelberer-services sind darauf eingestellt. Ihren alten Laptop m\u00fcssen Sie nicht gleich zum Wertstoffhof verfrachten, vermutlich ben\u00f6tigt er nur eine Runderneuerung sowie eine moderne SSD. In diesem Fall gibt eine gro\u00dfe Anzahl von L\u00f6sungen, Nachhaltigkeit ins Spiel zu bringen.<\/p>\n<p><strong><cite>Personal Computer-Dienst im privaten Rahmen: <span style=\"color: #4F81BD;\"><strong>kaelberer services<\/strong><\/span> Telefon: 07164 909700 &#8211; | E-Mail: support@kaelberer-online.de<\/cite><\/strong><\/p>\n<p>[contact-form-7 id=&#8220;524&#8243; title=&#8220;PC-Service-Privat&#8220;]<\/p>\n","protected":false},"excerpt":{"rendered":"<p>Ihr EDV-Fachmann aus der N\u00e4he: kaelberer services &#8211; wir sind nur rund 1.2 Kilometer von Ihnen weg. Bei uns ist Ihre Home Computer-Reparatur in den allerbesten H\u00e4nden! Dar\u00fcber hinaus k\u00f6nnen wir verl\u00e4sslich IT-Wartungen inklusive Virenentfernung an Ihrem Rechner durchf\u00fchren. Eventuell w\u00fcnschen Sie fachm\u00e4nnische Kaufberatung, Datensicherung oder PC-Aufr\u00fcstung? Dann sind wir der perfekte Experte! Unsere Spezialisten &hellip; <a href=\"https:\/\/www.kaelberer-online.de\/services\/privat\/pc-service-privat-hattenhofen\/\" class=\"more-link\">Continue reading<span class=\"screen-reader-text\"> &#8222;PC Service Privat f\u00fcr Hattenhofen &#8211; Tel. 07164 909700&#8220;<\/span><\/a><\/p>\n","protected":false},"author":2,"featured_media":588,"parent":486,"menu_order":0,"comment_status":"closed","ping_status":"closed","template":"","meta":{"footnotes":""},"class_list":["post-587","page","type-page","status-publish","has-post-thumbnail","hentry"],"_links":{"self":[{"href":"https:\/\/www.kaelberer-online.de\/services\/wp-json\/wp\/v2\/pages\/587","targetHints":{"allow":["GET"]}}],"collection":[{"href":"https:\/\/www.kaelberer-online.de\/services\/wp-json\/wp\/v2\/pages"}],"about":[{"href":"https:\/\/www.kaelberer-online.de\/services\/wp-json\/wp\/v2\/types\/page"}],"author":[{"embeddable":true,"href":"https:\/\/www.kaelberer-online.de\/services\/wp-json\/wp\/v2\/users\/2"}],"replies":[{"embeddable":true,"href":"https:\/\/www.kaelberer-online.de\/services\/wp-json\/wp\/v2\/comments?post=587"}],"version-history":[{"count":1,"href":"https:\/\/www.kaelberer-online.de\/services\/wp-json\/wp\/v2\/pages\/587\/revisions"}],"predecessor-version":[{"id":628,"href":"https:\/\/www.kaelberer-online.de\/services\/wp-json\/wp\/v2\/pages\/587\/revisions\/628"}],"up":[{"embeddable":true,"href":"https:\/\/www.kaelberer-online.de\/services\/wp-json\/wp\/v2\/pages\/486"}],"wp:featuredmedia":[{"embeddable":true,"href":"https:\/\/www.kaelberer-online.de\/services\/wp-json\/wp\/v2\/media\/588"}],"wp:attachment":[{"href":"https:\/\/www.kaelberer-online.de\/services\/wp-json\/wp\/v2\/media?parent=587"}],"curies":[{"name":"wp","href":"https:\/\/api.w.org\/{rel}","templated":true}]}}