{"id":585,"date":"2021-11-30T16:07:16","date_gmt":"2021-11-30T16:07:16","guid":{"rendered":"https:\/\/kaelberer-online.de\/services\/?page_id=585"},"modified":"2021-11-30T16:07:16","modified_gmt":"2021-11-30T16:07:16","slug":"pc-service-privat-gruibingen","status":"publish","type":"page","link":"https:\/\/www.kaelberer-online.de\/services\/privat\/pc-service-privat-gruibingen\/","title":{"rendered":"PC Service Privat f\u00fcr Gruibingen &#8211; Tel. 07164 909700"},"content":{"rendered":"<h2>Ihr EDV-Experte aus der N\u00e4he: <span style=\"color: #4F81BD;\"><strong>kaelberer services<\/strong><\/span> &#8211; wir sind nur rund 3.3 Km von Ihnen entfernt.<\/h2>\n<p>Bei unserer Firma ist Ihre Rechner-Fehlerbeseitigung in den besten H\u00e4nden! Au\u00dferdem f\u00fchren wir gewissenhaft IT-Wartungen inklusive Virenentfernung an Ihrem Computer durch. Eventuell brauchen Sie qualifizierte Kaufberatung, Datensicherung und Heimcomputer-Aufr\u00fcstung? In diesem Fall sind wir der geeignete Experte!<\/p>\n<h2>Unsere Mitarbeiter in Zell unter Aichelberg legen gro\u00dfen Wert auf individuellen EDV-Service f\u00fcr unsere Privatkunden.<\/h2>\n<p>Nehmen Sie mit uns Kontakt auf unter E-Mail: support@kaelberer-online.de und fordern Sie unsere PC-Unterst\u00fctzung an. Unser Angebot gilt sowohl in unseren B\u00fcror\u00e4umen als auch \u00fcber Fernwartung oder vor Ort bei Ihnen in Gruibingen. Wir sind Ihre fachkundige PC- Betreuung Ihr IT-Experte<\/p>\n<h3>Unsere Serviceleistungen auf einen Blick:<\/h3>\n<ul>\n<li>Installation von Ger\u00e4ten wie auch Software<\/li>\n<li>Fehlerbeseitigung und Reparatur von Computern, Notebooks<\/li>\n<li>Virenentfernung, Virenschutz sowie gute und preiswerte Sicherung Ihrer Daten<\/li>\n<li>Kompetente Schadensabwicklung rund um Personal Computer und Datensicherung<\/li>\n<li><span style=\"color: #4F81BD;\"><strong>kaelberer services<\/strong><\/span> steht Ihnen in jeder Lage rund um Heimcomputer und Notebook mit bestem Wissen zur Seite.<\/li>\n<\/ul>\n<p><strong><span style=\"color: #FF0000;\">Erg\u00e4nzende Services auf Anfrage Tel.: 07164 909700<\/span><\/strong><\/p>\n<h2>Inbetriebnahme von Komponennten und Softwarel\u00f6sungen<\/h2>\n<p>In unserer sich rasant ver\u00e4ndernden Umgebung gibt es permanent Innovationen. Die Anschaffung eines brandneuen PCs, Druckers, Scanners oder einer Fritz box kann f\u00fcr den Laien sehr fordernd sein. Sie wissen nicht, wie moderne Tools benutzt werden k\u00f6nnen? Dann betreuen wir Sie nat\u00fcrlich dabei. Nat\u00fcrlich geh\u00f6rt die Ger\u00e4te- und Installation von Software zu unseren Aufgaben.<\/p>\n<p>Personalcomputer und Laptop-Aufr\u00fcstung \u2013 verl\u00e4sslich und professionell von kaelberer services.<\/p>\n<p>Technik steht nie still. Damit Sie immer auf dem aktuellen Stand mit Ihrem Personalcomputer sind, sollte ab und zu eine fachgerechte Aufr\u00fcstung vorgenommen werden. Ihre Hardware-Aufr\u00fcstung ist bei uns in fachm\u00e4nnischer Hand.<\/p>\n<h2>Wenn der Personalcomputer einmal schadhaft ist<\/h2>\n<p>Wenn Ihr Personalcomputer nicht mehr korrekt funktioniert sowie das Mobiltelefon oder der Laptop besch\u00e4digt ist, dann wenden Sie sich vertrauensvoll an uns.<\/p>\n<p>Vollservice f\u00fcr s\u00e4mtliche PC, egal wie alt.<\/p>\n<p>Vielf\u00e4ltige Services, die Ihren PC und Notebook betreffen, \u00fcbernimmt unser Fachbetrieb mit jeder Menge Sorgfalt. Unsere Firm ist Ihr kompetenter Partner f\u00fcr Services in Gruibingen. Hierbei ist unser Angebotsspektrum besonders weit gef\u00e4chert. Dar\u00fcber hinaus bieten wir neben Personal Computer-Reparatur auch weitreichende EDV-T\u00e4tigkeiten wie Backup, Softwareinstallation und Schulungen.<\/p>\n<h2>Personal Computer-Unterst\u00fctzung f\u00fcr Privatleute<\/h2>\n<p>Die Anforderungen von Privatleuten ben\u00f6tigen h\u00e4ufig passende Services. Unsere Firma ist darauf eingestellt. Den \u00e4lteren Laptop m\u00fcssen Sie nicht zum Wertstoffhof bringen, vermutlich ben\u00f6tigt er lediglich eine Runderneuerung und eine neuartige SSD-Festplatte. Hierbei gibt eine Reihe von L\u00f6sungen, Nachhaltigkeit ins Spiel zu bringen.<\/p>\n<p><strong><cite>Heimcomputer-Service im privaten Bereich: <span style=\"color: #4F81BD;\"><strong>kaelberer services<\/strong><\/span> Telefon: 07164 909700 &#8211; | E-Mail: support@kaelberer-online.de<\/cite><\/strong><\/p>\n<p>[contact-form-7 id=&#8220;524&#8243; title=&#8220;PC-Service-Privat&#8220;]<\/p>\n","protected":false},"excerpt":{"rendered":"<p>Ihr EDV-Experte aus der N\u00e4he: kaelberer services &#8211; wir sind nur rund 3.3 Km von Ihnen entfernt. Bei unserer Firma ist Ihre Rechner-Fehlerbeseitigung in den besten H\u00e4nden! Au\u00dferdem f\u00fchren wir gewissenhaft IT-Wartungen inklusive Virenentfernung an Ihrem Computer durch. Eventuell brauchen Sie qualifizierte Kaufberatung, Datensicherung und Heimcomputer-Aufr\u00fcstung? In diesem Fall sind wir der geeignete Experte! Unsere &hellip; <a href=\"https:\/\/www.kaelberer-online.de\/services\/privat\/pc-service-privat-gruibingen\/\" class=\"more-link\">Continue reading<span class=\"screen-reader-text\"> &#8222;PC Service Privat f\u00fcr Gruibingen &#8211; Tel. 07164 909700&#8220;<\/span><\/a><\/p>\n","protected":false},"author":2,"featured_media":586,"parent":486,"menu_order":0,"comment_status":"closed","ping_status":"closed","template":"","meta":{"footnotes":""},"class_list":["post-585","page","type-page","status-publish","has-post-thumbnail","hentry"],"_links":{"self":[{"href":"https:\/\/www.kaelberer-online.de\/services\/wp-json\/wp\/v2\/pages\/585","targetHints":{"allow":["GET"]}}],"collection":[{"href":"https:\/\/www.kaelberer-online.de\/services\/wp-json\/wp\/v2\/pages"}],"about":[{"href":"https:\/\/www.kaelberer-online.de\/services\/wp-json\/wp\/v2\/types\/page"}],"author":[{"embeddable":true,"href":"https:\/\/www.kaelberer-online.de\/services\/wp-json\/wp\/v2\/users\/2"}],"replies":[{"embeddable":true,"href":"https:\/\/www.kaelberer-online.de\/services\/wp-json\/wp\/v2\/comments?post=585"}],"version-history":[{"count":0,"href":"https:\/\/www.kaelberer-online.de\/services\/wp-json\/wp\/v2\/pages\/585\/revisions"}],"up":[{"embeddable":true,"href":"https:\/\/www.kaelberer-online.de\/services\/wp-json\/wp\/v2\/pages\/486"}],"wp:featuredmedia":[{"embeddable":true,"href":"https:\/\/www.kaelberer-online.de\/services\/wp-json\/wp\/v2\/media\/586"}],"wp:attachment":[{"href":"https:\/\/www.kaelberer-online.de\/services\/wp-json\/wp\/v2\/media?parent=585"}],"curies":[{"name":"wp","href":"https:\/\/api.w.org\/{rel}","templated":true}]}}