{"id":581,"date":"2021-11-20T01:35:31","date_gmt":"2021-11-20T01:35:31","guid":{"rendered":"https:\/\/kaelberer-online.de\/services\/?page_id=581"},"modified":"2021-11-20T01:35:31","modified_gmt":"2021-11-20T01:35:31","slug":"pc-service-privat-gammelshausen","status":"publish","type":"page","link":"https:\/\/www.kaelberer-online.de\/services\/privat\/pc-service-privat-gammelshausen\/","title":{"rendered":"PC Service Privat in Gammelshausen &#8211; Tel. 07164 909700"},"content":{"rendered":"<h2>Ihr IT-Experte in der nahe gelegenen Umgebung: <span style=\"color: #4F81BD;\"><strong>kaelberer services<\/strong><\/span> &#8211; wir sind nur circa 5.3 Km von Ihnen weg.<\/h2>\n<p>Bei unserer Firma ist Ihre Heimcomputer-Fehlerbeseitigung in den besten H\u00e4nden! Au\u00dferdem k\u00f6nnen wir verl\u00e4sslich IT-Wartungen inklusive Virenentfernung an Ihrem Laptop durchf\u00fchren. Vielleicht w\u00fcnschen Sie gute und preiswerte Kaufberatung, Datensicherung sowie Heimcomputer-Aufr\u00fcstung? In diesem Fall sind wir der richtige Ansprechpartner!<\/p>\n<h2>Wir von <span style=\"color: #4F81BD;\"><strong>kaelberer services<\/strong><\/span> in Zell u. A. legen gro\u00dfen Wert auf pers\u00f6nlichen PC-Service f\u00fcr unsere Privaten Klienten.<\/h2>\n<p>Nehmen Sie mit uns Kontakt auf unter E-Mail: support@kaelberer-online.de und verlangen Sie unsere PC-Unterst\u00fctzung. Unser Angebot gilt sowohl in unseren R\u00e4umlichkeiten wie auch \u00fcber Fernwartung oder vor Ort bei Ihnen in Gammelshausen. Wir sind Ihre profesionelle Heimcomputer- Betreuung Ihr EDV-Profi<\/p>\n<h3>Die Services unserer Firma auf einen Blick:<\/h3>\n<ul>\n<li>Installation, Konfiguration von Ger\u00e4ten und Software<\/li>\n<li>Aufr\u00fcstung von PC und Notebook<\/li>\n<li>Professionelle Abwicklung rund um PC und Datensicherung<\/li>\n<li><span style=\"color: #4F81BD;\"><strong>kaelberer services<\/strong><\/span> steht Ihnen in jeder Situation rund um Heimcomputer sowie Notebook mit bestem Fachwissen zur Seite.<\/li>\n<li>Reparatur und Instandsetzung von PCs, Notebooks<\/li>\n<li>Manchmal kommt es vor: ein Moment in dem man nicht aufpasst \u2013 versehentlich falsche Taste gedr\u00fcckt und die Daten sind gel\u00f6scht.<\/li>\n<li>Virenentfernung, Virenschutz wie auch fachm\u00e4nnische Sicherung Ihrer Daten<\/li>\n<\/ul>\n<p><strong><span style=\"color: #FF0000;\">Weitere Services auf Anfrage Telefon: 07164 909700<\/span><\/strong><\/p>\n<h2>Konfiguration von Ger\u00e4ten und Software<\/h2>\n<p>In unserer sich rasant ver\u00e4ndernden Welt gibt es permanent Neuerungen. Der Erwerb eines brandneuen Rechners, Druckers, Scanners oder einer Fritz box kann f\u00fcr den Nichtexperten besonders herausfordernd sein. Sie wissen nicht, wie moderne Softwareprogramme benutzt werden? Dann betreuen wir Sie nat\u00fcrlich dabei. Selbstverst\u00e4ndlich z\u00e4hlt die Ger\u00e4te- sowie Softwareinstallation zu unseren Arbeiten.<\/p>\n<p>Rechner sowie Notebook-Aufr\u00fcstung \u2013 verl\u00e4sslich und professionell von kaelberer services.<\/p>\n<p>Die Technik steht nie still. Um Ihren Rechner auf einem neuesten Stand zu halten, m\u00fcsste ab und zu eine fachm\u00e4nnische Aufr\u00fcstung vorgenommen werden. Die Hardware-Aufr\u00fcstung ist bei uns in fachm\u00e4nnischer Hand.<\/p>\n<h2>Schadensabwicklung vom Profi<\/h2>\n<p>Sollte Ihr Personal Computer nicht mehr fehlerfrei funktionieren und das Handy oder der Laptop besch\u00e4digt ist, dann wenden Sie sich vertrauensvoll an kaelberer-services.<\/p>\n<p>Rund um Service f\u00fcr s\u00e4mtliche PC, egal welche Marke.<\/p>\n<p>Umfassende Mehrwerte, die Ihren PC und Notebook betreffen, \u00fcbernehmen unsere Experten mit viel Gewissenhaftigkeit. Unsere Firm ist Ihr versierter Profi f\u00fcr Services in Gammelshausen. Hierbei ist unser Angebotsspektrum ziemlich weit gef\u00e4chert. Zudem offerieren wir neben Personalcomputer-Reparatur auch viele EDV-Dienstleistungen wie Backup, Installation von Software und Schulungen.<\/p>\n<h2>PC-Support f\u00fcr Privatleute<\/h2>\n<p>Die Bed\u00fcrfnisse von Privatkunden erfordern h\u00e4ufig passende L\u00f6sungen. Unsere Mitarbeiter von kaelberer-services sind darauf eingestellt. Den \u00e4lteren Laptop m\u00fcssen Sie nicht gleich zum Recyclinghof transportieren, vielleicht ben\u00f6tigt er lediglich eine Runderneuerung oder eine neuartige SSD-Harddisk. Hierbei gibt eine Reihe von Optionen, Nachhaltigkeit ins Spiel zu bringen.<\/p>\n<p><strong><cite>Personal Computer-Dienst im privaten Rahmen: <span style=\"color: #4F81BD;\"><strong>kaelberer services<\/strong><\/span> Telefon: 07164 909700 &#8211; | E-Mail: support@kaelberer-online.de<\/cite><\/strong><\/p>\n<p>[contact-form-7 id=&#8220;524&#8243; title=&#8220;PC-Service-Privat&#8220;]<\/p>\n","protected":false},"excerpt":{"rendered":"<p>Ihr IT-Experte in der nahe gelegenen Umgebung: kaelberer services &#8211; wir sind nur circa 5.3 Km von Ihnen weg. Bei unserer Firma ist Ihre Heimcomputer-Fehlerbeseitigung in den besten H\u00e4nden! Au\u00dferdem k\u00f6nnen wir verl\u00e4sslich IT-Wartungen inklusive Virenentfernung an Ihrem Laptop durchf\u00fchren. Vielleicht w\u00fcnschen Sie gute und preiswerte Kaufberatung, Datensicherung sowie Heimcomputer-Aufr\u00fcstung? In diesem Fall sind wir &hellip; <a href=\"https:\/\/www.kaelberer-online.de\/services\/privat\/pc-service-privat-gammelshausen\/\" class=\"more-link\">Continue reading<span class=\"screen-reader-text\"> &#8222;PC Service Privat in Gammelshausen &#8211; Tel. 07164 909700&#8220;<\/span><\/a><\/p>\n","protected":false},"author":2,"featured_media":582,"parent":486,"menu_order":0,"comment_status":"closed","ping_status":"closed","template":"","meta":{"footnotes":""},"class_list":["post-581","page","type-page","status-publish","has-post-thumbnail","hentry"],"_links":{"self":[{"href":"https:\/\/www.kaelberer-online.de\/services\/wp-json\/wp\/v2\/pages\/581","targetHints":{"allow":["GET"]}}],"collection":[{"href":"https:\/\/www.kaelberer-online.de\/services\/wp-json\/wp\/v2\/pages"}],"about":[{"href":"https:\/\/www.kaelberer-online.de\/services\/wp-json\/wp\/v2\/types\/page"}],"author":[{"embeddable":true,"href":"https:\/\/www.kaelberer-online.de\/services\/wp-json\/wp\/v2\/users\/2"}],"replies":[{"embeddable":true,"href":"https:\/\/www.kaelberer-online.de\/services\/wp-json\/wp\/v2\/comments?post=581"}],"version-history":[{"count":0,"href":"https:\/\/www.kaelberer-online.de\/services\/wp-json\/wp\/v2\/pages\/581\/revisions"}],"up":[{"embeddable":true,"href":"https:\/\/www.kaelberer-online.de\/services\/wp-json\/wp\/v2\/pages\/486"}],"wp:featuredmedia":[{"embeddable":true,"href":"https:\/\/www.kaelberer-online.de\/services\/wp-json\/wp\/v2\/media\/582"}],"wp:attachment":[{"href":"https:\/\/www.kaelberer-online.de\/services\/wp-json\/wp\/v2\/media?parent=581"}],"curies":[{"name":"wp","href":"https:\/\/api.w.org\/{rel}","templated":true}]}}