{"id":58,"date":"2022-02-02T01:02:53","date_gmt":"2022-02-02T01:02:53","guid":{"rendered":"https:\/\/kaelberer-online.de\/services\/?page_id=58"},"modified":"2022-02-02T01:02:53","modified_gmt":"2022-02-02T01:02:53","slug":"telefonanlagen-3cx","status":"publish","type":"page","link":"https:\/\/www.kaelberer-online.de\/services\/telefonanlagen\/telefonanlagen-3cx\/","title":{"rendered":"TELEFONANLAGEN 3CX Beratung Telefon 07164 90 97 00"},"content":{"rendered":"<h2>\n<p>Wissen Sie die Vorgaben an Ihre neue <strong><strong>3CX<\/strong><\/strong> <strong><strong>TK-Anlage<\/strong><\/strong> schon?<\/p>\n<\/h2>\n<p><h3>Eine aktuelle <strong>3CX<\/strong> <strong>Telefonanlage<\/strong> simplifiziert die Gesch\u00e4ftsprozesse. Optimieren Sie Ihr Unternehmen mit einer neusten und flexiblen <strong>3CX<\/strong> <strong>TK-Anlage<\/strong>. Eine <strong>3CX<\/strong> <strong>TK-Anlage<\/strong> die ma\u00dfgeschneidert auf Ihre Anforderungen zugeschnitten ist und mit Ihrem Unternehmen wachsen kann.<\/h3>\n<\/p>\n<p>Eine neue Arbeitswelt ist mobil unterwegs. Telefonieren Sie mit Ihrem Smartphone \u00fcber Ihre <strong>3CX<\/strong> <strong>Telefonanlage<\/strong> mit Ihren Klienten. Selbstverst\u00e4ndlich mit Ihrer Festnetz-Telefonnummer als Absenderkennung. bewahren Sie Ihre Privatsph\u00e4re und zeigen Sie Professionalit\u00e4t.<\/p>\n<p>Unsere <strong>3CX<\/strong> <strong>TK-Anlage<\/strong>n wurden auch f\u00fcr flexibles arbeiten konzipiert. Als aktuelle Cloud <strong>3CX<\/strong> <strong>Telefonanlage<\/strong> oder auf der eigenen Hardware hausintern gehostet. Die Installation und die Verwaltung ist unkompliziert. Sie bekommen dadurch eine sichere, verl\u00e4ssliche sowie flexible <strong>3CX<\/strong> <strong>Telefonanlage<\/strong>.<\/p>\n<h2>Gute Preise f\u00fcr Ihre neue 3CX <strong>TK-Anlage<\/strong><\/h2>\n<p>Ein hervorragendes Preis- und Leistungsverh\u00e4ltnis. Richten Sie unendlich viele Nebenstellen ein, stets genau da wo Sie sie gerade brauchen und sparen Sie Kosten.<\/p>\n<h2>Ermitteln Sie Ihre Anrufer!<\/h2>\n<p>Bei Eingang eines Anrufs exakt wissen wer im Moment anruft. Informationen sind alles. F\u00fcr Besch\u00e4ftigte oder die Gesch\u00e4ftsleitung. Somit wissen Sie exakt was l\u00e4uft. W\u00e4hlen Sie mit einem simplen Mausklick aus Ihrem CRM oder Ihrer Firmensoftware jede Rufnummer.<\/p>\n<p>W\u00e4re es nicht phantastisch, wenn Sie von einer zentralen Oberfl\u00e4che heraus alle Anrufe realisieren, entgegen nehmen und bearbeiten oder aber den Status Ihrer Arbeitskollegen in Erfahrung bringen, eingehende Livechat-News beantworten und Videoanrufe f\u00fchren k\u00f6nnten? Mit dem Webclient als Softphone sowie der Windows Desktop Applikation wird all das sowie noch reichlich mehr realisierbar.<\/p>\n<h2>Microsoft 365 Zusammenf\u00fchrung<\/h2>\n<p>Benutzt Ihre Firma MS 365? In diesem Fall vernetzen Sie dieses unkompliziert mit der <strong>3CX<\/strong> <strong>Telefonanlage<\/strong> und verschmelzen Sie s\u00e4mtliche Vorteile beider Systeme! Anwender k\u00f6nnen \u00fcbergangslos \u00fcber beide Apps arbeiten, Kontakte verwalten und Abl\u00e4ufe schlanker machen, um ihre Effektivit\u00e4t zu erh\u00f6hen und Kunden zu begeistern. <\/p>\n<h2>Kontakte mit dem <strong>3CX<\/strong> Telefonbuch synchronisieren<\/h2>\n<h2>Microsoft Teams Telefonie-Integration<\/h2>\n<ol>\n<li>Selektion eines eigenen g\u00fcnstigen SIP-Anbieters Ihrer Region<\/li>\n<\/li>\n<li>Durchf\u00fchrung externer Telefongespr\u00e4che via <strong>3CX<\/strong> SIP-Trunks<\/li>\n<\/li>\n<li>Ausschalten Microsoft\u00b4s kostspieliger Inlands-\/internationaler Tarife<\/li>\n<\/li>\n<\/ol>\n<h3>Wir beraten, beschaffen Hardware und Software, richten ein, konfigurieren, nehmen in Betrieb und Supporten Ihre neue <strong>3CX<\/strong> <strong>Telefonanlage<\/strong>. Sie haben Fragen, oder wollen unsere derzeitige Liste der Preise anfordern? Sie erreichen uns unter Telefon 07164 909700 sowie per Mail unter support@kaelberer-online.de<\/h3>\n<h2>Vermochten wir Ihr Interesse wecken?<\/h2>\n<p>Unz\u00e4hlige weitere top Features warten auf Sie.<\/p>\n<ul>\n<li>Vollautomatische Anpassung von Firewall-Regularien<\/li>\n<li>Direkter Kontakt mittels Anrufe, Video wie auch Instant Messaging<\/li>\n<li>Bereitstellung Ihrer Instanz bei einem Super-Cloud-Anbieter<\/li>\n<li>Freih\u00e4ndiges Kommunizieren dank Siri wie auch Bluetooth-Einbindung<\/li>\n<li>Identifizierung von Anrufern mit Hilfe CRM-Integration<\/li>\n<li>Einfache Skalierbarkeit der <strong>Telefonanlage<\/strong>n-Installation<\/li>\n<li>Verwaltung, Sicherheits-Patches &#038; Version-Upgrades durch <strong>3CX<\/strong><\/li>\n<li>Anmeldung am Webclient \u2013 Details in der Willkommens-E-Mail<\/li>\n<li>Telefonrechnung um bis zu 80 % reduzieren mittels Wechsel zu <strong>3CX<\/strong><\/li>\n<li>Eigenst\u00e4ndig Hosten via Google, Amazon, Microsoft &#038; mehr<\/li>\n<li>Uhrzeit-basierte Anrufweiterleitung und Telefonumfragen<\/li>\n<li>Kostenfreie B\u00fcro-Anrufe f\u00fcr remote &#038; reisende Arbeitnehmer<\/li>\n<li>Keine Schulung vonn\u00f6ten \u2013 unmittelbar loslegen<\/li>\n<li>Beantwortung von Anfragen per Livechat, Facebook &#038; SMS via Apps<\/li>\n<li>Verwendung der Office-Durchwahlnummer auf Ihrem Mobiltelefon<\/li>\n<li>Wechsel zwischen Server &#038; Cloud \u2013 integriertes Backup &#038; Restore<\/li>\n<li>Anruf-Protokolle im Kundendatensatz f\u00fcr transparente Anrufhistorie<\/li>\n<li>Einfaches Weiterreichen von Anrufen und Chatten mit Arbeitskollegen<\/li>\n<li>Keine Lizenzierung je Nebenstelle, grenzenlos viele Nebenstellen<\/li>\n<li>Integration von Homepage-Livechat, Facebook-Messaging und Kurznachrichten<\/li>\n<li>Abfrage von Klienten- und Fallnummern, um Agenten Zeit zu sparen<\/li>\n<li>Intelligente Verbindung f\u00fcr nahtlosen Wechsel zwischen Netzwerken<\/li>\n<li>Wechsel zwischen Sprach- sowie Video-Telefonaten mit einem Fingertipp<\/li>\n<li>Erstellung eines neuen Kundendatensatzes f\u00fcr neue Rufnummern<\/li>\n<li>Selektieren Sie im Men\u00fc oben das QR-Code-Symbol f\u00fcr dessen Scan<\/li>\n<\/ul>\n<h3>Bitte fordern Sie erg\u00e4nzende Infos oder ein Produktangebot bei uns an. Nat\u00fcrlich stellen wir Ihnen auch eine komplette Featureliste zur Verf\u00fcgung.<\/h3>\n<p>[contact-form-7 id=&#8220;5&#8243; title=&#8220;Contact form 1&#8243;]<\/p>\n","protected":false},"excerpt":{"rendered":"<p>Wissen Sie die Vorgaben an Ihre neue 3CX TK-Anlage schon? Eine aktuelle 3CX Telefonanlage simplifiziert die Gesch\u00e4ftsprozesse. Optimieren Sie Ihr Unternehmen mit einer neusten und flexiblen 3CX TK-Anlage. Eine 3CX TK-Anlage die ma\u00dfgeschneidert auf Ihre Anforderungen zugeschnitten ist und mit Ihrem Unternehmen wachsen kann. Eine neue Arbeitswelt ist mobil unterwegs. Telefonieren Sie mit Ihrem Smartphone &hellip; <a href=\"https:\/\/www.kaelberer-online.de\/services\/telefonanlagen\/telefonanlagen-3cx\/\" class=\"more-link\">Continue reading<span class=\"screen-reader-text\"> &#8222;TELEFONANLAGEN 3CX Beratung Telefon 07164 90 97 00&#8220;<\/span><\/a><\/p>\n","protected":false},"author":2,"featured_media":53,"parent":26,"menu_order":0,"comment_status":"closed","ping_status":"closed","template":"","meta":{"footnotes":""},"class_list":["post-58","page","type-page","status-publish","has-post-thumbnail","hentry"],"_links":{"self":[{"href":"https:\/\/www.kaelberer-online.de\/services\/wp-json\/wp\/v2\/pages\/58","targetHints":{"allow":["GET"]}}],"collection":[{"href":"https:\/\/www.kaelberer-online.de\/services\/wp-json\/wp\/v2\/pages"}],"about":[{"href":"https:\/\/www.kaelberer-online.de\/services\/wp-json\/wp\/v2\/types\/page"}],"author":[{"embeddable":true,"href":"https:\/\/www.kaelberer-online.de\/services\/wp-json\/wp\/v2\/users\/2"}],"replies":[{"embeddable":true,"href":"https:\/\/www.kaelberer-online.de\/services\/wp-json\/wp\/v2\/comments?post=58"}],"version-history":[{"count":0,"href":"https:\/\/www.kaelberer-online.de\/services\/wp-json\/wp\/v2\/pages\/58\/revisions"}],"up":[{"embeddable":true,"href":"https:\/\/www.kaelberer-online.de\/services\/wp-json\/wp\/v2\/pages\/26"}],"wp:featuredmedia":[{"embeddable":true,"href":"https:\/\/www.kaelberer-online.de\/services\/wp-json\/wp\/v2\/media\/53"}],"wp:attachment":[{"href":"https:\/\/www.kaelberer-online.de\/services\/wp-json\/wp\/v2\/media?parent=58"}],"curies":[{"name":"wp","href":"https:\/\/api.w.org\/{rel}","templated":true}]}}