{"id":577,"date":"2021-12-07T19:36:33","date_gmt":"2021-12-07T19:36:33","guid":{"rendered":"https:\/\/kaelberer-online.de\/services\/?page_id=577"},"modified":"2021-12-07T19:36:33","modified_gmt":"2021-12-07T19:36:33","slug":"pc-service-privat-eislingen-fils","status":"publish","type":"page","link":"https:\/\/www.kaelberer-online.de\/services\/privat\/pc-service-privat-eislingen-fils\/","title":{"rendered":"PC Service Privat in Eislingen-Fils &#8211; Telefon 07164 909700"},"content":{"rendered":"<h2>Ihr IT-Spezialist aus der nahe gelegenen Umgebung: <span style=\"color: #4F81BD;\"><strong>kaelberer services<\/strong><\/span> &#8211; unser Unternehmen ist nur circa 9.8 Kilometer von Ihnen entfernt.<\/h2>\n<p>Bei uns ist Ihre PC-Reparatur in den allerbesten H\u00e4nden! Au\u00dferdem f\u00fchren wir zuverl\u00e4ssig IT-Wartungen inklusive Virenentfernung an Ihrem Notebook durch. Unter Umst\u00e4nden brauchen Sie zuverl\u00e4ssige Kaufberatung, Datensicherung sowie Heimcomputer-Aufr\u00fcstung? Dann sind wir der richtige Ansprechpartner!<\/p>\n<h2>Wir von <span style=\"color: #4F81BD;\"><strong>kaelberer services<\/strong><\/span> in Zell u. A. legen besonderen Wert auf pers\u00f6nlichen EDV-Service f\u00fcr unsere Privatkunden.<\/h2>\n<p>Nehmen Sie mit uns Kontakt auf unter Telefon 07164 909700 und fordern Sie unsere PC-Unterst\u00fctzung an. Dieses Angebot gilt sowohl in unseren B\u00fcror\u00e4umen wie auch via Fernwartung oder vor Ort bei Ihnen in Eislingen-Fils. Wir sind Ihre profesionelle PC- Betreuung Ihr IT-Profi<\/p>\n<h3>Unsere Serviceleistungen auf einen Blick:<\/h3>\n<ul>\n<li>Unsere Firma steht Ihnen in jeder Situation rund um PC sowie Notebook mit bestem Wissen zur Seite.<\/li>\n<li>Es kommt \u00f6fter vor, als gedacht: ein unachtsamer Moment \u2013 falsche Taste gedr\u00fcckt und die Daten sind gel\u00f6scht.<\/li>\n<li>Kompetente Abwicklung rund um PC und Backup<\/li>\n<li>Fehlerbeseitigung und Instandsetzung von PCs, Laptops<\/li>\n<li>Installation von Ger\u00e4tschaft und Software<\/li>\n<li>Erweiterung von Heimcomputer beziehungsweise Laptop<\/li>\n<li>Virenentfernung, Virenschutz und fachm\u00e4nnische Datensicherung<\/li>\n<\/ul>\n<p><strong><span style=\"color: #FF0000;\">Zus\u00e4tzliche Services auf Anfrage Tel.: 07164 909700<\/span><\/strong><\/p>\n<h2>Installation von Komponennten und Software<\/h2>\n<p>In unserer sich rasant ver\u00e4ndernden Welt gibt es unabl\u00e4ssig \u00c4nderungen. Die Anschaffung eines brandneuen PCs, Druckers, Scanners oder einer Fritz box kann f\u00fcr den Unerfahrenen besonders herausfordernd sein. Sie wissen nicht, wie neue Softwareprogramme benutzt werden? Dann unterst\u00fctzen wir Sie gern dabei. Selbstredend geh\u00f6rt die Ger\u00e4te- und Installation von Software zu unseren Arbeiten.<\/p>\n<p>Personalcomputer sowie Notebook-Aufr\u00fcstung \u2013 gewissenhaft und qualifiziert von kaelberer services.<\/p>\n<p>Technik steht niemals still. Damit Sie immer auf dem neusten Status mit Ihrem Rechner sind, sollte von Zeit zu Zeit eine fachm\u00e4nnische Aufr\u00fcstung realisiert werden. Die Hardware-Aufr\u00fcstung ist bei uns in qualifizierter Hand.<\/p>\n<h2>Schadensabwicklung vom Experten<\/h2>\n<p>Wenn Ihr Heimcomputer nicht mehr fehlerfrei funktioniert sowie das Smartphone oder Notebook kaputt ist, dann wenden Sie sich vertrauensvoll an uns.<\/p>\n<p>Rund um Service f\u00fcr s\u00e4mtliche Personalcomputer, egal welches Model.<\/p>\n<p>Umfassende Dienste, die Ihren Computer und Laptop betreffen, \u00fcbernimmt unser Fachbetrieb mit jeder Menge Gewissenhaftigkeit. <span style=\"color: #4F81BD;\"><strong>kaelberer services<\/strong><\/span> ist Ihr routinierter Partner f\u00fcr Services in Eislingen-Fils. Hierbei ist unser Angebot sehr breit gef\u00e4chert. Im \u00dcbrigen bieten wir neben Personalcomputer-Reparatur auch weitreichende IT-Leistungen wie Datensicherung, Softwareinstallation und Schulungen.<\/p>\n<h2>Rechner-Support f\u00fcr Privatkunden<\/h2>\n<p>Die Belange von Privatleuten erfordern h\u00e4ufig besondere Services. Unsere Firma ist darauf eingestellt. Ihren \u00e4lteren Laptop m\u00fcssen Sie nicht zum Wertstoffhof bringen, m\u00f6glicherweise ben\u00f6tigt er lediglich eine General\u00fcberholung oder eine neue SSD-Festplatte. Hierbei gibt eine Vielzahl von Chancen, Nachhaltigkeit ins Spiel zu bringen.<\/p>\n<p><strong><cite>Personalcomputer-Dienst privat: <span style=\"color: #4F81BD;\"><strong>kaelberer services<\/strong><\/span> Telefon: 07164 909700 &#8211; | E-Mail: support@kaelberer-online.de<\/cite><\/strong><\/p>\n<p>[contact-form-7 id=&#8220;524&#8243; title=&#8220;PC-Service-Privat&#8220;]<\/p>\n","protected":false},"excerpt":{"rendered":"<p>Ihr IT-Spezialist aus der nahe gelegenen Umgebung: kaelberer services &#8211; unser Unternehmen ist nur circa 9.8 Kilometer von Ihnen entfernt. Bei uns ist Ihre PC-Reparatur in den allerbesten H\u00e4nden! Au\u00dferdem f\u00fchren wir zuverl\u00e4ssig IT-Wartungen inklusive Virenentfernung an Ihrem Notebook durch. Unter Umst\u00e4nden brauchen Sie zuverl\u00e4ssige Kaufberatung, Datensicherung sowie Heimcomputer-Aufr\u00fcstung? Dann sind wir der richtige Ansprechpartner! &hellip; <a href=\"https:\/\/www.kaelberer-online.de\/services\/privat\/pc-service-privat-eislingen-fils\/\" class=\"more-link\">Continue reading<span class=\"screen-reader-text\"> &#8222;PC Service Privat in Eislingen-Fils &#8211; Telefon 07164 909700&#8220;<\/span><\/a><\/p>\n","protected":false},"author":2,"featured_media":578,"parent":486,"menu_order":0,"comment_status":"closed","ping_status":"closed","template":"","meta":{"footnotes":""},"class_list":["post-577","page","type-page","status-publish","has-post-thumbnail","hentry"],"_links":{"self":[{"href":"https:\/\/www.kaelberer-online.de\/services\/wp-json\/wp\/v2\/pages\/577","targetHints":{"allow":["GET"]}}],"collection":[{"href":"https:\/\/www.kaelberer-online.de\/services\/wp-json\/wp\/v2\/pages"}],"about":[{"href":"https:\/\/www.kaelberer-online.de\/services\/wp-json\/wp\/v2\/types\/page"}],"author":[{"embeddable":true,"href":"https:\/\/www.kaelberer-online.de\/services\/wp-json\/wp\/v2\/users\/2"}],"replies":[{"embeddable":true,"href":"https:\/\/www.kaelberer-online.de\/services\/wp-json\/wp\/v2\/comments?post=577"}],"version-history":[{"count":0,"href":"https:\/\/www.kaelberer-online.de\/services\/wp-json\/wp\/v2\/pages\/577\/revisions"}],"up":[{"embeddable":true,"href":"https:\/\/www.kaelberer-online.de\/services\/wp-json\/wp\/v2\/pages\/486"}],"wp:featuredmedia":[{"embeddable":true,"href":"https:\/\/www.kaelberer-online.de\/services\/wp-json\/wp\/v2\/media\/578"}],"wp:attachment":[{"href":"https:\/\/www.kaelberer-online.de\/services\/wp-json\/wp\/v2\/media?parent=577"}],"curies":[{"name":"wp","href":"https:\/\/api.w.org\/{rel}","templated":true}]}}