{"id":574,"date":"2021-11-25T08:18:52","date_gmt":"2021-11-25T08:18:52","guid":{"rendered":"https:\/\/kaelberer-online.de\/services\/?page_id=574"},"modified":"2021-11-25T08:18:52","modified_gmt":"2021-11-25T08:18:52","slug":"pc-service-privat-duernau","status":"publish","type":"page","link":"https:\/\/www.kaelberer-online.de\/services\/privat\/pc-service-privat-duernau\/","title":{"rendered":"PC Service Privat f\u00fcr D\u00fcrnau &#8211; Telefon 07164 909700"},"content":{"rendered":"<h2>Ihr IT-Spezialist aus der nahe gelegenen Gegend: <span style=\"color: #4F81BD;\"><strong>kaelberer services<\/strong><\/span> &#8211; unsere Firma ist nur ca 3.8 Km von Ihnen weg.<\/h2>\n<p>Bei uns ist Ihre Home Computer-Reparatur in den besten H\u00e4nden! Dar\u00fcber hinaus f\u00fchren wir verl\u00e4sslich IT-Wartungen inklusive Virenentfernung an Ihrem Laptop durch. Unter Umst\u00e4nden w\u00fcnschen Sie zuverl\u00e4ssige Kaufberatung, Datensicherung sowie PC-Aufr\u00fcstung? Dann sind wir der ideale Ansprechpartner!<\/p>\n<h2>Unsere Mitarbeiter in Zell u. A. legen besonderen Wert auf pers\u00f6nlichen EDV-Service f\u00fcr unsere Privatkunden.<\/h2>\n<p>Nehmen Sie mit uns Kontakt auf unter E-Mail: support@kaelberer-online.de und fordern Sie unsere PC-Unterst\u00fctzung an. Unser Angebot gilt sowohl in unseren R\u00e4umlichkeiten als auch via Fernwartung oder vor Ort bei Ihnen in D\u00fcrnau. Wir sind Ihre profesionelle Heimcomputer- Betreuung Ihr EDV-Profi<\/p>\n<h3>Unsere Serviceleistungen auf einen Blick:<\/h3>\n<ul>\n<li>Erweiterung von Heimcomputer sowie Laptop<\/li>\n<li>Installation von Ger\u00e4tschaft und Software<\/li>\n<li>Manchmal kommt es vor: ein Moment in dem man nicht aufpasst \u2013 versehentlich falsche Taste gedr\u00fcckt und Daten sind gel\u00f6scht.<\/li>\n<li>Unsere Firma steht Ihnen in jeder Situation rund um Personalcomputer sowie Notebook mit bestem Wissen zur Seite.<\/li>\n<li>Virenentfernung, Virenschutz sowie kompetente Sicherung Ihrer Daten<\/li>\n<\/ul>\n<p><strong><span style=\"color: #FF0000;\">Erg\u00e4nzende Dienste auf Anfrage Tel.: 07164 909700<\/span><\/strong><\/p>\n<h2>Inbetriebnahme von Ger\u00e4ten sowie Software<\/h2>\n<p>In unserer schnelllebigen Umgebung gibt es unabl\u00e4ssig Innovationen. Die Anschaffung eines brandneuen Computers, Druckers, Scanners oder einer Fritz box kann f\u00fcr den Unerfahrenen \u00fcberaus anspruchsvoll sein. Sie haben weder Zeit noch Wissen, wie neuartige Softwareprogramme benutzt werden? Dann unterst\u00fctzen wir Sie gerne dabei. Nat\u00fcrlich geh\u00f6rt eine Ger\u00e4te- und Softwareinstallation zu unseren Arbeiten.<\/p>\n<p>Heimcomputer sowie Laptop-Aufr\u00fcstung \u2013 zuverl\u00e4ssig und fachkundig von kaelberer services.<\/p>\n<p>Technik steht niemals still. Damit Sie immer auf dem neusten Stand mit Ihrem Personal Computer sind, sollte ab und zu eine professionelle Aufr\u00fcstung vorgenommen werden. Die Hardware-Aufr\u00fcstung ist bei uns in professioneller Hand.<\/p>\n<h2>Wenn es Personal Computer-Probleme gibt<\/h2>\n<p>Wenn Ihr PC nicht mehr korrekt funktioniert sowie das Smartphone oder der Laptop l\u00e4diert ist, dann wenden Sie sich vertrauensvoll an uns.<\/p>\n<p>Rund um Service f\u00fcr s\u00e4mtliche Heimcomputer, egal wie alt.<\/p>\n<p>Umfassende Services, die Ihren PC und Notebook betreffen, \u00fcbernimmt unser Fachbetrieb mit viel Sorgfalt. <span style=\"color: #4F81BD;\"><strong>kaelberer services<\/strong><\/span> ist Ihr routinierter Profi f\u00fcr Services in D\u00fcrnau. Hierbei ist das Angebotsspektrum sehr breit gef\u00e4chert. Zudem offerieren wir neben PC-Reparatur auch viele IT-Dienstleistungen wie Backup, Softwareinstallation und Einzelschulungen.<\/p>\n<h2>PC-Unterst\u00fctzung f\u00fcr Private Kunden<\/h2>\n<p>Die Bed\u00fcrfnisse von Privatleuten ben\u00f6tigen h\u00e4ufig individuelle Services. Unsere Firma ist darauf eingestellt. Den \u00e4lteren Laptop m\u00fcssen Sie nicht gleich zum Recyclinghof transportieren, vermutlich ben\u00f6tigt er lediglich eine Runderneuerung und eine neue SSD-Festplatte. Hierbei gibt eine gro\u00dfe Anzahl von L\u00f6sungen, Nachhaltigkeit ins Spiel zu bringen.<\/p>\n<p><strong><cite>Personal Computer-Service im privaten Bereich: <span style=\"color: #4F81BD;\"><strong>kaelberer services<\/strong><\/span> Telefon: 07164 909700 &#8211; | E-Mail: support@kaelberer-online.de<\/cite><\/strong><\/p>\n<p>[contact-form-7 id=&#8220;524&#8243; title=&#8220;PC-Service-Privat&#8220;]<\/p>\n","protected":false},"excerpt":{"rendered":"<p>Ihr IT-Spezialist aus der nahe gelegenen Gegend: kaelberer services &#8211; unsere Firma ist nur ca 3.8 Km von Ihnen weg. Bei uns ist Ihre Home Computer-Reparatur in den besten H\u00e4nden! Dar\u00fcber hinaus f\u00fchren wir verl\u00e4sslich IT-Wartungen inklusive Virenentfernung an Ihrem Laptop durch. Unter Umst\u00e4nden w\u00fcnschen Sie zuverl\u00e4ssige Kaufberatung, Datensicherung sowie PC-Aufr\u00fcstung? Dann sind wir der &hellip; <a href=\"https:\/\/www.kaelberer-online.de\/services\/privat\/pc-service-privat-duernau\/\" class=\"more-link\">Continue reading<span class=\"screen-reader-text\"> &#8222;PC Service Privat f\u00fcr D\u00fcrnau &#8211; Telefon 07164 909700&#8220;<\/span><\/a><\/p>\n","protected":false},"author":2,"featured_media":575,"parent":486,"menu_order":0,"comment_status":"closed","ping_status":"closed","template":"","meta":{"footnotes":""},"class_list":["post-574","page","type-page","status-publish","has-post-thumbnail","hentry"],"_links":{"self":[{"href":"https:\/\/www.kaelberer-online.de\/services\/wp-json\/wp\/v2\/pages\/574","targetHints":{"allow":["GET"]}}],"collection":[{"href":"https:\/\/www.kaelberer-online.de\/services\/wp-json\/wp\/v2\/pages"}],"about":[{"href":"https:\/\/www.kaelberer-online.de\/services\/wp-json\/wp\/v2\/types\/page"}],"author":[{"embeddable":true,"href":"https:\/\/www.kaelberer-online.de\/services\/wp-json\/wp\/v2\/users\/2"}],"replies":[{"embeddable":true,"href":"https:\/\/www.kaelberer-online.de\/services\/wp-json\/wp\/v2\/comments?post=574"}],"version-history":[{"count":0,"href":"https:\/\/www.kaelberer-online.de\/services\/wp-json\/wp\/v2\/pages\/574\/revisions"}],"up":[{"embeddable":true,"href":"https:\/\/www.kaelberer-online.de\/services\/wp-json\/wp\/v2\/pages\/486"}],"wp:featuredmedia":[{"embeddable":true,"href":"https:\/\/www.kaelberer-online.de\/services\/wp-json\/wp\/v2\/media\/575"}],"wp:attachment":[{"href":"https:\/\/www.kaelberer-online.de\/services\/wp-json\/wp\/v2\/media?parent=574"}],"curies":[{"name":"wp","href":"https:\/\/api.w.org\/{rel}","templated":true}]}}