{"id":572,"date":"2021-11-20T05:06:54","date_gmt":"2021-11-20T05:06:54","guid":{"rendered":"https:\/\/kaelberer-online.de\/services\/?page_id=572"},"modified":"2021-11-20T05:06:54","modified_gmt":"2021-11-20T05:06:54","slug":"pc-service-privat-dettingen-unter-teck","status":"publish","type":"page","link":"https:\/\/www.kaelberer-online.de\/services\/privat\/pc-service-privat-dettingen-unter-teck\/","title":{"rendered":"PC Service Privat in Dettingen unter Teck &#8211; Telefon 07164 909700"},"content":{"rendered":"<h2>Ihr EDV-Fachmann aus der n\u00e4chsten N\u00e4he: <span style=\"color: #4F81BD;\"><strong>kaelberer services<\/strong><\/span> &#8211; wir sind nur ca 7.4 Km von Ihnen entfernt.<\/h2>\n<p>Bei uns ist Ihre Personal Computer-Fehlerbehebung in den besten H\u00e4nden! Au\u00dferdem f\u00fchren wir gewissenhaft IT-Wartungen inklusive Virenentfernung an Ihrem PC durch. Eventuell brauchen Sie g\u00fcnstige und professionelle Kaufberatung, Datensicherung sowie PC-Aufr\u00fcstung? In diesem Fall sind wir der richtige Experte!<\/p>\n<h2>Wir von <span style=\"color: #4F81BD;\"><strong>kaelberer services<\/strong><\/span> in Zell u. A. legen besonderen Wert auf pers\u00f6nlichen PC-Service f\u00fcr unsere Privatkunden.<\/h2>\n<p>Nehmen Sie mit uns Kontakt auf unter E-Mail: support@kaelberer-online.de und fordern Sie unsere PC-Unterst\u00fctzung an. Dieses Angebot gilt sowohl in unseren R\u00e4umlichkeiten wie auch \u00fcber Fernwartung oder vor Ort bei Ihnen in Dettingen unter Teck. Unsere Firma ist Ihre fachkundige PC- Betreuung Ihr IT-Profi<\/p>\n<h3>Unsere Serviceleistungen auf einen Blick:<\/h3>\n<ul>\n<li>Professionelle Schadensabwicklung rund um Heimcomputer und Backup<\/li>\n<li>Erweiterung von Personal Computer beziehungsweise Notebook<\/li>\n<li>Es kommt \u00f6fter vor, als gedacht: ein unachtsamer Moment \u2013 versehentlich falsche Taste bet\u00e4tigt und die Daten sind gel\u00f6scht.<\/li>\n<li><span style=\"color: #4F81BD;\"><strong>kaelberer services<\/strong><\/span> steht Ihnen in jeder Situation rund um Personal Computer wie auch Notebook mit bestem Know How zur Seite.<\/li>\n<li>Virenentfernung, Virenschutz und kompetente Datensicherung<\/li>\n<li>Fehlerbeseitigung und Reparatur von PCs, Laptops<\/li>\n<\/ul>\n<p><strong><span style=\"color: #FF0000;\">Weitere Services auf Anfrage Tel.: 07164 909700<\/span><\/strong><\/p>\n<h2>Konfiguration von Ger\u00e4ten sowie Software<\/h2>\n<p>In unserer schnelllebigen Umgebung gibt es best\u00e4ndig \u00c4nderungen. Die Anschaffung eines neuen Rechners, Druckers, Scanners oder einer Fritz box kann f\u00fcr den Nichtexperten ausgesprochen fordernd sein. Sie wissen nicht, wie neue Programme genutzt werden k\u00f6nnen? Dann betreuen wir Sie gerne dabei. Selbstverst\u00e4ndlich z\u00e4hlt die Ger\u00e4te- und Softwareinstallation zu unseren Arbeiten.<\/p>\n<p>Personal Computer und Laptop-Aufr\u00fcstung \u2013 verl\u00e4sslich und fachkundig von kaelberer services.<\/p>\n<p>Technik steht nie still. Um Ihren Personal Computer auf dem neuesten Status zu halten, sollte ab und zu eine fachgerechte Aufr\u00fcstung realisiert werden. Die Hardware-Aufr\u00fcstung ist bei uns in qualifizierter Hand.<\/p>\n<h2>Schadensabwicklung vom Profi<\/h2>\n<p>Wenn Ihr Heimcomputer nicht mehr korrekt funktioniert und das Smartphone oder Notebook besch\u00e4digt ist, dann wenden Sie sich vertrauensvoll an kaelberer-services.<\/p>\n<p>Rund um Service f\u00fcr alle Personal Computer, egal welches Model.<\/p>\n<p>Weitreichende Service-Leistungen, die Ihren Computer und Notebook betreffen, \u00fcbernimmt unser Fachbetrieb mit reichlich Sorgfalt. Unsere Firm ist Ihr professioneller Partner f\u00fcr Services in Dettingen unter Teck. Dabei ist unser Angebot sehr breit gef\u00e4chert. Zudem offerieren wir neben Personalcomputer-Reparatur auch weitreichende EDV-Dienstleistungen wie Datensicherung, Installation von Software und Einzelschulungen.<\/p>\n<h2>PC-Unterst\u00fctzung f\u00fcr Privatkunden<\/h2>\n<p>Die Belange von Privaten Kunden ben\u00f6tigen oft passende L\u00f6sungen. Unsere Firma ist darauf eingestellt. Den \u00e4lteren Laptop m\u00fcssen Sie nicht zum Altstoffsammelzentrum verfrachten, vielleicht ben\u00f6tigt er nur eine Runderneuerung sowie eine neue SSD. In diesem Fall gibt eine Reihe von M\u00f6glichkeiten, Nachhaltigkeit ins Spiel zu bringen.<\/p>\n<p><strong><cite>Rechner-Service im privaten Bereich: <span style=\"color: #4F81BD;\"><strong>kaelberer services<\/strong><\/span> Telefon: 07164 909700 &#8211; | E-Mail: support@kaelberer-online.de<\/cite><\/strong><\/p>\n<p>[contact-form-7 id=&#8220;524&#8243; title=&#8220;PC-Service-Privat&#8220;]<\/p>\n","protected":false},"excerpt":{"rendered":"<p>Ihr EDV-Fachmann aus der n\u00e4chsten N\u00e4he: kaelberer services &#8211; wir sind nur ca 7.4 Km von Ihnen entfernt. Bei uns ist Ihre Personal Computer-Fehlerbehebung in den besten H\u00e4nden! Au\u00dferdem f\u00fchren wir gewissenhaft IT-Wartungen inklusive Virenentfernung an Ihrem PC durch. Eventuell brauchen Sie g\u00fcnstige und professionelle Kaufberatung, Datensicherung sowie PC-Aufr\u00fcstung? In diesem Fall sind wir der &hellip; <a href=\"https:\/\/www.kaelberer-online.de\/services\/privat\/pc-service-privat-dettingen-unter-teck\/\" class=\"more-link\">Continue reading<span class=\"screen-reader-text\"> &#8222;PC Service Privat in Dettingen unter Teck &#8211; Telefon 07164 909700&#8220;<\/span><\/a><\/p>\n","protected":false},"author":2,"featured_media":573,"parent":486,"menu_order":0,"comment_status":"closed","ping_status":"closed","template":"","meta":{"footnotes":""},"class_list":["post-572","page","type-page","status-publish","has-post-thumbnail","hentry"],"_links":{"self":[{"href":"https:\/\/www.kaelberer-online.de\/services\/wp-json\/wp\/v2\/pages\/572","targetHints":{"allow":["GET"]}}],"collection":[{"href":"https:\/\/www.kaelberer-online.de\/services\/wp-json\/wp\/v2\/pages"}],"about":[{"href":"https:\/\/www.kaelberer-online.de\/services\/wp-json\/wp\/v2\/types\/page"}],"author":[{"embeddable":true,"href":"https:\/\/www.kaelberer-online.de\/services\/wp-json\/wp\/v2\/users\/2"}],"replies":[{"embeddable":true,"href":"https:\/\/www.kaelberer-online.de\/services\/wp-json\/wp\/v2\/comments?post=572"}],"version-history":[{"count":0,"href":"https:\/\/www.kaelberer-online.de\/services\/wp-json\/wp\/v2\/pages\/572\/revisions"}],"up":[{"embeddable":true,"href":"https:\/\/www.kaelberer-online.de\/services\/wp-json\/wp\/v2\/pages\/486"}],"wp:featuredmedia":[{"embeddable":true,"href":"https:\/\/www.kaelberer-online.de\/services\/wp-json\/wp\/v2\/media\/573"}],"wp:attachment":[{"href":"https:\/\/www.kaelberer-online.de\/services\/wp-json\/wp\/v2\/media?parent=572"}],"curies":[{"name":"wp","href":"https:\/\/api.w.org\/{rel}","templated":true}]}}