{"id":570,"date":"2021-12-05T20:22:39","date_gmt":"2021-12-05T20:22:39","guid":{"rendered":"https:\/\/kaelberer-online.de\/services\/?page_id=570"},"modified":"2021-12-05T20:22:39","modified_gmt":"2021-12-05T20:22:39","slug":"pc-service-privat-deggingen","status":"publish","type":"page","link":"https:\/\/www.kaelberer-online.de\/services\/privat\/pc-service-privat-deggingen\/","title":{"rendered":"PC Service Privat in Deggingen &#8211; Telefon 07164 909700"},"content":{"rendered":"<h2>Ihr IT-Experte in der nahe gelegenen Gegend: <span style=\"color: #4F81BD;\"><strong>kaelberer services<\/strong><\/span> &#8211; wir sind nur etwa 8.8 Km von Ihnen weg.<\/h2>\n<p>Bei uns ist Ihre PC-Fehlerbehebung in den besten H\u00e4nden! Au\u00dferdem k\u00f6nnen wir gewissenhaft IT-Wartungen inklusive Virenentfernung an Ihrem Rechner durchf\u00fchren. Gegebenenfalls brauchen Sie zuverl\u00e4ssige Kaufberatung, Datensicherung sowie Heimcomputer-Aufr\u00fcstung? In diesem Fall sind wir der geeignete Experte!<\/p>\n<h2>Wir von <span style=\"color: #4F81BD;\"><strong>kaelberer services<\/strong><\/span> in Zell unter Aichelberg legen besonderen Wert auf pers\u00f6nlichen EDV-Service f\u00fcr unsere Privatkunden.<\/h2>\n<p>Nehmen Sie mit uns Kontakt auf unter Telefon 07164 909700 und verlangen Sie unsere PC-Unterst\u00fctzung. Unser Angebot gilt sowohl in unseren B\u00fcror\u00e4umen als auch via Fernwartung oder vor Ort bei Ihnen in Deggingen. Unsere Firma ist Ihre kompetente PC- Betreuung Ihr EDV-Experte<\/p>\n<h3>Die Services unserer Firma auf einen Blick:<\/h3>\n<ul>\n<li>Virenentfernung, Virenschutz sowie gute und preiswerte Datensicherung<\/li>\n<li>Aufr\u00fcstung von Heimcomputer sowie Notebook<\/li>\n<li><span style=\"color: #4F81BD;\"><strong>kaelberer services<\/strong><\/span> steht Ihnen in jeder Situation rund um Personal Computer sowie Laptop mit bestem Fachwissen zur Seite.<\/li>\n<li>Professionelle Schadensabwicklung rund um PC und Backup<\/li>\n<li>Manchmal kommt es vor: ein unachtsamer Moment \u2013 versehentlich falsche Taste bet\u00e4tigt und Daten sind gel\u00f6scht.<\/li>\n<li>Installation, Konfiguration von Ger\u00e4tschaft sowie Software<\/li>\n<\/ul>\n<p><strong><span style=\"color: #FF0000;\">Zus\u00e4tzliche Angebote auf Anfrage Telefon: 07164 909700<\/span><\/strong><\/p>\n<h2>Inbetriebnahme von Ger\u00e4ten oder Software<\/h2>\n<p>In unserer schnelllebigen Umgebung gibt es andauernd Innovationen. Der Erwerb eines brandneuen Rechners, Druckers, Scanners oder einer Fritz box kann f\u00fcr den Nichtexperten sehr herausfordernd sein. Sie haben weder Zeit noch Wissen, wie neue Anwendungen benutzt werden? Dann unterst\u00fctzen wir Sie gern dabei. Selbstverst\u00e4ndlich z\u00e4hlt die Ger\u00e4te- sowie Installation von Software zu unseren Arbeiten.<\/p>\n<p>Personalcomputer und Laptop-Aufr\u00fcstung \u2013 zuverl\u00e4ssig und fachkundig von kaelberer services.<\/p>\n<p>Die Technik steht niemals still. Damit Sie immer auf dem aktuellen Stand mit Ihrem Personalcomputer sind, m\u00fcsste von Zeit zu Zeit eine fachgerechte Aufr\u00fcstung realisiert werden. Ihre Hardware-Aufr\u00fcstung ist bei uns in qualifizierter Hand.<\/p>\n<h2>Wenn der Personalcomputer mal defekt ist<\/h2>\n<p>Sollte Ihr Personal Computer nicht mehr richtig funktionieren und das Smartphone oder Notebook l\u00e4diert ist, dann wenden Sie sich vertrauensvoll an kaelberer-services.<\/p>\n<p>Rund um Service f\u00fcr s\u00e4mtliche PC, egal welches Model.<\/p>\n<p>Vielf\u00e4ltige Serviceleistungen, die Ihren Computer und Notebook betreffen, \u00fcbernehmen unsere Experten mit reichlich Gewissenhaftigkeit. <span style=\"color: #4F81BD;\"><strong>kaelberer services<\/strong><\/span> ist Ihr routinierter Profi f\u00fcr Services in Deggingen. Dabei ist das Angebot besonders breit gef\u00e4chert. Im \u00dcbrigen bieten wir neben Personalcomputer-Reparatur auch weitreichende IT-Dienstleistungen wie Datensicherung, Installation von Software und Schulungen.<\/p>\n<h2>Personalcomputer-Support f\u00fcr Private Kunden<\/h2>\n<p>Die Bed\u00fcrfnisse von Privatkunden ben\u00f6tigen h\u00e4ufig individuelle Services. Unsere Firma ist darauf eingestellt. Den \u00e4lteren Laptop m\u00fcssen Sie nicht gleich zum Altstoffsammelzentrum bringen, vielleicht ben\u00f6tigt er nur eine General\u00fcberholung und eine neue SSD-Harddisk. Hierbei gibt eine gro\u00dfe Anzahl von Chancen, Nachhaltigkeit ins Spiel zu bringen.<\/p>\n<p><strong><cite>Heimcomputer-Dienst im privaten Bereich: <span style=\"color: #4F81BD;\"><strong>kaelberer services<\/strong><\/span> Telefon: 07164 909700 &#8211; | E-Mail: support@kaelberer-online.de<\/cite><\/strong><\/p>\n<p>[contact-form-7 id=&#8220;524&#8243; title=&#8220;PC-Service-Privat&#8220;]<\/p>\n","protected":false},"excerpt":{"rendered":"<p>Ihr IT-Experte in der nahe gelegenen Gegend: kaelberer services &#8211; wir sind nur etwa 8.8 Km von Ihnen weg. Bei uns ist Ihre PC-Fehlerbehebung in den besten H\u00e4nden! Au\u00dferdem k\u00f6nnen wir gewissenhaft IT-Wartungen inklusive Virenentfernung an Ihrem Rechner durchf\u00fchren. Gegebenenfalls brauchen Sie zuverl\u00e4ssige Kaufberatung, Datensicherung sowie Heimcomputer-Aufr\u00fcstung? In diesem Fall sind wir der geeignete Experte! &hellip; <a href=\"https:\/\/www.kaelberer-online.de\/services\/privat\/pc-service-privat-deggingen\/\" class=\"more-link\">Continue reading<span class=\"screen-reader-text\"> &#8222;PC Service Privat in Deggingen &#8211; Telefon 07164 909700&#8220;<\/span><\/a><\/p>\n","protected":false},"author":2,"featured_media":571,"parent":486,"menu_order":0,"comment_status":"closed","ping_status":"closed","template":"","meta":{"footnotes":""},"class_list":["post-570","page","type-page","status-publish","has-post-thumbnail","hentry"],"_links":{"self":[{"href":"https:\/\/www.kaelberer-online.de\/services\/wp-json\/wp\/v2\/pages\/570","targetHints":{"allow":["GET"]}}],"collection":[{"href":"https:\/\/www.kaelberer-online.de\/services\/wp-json\/wp\/v2\/pages"}],"about":[{"href":"https:\/\/www.kaelberer-online.de\/services\/wp-json\/wp\/v2\/types\/page"}],"author":[{"embeddable":true,"href":"https:\/\/www.kaelberer-online.de\/services\/wp-json\/wp\/v2\/users\/2"}],"replies":[{"embeddable":true,"href":"https:\/\/www.kaelberer-online.de\/services\/wp-json\/wp\/v2\/comments?post=570"}],"version-history":[{"count":0,"href":"https:\/\/www.kaelberer-online.de\/services\/wp-json\/wp\/v2\/pages\/570\/revisions"}],"up":[{"embeddable":true,"href":"https:\/\/www.kaelberer-online.de\/services\/wp-json\/wp\/v2\/pages\/486"}],"wp:featuredmedia":[{"embeddable":true,"href":"https:\/\/www.kaelberer-online.de\/services\/wp-json\/wp\/v2\/media\/571"}],"wp:attachment":[{"href":"https:\/\/www.kaelberer-online.de\/services\/wp-json\/wp\/v2\/media?parent=570"}],"curies":[{"name":"wp","href":"https:\/\/api.w.org\/{rel}","templated":true}]}}