{"id":568,"date":"2021-12-10T19:35:08","date_gmt":"2021-12-10T19:35:08","guid":{"rendered":"https:\/\/kaelberer-online.de\/services\/?page_id=568"},"modified":"2021-12-10T19:35:08","modified_gmt":"2021-12-10T19:35:08","slug":"pc-service-privat-bissingen-an-der-teck","status":"publish","type":"page","link":"https:\/\/www.kaelberer-online.de\/services\/privat\/pc-service-privat-bissingen-an-der-teck\/","title":{"rendered":"PC Service Privat in Bissingen an der Teck &#8211; Tel. 07164 909700"},"content":{"rendered":"<h2>Ihr IT-Fachmann in der nahe gelegenen Gegend: <span style=\"color: #4F81BD;\"><strong>kaelberer services<\/strong><\/span> &#8211; unser Betrieb ist nur rund 5.9 Km von Ihnen weg.<\/h2>\n<p>Bei uns ist Ihre Computer-Fehlerbehebung in den allerbesten H\u00e4nden! Dar\u00fcber hinaus f\u00fchren wir zuverl\u00e4ssig IT-Wartungen inklusive Virenentfernung an Ihrem PC durch. Gegebenenfalls brauchen Sie fachgem\u00e4\u00dfe Kaufberatung, Datensicherung und Heimcomputer-Aufr\u00fcstung? Dann sind wir der richtige Partner!<\/p>\n<h2>Wir von <span style=\"color: #4F81BD;\"><strong>kaelberer services<\/strong><\/span> in Zell u. A. legen besonderen Wert auf pers\u00f6nlichen EDV-Service f\u00fcr unsere Privaten Kunden.<\/h2>\n<p>Nehmen Sie mit uns Kontakt auf unter E-Mail: support@kaelberer-online.de und fordern Sie unsere PC-Unterst\u00fctzung an. Unser Angebot gilt sowohl in unseren B\u00fcror\u00e4umen wie auch via Fernwartung oder vor Ort bei Ihnen in Bissingen an der Teck. Unsere Firma ist Ihre profesionelle PC- Betreuung Ihr IT-Fachmann<\/p>\n<h3>Unsere Serviceleistungen auf einen Blick:<\/h3>\n<ul>\n<li>Fehlerbehebung und Reparatur von PCs, Notebooks<\/li>\n<li><span style=\"color: #4F81BD;\"><strong>kaelberer services<\/strong><\/span> steht Ihnen in jeder Situation rund um Heimcomputer und Laptop mit bestem Wissen zur Seite.<\/li>\n<li>Professionelle Abwicklung rund um Personal Computer und Datensicherung<\/li>\n<li>Installation von Ger\u00e4ten wie auch Software<\/li>\n<li>Aufr\u00fcstung von Personalcomputer beziehungsweise Laptop<\/li>\n<li>Virenentfernung, Virenschutz sowie fachm\u00e4nnische Sicherung Ihrer Daten<\/li>\n<\/ul>\n<p><strong><span style=\"color: #FF0000;\">Erg\u00e4nzende Dienste auf Anfrage Telefon: 07164 909700<\/span><\/strong><\/p>\n<h2>Konfiguration von Komponennten oder Softwarel\u00f6sungen<\/h2>\n<p>In unserer schnelllebigen Umgebung gibt es unabl\u00e4ssig Neuerungen. Die Anschaffung eines neuen Rechners, Druckers, Scanners oder einer Fritz box kann f\u00fcr den Laien \u00fcberaus fordernd sein. Sie wissen nicht, wie neue Programme benutzt werden? Dann unterst\u00fctzen wir Sie gerne dabei. Selbstredend z\u00e4hlt eine Ger\u00e4te- sowie Softwareinstallation zu unseren Aufgaben.<\/p>\n<p>Rechner und Notebook-Aufr\u00fcstung \u2013 zuverl\u00e4ssig und fachkundig von kaelberer services.<\/p>\n<p>Technik steht nie still. Um Ihren Heimcomputer auf einem neusten Status zu halten, sollte von Zeit zu Zeit eine fachm\u00e4nnische Aufr\u00fcstung vorgenommen werden. Die Hardware-Aufr\u00fcstung ist bei uns in kompetenter Hand.<\/p>\n<h2>Wenn der Rechner mal defekt ist<\/h2>\n<p>Wenn Ihr Personal Computer nicht mehr richtig funktioniert und das Mobiltelefon oder Notebook kaputt ist, dann wenden Sie sich vertrauensvoll an uns.<\/p>\n<p>Vollservice f\u00fcr s\u00e4mtliche Heimcomputer, egal welches Model.<\/p>\n<p>Vielf\u00e4ltige Dienste, die Ihren Rechner und Laptop betreffen, \u00fcbernimmt unser Fachbetrieb mit viel Sorgfalt. Unsere Firm ist Ihr professioneller Partner f\u00fcr Services in Bissingen an der Teck. Dabei ist das Angebotsspektrum sehr breit gef\u00e4chert. Zudem bieten wir neben Heimcomputer-Reparatur auch weitreichende IT-T\u00e4tigkeiten wie Datensicherung, Installation von Software und Schulungen.<\/p>\n<h2>Rechner-Support f\u00fcr Privatkunden<\/h2>\n<p>Die Bed\u00fcrfnisse von Privatleuten erfordern oft individuelle Services. Unsere Firma ist darauf eingestellt. Den \u00e4lteren Laptop m\u00fcssen Sie nicht zum Recyclinghof verfrachten, vermutlich ben\u00f6tigt er lediglich eine Runderneuerung und eine neue SSD. In diesem Fall gibt eine Reihe von Chancen, Nachhaltigkeit ins Spiel zu bringen.<\/p>\n<p><strong><cite>PC-Dienst im privaten Bereich: <span style=\"color: #4F81BD;\"><strong>kaelberer services<\/strong><\/span> Telefon: 07164 909700 &#8211; | E-Mail: support@kaelberer-online.de<\/cite><\/strong><\/p>\n<p>[contact-form-7 id=&#8220;524&#8243; title=&#8220;PC-Service-Privat&#8220;]<\/p>\n","protected":false},"excerpt":{"rendered":"<p>Ihr IT-Fachmann in der nahe gelegenen Gegend: kaelberer services &#8211; unser Betrieb ist nur rund 5.9 Km von Ihnen weg. Bei uns ist Ihre Computer-Fehlerbehebung in den allerbesten H\u00e4nden! Dar\u00fcber hinaus f\u00fchren wir zuverl\u00e4ssig IT-Wartungen inklusive Virenentfernung an Ihrem PC durch. Gegebenenfalls brauchen Sie fachgem\u00e4\u00dfe Kaufberatung, Datensicherung und Heimcomputer-Aufr\u00fcstung? Dann sind wir der richtige Partner! &hellip; <a href=\"https:\/\/www.kaelberer-online.de\/services\/privat\/pc-service-privat-bissingen-an-der-teck\/\" class=\"more-link\">Continue reading<span class=\"screen-reader-text\"> &#8222;PC Service Privat in Bissingen an der Teck &#8211; Tel. 07164 909700&#8220;<\/span><\/a><\/p>\n","protected":false},"author":2,"featured_media":569,"parent":486,"menu_order":0,"comment_status":"closed","ping_status":"closed","template":"","meta":{"footnotes":""},"class_list":["post-568","page","type-page","status-publish","has-post-thumbnail","hentry"],"_links":{"self":[{"href":"https:\/\/www.kaelberer-online.de\/services\/wp-json\/wp\/v2\/pages\/568","targetHints":{"allow":["GET"]}}],"collection":[{"href":"https:\/\/www.kaelberer-online.de\/services\/wp-json\/wp\/v2\/pages"}],"about":[{"href":"https:\/\/www.kaelberer-online.de\/services\/wp-json\/wp\/v2\/types\/page"}],"author":[{"embeddable":true,"href":"https:\/\/www.kaelberer-online.de\/services\/wp-json\/wp\/v2\/users\/2"}],"replies":[{"embeddable":true,"href":"https:\/\/www.kaelberer-online.de\/services\/wp-json\/wp\/v2\/comments?post=568"}],"version-history":[{"count":0,"href":"https:\/\/www.kaelberer-online.de\/services\/wp-json\/wp\/v2\/pages\/568\/revisions"}],"up":[{"embeddable":true,"href":"https:\/\/www.kaelberer-online.de\/services\/wp-json\/wp\/v2\/pages\/486"}],"wp:featuredmedia":[{"embeddable":true,"href":"https:\/\/www.kaelberer-online.de\/services\/wp-json\/wp\/v2\/media\/569"}],"wp:attachment":[{"href":"https:\/\/www.kaelberer-online.de\/services\/wp-json\/wp\/v2\/media?parent=568"}],"curies":[{"name":"wp","href":"https:\/\/api.w.org\/{rel}","templated":true}]}}